{"id":60420,"date":"2021-08-16T16:37:14","date_gmt":"2021-08-16T14:37:14","guid":{"rendered":"https:\/\/global-exam.com\/blog\/?page_id=60420"},"modified":"2022-08-17T16:25:45","modified_gmt":"2022-08-17T14:25:45","slug":"categorie-les-niveaux-du-test-delf-de-a1-a-b2","status":"publish","type":"page","link":"https:\/\/global-exam.com\/blog\/fr\/examens\/delf\/categorie-les-niveaux-du-test-delf-de-a1-a-b2\/","title":{"rendered":"Les niveaux du test DELF : de A1 \u00e0 B2"},"content":{"rendered":"<p>Choisir le bon niveau pour le DELF<\/p>\n<p>Le DELF se pr\u00e9sente sous plusieurs niveaux. Dans cette cat\u00e9gorie, nous vous pr\u00e9sentons les d\u00e9tails sur chaque niveau du DELF\u00a0:\u00a0<b>DELF A1, A2, B1, B2<\/b>. Pour les niveaux C1 et C2, le test s&rsquo;appelle le <a href=\"https:\/\/global-exam.com\/blog\/fr\/examens\/dalf\/\">DALF<\/a>. Pour ce faire, nous vous pr\u00e9sentons chaque test tout en vous fournissant des <b>sujets gratuits<\/b>.<\/p>\n<p>Pour une\u00a0<b>meilleure orientation<\/b>, nous vous fournissons des d\u00e9tails sur tous les niveaux du DELF. Ces informations concernent notamment les\u00a0<b>structures de l\u2019examen<\/b>\u00a0et les\u00a0<a href=\"https:\/\/global-exam.com\/fr\/exam\/delf\" target=\"_blank\" rel=\"noopener\">pr\u00e9parations n\u00e9cessaires au DELF<\/a> : <b>exercices\u00a0<\/b>et\u00a0<b>m\u00e9thodes d\u2019entra\u00eenement<\/b>.<\/p>\n<p>La r\u00e9ussite du test vous permet d\u2019obtenir un\u00a0<b>dipl\u00f4me<\/b>. Pour que vous puissiez avoir une id\u00e9e du test que vous souhaitez passer, nous vous pr\u00e9sentons la\u00a0<b>description<\/b>\u00a0de\u00a0<b>chaque niveau<\/b>. Cela vous aidera \u00e0 trouver et \u00e0 choisir le niveau DELF qui convient \u00e0 vos besoins.<\/p>\n","protected":false},"excerpt":{"rendered":"<p>Choisir le bon niveau pour le DELF Le DELF se pr\u00e9sente sous plusieurs niveaux. Dans cette cat\u00e9gorie, nous vous pr\u00e9sentons les d\u00e9tails [&hellip;]<\/p>\n","protected":false},"author":2,"featured_media":0,"parent":2853,"menu_order":0,"comment_status":"closed","ping_status":"closed","template":"","meta":[],"acf":[],"yoast_head":"<!-- This site is optimized with the Yoast SEO plugin v17.2.1 - https:\/\/yoast.com\/wordpress\/plugins\/seo\/ -->\n<title>Les niveaux du test DELF : de A1 \u00e0 B2<\/title>\n<meta name=\"robots\" content=\"index, follow, max-snippet:-1, max-image-preview:large, max-video-preview:-1\" \/>\n<link rel=\"canonical\" href=\"https:\/\/global-exam.com\/blog\/fr\/examens\/delf\/categorie-les-niveaux-du-test-delf-de-a1-a-b2\/\" \/>\n<meta property=\"og:locale\" content=\"fr_FR\" \/>\n<meta property=\"og:type\" content=\"article\" \/>\n<meta property=\"og:title\" content=\"Les niveaux du test DELF : de A1 \u00e0 B2\" \/>\n<meta property=\"og:description\" content=\"Choisir le bon niveau pour le DELF Le DELF se pr\u00e9sente sous plusieurs niveaux. Dans cette cat\u00e9gorie, nous vous pr\u00e9sentons les d\u00e9tails [&hellip;]\" \/>\n<meta property=\"og:url\" content=\"https:\/\/global-exam.com\/blog\/fr\/examens\/delf\/categorie-les-niveaux-du-test-delf-de-a1-a-b2\/\" \/>\n<meta property=\"og:site_name\" content=\"GlobalExam Blog\" \/>\n<meta property=\"article:publisher\" content=\"https:\/\/www.facebook.com\/Global.Exam\" \/>\n<meta property=\"article:modified_time\" content=\"2022-08-17T14:25:45+00:00\" \/>\n<meta name=\"twitter:card\" content=\"summary_large_image\" \/>\n<meta name=\"twitter:site\" content=\"@Global_Exam\" \/>\n<meta name=\"twitter:label1\" content=\"Dur\u00e9e de lecture estim\u00e9e\" \/>\n\t<meta name=\"twitter:data1\" content=\"1 minute\" \/>\n<script type=\"application\/ld+json\" class=\"yoast-schema-graph\">{\"@context\":\"https:\/\/schema.org\",\"@graph\":[{\"@type\":\"WebSite\",\"@id\":\"https:\/\/global-exam.com\/blog\/#website\",\"url\":\"https:\/\/global-exam.com\/blog\/\",\"name\":\"GlobalExam Blog\",\"description\":\"Le blog du sp\\u00e9cialiste de la certification linguistique\",\"potentialAction\":[{\"@type\":\"SearchAction\",\"target\":{\"@type\":\"EntryPoint\",\"urlTemplate\":\"https:\/\/global-exam.com\/blog\/?s={search_term_string}\"},\"query-input\":\"required name=search_term_string\"}],\"inLanguage\":\"fr-FR\"},{\"@type\":\"WebPage\",\"@id\":\"https:\/\/global-exam.com\/blog\/fr\/examens\/delf\/categorie-les-niveaux-du-test-delf-de-a1-a-b2\/#webpage\",\"url\":\"https:\/\/global-exam.com\/blog\/fr\/examens\/delf\/categorie-les-niveaux-du-test-delf-de-a1-a-b2\/\",\"name\":\"Les niveaux du test DELF : de A1 \\u00e0 B2\",\"isPartOf\":{\"@id\":\"https:\/\/global-exam.com\/blog\/#website\"},\"datePublished\":\"2021-08-16T14:37:14+00:00\",\"dateModified\":\"2022-08-17T14:25:45+00:00\",\"breadcrumb\":{\"@id\":\"https:\/\/global-exam.com\/blog\/fr\/examens\/delf\/categorie-les-niveaux-du-test-delf-de-a1-a-b2\/#breadcrumb\"},\"inLanguage\":\"fr-FR\",\"potentialAction\":[{\"@type\":\"ReadAction\",\"target\":[\"https:\/\/global-exam.com\/blog\/fr\/examens\/delf\/categorie-les-niveaux-du-test-delf-de-a1-a-b2\/\"]}]},{\"@type\":\"BreadcrumbList\",\"@id\":\"https:\/\/global-exam.com\/blog\/fr\/examens\/delf\/categorie-les-niveaux-du-test-delf-de-a1-a-b2\/#breadcrumb\",\"itemListElement\":[{\"@type\":\"ListItem\",\"position\":1,\"name\":\"Les examens de langue\",\"item\":\"https:\/\/global-exam.com\/blog\/fr\/examens\/\"},{\"@type\":\"ListItem\",\"position\":2,\"name\":\"DELF : conseils et pr\\u00e9paration au test\",\"item\":\"https:\/\/global-exam.com\/blog\/fr\/examens\/delf\/\"},{\"@type\":\"ListItem\",\"position\":3,\"name\":\"Les niveaux du test DELF : de A1 \\u00e0 B2\"}]}]}<\/script>\n<!-- \/ Yoast SEO plugin. -->","yoast_head_json":{"title":"Les niveaux du test DELF : de A1 \u00e0 B2","robots":{"index":"index","follow":"follow","max-snippet":"max-snippet:-1","max-image-preview":"max-image-preview:large","max-video-preview":"max-video-preview:-1"},"canonical":"https:\/\/global-exam.com\/blog\/fr\/examens\/delf\/categorie-les-niveaux-du-test-delf-de-a1-a-b2\/","og_locale":"fr_FR","og_type":"article","og_title":"Les niveaux du test DELF : de A1 \u00e0 B2","og_description":"Choisir le bon niveau pour le DELF Le DELF se pr\u00e9sente sous plusieurs niveaux. Dans cette cat\u00e9gorie, nous vous pr\u00e9sentons les d\u00e9tails [&hellip;]","og_url":"https:\/\/global-exam.com\/blog\/fr\/examens\/delf\/categorie-les-niveaux-du-test-delf-de-a1-a-b2\/","og_site_name":"GlobalExam Blog","article_publisher":"https:\/\/www.facebook.com\/Global.Exam","article_modified_time":"2022-08-17T14:25:45+00:00","twitter_card":"summary_large_image","twitter_site":"@Global_Exam","twitter_misc":{"Dur\u00e9e de lecture estim\u00e9e":"1 minute"},"schema":{"@context":"https:\/\/schema.org","@graph":[{"@type":"WebSite","@id":"https:\/\/global-exam.com\/blog\/#website","url":"https:\/\/global-exam.com\/blog\/","name":"GlobalExam Blog","description":"Le blog du sp\u00e9cialiste de la certification linguistique","potentialAction":[{"@type":"SearchAction","target":{"@type":"EntryPoint","urlTemplate":"https:\/\/global-exam.com\/blog\/?s={search_term_string}"},"query-input":"required name=search_term_string"}],"inLanguage":"fr-FR"},{"@type":"WebPage","@id":"https:\/\/global-exam.com\/blog\/fr\/examens\/delf\/categorie-les-niveaux-du-test-delf-de-a1-a-b2\/#webpage","url":"https:\/\/global-exam.com\/blog\/fr\/examens\/delf\/categorie-les-niveaux-du-test-delf-de-a1-a-b2\/","name":"Les niveaux du test DELF : de A1 \u00e0 B2","isPartOf":{"@id":"https:\/\/global-exam.com\/blog\/#website"},"datePublished":"2021-08-16T14:37:14+00:00","dateModified":"2022-08-17T14:25:45+00:00","breadcrumb":{"@id":"https:\/\/global-exam.com\/blog\/fr\/examens\/delf\/categorie-les-niveaux-du-test-delf-de-a1-a-b2\/#breadcrumb"},"inLanguage":"fr-FR","potentialAction":[{"@type":"ReadAction","target":["https:\/\/global-exam.com\/blog\/fr\/examens\/delf\/categorie-les-niveaux-du-test-delf-de-a1-a-b2\/"]}]},{"@type":"BreadcrumbList","@id":"https:\/\/global-exam.com\/blog\/fr\/examens\/delf\/categorie-les-niveaux-du-test-delf-de-a1-a-b2\/#breadcrumb","itemListElement":[{"@type":"ListItem","position":1,"name":"Les examens de langue","item":"https:\/\/global-exam.com\/blog\/fr\/examens\/"},{"@type":"ListItem","position":2,"name":"DELF : conseils et pr\u00e9paration au test","item":"https:\/\/global-exam.com\/blog\/fr\/examens\/delf\/"},{"@type":"ListItem","position":3,"name":"Les niveaux du test DELF : de A1 \u00e0 B2"}]}]}},"lang":"fr","translations":{"fr":60420},"pll_sync_post":[],"_links":{"self":[{"href":"https:\/\/global-exam.com\/blog\/wp-json\/wp\/v2\/pages\/60420"}],"collection":[{"href":"https:\/\/global-exam.com\/blog\/wp-json\/wp\/v2\/pages"}],"about":[{"href":"https:\/\/global-exam.com\/blog\/wp-json\/wp\/v2\/types\/page"}],"author":[{"embeddable":true,"href":"https:\/\/global-exam.com\/blog\/wp-json\/wp\/v2\/users\/2"}],"replies":[{"embeddable":true,"href":"https:\/\/global-exam.com\/blog\/wp-json\/wp\/v2\/comments?post=60420"}],"version-history":[{"count":10,"href":"https:\/\/global-exam.com\/blog\/wp-json\/wp\/v2\/pages\/60420\/revisions"}],"predecessor-version":[{"id":78118,"href":"https:\/\/global-exam.com\/blog\/wp-json\/wp\/v2\/pages\/60420\/revisions\/78118"}],"up":[{"embeddable":true,"href":"https:\/\/global-exam.com\/blog\/wp-json\/wp\/v2\/pages\/2853"}],"wp:attachment":[{"href":"https:\/\/global-exam.com\/blog\/wp-json\/wp\/v2\/media?parent=60420"}],"curies":[{"name":"wp","href":"https:\/\/api.w.org\/{rel}","templated":true}]}}