{"id":60429,"date":"2021-08-16T16:41:25","date_gmt":"2021-08-16T14:41:25","guid":{"rendered":"https:\/\/global-exam.com\/blog\/?page_id=60429"},"modified":"2022-08-17T16:24:54","modified_gmt":"2022-08-17T14:24:54","slug":"categorie-grammaire-delf","status":"publish","type":"page","link":"https:\/\/global-exam.com\/blog\/fr\/examens\/delf\/categorie-grammaire-delf\/","title":{"rendered":"Grammaire DELF"},"content":{"rendered":"<p>Ma\u00eetriser la grammaire du DELF<\/p>\n<p>Pour assurer votre\u00a0<b>r\u00e9ussite,<\/b> il est essentiel d\u2019avoir une id\u00e9e de ce qui va se passer et de ma\u00eetriser les \u00e9l\u00e9ments n\u00e9cessaires. Cette cat\u00e9gorie vous permettra de conna\u00eetre les diff\u00e9rents types de<b>\u00a0test<\/b> et de bien les pr\u00e9parer via un <a href=\"https:\/\/global-exam.com\/fr\/exam\/delf\" target=\"_blank\" rel=\"noopener\">entra\u00eenement au DELF<\/a> appropri\u00e9.<\/p>\n<p>Vous trouverez sur\u00a0<b>Global Exam<\/b>\u00a0toutes les\u00a0<b>r\u00e8gles de grammaire<\/b>\u00a0indispensables pour soigner vos\u00a0<b>compr\u00e9hensions\u00a0<\/b>et<b>\u00a0expressions \u00e9crites<\/b>. Des le\u00e7ons sur les\u00a0<b>articles d\u00e9finis<\/b>\u00a0et\u00a0<b>ind\u00e9finis<\/b>\u00a0vous seront offertes pour vous aider \u00e0 mieux comprendre.<\/p>\n<p>Pour que vous puissiez obtenir le\u00a0<b>dipl\u00f4me<\/b>, la ma\u00eetrise de toutes les\u00a0<b>r\u00e8gles de grammaire<\/b>\u00a0est essentielle notamment les\u00a0<b>pr\u00e9positions de lieux<\/b>. Pour cela, nous vous pr\u00e9sentons la liste des\u00a0<b>pr\u00e9positions<\/b>\u00a0et leurs usages respectifs.<\/p>\n","protected":false},"excerpt":{"rendered":"<p>Ma\u00eetriser la grammaire du DELF Pour assurer votre\u00a0r\u00e9ussite, il est essentiel d\u2019avoir une id\u00e9e de ce qui va se passer et de [&hellip;]<\/p>\n","protected":false},"author":2,"featured_media":0,"parent":2853,"menu_order":0,"comment_status":"closed","ping_status":"closed","template":"","meta":[],"acf":[],"yoast_head":"<!-- This site is optimized with the Yoast SEO plugin v17.2.1 - https:\/\/yoast.com\/wordpress\/plugins\/seo\/ -->\n<title>Grammaire DELF<\/title>\n<meta name=\"robots\" content=\"index, follow, max-snippet:-1, max-image-preview:large, max-video-preview:-1\" \/>\n<link rel=\"canonical\" href=\"https:\/\/global-exam.com\/blog\/fr\/examens\/delf\/categorie-grammaire-delf\/\" \/>\n<meta property=\"og:locale\" content=\"fr_FR\" \/>\n<meta property=\"og:type\" content=\"article\" \/>\n<meta property=\"og:title\" content=\"Grammaire DELF\" \/>\n<meta property=\"og:description\" content=\"Ma\u00eetriser la grammaire du DELF Pour assurer votre\u00a0r\u00e9ussite, il est essentiel d\u2019avoir une id\u00e9e de ce qui va se passer et de [&hellip;]\" \/>\n<meta property=\"og:url\" content=\"https:\/\/global-exam.com\/blog\/fr\/examens\/delf\/categorie-grammaire-delf\/\" \/>\n<meta property=\"og:site_name\" content=\"GlobalExam Blog\" \/>\n<meta property=\"article:publisher\" content=\"https:\/\/www.facebook.com\/Global.Exam\" \/>\n<meta property=\"article:modified_time\" content=\"2022-08-17T14:24:54+00:00\" \/>\n<meta name=\"twitter:card\" content=\"summary_large_image\" \/>\n<meta name=\"twitter:site\" content=\"@Global_Exam\" \/>\n<meta name=\"twitter:label1\" content=\"Dur\u00e9e de lecture estim\u00e9e\" \/>\n\t<meta name=\"twitter:data1\" content=\"1 minute\" \/>\n<script type=\"application\/ld+json\" class=\"yoast-schema-graph\">{\"@context\":\"https:\/\/schema.org\",\"@graph\":[{\"@type\":\"WebSite\",\"@id\":\"https:\/\/global-exam.com\/blog\/#website\",\"url\":\"https:\/\/global-exam.com\/blog\/\",\"name\":\"GlobalExam Blog\",\"description\":\"Le blog du sp\\u00e9cialiste de la certification linguistique\",\"potentialAction\":[{\"@type\":\"SearchAction\",\"target\":{\"@type\":\"EntryPoint\",\"urlTemplate\":\"https:\/\/global-exam.com\/blog\/?s={search_term_string}\"},\"query-input\":\"required name=search_term_string\"}],\"inLanguage\":\"fr-FR\"},{\"@type\":\"WebPage\",\"@id\":\"https:\/\/global-exam.com\/blog\/fr\/examens\/delf\/categorie-grammaire-delf\/#webpage\",\"url\":\"https:\/\/global-exam.com\/blog\/fr\/examens\/delf\/categorie-grammaire-delf\/\",\"name\":\"Grammaire DELF\",\"isPartOf\":{\"@id\":\"https:\/\/global-exam.com\/blog\/#website\"},\"datePublished\":\"2021-08-16T14:41:25+00:00\",\"dateModified\":\"2022-08-17T14:24:54+00:00\",\"breadcrumb\":{\"@id\":\"https:\/\/global-exam.com\/blog\/fr\/examens\/delf\/categorie-grammaire-delf\/#breadcrumb\"},\"inLanguage\":\"fr-FR\",\"potentialAction\":[{\"@type\":\"ReadAction\",\"target\":[\"https:\/\/global-exam.com\/blog\/fr\/examens\/delf\/categorie-grammaire-delf\/\"]}]},{\"@type\":\"BreadcrumbList\",\"@id\":\"https:\/\/global-exam.com\/blog\/fr\/examens\/delf\/categorie-grammaire-delf\/#breadcrumb\",\"itemListElement\":[{\"@type\":\"ListItem\",\"position\":1,\"name\":\"Les examens de langue\",\"item\":\"https:\/\/global-exam.com\/blog\/fr\/examens\/\"},{\"@type\":\"ListItem\",\"position\":2,\"name\":\"DELF : conseils et pr\\u00e9paration au test\",\"item\":\"https:\/\/global-exam.com\/blog\/fr\/examens\/delf\/\"},{\"@type\":\"ListItem\",\"position\":3,\"name\":\"Grammaire DELF\"}]}]}<\/script>\n<!-- \/ Yoast SEO plugin. -->","yoast_head_json":{"title":"Grammaire DELF","robots":{"index":"index","follow":"follow","max-snippet":"max-snippet:-1","max-image-preview":"max-image-preview:large","max-video-preview":"max-video-preview:-1"},"canonical":"https:\/\/global-exam.com\/blog\/fr\/examens\/delf\/categorie-grammaire-delf\/","og_locale":"fr_FR","og_type":"article","og_title":"Grammaire DELF","og_description":"Ma\u00eetriser la grammaire du DELF Pour assurer votre\u00a0r\u00e9ussite, il est essentiel d\u2019avoir une id\u00e9e de ce qui va se passer et de [&hellip;]","og_url":"https:\/\/global-exam.com\/blog\/fr\/examens\/delf\/categorie-grammaire-delf\/","og_site_name":"GlobalExam Blog","article_publisher":"https:\/\/www.facebook.com\/Global.Exam","article_modified_time":"2022-08-17T14:24:54+00:00","twitter_card":"summary_large_image","twitter_site":"@Global_Exam","twitter_misc":{"Dur\u00e9e de lecture estim\u00e9e":"1 minute"},"schema":{"@context":"https:\/\/schema.org","@graph":[{"@type":"WebSite","@id":"https:\/\/global-exam.com\/blog\/#website","url":"https:\/\/global-exam.com\/blog\/","name":"GlobalExam Blog","description":"Le blog du sp\u00e9cialiste de la certification linguistique","potentialAction":[{"@type":"SearchAction","target":{"@type":"EntryPoint","urlTemplate":"https:\/\/global-exam.com\/blog\/?s={search_term_string}"},"query-input":"required name=search_term_string"}],"inLanguage":"fr-FR"},{"@type":"WebPage","@id":"https:\/\/global-exam.com\/blog\/fr\/examens\/delf\/categorie-grammaire-delf\/#webpage","url":"https:\/\/global-exam.com\/blog\/fr\/examens\/delf\/categorie-grammaire-delf\/","name":"Grammaire DELF","isPartOf":{"@id":"https:\/\/global-exam.com\/blog\/#website"},"datePublished":"2021-08-16T14:41:25+00:00","dateModified":"2022-08-17T14:24:54+00:00","breadcrumb":{"@id":"https:\/\/global-exam.com\/blog\/fr\/examens\/delf\/categorie-grammaire-delf\/#breadcrumb"},"inLanguage":"fr-FR","potentialAction":[{"@type":"ReadAction","target":["https:\/\/global-exam.com\/blog\/fr\/examens\/delf\/categorie-grammaire-delf\/"]}]},{"@type":"BreadcrumbList","@id":"https:\/\/global-exam.com\/blog\/fr\/examens\/delf\/categorie-grammaire-delf\/#breadcrumb","itemListElement":[{"@type":"ListItem","position":1,"name":"Les examens de langue","item":"https:\/\/global-exam.com\/blog\/fr\/examens\/"},{"@type":"ListItem","position":2,"name":"DELF : conseils et pr\u00e9paration au test","item":"https:\/\/global-exam.com\/blog\/fr\/examens\/delf\/"},{"@type":"ListItem","position":3,"name":"Grammaire DELF"}]}]}},"lang":"fr","translations":{"fr":60429},"pll_sync_post":[],"_links":{"self":[{"href":"https:\/\/global-exam.com\/blog\/wp-json\/wp\/v2\/pages\/60429"}],"collection":[{"href":"https:\/\/global-exam.com\/blog\/wp-json\/wp\/v2\/pages"}],"about":[{"href":"https:\/\/global-exam.com\/blog\/wp-json\/wp\/v2\/types\/page"}],"author":[{"embeddable":true,"href":"https:\/\/global-exam.com\/blog\/wp-json\/wp\/v2\/users\/2"}],"replies":[{"embeddable":true,"href":"https:\/\/global-exam.com\/blog\/wp-json\/wp\/v2\/comments?post=60429"}],"version-history":[{"count":8,"href":"https:\/\/global-exam.com\/blog\/wp-json\/wp\/v2\/pages\/60429\/revisions"}],"predecessor-version":[{"id":78117,"href":"https:\/\/global-exam.com\/blog\/wp-json\/wp\/v2\/pages\/60429\/revisions\/78117"}],"up":[{"embeddable":true,"href":"https:\/\/global-exam.com\/blog\/wp-json\/wp\/v2\/pages\/2853"}],"wp:attachment":[{"href":"https:\/\/global-exam.com\/blog\/wp-json\/wp\/v2\/media?parent=60429"}],"curies":[{"name":"wp","href":"https:\/\/api.w.org\/{rel}","templated":true}]}}