{"id":60434,"date":"2021-08-16T17:07:44","date_gmt":"2021-08-16T15:07:44","guid":{"rendered":"https:\/\/global-exam.com\/blog\/?page_id=60434"},"modified":"2022-08-31T14:38:06","modified_gmt":"2022-08-31T12:38:06","slug":"categorie-presentation-du-languagecert","status":"publish","type":"page","link":"https:\/\/global-exam.com\/blog\/fr\/examens\/languagecert\/categorie-presentation-du-languagecert\/","title":{"rendered":"Pr\u00e9sentation du LanguageCert"},"content":{"rendered":"<p>D\u00e9couvrir le LanguageCert<\/p>\n<p style=\"text-align: left;\"><span style=\"font-weight: 400;\">Dans cette cat\u00e9gorie, nous vous proposons <\/span><b>des informations au sujet du LanguageCert et les raisons pour lesquelles vous auriez \u00e0 le passer.<\/b><\/p>\n<p style=\"text-align: left;\"><span style=\"font-weight: 400;\">Nous vous proposons un article qui explique pr\u00e9cis\u00e9ment <\/span><b>les bonnes raisons de passer le LanguageCert niveau B1<\/b><span style=\"font-weight: 400;\">. Vous pourrez \u00e9galement savoir en quoi il consiste et comment se d\u00e9roulent les \u00e9preuves pour ce niveau.<\/span><\/p>\n<p style=\"text-align: left;\"><span style=\"font-weight: 400;\">De la m\u00eame fa\u00e7on, nous avons cr\u00e9\u00e9 un article expliquant<\/span><b> les raisons de passer le test LanguageCert B2<\/b><span style=\"font-weight: 400;\">, correspondant \u00e0 un meilleur niveau d\u2019anglais.<\/span><\/p>\n<p style=\"text-align: left;\"><span style=\"font-weight: 400;\">Si vous avez des doutes sur <\/span><b>ce que repr\u00e9sente vraiment le LanguageCert,<\/b><span style=\"font-weight: 400;\"> vous trouverez sur notre blog un article d\u00e9di\u00e9 \u00e0 l\u2019explication et \u00e0 la pr\u00e9sentation de ce test en d\u00e9tail.<\/span><\/p>\n<p style=\"text-align: left;\"><b>GlobalExam propose tout ce qu\u2019il faut pour pr\u00e9parer un test ou un examen, <\/b><span style=\"font-weight: 400;\">ainsi si vous souhaitez passer le LanguageCert, vous pourrez<\/span><b> vous entra\u00eener sur notre plateforme.<\/b><\/p>\n","protected":false},"excerpt":{"rendered":"<p>D\u00e9couvrir le LanguageCert Dans cette cat\u00e9gorie, nous vous proposons des informations au sujet du LanguageCert et les raisons pour lesquelles vous auriez [&hellip;]<\/p>\n","protected":false},"author":24,"featured_media":0,"parent":34311,"menu_order":0,"comment_status":"closed","ping_status":"closed","template":"","meta":[],"acf":[],"yoast_head":"<!-- This site is optimized with the Yoast SEO plugin v17.2.1 - https:\/\/yoast.com\/wordpress\/plugins\/seo\/ -->\n<title>Pr\u00e9sentation du LanguageCert<\/title>\n<meta name=\"robots\" content=\"index, follow, max-snippet:-1, max-image-preview:large, max-video-preview:-1\" \/>\n<link rel=\"canonical\" href=\"https:\/\/global-exam.com\/blog\/fr\/examens\/languagecert\/categorie-presentation-du-languagecert\/\" \/>\n<meta property=\"og:locale\" content=\"fr_FR\" \/>\n<meta property=\"og:type\" content=\"article\" \/>\n<meta property=\"og:title\" content=\"Pr\u00e9sentation du LanguageCert\" \/>\n<meta property=\"og:description\" content=\"D\u00e9couvrir le LanguageCert Dans cette cat\u00e9gorie, nous vous proposons des informations au sujet du LanguageCert et les raisons pour lesquelles vous auriez [&hellip;]\" \/>\n<meta property=\"og:url\" content=\"https:\/\/global-exam.com\/blog\/fr\/examens\/languagecert\/categorie-presentation-du-languagecert\/\" \/>\n<meta property=\"og:site_name\" content=\"GlobalExam Blog\" \/>\n<meta property=\"article:publisher\" content=\"https:\/\/www.facebook.com\/Global.Exam\" \/>\n<meta property=\"article:modified_time\" content=\"2022-08-31T12:38:06+00:00\" \/>\n<meta name=\"twitter:card\" content=\"summary_large_image\" \/>\n<meta name=\"twitter:site\" content=\"@Global_Exam\" \/>\n<meta name=\"twitter:label1\" content=\"Dur\u00e9e de lecture estim\u00e9e\" \/>\n\t<meta name=\"twitter:data1\" content=\"1 minute\" \/>\n<script type=\"application\/ld+json\" class=\"yoast-schema-graph\">{\"@context\":\"https:\/\/schema.org\",\"@graph\":[{\"@type\":\"WebSite\",\"@id\":\"https:\/\/global-exam.com\/blog\/#website\",\"url\":\"https:\/\/global-exam.com\/blog\/\",\"name\":\"GlobalExam Blog\",\"description\":\"Le blog du sp\\u00e9cialiste de la certification linguistique\",\"potentialAction\":[{\"@type\":\"SearchAction\",\"target\":{\"@type\":\"EntryPoint\",\"urlTemplate\":\"https:\/\/global-exam.com\/blog\/?s={search_term_string}\"},\"query-input\":\"required name=search_term_string\"}],\"inLanguage\":\"fr-FR\"},{\"@type\":\"WebPage\",\"@id\":\"https:\/\/global-exam.com\/blog\/fr\/examens\/languagecert\/categorie-presentation-du-languagecert\/#webpage\",\"url\":\"https:\/\/global-exam.com\/blog\/fr\/examens\/languagecert\/categorie-presentation-du-languagecert\/\",\"name\":\"Pr\\u00e9sentation du LanguageCert\",\"isPartOf\":{\"@id\":\"https:\/\/global-exam.com\/blog\/#website\"},\"datePublished\":\"2021-08-16T15:07:44+00:00\",\"dateModified\":\"2022-08-31T12:38:06+00:00\",\"breadcrumb\":{\"@id\":\"https:\/\/global-exam.com\/blog\/fr\/examens\/languagecert\/categorie-presentation-du-languagecert\/#breadcrumb\"},\"inLanguage\":\"fr-FR\",\"potentialAction\":[{\"@type\":\"ReadAction\",\"target\":[\"https:\/\/global-exam.com\/blog\/fr\/examens\/languagecert\/categorie-presentation-du-languagecert\/\"]}]},{\"@type\":\"BreadcrumbList\",\"@id\":\"https:\/\/global-exam.com\/blog\/fr\/examens\/languagecert\/categorie-presentation-du-languagecert\/#breadcrumb\",\"itemListElement\":[{\"@type\":\"ListItem\",\"position\":1,\"name\":\"Les examens de langue\",\"item\":\"https:\/\/global-exam.com\/blog\/fr\/examens\/\"},{\"@type\":\"ListItem\",\"position\":2,\"name\":\"LanguageCert : test d&rsquo;anglais\",\"item\":\"https:\/\/global-exam.com\/blog\/fr\/examens\/languagecert\/\"},{\"@type\":\"ListItem\",\"position\":3,\"name\":\"Pr\\u00e9sentation du LanguageCert\"}]}]}<\/script>\n<!-- \/ Yoast SEO plugin. -->","yoast_head_json":{"title":"Pr\u00e9sentation du LanguageCert","robots":{"index":"index","follow":"follow","max-snippet":"max-snippet:-1","max-image-preview":"max-image-preview:large","max-video-preview":"max-video-preview:-1"},"canonical":"https:\/\/global-exam.com\/blog\/fr\/examens\/languagecert\/categorie-presentation-du-languagecert\/","og_locale":"fr_FR","og_type":"article","og_title":"Pr\u00e9sentation du LanguageCert","og_description":"D\u00e9couvrir le LanguageCert Dans cette cat\u00e9gorie, nous vous proposons des informations au sujet du LanguageCert et les raisons pour lesquelles vous auriez [&hellip;]","og_url":"https:\/\/global-exam.com\/blog\/fr\/examens\/languagecert\/categorie-presentation-du-languagecert\/","og_site_name":"GlobalExam Blog","article_publisher":"https:\/\/www.facebook.com\/Global.Exam","article_modified_time":"2022-08-31T12:38:06+00:00","twitter_card":"summary_large_image","twitter_site":"@Global_Exam","twitter_misc":{"Dur\u00e9e de lecture estim\u00e9e":"1 minute"},"schema":{"@context":"https:\/\/schema.org","@graph":[{"@type":"WebSite","@id":"https:\/\/global-exam.com\/blog\/#website","url":"https:\/\/global-exam.com\/blog\/","name":"GlobalExam Blog","description":"Le blog du sp\u00e9cialiste de la certification linguistique","potentialAction":[{"@type":"SearchAction","target":{"@type":"EntryPoint","urlTemplate":"https:\/\/global-exam.com\/blog\/?s={search_term_string}"},"query-input":"required name=search_term_string"}],"inLanguage":"fr-FR"},{"@type":"WebPage","@id":"https:\/\/global-exam.com\/blog\/fr\/examens\/languagecert\/categorie-presentation-du-languagecert\/#webpage","url":"https:\/\/global-exam.com\/blog\/fr\/examens\/languagecert\/categorie-presentation-du-languagecert\/","name":"Pr\u00e9sentation du LanguageCert","isPartOf":{"@id":"https:\/\/global-exam.com\/blog\/#website"},"datePublished":"2021-08-16T15:07:44+00:00","dateModified":"2022-08-31T12:38:06+00:00","breadcrumb":{"@id":"https:\/\/global-exam.com\/blog\/fr\/examens\/languagecert\/categorie-presentation-du-languagecert\/#breadcrumb"},"inLanguage":"fr-FR","potentialAction":[{"@type":"ReadAction","target":["https:\/\/global-exam.com\/blog\/fr\/examens\/languagecert\/categorie-presentation-du-languagecert\/"]}]},{"@type":"BreadcrumbList","@id":"https:\/\/global-exam.com\/blog\/fr\/examens\/languagecert\/categorie-presentation-du-languagecert\/#breadcrumb","itemListElement":[{"@type":"ListItem","position":1,"name":"Les examens de langue","item":"https:\/\/global-exam.com\/blog\/fr\/examens\/"},{"@type":"ListItem","position":2,"name":"LanguageCert : test d&rsquo;anglais","item":"https:\/\/global-exam.com\/blog\/fr\/examens\/languagecert\/"},{"@type":"ListItem","position":3,"name":"Pr\u00e9sentation du LanguageCert"}]}]}},"lang":"fr","translations":{"fr":60434},"pll_sync_post":[],"_links":{"self":[{"href":"https:\/\/global-exam.com\/blog\/wp-json\/wp\/v2\/pages\/60434"}],"collection":[{"href":"https:\/\/global-exam.com\/blog\/wp-json\/wp\/v2\/pages"}],"about":[{"href":"https:\/\/global-exam.com\/blog\/wp-json\/wp\/v2\/types\/page"}],"author":[{"embeddable":true,"href":"https:\/\/global-exam.com\/blog\/wp-json\/wp\/v2\/users\/24"}],"replies":[{"embeddable":true,"href":"https:\/\/global-exam.com\/blog\/wp-json\/wp\/v2\/comments?post=60434"}],"version-history":[{"count":8,"href":"https:\/\/global-exam.com\/blog\/wp-json\/wp\/v2\/pages\/60434\/revisions"}],"predecessor-version":[{"id":79205,"href":"https:\/\/global-exam.com\/blog\/wp-json\/wp\/v2\/pages\/60434\/revisions\/79205"}],"up":[{"embeddable":true,"href":"https:\/\/global-exam.com\/blog\/wp-json\/wp\/v2\/pages\/34311"}],"wp:attachment":[{"href":"https:\/\/global-exam.com\/blog\/wp-json\/wp\/v2\/media?parent=60434"}],"curies":[{"name":"wp","href":"https:\/\/api.w.org\/{rel}","templated":true}]}}