{"id":60435,"date":"2021-08-16T16:43:52","date_gmt":"2021-08-16T14:43:52","guid":{"rendered":"https:\/\/global-exam.com\/blog\/?page_id=60435"},"modified":"2022-08-17T16:26:53","modified_gmt":"2022-08-17T14:26:53","slug":"categorie-vocabulaire-delf","status":"publish","type":"page","link":"https:\/\/global-exam.com\/blog\/fr\/examens\/delf\/categorie-vocabulaire-delf\/","title":{"rendered":"Vocabulaire DELF"},"content":{"rendered":"<p>Ma\u00eetrisez le vocabulaire du DELF<\/p>\n<p>Elabor\u00e9 pour\u00a0<strong>les non-natifs fran\u00e7ais<\/strong>, le DELF est\u00a0<strong>un test de fran\u00e7ais<\/strong>. Il vise \u00e0 tester vos connaissances selon le niveau que vous choisissez au pr\u00e9alable. Avant de passer le test, il faudra donc bien <a href=\"https:\/\/global-exam.com\/fr\/exam\/delf\" target=\"_blank\" rel=\"noopener\">s\u2019entra\u00eener au DELF avec une pr\u00e9paration<\/a> de qualit\u00e9.<\/p>\n<p>Et qui dit bon entra\u00eenement, dit forc\u00e9ment beaucoup de\u00a0<strong>vocabulaire \u00e0 conna\u00eetre<\/strong>. En effet, comment r\u00e9pondre correctement aux questions si l\u2019on ne conna\u00eet pas assez de vocabulaire\u00a0? Assur\u00e9ment, le vocabulaire est la chose la plus importante lorsqu\u2019on apprend une langue. Sans lui, impossible d\u2019aller bien loin.<\/p>\n<p>Dans cette cat\u00e9gorie, vous trouverez des\u00a0<strong>dizaines et des dizaines de fiches de vocabulaire<\/strong>, sur des sujets aussi divers que vari\u00e9s. Que cela soit les expressions courantes, les nombres, les \u00e9tudes, etc., vous pourrez remplir votre calepin de mots fran\u00e7ais.<\/p>\n","protected":false},"excerpt":{"rendered":"<p>Ma\u00eetrisez le vocabulaire du DELF Elabor\u00e9 pour\u00a0les non-natifs fran\u00e7ais, le DELF est\u00a0un test de fran\u00e7ais. Il vise \u00e0 tester vos connaissances selon [&hellip;]<\/p>\n","protected":false},"author":2,"featured_media":0,"parent":2853,"menu_order":0,"comment_status":"closed","ping_status":"closed","template":"","meta":[],"acf":[],"yoast_head":"<!-- This site is optimized with the Yoast SEO plugin v17.2.1 - https:\/\/yoast.com\/wordpress\/plugins\/seo\/ -->\n<title>Vocabulaire DELF<\/title>\n<meta name=\"robots\" content=\"index, follow, max-snippet:-1, max-image-preview:large, max-video-preview:-1\" \/>\n<link rel=\"canonical\" href=\"https:\/\/global-exam.com\/blog\/fr\/examens\/delf\/categorie-vocabulaire-delf\/\" \/>\n<meta property=\"og:locale\" content=\"fr_FR\" \/>\n<meta property=\"og:type\" content=\"article\" \/>\n<meta property=\"og:title\" content=\"Vocabulaire DELF\" \/>\n<meta property=\"og:description\" content=\"Ma\u00eetrisez le vocabulaire du DELF Elabor\u00e9 pour\u00a0les non-natifs fran\u00e7ais, le DELF est\u00a0un test de fran\u00e7ais. Il vise \u00e0 tester vos connaissances selon [&hellip;]\" \/>\n<meta property=\"og:url\" content=\"https:\/\/global-exam.com\/blog\/fr\/examens\/delf\/categorie-vocabulaire-delf\/\" \/>\n<meta property=\"og:site_name\" content=\"GlobalExam Blog\" \/>\n<meta property=\"article:publisher\" content=\"https:\/\/www.facebook.com\/Global.Exam\" \/>\n<meta property=\"article:modified_time\" content=\"2022-08-17T14:26:53+00:00\" \/>\n<meta name=\"twitter:card\" content=\"summary_large_image\" \/>\n<meta name=\"twitter:site\" content=\"@Global_Exam\" \/>\n<meta name=\"twitter:label1\" content=\"Dur\u00e9e de lecture estim\u00e9e\" \/>\n\t<meta name=\"twitter:data1\" content=\"1 minute\" \/>\n<script type=\"application\/ld+json\" class=\"yoast-schema-graph\">{\"@context\":\"https:\/\/schema.org\",\"@graph\":[{\"@type\":\"WebSite\",\"@id\":\"https:\/\/global-exam.com\/blog\/#website\",\"url\":\"https:\/\/global-exam.com\/blog\/\",\"name\":\"GlobalExam Blog\",\"description\":\"Le blog du sp\\u00e9cialiste de la certification linguistique\",\"potentialAction\":[{\"@type\":\"SearchAction\",\"target\":{\"@type\":\"EntryPoint\",\"urlTemplate\":\"https:\/\/global-exam.com\/blog\/?s={search_term_string}\"},\"query-input\":\"required name=search_term_string\"}],\"inLanguage\":\"fr-FR\"},{\"@type\":\"WebPage\",\"@id\":\"https:\/\/global-exam.com\/blog\/fr\/examens\/delf\/categorie-vocabulaire-delf\/#webpage\",\"url\":\"https:\/\/global-exam.com\/blog\/fr\/examens\/delf\/categorie-vocabulaire-delf\/\",\"name\":\"Vocabulaire DELF\",\"isPartOf\":{\"@id\":\"https:\/\/global-exam.com\/blog\/#website\"},\"datePublished\":\"2021-08-16T14:43:52+00:00\",\"dateModified\":\"2022-08-17T14:26:53+00:00\",\"breadcrumb\":{\"@id\":\"https:\/\/global-exam.com\/blog\/fr\/examens\/delf\/categorie-vocabulaire-delf\/#breadcrumb\"},\"inLanguage\":\"fr-FR\",\"potentialAction\":[{\"@type\":\"ReadAction\",\"target\":[\"https:\/\/global-exam.com\/blog\/fr\/examens\/delf\/categorie-vocabulaire-delf\/\"]}]},{\"@type\":\"BreadcrumbList\",\"@id\":\"https:\/\/global-exam.com\/blog\/fr\/examens\/delf\/categorie-vocabulaire-delf\/#breadcrumb\",\"itemListElement\":[{\"@type\":\"ListItem\",\"position\":1,\"name\":\"Les examens de langue\",\"item\":\"https:\/\/global-exam.com\/blog\/fr\/examens\/\"},{\"@type\":\"ListItem\",\"position\":2,\"name\":\"DELF : conseils et pr\\u00e9paration au test\",\"item\":\"https:\/\/global-exam.com\/blog\/fr\/examens\/delf\/\"},{\"@type\":\"ListItem\",\"position\":3,\"name\":\"Vocabulaire DELF\"}]}]}<\/script>\n<!-- \/ Yoast SEO plugin. -->","yoast_head_json":{"title":"Vocabulaire DELF","robots":{"index":"index","follow":"follow","max-snippet":"max-snippet:-1","max-image-preview":"max-image-preview:large","max-video-preview":"max-video-preview:-1"},"canonical":"https:\/\/global-exam.com\/blog\/fr\/examens\/delf\/categorie-vocabulaire-delf\/","og_locale":"fr_FR","og_type":"article","og_title":"Vocabulaire DELF","og_description":"Ma\u00eetrisez le vocabulaire du DELF Elabor\u00e9 pour\u00a0les non-natifs fran\u00e7ais, le DELF est\u00a0un test de fran\u00e7ais. Il vise \u00e0 tester vos connaissances selon [&hellip;]","og_url":"https:\/\/global-exam.com\/blog\/fr\/examens\/delf\/categorie-vocabulaire-delf\/","og_site_name":"GlobalExam Blog","article_publisher":"https:\/\/www.facebook.com\/Global.Exam","article_modified_time":"2022-08-17T14:26:53+00:00","twitter_card":"summary_large_image","twitter_site":"@Global_Exam","twitter_misc":{"Dur\u00e9e de lecture estim\u00e9e":"1 minute"},"schema":{"@context":"https:\/\/schema.org","@graph":[{"@type":"WebSite","@id":"https:\/\/global-exam.com\/blog\/#website","url":"https:\/\/global-exam.com\/blog\/","name":"GlobalExam Blog","description":"Le blog du sp\u00e9cialiste de la certification linguistique","potentialAction":[{"@type":"SearchAction","target":{"@type":"EntryPoint","urlTemplate":"https:\/\/global-exam.com\/blog\/?s={search_term_string}"},"query-input":"required name=search_term_string"}],"inLanguage":"fr-FR"},{"@type":"WebPage","@id":"https:\/\/global-exam.com\/blog\/fr\/examens\/delf\/categorie-vocabulaire-delf\/#webpage","url":"https:\/\/global-exam.com\/blog\/fr\/examens\/delf\/categorie-vocabulaire-delf\/","name":"Vocabulaire DELF","isPartOf":{"@id":"https:\/\/global-exam.com\/blog\/#website"},"datePublished":"2021-08-16T14:43:52+00:00","dateModified":"2022-08-17T14:26:53+00:00","breadcrumb":{"@id":"https:\/\/global-exam.com\/blog\/fr\/examens\/delf\/categorie-vocabulaire-delf\/#breadcrumb"},"inLanguage":"fr-FR","potentialAction":[{"@type":"ReadAction","target":["https:\/\/global-exam.com\/blog\/fr\/examens\/delf\/categorie-vocabulaire-delf\/"]}]},{"@type":"BreadcrumbList","@id":"https:\/\/global-exam.com\/blog\/fr\/examens\/delf\/categorie-vocabulaire-delf\/#breadcrumb","itemListElement":[{"@type":"ListItem","position":1,"name":"Les examens de langue","item":"https:\/\/global-exam.com\/blog\/fr\/examens\/"},{"@type":"ListItem","position":2,"name":"DELF : conseils et pr\u00e9paration au test","item":"https:\/\/global-exam.com\/blog\/fr\/examens\/delf\/"},{"@type":"ListItem","position":3,"name":"Vocabulaire DELF"}]}]}},"lang":"fr","translations":{"fr":60435},"pll_sync_post":[],"_links":{"self":[{"href":"https:\/\/global-exam.com\/blog\/wp-json\/wp\/v2\/pages\/60435"}],"collection":[{"href":"https:\/\/global-exam.com\/blog\/wp-json\/wp\/v2\/pages"}],"about":[{"href":"https:\/\/global-exam.com\/blog\/wp-json\/wp\/v2\/types\/page"}],"author":[{"embeddable":true,"href":"https:\/\/global-exam.com\/blog\/wp-json\/wp\/v2\/users\/2"}],"replies":[{"embeddable":true,"href":"https:\/\/global-exam.com\/blog\/wp-json\/wp\/v2\/comments?post=60435"}],"version-history":[{"count":9,"href":"https:\/\/global-exam.com\/blog\/wp-json\/wp\/v2\/pages\/60435\/revisions"}],"predecessor-version":[{"id":78120,"href":"https:\/\/global-exam.com\/blog\/wp-json\/wp\/v2\/pages\/60435\/revisions\/78120"}],"up":[{"embeddable":true,"href":"https:\/\/global-exam.com\/blog\/wp-json\/wp\/v2\/pages\/2853"}],"wp:attachment":[{"href":"https:\/\/global-exam.com\/blog\/wp-json\/wp\/v2\/media?parent=60435"}],"curies":[{"name":"wp","href":"https:\/\/api.w.org\/{rel}","templated":true}]}}