{"id":60442,"date":"2021-08-16T16:47:50","date_gmt":"2021-08-16T14:47:50","guid":{"rendered":"https:\/\/global-exam.com\/blog\/?page_id=60442"},"modified":"2022-08-17T16:29:54","modified_gmt":"2022-08-17T14:29:54","slug":"categorie-presentation-du-dalf","status":"publish","type":"page","link":"https:\/\/global-exam.com\/blog\/fr\/examens\/dalf\/categorie-presentation-du-dalf\/","title":{"rendered":"Pr\u00e9sentation du DALF"},"content":{"rendered":"<p>D\u00e9couvrir le DALF<\/p>\n<p><strong>Les dipl\u00f4mes DELF-DALF<\/strong> sont des examens cr\u00e9\u00e9s par le CIEP (Centre International d\u2019\u00c9tudes P\u00e9dagogiques). Ils se divisent en <strong>six examens ind\u00e9pendants<\/strong>\u00a0qui ont pour but d&rsquo;\u00e9valuer le<strong>\u00a0niveau de langue des candidats non francophones.<\/strong><\/p>\n<p>Ces tests sont en corr\u00e9lation avec les niveaux du Cadre Europ\u00e9en Commun de R\u00e9f\u00e9rence pour les Langues (CECRL). Les diff\u00e9rents niveaux vont de <strong>A1 \u00e0 C2. <\/strong>Chaque certification \u00e9value les 4 comp\u00e9tences linguistiques\u00a0: compr\u00e9hension orale et production orale, compr\u00e9hension des \u00e9crits et production \u00e9crite.<\/p>\n<p>Le DALF \u00e9value et certifie <strong>deux niveaux de ma\u00eetrise<\/strong> de la langue fran\u00e7aise : le DALF C1 et le DALF C2 et le <a href=\"https:\/\/global-exam.com\/blog\/fr\/examens\/delf\/\">DELF<\/a> \u00e9value les niveaux allant de A1 \u00e0 B2.<\/p>\n<p>D\u00e9couvrez dans les lignes qui suivent les <strong>sp\u00e9cificit\u00e9s de ces deux dipl\u00f4mes<\/strong>, les \u00e9tapes cl\u00e9s, les astuces et les informations \u00e0 ne pas oublier pour bien r\u00e9ussir cette \u00e9tape cruciale que repr\u00e9sente le processus d\u2019inscription. \u00c9tape suivante\u00a0: continuez votre lecture\u00a0!<\/p>\n","protected":false},"excerpt":{"rendered":"<p>D\u00e9couvrir le DALF Les dipl\u00f4mes DELF-DALF sont des examens cr\u00e9\u00e9s par le CIEP (Centre International d\u2019\u00c9tudes P\u00e9dagogiques). Ils se divisent en six [&hellip;]<\/p>\n","protected":false},"author":2,"featured_media":0,"parent":36124,"menu_order":0,"comment_status":"closed","ping_status":"closed","template":"","meta":[],"acf":[],"yoast_head":"<!-- This site is optimized with the Yoast SEO plugin v17.2.1 - https:\/\/yoast.com\/wordpress\/plugins\/seo\/ -->\n<title>Pr\u00e9sentation du DALF<\/title>\n<meta name=\"description\" content=\"D\u00e9couvrez la certification du DALF qui permet aux non francophones de valider un niveau de fran\u00e7ais allant de C1 \u00e0 C2.\" \/>\n<meta name=\"robots\" content=\"index, follow, max-snippet:-1, max-image-preview:large, max-video-preview:-1\" \/>\n<link rel=\"canonical\" href=\"https:\/\/global-exam.com\/blog\/fr\/examens\/dalf\/categorie-presentation-du-dalf\/\" \/>\n<meta property=\"og:locale\" content=\"fr_FR\" \/>\n<meta property=\"og:type\" content=\"article\" \/>\n<meta property=\"og:title\" content=\"Pr\u00e9sentation du DALF\" \/>\n<meta property=\"og:description\" content=\"D\u00e9couvrez la certification du DALF qui permet aux non francophones de valider un niveau de fran\u00e7ais allant de C1 \u00e0 C2.\" \/>\n<meta property=\"og:url\" content=\"https:\/\/global-exam.com\/blog\/fr\/examens\/dalf\/categorie-presentation-du-dalf\/\" \/>\n<meta property=\"og:site_name\" content=\"GlobalExam Blog\" \/>\n<meta property=\"article:publisher\" content=\"https:\/\/www.facebook.com\/Global.Exam\" \/>\n<meta property=\"article:modified_time\" content=\"2022-08-17T14:29:54+00:00\" \/>\n<meta name=\"twitter:card\" content=\"summary_large_image\" \/>\n<meta name=\"twitter:site\" content=\"@Global_Exam\" \/>\n<meta name=\"twitter:label1\" content=\"Dur\u00e9e de lecture estim\u00e9e\" \/>\n\t<meta name=\"twitter:data1\" content=\"1 minute\" \/>\n<script type=\"application\/ld+json\" class=\"yoast-schema-graph\">{\"@context\":\"https:\/\/schema.org\",\"@graph\":[{\"@type\":\"WebSite\",\"@id\":\"https:\/\/global-exam.com\/blog\/#website\",\"url\":\"https:\/\/global-exam.com\/blog\/\",\"name\":\"GlobalExam Blog\",\"description\":\"Le blog du sp\\u00e9cialiste de la certification linguistique\",\"potentialAction\":[{\"@type\":\"SearchAction\",\"target\":{\"@type\":\"EntryPoint\",\"urlTemplate\":\"https:\/\/global-exam.com\/blog\/?s={search_term_string}\"},\"query-input\":\"required name=search_term_string\"}],\"inLanguage\":\"fr-FR\"},{\"@type\":\"WebPage\",\"@id\":\"https:\/\/global-exam.com\/blog\/fr\/examens\/dalf\/categorie-presentation-du-dalf\/#webpage\",\"url\":\"https:\/\/global-exam.com\/blog\/fr\/examens\/dalf\/categorie-presentation-du-dalf\/\",\"name\":\"Pr\\u00e9sentation du DALF\",\"isPartOf\":{\"@id\":\"https:\/\/global-exam.com\/blog\/#website\"},\"datePublished\":\"2021-08-16T14:47:50+00:00\",\"dateModified\":\"2022-08-17T14:29:54+00:00\",\"description\":\"D\\u00e9couvrez la certification du DALF qui permet aux non francophones de valider un niveau de fran\\u00e7ais allant de C1 \\u00e0 C2.\",\"breadcrumb\":{\"@id\":\"https:\/\/global-exam.com\/blog\/fr\/examens\/dalf\/categorie-presentation-du-dalf\/#breadcrumb\"},\"inLanguage\":\"fr-FR\",\"potentialAction\":[{\"@type\":\"ReadAction\",\"target\":[\"https:\/\/global-exam.com\/blog\/fr\/examens\/dalf\/categorie-presentation-du-dalf\/\"]}]},{\"@type\":\"BreadcrumbList\",\"@id\":\"https:\/\/global-exam.com\/blog\/fr\/examens\/dalf\/categorie-presentation-du-dalf\/#breadcrumb\",\"itemListElement\":[{\"@type\":\"ListItem\",\"position\":1,\"name\":\"Les examens de langue\",\"item\":\"https:\/\/global-exam.com\/blog\/fr\/examens\/\"},{\"@type\":\"ListItem\",\"position\":2,\"name\":\"DALF : certifier son niveau de fran\\u00e7ais\",\"item\":\"https:\/\/global-exam.com\/blog\/fr\/examens\/dalf\/\"},{\"@type\":\"ListItem\",\"position\":3,\"name\":\"Pr\\u00e9sentation du DALF\"}]}]}<\/script>\n<!-- \/ Yoast SEO plugin. -->","yoast_head_json":{"title":"Pr\u00e9sentation du DALF","description":"D\u00e9couvrez la certification du DALF qui permet aux non francophones de valider un niveau de fran\u00e7ais allant de C1 \u00e0 C2.","robots":{"index":"index","follow":"follow","max-snippet":"max-snippet:-1","max-image-preview":"max-image-preview:large","max-video-preview":"max-video-preview:-1"},"canonical":"https:\/\/global-exam.com\/blog\/fr\/examens\/dalf\/categorie-presentation-du-dalf\/","og_locale":"fr_FR","og_type":"article","og_title":"Pr\u00e9sentation du DALF","og_description":"D\u00e9couvrez la certification du DALF qui permet aux non francophones de valider un niveau de fran\u00e7ais allant de C1 \u00e0 C2.","og_url":"https:\/\/global-exam.com\/blog\/fr\/examens\/dalf\/categorie-presentation-du-dalf\/","og_site_name":"GlobalExam Blog","article_publisher":"https:\/\/www.facebook.com\/Global.Exam","article_modified_time":"2022-08-17T14:29:54+00:00","twitter_card":"summary_large_image","twitter_site":"@Global_Exam","twitter_misc":{"Dur\u00e9e de lecture estim\u00e9e":"1 minute"},"schema":{"@context":"https:\/\/schema.org","@graph":[{"@type":"WebSite","@id":"https:\/\/global-exam.com\/blog\/#website","url":"https:\/\/global-exam.com\/blog\/","name":"GlobalExam Blog","description":"Le blog du sp\u00e9cialiste de la certification linguistique","potentialAction":[{"@type":"SearchAction","target":{"@type":"EntryPoint","urlTemplate":"https:\/\/global-exam.com\/blog\/?s={search_term_string}"},"query-input":"required name=search_term_string"}],"inLanguage":"fr-FR"},{"@type":"WebPage","@id":"https:\/\/global-exam.com\/blog\/fr\/examens\/dalf\/categorie-presentation-du-dalf\/#webpage","url":"https:\/\/global-exam.com\/blog\/fr\/examens\/dalf\/categorie-presentation-du-dalf\/","name":"Pr\u00e9sentation du DALF","isPartOf":{"@id":"https:\/\/global-exam.com\/blog\/#website"},"datePublished":"2021-08-16T14:47:50+00:00","dateModified":"2022-08-17T14:29:54+00:00","description":"D\u00e9couvrez la certification du DALF qui permet aux non francophones de valider un niveau de fran\u00e7ais allant de C1 \u00e0 C2.","breadcrumb":{"@id":"https:\/\/global-exam.com\/blog\/fr\/examens\/dalf\/categorie-presentation-du-dalf\/#breadcrumb"},"inLanguage":"fr-FR","potentialAction":[{"@type":"ReadAction","target":["https:\/\/global-exam.com\/blog\/fr\/examens\/dalf\/categorie-presentation-du-dalf\/"]}]},{"@type":"BreadcrumbList","@id":"https:\/\/global-exam.com\/blog\/fr\/examens\/dalf\/categorie-presentation-du-dalf\/#breadcrumb","itemListElement":[{"@type":"ListItem","position":1,"name":"Les examens de langue","item":"https:\/\/global-exam.com\/blog\/fr\/examens\/"},{"@type":"ListItem","position":2,"name":"DALF : certifier son niveau de fran\u00e7ais","item":"https:\/\/global-exam.com\/blog\/fr\/examens\/dalf\/"},{"@type":"ListItem","position":3,"name":"Pr\u00e9sentation du DALF"}]}]}},"lang":"fr","translations":{"fr":60442},"pll_sync_post":[],"_links":{"self":[{"href":"https:\/\/global-exam.com\/blog\/wp-json\/wp\/v2\/pages\/60442"}],"collection":[{"href":"https:\/\/global-exam.com\/blog\/wp-json\/wp\/v2\/pages"}],"about":[{"href":"https:\/\/global-exam.com\/blog\/wp-json\/wp\/v2\/types\/page"}],"author":[{"embeddable":true,"href":"https:\/\/global-exam.com\/blog\/wp-json\/wp\/v2\/users\/2"}],"replies":[{"embeddable":true,"href":"https:\/\/global-exam.com\/blog\/wp-json\/wp\/v2\/comments?post=60442"}],"version-history":[{"count":8,"href":"https:\/\/global-exam.com\/blog\/wp-json\/wp\/v2\/pages\/60442\/revisions"}],"predecessor-version":[{"id":78124,"href":"https:\/\/global-exam.com\/blog\/wp-json\/wp\/v2\/pages\/60442\/revisions\/78124"}],"up":[{"embeddable":true,"href":"https:\/\/global-exam.com\/blog\/wp-json\/wp\/v2\/pages\/36124"}],"wp:attachment":[{"href":"https:\/\/global-exam.com\/blog\/wp-json\/wp\/v2\/media?parent=60442"}],"curies":[{"name":"wp","href":"https:\/\/api.w.org\/{rel}","templated":true}]}}