{"id":60449,"date":"2021-08-16T16:51:16","date_gmt":"2021-08-16T14:51:16","guid":{"rendered":"https:\/\/global-exam.com\/blog\/?page_id=60449"},"modified":"2022-08-17T16:29:20","modified_gmt":"2022-08-17T14:29:20","slug":"categorie-consignes-du-test-dalf","status":"publish","type":"page","link":"https:\/\/global-exam.com\/blog\/fr\/examens\/dalf\/categorie-consignes-du-test-dalf\/","title":{"rendered":"Consignes du test DALF"},"content":{"rendered":"<p>Conna\u00eetre les consignes du DALF<\/p>\n<p>Dans les lignes qui suivent, nous vous parlons <strong>des deux \u00e9preuves, DALF C1 et DALF C2<\/strong>, avec lesquelles vous devrez vous familiariser pour mettre toutes les chances de votre c\u00f4t\u00e9. Il est important que vous connaissiez bien le contenu et notamment les consignes pour chaque \u00e9preuve de\u00a0<strong>Compr\u00e9hension orale et \u00e9crite, et d\u2019Expression orale et \u00e9crite.<\/strong><\/p>\n<p>D\u00e9couvrez les astuces pour bien comprendre et suivre\u00a0<strong>les consignes de l\u2019examen<\/strong>. Cela vous permettra d\u2019anticiper les questions le jour J et gagner en rapidit\u00e9 et en assurance.\u00a0Ajoutez \u00e0 cela\u00a0<strong>une bonne pr\u00e9paration<\/strong>\u00a0gr\u00e2ce \u00e0 notre plateforme 100 % en ligne.<\/p>\n<p>Vous avez tous les ingr\u00e9dients pour votre r\u00e9ussite. N\u2019attendez plus\u00a0! Continuez la lecture et osez vous aventurer dans notre plateforme de ressources pour une pr\u00e9paration efficace et une r\u00e9ussite garantie\u00a0!<\/p>\n","protected":false},"excerpt":{"rendered":"<p>Conna\u00eetre les consignes du DALF Dans les lignes qui suivent, nous vous parlons des deux \u00e9preuves, DALF C1 et DALF C2, avec [&hellip;]<\/p>\n","protected":false},"author":2,"featured_media":0,"parent":36124,"menu_order":0,"comment_status":"closed","ping_status":"closed","template":"","meta":[],"acf":[],"yoast_head":"<!-- This site is optimized with the Yoast SEO plugin v17.2.1 - https:\/\/yoast.com\/wordpress\/plugins\/seo\/ -->\n<title>Consignes du test DALF<\/title>\n<meta name=\"description\" content=\"Ma\u00eetrisez les consignes du DALF sur le bout des doigts en suivant les conseils de GlobalExam pour pr\u00e9parer votre certification en fran\u00e7ais.\" \/>\n<meta name=\"robots\" content=\"index, follow, max-snippet:-1, max-image-preview:large, max-video-preview:-1\" \/>\n<link rel=\"canonical\" href=\"https:\/\/global-exam.com\/blog\/fr\/examens\/dalf\/categorie-consignes-du-test-dalf\/\" \/>\n<meta property=\"og:locale\" content=\"fr_FR\" \/>\n<meta property=\"og:type\" content=\"article\" \/>\n<meta property=\"og:title\" content=\"Consignes du test DALF\" \/>\n<meta property=\"og:description\" content=\"Ma\u00eetrisez les consignes du DALF sur le bout des doigts en suivant les conseils de GlobalExam pour pr\u00e9parer votre certification en fran\u00e7ais.\" \/>\n<meta property=\"og:url\" content=\"https:\/\/global-exam.com\/blog\/fr\/examens\/dalf\/categorie-consignes-du-test-dalf\/\" \/>\n<meta property=\"og:site_name\" content=\"GlobalExam Blog\" \/>\n<meta property=\"article:publisher\" content=\"https:\/\/www.facebook.com\/Global.Exam\" \/>\n<meta property=\"article:modified_time\" content=\"2022-08-17T14:29:20+00:00\" \/>\n<meta name=\"twitter:card\" content=\"summary_large_image\" \/>\n<meta name=\"twitter:site\" content=\"@Global_Exam\" \/>\n<meta name=\"twitter:label1\" content=\"Dur\u00e9e de lecture estim\u00e9e\" \/>\n\t<meta name=\"twitter:data1\" content=\"1 minute\" \/>\n<script type=\"application\/ld+json\" class=\"yoast-schema-graph\">{\"@context\":\"https:\/\/schema.org\",\"@graph\":[{\"@type\":\"WebSite\",\"@id\":\"https:\/\/global-exam.com\/blog\/#website\",\"url\":\"https:\/\/global-exam.com\/blog\/\",\"name\":\"GlobalExam Blog\",\"description\":\"Le blog du sp\\u00e9cialiste de la certification linguistique\",\"potentialAction\":[{\"@type\":\"SearchAction\",\"target\":{\"@type\":\"EntryPoint\",\"urlTemplate\":\"https:\/\/global-exam.com\/blog\/?s={search_term_string}\"},\"query-input\":\"required name=search_term_string\"}],\"inLanguage\":\"fr-FR\"},{\"@type\":\"WebPage\",\"@id\":\"https:\/\/global-exam.com\/blog\/fr\/examens\/dalf\/categorie-consignes-du-test-dalf\/#webpage\",\"url\":\"https:\/\/global-exam.com\/blog\/fr\/examens\/dalf\/categorie-consignes-du-test-dalf\/\",\"name\":\"Consignes du test DALF\",\"isPartOf\":{\"@id\":\"https:\/\/global-exam.com\/blog\/#website\"},\"datePublished\":\"2021-08-16T14:51:16+00:00\",\"dateModified\":\"2022-08-17T14:29:20+00:00\",\"description\":\"Ma\\u00eetrisez les consignes du DALF sur le bout des doigts en suivant les conseils de GlobalExam pour pr\\u00e9parer votre certification en fran\\u00e7ais.\",\"breadcrumb\":{\"@id\":\"https:\/\/global-exam.com\/blog\/fr\/examens\/dalf\/categorie-consignes-du-test-dalf\/#breadcrumb\"},\"inLanguage\":\"fr-FR\",\"potentialAction\":[{\"@type\":\"ReadAction\",\"target\":[\"https:\/\/global-exam.com\/blog\/fr\/examens\/dalf\/categorie-consignes-du-test-dalf\/\"]}]},{\"@type\":\"BreadcrumbList\",\"@id\":\"https:\/\/global-exam.com\/blog\/fr\/examens\/dalf\/categorie-consignes-du-test-dalf\/#breadcrumb\",\"itemListElement\":[{\"@type\":\"ListItem\",\"position\":1,\"name\":\"Les examens de langue\",\"item\":\"https:\/\/global-exam.com\/blog\/fr\/examens\/\"},{\"@type\":\"ListItem\",\"position\":2,\"name\":\"DALF : certifier son niveau de fran\\u00e7ais\",\"item\":\"https:\/\/global-exam.com\/blog\/fr\/examens\/dalf\/\"},{\"@type\":\"ListItem\",\"position\":3,\"name\":\"Consignes du test DALF\"}]}]}<\/script>\n<!-- \/ Yoast SEO plugin. -->","yoast_head_json":{"title":"Consignes du test DALF","description":"Ma\u00eetrisez les consignes du DALF sur le bout des doigts en suivant les conseils de GlobalExam pour pr\u00e9parer votre certification en fran\u00e7ais.","robots":{"index":"index","follow":"follow","max-snippet":"max-snippet:-1","max-image-preview":"max-image-preview:large","max-video-preview":"max-video-preview:-1"},"canonical":"https:\/\/global-exam.com\/blog\/fr\/examens\/dalf\/categorie-consignes-du-test-dalf\/","og_locale":"fr_FR","og_type":"article","og_title":"Consignes du test DALF","og_description":"Ma\u00eetrisez les consignes du DALF sur le bout des doigts en suivant les conseils de GlobalExam pour pr\u00e9parer votre certification en fran\u00e7ais.","og_url":"https:\/\/global-exam.com\/blog\/fr\/examens\/dalf\/categorie-consignes-du-test-dalf\/","og_site_name":"GlobalExam Blog","article_publisher":"https:\/\/www.facebook.com\/Global.Exam","article_modified_time":"2022-08-17T14:29:20+00:00","twitter_card":"summary_large_image","twitter_site":"@Global_Exam","twitter_misc":{"Dur\u00e9e de lecture estim\u00e9e":"1 minute"},"schema":{"@context":"https:\/\/schema.org","@graph":[{"@type":"WebSite","@id":"https:\/\/global-exam.com\/blog\/#website","url":"https:\/\/global-exam.com\/blog\/","name":"GlobalExam Blog","description":"Le blog du sp\u00e9cialiste de la certification linguistique","potentialAction":[{"@type":"SearchAction","target":{"@type":"EntryPoint","urlTemplate":"https:\/\/global-exam.com\/blog\/?s={search_term_string}"},"query-input":"required name=search_term_string"}],"inLanguage":"fr-FR"},{"@type":"WebPage","@id":"https:\/\/global-exam.com\/blog\/fr\/examens\/dalf\/categorie-consignes-du-test-dalf\/#webpage","url":"https:\/\/global-exam.com\/blog\/fr\/examens\/dalf\/categorie-consignes-du-test-dalf\/","name":"Consignes du test DALF","isPartOf":{"@id":"https:\/\/global-exam.com\/blog\/#website"},"datePublished":"2021-08-16T14:51:16+00:00","dateModified":"2022-08-17T14:29:20+00:00","description":"Ma\u00eetrisez les consignes du DALF sur le bout des doigts en suivant les conseils de GlobalExam pour pr\u00e9parer votre certification en fran\u00e7ais.","breadcrumb":{"@id":"https:\/\/global-exam.com\/blog\/fr\/examens\/dalf\/categorie-consignes-du-test-dalf\/#breadcrumb"},"inLanguage":"fr-FR","potentialAction":[{"@type":"ReadAction","target":["https:\/\/global-exam.com\/blog\/fr\/examens\/dalf\/categorie-consignes-du-test-dalf\/"]}]},{"@type":"BreadcrumbList","@id":"https:\/\/global-exam.com\/blog\/fr\/examens\/dalf\/categorie-consignes-du-test-dalf\/#breadcrumb","itemListElement":[{"@type":"ListItem","position":1,"name":"Les examens de langue","item":"https:\/\/global-exam.com\/blog\/fr\/examens\/"},{"@type":"ListItem","position":2,"name":"DALF : certifier son niveau de fran\u00e7ais","item":"https:\/\/global-exam.com\/blog\/fr\/examens\/dalf\/"},{"@type":"ListItem","position":3,"name":"Consignes du test DALF"}]}]}},"lang":"fr","translations":{"fr":60449},"pll_sync_post":[],"_links":{"self":[{"href":"https:\/\/global-exam.com\/blog\/wp-json\/wp\/v2\/pages\/60449"}],"collection":[{"href":"https:\/\/global-exam.com\/blog\/wp-json\/wp\/v2\/pages"}],"about":[{"href":"https:\/\/global-exam.com\/blog\/wp-json\/wp\/v2\/types\/page"}],"author":[{"embeddable":true,"href":"https:\/\/global-exam.com\/blog\/wp-json\/wp\/v2\/users\/2"}],"replies":[{"embeddable":true,"href":"https:\/\/global-exam.com\/blog\/wp-json\/wp\/v2\/comments?post=60449"}],"version-history":[{"count":7,"href":"https:\/\/global-exam.com\/blog\/wp-json\/wp\/v2\/pages\/60449\/revisions"}],"predecessor-version":[{"id":78123,"href":"https:\/\/global-exam.com\/blog\/wp-json\/wp\/v2\/pages\/60449\/revisions\/78123"}],"up":[{"embeddable":true,"href":"https:\/\/global-exam.com\/blog\/wp-json\/wp\/v2\/pages\/36124"}],"wp:attachment":[{"href":"https:\/\/global-exam.com\/blog\/wp-json\/wp\/v2\/media?parent=60449"}],"curies":[{"name":"wp","href":"https:\/\/api.w.org\/{rel}","templated":true}]}}