{"id":60454,"date":"2021-08-16T16:53:53","date_gmt":"2021-08-16T14:53:53","guid":{"rendered":"https:\/\/global-exam.com\/blog\/?page_id=60454"},"modified":"2022-08-17T16:28:53","modified_gmt":"2022-08-17T14:28:53","slug":"categorie-avoir-un-bon-score-au-dalf","status":"publish","type":"page","link":"https:\/\/global-exam.com\/blog\/fr\/examens\/dalf\/categorie-avoir-un-bon-score-au-dalf\/","title":{"rendered":"Avoir un bon score au DALF"},"content":{"rendered":"<p>Obtenir un bon score au DALF<\/p>\n<p>Le Dipl\u00f4me Approfondi de Langue Fran\u00e7aise ou DALF permet de\u00a0<strong>valider et de certifier vos comp\u00e9tences en fran\u00e7ais<\/strong>, pour les niveaux C1 et C2 du CECRL. Si vous avez le DALF, vous ne devrez pas passer de test linguistique au moment de vous inscrire dans une universit\u00e9 fran\u00e7aise. Vous pouvez aussi passer ce test linguistique pour <strong>des raisons professionnelles<\/strong> ou personnelles.<\/p>\n<p>D\u00e9couvrez dans cette cat\u00e9gorie les principales caract\u00e9ristiques de ce dipl\u00f4me et les astuces pour\u00a0<strong>obtenir le score recherch\u00e9<\/strong>. Pour cela, rien de mieux qu\u2019une bonne pr\u00e9paration. Nous vous pr\u00e9sentons une s\u00e9lection des meilleurs livres pour se pr\u00e9parer \u00e0 cette \u00e9preuve standardis\u00e9e. Nous vous montrons \u00e9galement une s\u00e9lection de sites pour \u00eatre bien pr\u00e9par\u00e9 le jour J. D\u00e9couvrez enfin tous les supports dont vous disposez pour maximiser vos chances de r\u00e9ussite.<\/p>\n","protected":false},"excerpt":{"rendered":"<p>Obtenir un bon score au DALF Le Dipl\u00f4me Approfondi de Langue Fran\u00e7aise ou DALF permet de\u00a0valider et de certifier vos comp\u00e9tences en [&hellip;]<\/p>\n","protected":false},"author":2,"featured_media":0,"parent":36124,"menu_order":0,"comment_status":"closed","ping_status":"closed","template":"","meta":[],"acf":[],"yoast_head":"<!-- This site is optimized with the Yoast SEO plugin v17.2.1 - https:\/\/yoast.com\/wordpress\/plugins\/seo\/ -->\n<title>Avoir un bon score au DALF<\/title>\n<meta name=\"description\" content=\"Vous allez passer le DALF C1 ou C2 ? D\u00e9couvrez nos conseils pour booster votre score le jour de l&#039;examen.\" \/>\n<meta name=\"robots\" content=\"index, follow, max-snippet:-1, max-image-preview:large, max-video-preview:-1\" \/>\n<link rel=\"canonical\" href=\"https:\/\/global-exam.com\/blog\/fr\/examens\/dalf\/categorie-avoir-un-bon-score-au-dalf\/\" \/>\n<meta property=\"og:locale\" content=\"fr_FR\" \/>\n<meta property=\"og:type\" content=\"article\" \/>\n<meta property=\"og:title\" content=\"Avoir un bon score au DALF\" \/>\n<meta property=\"og:description\" content=\"Vous allez passer le DALF C1 ou C2 ? D\u00e9couvrez nos conseils pour booster votre score le jour de l&#039;examen.\" \/>\n<meta property=\"og:url\" content=\"https:\/\/global-exam.com\/blog\/fr\/examens\/dalf\/categorie-avoir-un-bon-score-au-dalf\/\" \/>\n<meta property=\"og:site_name\" content=\"GlobalExam Blog\" \/>\n<meta property=\"article:publisher\" content=\"https:\/\/www.facebook.com\/Global.Exam\" \/>\n<meta property=\"article:modified_time\" content=\"2022-08-17T14:28:53+00:00\" \/>\n<meta name=\"twitter:card\" content=\"summary_large_image\" \/>\n<meta name=\"twitter:site\" content=\"@Global_Exam\" \/>\n<meta name=\"twitter:label1\" content=\"Dur\u00e9e de lecture estim\u00e9e\" \/>\n\t<meta name=\"twitter:data1\" content=\"1 minute\" \/>\n<script type=\"application\/ld+json\" class=\"yoast-schema-graph\">{\"@context\":\"https:\/\/schema.org\",\"@graph\":[{\"@type\":\"WebSite\",\"@id\":\"https:\/\/global-exam.com\/blog\/#website\",\"url\":\"https:\/\/global-exam.com\/blog\/\",\"name\":\"GlobalExam Blog\",\"description\":\"Le blog du sp\\u00e9cialiste de la certification linguistique\",\"potentialAction\":[{\"@type\":\"SearchAction\",\"target\":{\"@type\":\"EntryPoint\",\"urlTemplate\":\"https:\/\/global-exam.com\/blog\/?s={search_term_string}\"},\"query-input\":\"required name=search_term_string\"}],\"inLanguage\":\"fr-FR\"},{\"@type\":\"WebPage\",\"@id\":\"https:\/\/global-exam.com\/blog\/fr\/examens\/dalf\/categorie-avoir-un-bon-score-au-dalf\/#webpage\",\"url\":\"https:\/\/global-exam.com\/blog\/fr\/examens\/dalf\/categorie-avoir-un-bon-score-au-dalf\/\",\"name\":\"Avoir un bon score au DALF\",\"isPartOf\":{\"@id\":\"https:\/\/global-exam.com\/blog\/#website\"},\"datePublished\":\"2021-08-16T14:53:53+00:00\",\"dateModified\":\"2022-08-17T14:28:53+00:00\",\"description\":\"Vous allez passer le DALF C1 ou C2 ? D\\u00e9couvrez nos conseils pour booster votre score le jour de l'examen.\",\"breadcrumb\":{\"@id\":\"https:\/\/global-exam.com\/blog\/fr\/examens\/dalf\/categorie-avoir-un-bon-score-au-dalf\/#breadcrumb\"},\"inLanguage\":\"fr-FR\",\"potentialAction\":[{\"@type\":\"ReadAction\",\"target\":[\"https:\/\/global-exam.com\/blog\/fr\/examens\/dalf\/categorie-avoir-un-bon-score-au-dalf\/\"]}]},{\"@type\":\"BreadcrumbList\",\"@id\":\"https:\/\/global-exam.com\/blog\/fr\/examens\/dalf\/categorie-avoir-un-bon-score-au-dalf\/#breadcrumb\",\"itemListElement\":[{\"@type\":\"ListItem\",\"position\":1,\"name\":\"Les examens de langue\",\"item\":\"https:\/\/global-exam.com\/blog\/fr\/examens\/\"},{\"@type\":\"ListItem\",\"position\":2,\"name\":\"DALF : certifier son niveau de fran\\u00e7ais\",\"item\":\"https:\/\/global-exam.com\/blog\/fr\/examens\/dalf\/\"},{\"@type\":\"ListItem\",\"position\":3,\"name\":\"Avoir un bon score au DALF\"}]}]}<\/script>\n<!-- \/ Yoast SEO plugin. -->","yoast_head_json":{"title":"Avoir un bon score au DALF","description":"Vous allez passer le DALF C1 ou C2 ? D\u00e9couvrez nos conseils pour booster votre score le jour de l'examen.","robots":{"index":"index","follow":"follow","max-snippet":"max-snippet:-1","max-image-preview":"max-image-preview:large","max-video-preview":"max-video-preview:-1"},"canonical":"https:\/\/global-exam.com\/blog\/fr\/examens\/dalf\/categorie-avoir-un-bon-score-au-dalf\/","og_locale":"fr_FR","og_type":"article","og_title":"Avoir un bon score au DALF","og_description":"Vous allez passer le DALF C1 ou C2 ? D\u00e9couvrez nos conseils pour booster votre score le jour de l'examen.","og_url":"https:\/\/global-exam.com\/blog\/fr\/examens\/dalf\/categorie-avoir-un-bon-score-au-dalf\/","og_site_name":"GlobalExam Blog","article_publisher":"https:\/\/www.facebook.com\/Global.Exam","article_modified_time":"2022-08-17T14:28:53+00:00","twitter_card":"summary_large_image","twitter_site":"@Global_Exam","twitter_misc":{"Dur\u00e9e de lecture estim\u00e9e":"1 minute"},"schema":{"@context":"https:\/\/schema.org","@graph":[{"@type":"WebSite","@id":"https:\/\/global-exam.com\/blog\/#website","url":"https:\/\/global-exam.com\/blog\/","name":"GlobalExam Blog","description":"Le blog du sp\u00e9cialiste de la certification linguistique","potentialAction":[{"@type":"SearchAction","target":{"@type":"EntryPoint","urlTemplate":"https:\/\/global-exam.com\/blog\/?s={search_term_string}"},"query-input":"required name=search_term_string"}],"inLanguage":"fr-FR"},{"@type":"WebPage","@id":"https:\/\/global-exam.com\/blog\/fr\/examens\/dalf\/categorie-avoir-un-bon-score-au-dalf\/#webpage","url":"https:\/\/global-exam.com\/blog\/fr\/examens\/dalf\/categorie-avoir-un-bon-score-au-dalf\/","name":"Avoir un bon score au DALF","isPartOf":{"@id":"https:\/\/global-exam.com\/blog\/#website"},"datePublished":"2021-08-16T14:53:53+00:00","dateModified":"2022-08-17T14:28:53+00:00","description":"Vous allez passer le DALF C1 ou C2 ? D\u00e9couvrez nos conseils pour booster votre score le jour de l'examen.","breadcrumb":{"@id":"https:\/\/global-exam.com\/blog\/fr\/examens\/dalf\/categorie-avoir-un-bon-score-au-dalf\/#breadcrumb"},"inLanguage":"fr-FR","potentialAction":[{"@type":"ReadAction","target":["https:\/\/global-exam.com\/blog\/fr\/examens\/dalf\/categorie-avoir-un-bon-score-au-dalf\/"]}]},{"@type":"BreadcrumbList","@id":"https:\/\/global-exam.com\/blog\/fr\/examens\/dalf\/categorie-avoir-un-bon-score-au-dalf\/#breadcrumb","itemListElement":[{"@type":"ListItem","position":1,"name":"Les examens de langue","item":"https:\/\/global-exam.com\/blog\/fr\/examens\/"},{"@type":"ListItem","position":2,"name":"DALF : certifier son niveau de fran\u00e7ais","item":"https:\/\/global-exam.com\/blog\/fr\/examens\/dalf\/"},{"@type":"ListItem","position":3,"name":"Avoir un bon score au DALF"}]}]}},"lang":"fr","translations":{"fr":60454},"pll_sync_post":[],"_links":{"self":[{"href":"https:\/\/global-exam.com\/blog\/wp-json\/wp\/v2\/pages\/60454"}],"collection":[{"href":"https:\/\/global-exam.com\/blog\/wp-json\/wp\/v2\/pages"}],"about":[{"href":"https:\/\/global-exam.com\/blog\/wp-json\/wp\/v2\/types\/page"}],"author":[{"embeddable":true,"href":"https:\/\/global-exam.com\/blog\/wp-json\/wp\/v2\/users\/2"}],"replies":[{"embeddable":true,"href":"https:\/\/global-exam.com\/blog\/wp-json\/wp\/v2\/comments?post=60454"}],"version-history":[{"count":7,"href":"https:\/\/global-exam.com\/blog\/wp-json\/wp\/v2\/pages\/60454\/revisions"}],"predecessor-version":[{"id":78122,"href":"https:\/\/global-exam.com\/blog\/wp-json\/wp\/v2\/pages\/60454\/revisions\/78122"}],"up":[{"embeddable":true,"href":"https:\/\/global-exam.com\/blog\/wp-json\/wp\/v2\/pages\/36124"}],"wp:attachment":[{"href":"https:\/\/global-exam.com\/blog\/wp-json\/wp\/v2\/media?parent=60454"}],"curies":[{"name":"wp","href":"https:\/\/api.w.org\/{rel}","templated":true}]}}