{"id":60465,"date":"2021-08-16T17:00:02","date_gmt":"2021-08-16T15:00:02","guid":{"rendered":"https:\/\/global-exam.com\/blog\/?page_id=60465"},"modified":"2022-08-17T16:30:38","modified_gmt":"2022-08-17T14:30:38","slug":"categorie-supports-pour-sentrainer-au-dalf","status":"publish","type":"page","link":"https:\/\/global-exam.com\/blog\/fr\/examens\/dalf\/categorie-supports-pour-sentrainer-au-dalf\/","title":{"rendered":"Supports pour s&rsquo;entra\u00eener au DALF"},"content":{"rendered":"<p>Choisir ses supports d&rsquo;entra\u00eenement<\/p>\n<p>Dans la s\u00e9rie des dipl\u00f4mes pour\u00a0<strong>certifier le niveau de langue fran\u00e7aise<\/strong>\u00a0(DELF-DALF), le DALF correspond aux deux niveaux de ma\u00eetrise les plus avanc\u00e9s sur l\u2019\u00e9chelle du CECRL\u00a0:\u00a0<strong>DALF C1 et DALF C2.\u00a0<\/strong><\/p>\n<p>\u00c0 ce stade, vous \u00eates capable de comprendre des textes longs et complexes, d\u00e9gager les significations implicites et communiquer<strong>, \u00e0 l\u2019oral et \u00e0 l\u2019\u00e9crit<\/strong>, de mani\u00e8re claire et structur\u00e9e sur diff\u00e9rentes sph\u00e8res\u00a0: acad\u00e9mique, professionnelle, sociale.<\/p>\n<p>D\u00e9couvrez nos conseils pour vous entra\u00eener avec des supports efficaces et pertinents ! Nous avons tout ce qu\u2019il vous faut. Nous avons cr\u00e9\u00e9 pour vous<strong>\u00a0une liste de ressources<\/strong>\u00a0imprim\u00e9es et num\u00e9riques qui vous guideront dans votre pratique quotidienne. Pr\u00e9parez votre planning et on y va\u00a0!<\/p>\n<p>Ensuite, plus de temps \u00e0 perdre. Il est temps de\u00a0<strong>d\u00e9couvrir notre plateforme<\/strong>. Effectuez d\u2019abord un test de niveau, pour mieux vous situer, d\u00e9finir vos objectifs et concr\u00e9tiser un plan d\u2019entra\u00eenement r\u00e9aliste. Il vous suffit de cr\u00e9er un compte.<\/p>\n","protected":false},"excerpt":{"rendered":"<p>Choisir ses supports d&rsquo;entra\u00eenement Dans la s\u00e9rie des dipl\u00f4mes pour\u00a0certifier le niveau de langue fran\u00e7aise\u00a0(DELF-DALF), le DALF correspond aux deux niveaux de [&hellip;]<\/p>\n","protected":false},"author":2,"featured_media":0,"parent":36124,"menu_order":0,"comment_status":"closed","ping_status":"closed","template":"","meta":[],"acf":[],"yoast_head":"<!-- This site is optimized with the Yoast SEO plugin v17.2.1 - https:\/\/yoast.com\/wordpress\/plugins\/seo\/ -->\n<title>Supports pour s&#039;entra\u00eener au DALF<\/title>\n<meta name=\"description\" content=\"Pr\u00e9paration DALF : d\u00e9couvrez quelques id\u00e9es de supports pour pratiquer le fran\u00e7ais et \u00eatre pr\u00eat le jour de l&#039;examen.\" \/>\n<meta name=\"robots\" content=\"index, follow, max-snippet:-1, max-image-preview:large, max-video-preview:-1\" \/>\n<link rel=\"canonical\" href=\"https:\/\/global-exam.com\/blog\/fr\/examens\/dalf\/categorie-supports-pour-sentrainer-au-dalf\/\" \/>\n<meta property=\"og:locale\" content=\"fr_FR\" \/>\n<meta property=\"og:type\" content=\"article\" \/>\n<meta property=\"og:title\" content=\"Supports pour s&#039;entra\u00eener au DALF\" \/>\n<meta property=\"og:description\" content=\"Pr\u00e9paration DALF : d\u00e9couvrez quelques id\u00e9es de supports pour pratiquer le fran\u00e7ais et \u00eatre pr\u00eat le jour de l&#039;examen.\" \/>\n<meta property=\"og:url\" content=\"https:\/\/global-exam.com\/blog\/fr\/examens\/dalf\/categorie-supports-pour-sentrainer-au-dalf\/\" \/>\n<meta property=\"og:site_name\" content=\"GlobalExam Blog\" \/>\n<meta property=\"article:publisher\" content=\"https:\/\/www.facebook.com\/Global.Exam\" \/>\n<meta property=\"article:modified_time\" content=\"2022-08-17T14:30:38+00:00\" \/>\n<meta name=\"twitter:card\" content=\"summary_large_image\" \/>\n<meta name=\"twitter:site\" content=\"@Global_Exam\" \/>\n<meta name=\"twitter:label1\" content=\"Dur\u00e9e de lecture estim\u00e9e\" \/>\n\t<meta name=\"twitter:data1\" content=\"1 minute\" \/>\n<script type=\"application\/ld+json\" class=\"yoast-schema-graph\">{\"@context\":\"https:\/\/schema.org\",\"@graph\":[{\"@type\":\"WebSite\",\"@id\":\"https:\/\/global-exam.com\/blog\/#website\",\"url\":\"https:\/\/global-exam.com\/blog\/\",\"name\":\"GlobalExam Blog\",\"description\":\"Le blog du sp\\u00e9cialiste de la certification linguistique\",\"potentialAction\":[{\"@type\":\"SearchAction\",\"target\":{\"@type\":\"EntryPoint\",\"urlTemplate\":\"https:\/\/global-exam.com\/blog\/?s={search_term_string}\"},\"query-input\":\"required name=search_term_string\"}],\"inLanguage\":\"fr-FR\"},{\"@type\":\"WebPage\",\"@id\":\"https:\/\/global-exam.com\/blog\/fr\/examens\/dalf\/categorie-supports-pour-sentrainer-au-dalf\/#webpage\",\"url\":\"https:\/\/global-exam.com\/blog\/fr\/examens\/dalf\/categorie-supports-pour-sentrainer-au-dalf\/\",\"name\":\"Supports pour s'entra\\u00eener au DALF\",\"isPartOf\":{\"@id\":\"https:\/\/global-exam.com\/blog\/#website\"},\"datePublished\":\"2021-08-16T15:00:02+00:00\",\"dateModified\":\"2022-08-17T14:30:38+00:00\",\"description\":\"Pr\\u00e9paration DALF : d\\u00e9couvrez quelques id\\u00e9es de supports pour pratiquer le fran\\u00e7ais et \\u00eatre pr\\u00eat le jour de l'examen.\",\"breadcrumb\":{\"@id\":\"https:\/\/global-exam.com\/blog\/fr\/examens\/dalf\/categorie-supports-pour-sentrainer-au-dalf\/#breadcrumb\"},\"inLanguage\":\"fr-FR\",\"potentialAction\":[{\"@type\":\"ReadAction\",\"target\":[\"https:\/\/global-exam.com\/blog\/fr\/examens\/dalf\/categorie-supports-pour-sentrainer-au-dalf\/\"]}]},{\"@type\":\"BreadcrumbList\",\"@id\":\"https:\/\/global-exam.com\/blog\/fr\/examens\/dalf\/categorie-supports-pour-sentrainer-au-dalf\/#breadcrumb\",\"itemListElement\":[{\"@type\":\"ListItem\",\"position\":1,\"name\":\"Les examens de langue\",\"item\":\"https:\/\/global-exam.com\/blog\/fr\/examens\/\"},{\"@type\":\"ListItem\",\"position\":2,\"name\":\"DALF : certifier son niveau de fran\\u00e7ais\",\"item\":\"https:\/\/global-exam.com\/blog\/fr\/examens\/dalf\/\"},{\"@type\":\"ListItem\",\"position\":3,\"name\":\"Supports pour s&rsquo;entra\\u00eener au DALF\"}]}]}<\/script>\n<!-- \/ Yoast SEO plugin. -->","yoast_head_json":{"title":"Supports pour s'entra\u00eener au DALF","description":"Pr\u00e9paration DALF : d\u00e9couvrez quelques id\u00e9es de supports pour pratiquer le fran\u00e7ais et \u00eatre pr\u00eat le jour de l'examen.","robots":{"index":"index","follow":"follow","max-snippet":"max-snippet:-1","max-image-preview":"max-image-preview:large","max-video-preview":"max-video-preview:-1"},"canonical":"https:\/\/global-exam.com\/blog\/fr\/examens\/dalf\/categorie-supports-pour-sentrainer-au-dalf\/","og_locale":"fr_FR","og_type":"article","og_title":"Supports pour s'entra\u00eener au DALF","og_description":"Pr\u00e9paration DALF : d\u00e9couvrez quelques id\u00e9es de supports pour pratiquer le fran\u00e7ais et \u00eatre pr\u00eat le jour de l'examen.","og_url":"https:\/\/global-exam.com\/blog\/fr\/examens\/dalf\/categorie-supports-pour-sentrainer-au-dalf\/","og_site_name":"GlobalExam Blog","article_publisher":"https:\/\/www.facebook.com\/Global.Exam","article_modified_time":"2022-08-17T14:30:38+00:00","twitter_card":"summary_large_image","twitter_site":"@Global_Exam","twitter_misc":{"Dur\u00e9e de lecture estim\u00e9e":"1 minute"},"schema":{"@context":"https:\/\/schema.org","@graph":[{"@type":"WebSite","@id":"https:\/\/global-exam.com\/blog\/#website","url":"https:\/\/global-exam.com\/blog\/","name":"GlobalExam Blog","description":"Le blog du sp\u00e9cialiste de la certification linguistique","potentialAction":[{"@type":"SearchAction","target":{"@type":"EntryPoint","urlTemplate":"https:\/\/global-exam.com\/blog\/?s={search_term_string}"},"query-input":"required name=search_term_string"}],"inLanguage":"fr-FR"},{"@type":"WebPage","@id":"https:\/\/global-exam.com\/blog\/fr\/examens\/dalf\/categorie-supports-pour-sentrainer-au-dalf\/#webpage","url":"https:\/\/global-exam.com\/blog\/fr\/examens\/dalf\/categorie-supports-pour-sentrainer-au-dalf\/","name":"Supports pour s'entra\u00eener au DALF","isPartOf":{"@id":"https:\/\/global-exam.com\/blog\/#website"},"datePublished":"2021-08-16T15:00:02+00:00","dateModified":"2022-08-17T14:30:38+00:00","description":"Pr\u00e9paration DALF : d\u00e9couvrez quelques id\u00e9es de supports pour pratiquer le fran\u00e7ais et \u00eatre pr\u00eat le jour de l'examen.","breadcrumb":{"@id":"https:\/\/global-exam.com\/blog\/fr\/examens\/dalf\/categorie-supports-pour-sentrainer-au-dalf\/#breadcrumb"},"inLanguage":"fr-FR","potentialAction":[{"@type":"ReadAction","target":["https:\/\/global-exam.com\/blog\/fr\/examens\/dalf\/categorie-supports-pour-sentrainer-au-dalf\/"]}]},{"@type":"BreadcrumbList","@id":"https:\/\/global-exam.com\/blog\/fr\/examens\/dalf\/categorie-supports-pour-sentrainer-au-dalf\/#breadcrumb","itemListElement":[{"@type":"ListItem","position":1,"name":"Les examens de langue","item":"https:\/\/global-exam.com\/blog\/fr\/examens\/"},{"@type":"ListItem","position":2,"name":"DALF : certifier son niveau de fran\u00e7ais","item":"https:\/\/global-exam.com\/blog\/fr\/examens\/dalf\/"},{"@type":"ListItem","position":3,"name":"Supports pour s&rsquo;entra\u00eener au DALF"}]}]}},"lang":"fr","translations":{"fr":60465},"pll_sync_post":[],"_links":{"self":[{"href":"https:\/\/global-exam.com\/blog\/wp-json\/wp\/v2\/pages\/60465"}],"collection":[{"href":"https:\/\/global-exam.com\/blog\/wp-json\/wp\/v2\/pages"}],"about":[{"href":"https:\/\/global-exam.com\/blog\/wp-json\/wp\/v2\/types\/page"}],"author":[{"embeddable":true,"href":"https:\/\/global-exam.com\/blog\/wp-json\/wp\/v2\/users\/2"}],"replies":[{"embeddable":true,"href":"https:\/\/global-exam.com\/blog\/wp-json\/wp\/v2\/comments?post=60465"}],"version-history":[{"count":7,"href":"https:\/\/global-exam.com\/blog\/wp-json\/wp\/v2\/pages\/60465\/revisions"}],"predecessor-version":[{"id":78125,"href":"https:\/\/global-exam.com\/blog\/wp-json\/wp\/v2\/pages\/60465\/revisions\/78125"}],"up":[{"embeddable":true,"href":"https:\/\/global-exam.com\/blog\/wp-json\/wp\/v2\/pages\/36124"}],"wp:attachment":[{"href":"https:\/\/global-exam.com\/blog\/wp-json\/wp\/v2\/media?parent=60465"}],"curies":[{"name":"wp","href":"https:\/\/api.w.org\/{rel}","templated":true}]}}