{"id":60482,"date":"2021-08-16T17:16:12","date_gmt":"2021-08-16T15:16:12","guid":{"rendered":"https:\/\/global-exam.com\/blog\/?page_id=60482"},"modified":"2022-08-31T15:02:38","modified_gmt":"2022-08-31T13:02:38","slug":"categorie-presentation-du-pipplet-flex","status":"publish","type":"page","link":"https:\/\/global-exam.com\/blog\/fr\/examens\/pipplet-flex\/categorie-presentation-du-pipplet-flex\/","title":{"rendered":"Pr\u00e9sentation du Pipplet FLEX"},"content":{"rendered":"<p>D\u00e9couvrir le Pipplet FLEX<\/p>\n<p style=\"text-align: left;\"><span style=\"font-weight: 400;\">Avez-vous entendu parler de Pipplet FLEX ? Nous d\u00e9dions cette rubrique \u00e0 cette certification, qui est de plus en plus utilis\u00e9e par diverses <\/span><b>entreprises \u00e0 travers le monde<\/b><span style=\"font-weight: 400;\">. FLEX , raccourci de (Fl)uency (Ex)am, permet de mesurer vos comp\u00e9tences linguistiques, et d\u2019offrir une <\/span><b>image fiable de votre niveau de langue<\/b><span style=\"font-weight: 400;\"> \u00e0 un instant pr\u00e9cis. Cette certification a un atout suppl\u00e9mentaire : elle est reconnue comme <\/span><b>formation \u00e9ligible au Compte Personnel de Formation (CPF)<\/b><span style=\"font-weight: 400;\"> depuis d\u00e9cembre 2017.<\/span><\/p>\n<p style=\"text-align: left;\"><span style=\"font-weight: 400;\">D\u00e9couvrez dans cette section les caract\u00e9ristiques de cette certification qui \u00e9value les 4 comp\u00e9tences de la langue dans un <\/span><b>contexte professionnel<\/b><span style=\"font-weight: 400;\">, en seulement 30 minutes, dans vos locaux ou en entreprise, sans rendez-vous et avec des r\u00e9sultats sous 24h.<\/span><\/p>\n<p style=\"text-align: left;\"><span style=\"font-weight: 400;\">Vous pouvez \u00e9galement d\u00e9couvrir la structure du test gr\u00e2ce \u00e0 un exemple de test gratuit et corrig\u00e9 en ligne, apprendre \u00e0 comptabiliser vos points ou encore vous renseigner sur les particularit\u00e9s du score Pipplet par rapport aux autres tests d\u2019anglais.<\/span><\/p>\n","protected":false},"excerpt":{"rendered":"<p>D\u00e9couvrir le Pipplet FLEX Avez-vous entendu parler de Pipplet FLEX ? Nous d\u00e9dions cette rubrique \u00e0 cette certification, qui est de plus [&hellip;]<\/p>\n","protected":false},"author":24,"featured_media":0,"parent":46386,"menu_order":0,"comment_status":"closed","ping_status":"closed","template":"","meta":[],"acf":[],"yoast_head":"<!-- This site is optimized with the Yoast SEO plugin v17.2.1 - https:\/\/yoast.com\/wordpress\/plugins\/seo\/ -->\n<title>Pr\u00e9sentation du Pipplet FLEX<\/title>\n<meta name=\"robots\" content=\"index, follow, max-snippet:-1, max-image-preview:large, max-video-preview:-1\" \/>\n<link rel=\"canonical\" href=\"https:\/\/global-exam.com\/blog\/fr\/examens\/pipplet-flex\/categorie-presentation-du-pipplet-flex\/\" \/>\n<meta property=\"og:locale\" content=\"fr_FR\" \/>\n<meta property=\"og:type\" content=\"article\" \/>\n<meta property=\"og:title\" content=\"Pr\u00e9sentation du Pipplet FLEX\" \/>\n<meta property=\"og:description\" content=\"D\u00e9couvrir le Pipplet FLEX Avez-vous entendu parler de Pipplet FLEX ? Nous d\u00e9dions cette rubrique \u00e0 cette certification, qui est de plus [&hellip;]\" \/>\n<meta property=\"og:url\" content=\"https:\/\/global-exam.com\/blog\/fr\/examens\/pipplet-flex\/categorie-presentation-du-pipplet-flex\/\" \/>\n<meta property=\"og:site_name\" content=\"GlobalExam Blog\" \/>\n<meta property=\"article:publisher\" content=\"https:\/\/www.facebook.com\/Global.Exam\" \/>\n<meta property=\"article:modified_time\" content=\"2022-08-31T13:02:38+00:00\" \/>\n<meta name=\"twitter:card\" content=\"summary_large_image\" \/>\n<meta name=\"twitter:site\" content=\"@Global_Exam\" \/>\n<meta name=\"twitter:label1\" content=\"Dur\u00e9e de lecture estim\u00e9e\" \/>\n\t<meta name=\"twitter:data1\" content=\"1 minute\" \/>\n<script type=\"application\/ld+json\" class=\"yoast-schema-graph\">{\"@context\":\"https:\/\/schema.org\",\"@graph\":[{\"@type\":\"WebSite\",\"@id\":\"https:\/\/global-exam.com\/blog\/#website\",\"url\":\"https:\/\/global-exam.com\/blog\/\",\"name\":\"GlobalExam Blog\",\"description\":\"Le blog du sp\\u00e9cialiste de la certification linguistique\",\"potentialAction\":[{\"@type\":\"SearchAction\",\"target\":{\"@type\":\"EntryPoint\",\"urlTemplate\":\"https:\/\/global-exam.com\/blog\/?s={search_term_string}\"},\"query-input\":\"required name=search_term_string\"}],\"inLanguage\":\"fr-FR\"},{\"@type\":\"WebPage\",\"@id\":\"https:\/\/global-exam.com\/blog\/fr\/examens\/pipplet-flex\/categorie-presentation-du-pipplet-flex\/#webpage\",\"url\":\"https:\/\/global-exam.com\/blog\/fr\/examens\/pipplet-flex\/categorie-presentation-du-pipplet-flex\/\",\"name\":\"Pr\\u00e9sentation du Pipplet FLEX\",\"isPartOf\":{\"@id\":\"https:\/\/global-exam.com\/blog\/#website\"},\"datePublished\":\"2021-08-16T15:16:12+00:00\",\"dateModified\":\"2022-08-31T13:02:38+00:00\",\"breadcrumb\":{\"@id\":\"https:\/\/global-exam.com\/blog\/fr\/examens\/pipplet-flex\/categorie-presentation-du-pipplet-flex\/#breadcrumb\"},\"inLanguage\":\"fr-FR\",\"potentialAction\":[{\"@type\":\"ReadAction\",\"target\":[\"https:\/\/global-exam.com\/blog\/fr\/examens\/pipplet-flex\/categorie-presentation-du-pipplet-flex\/\"]}]},{\"@type\":\"BreadcrumbList\",\"@id\":\"https:\/\/global-exam.com\/blog\/fr\/examens\/pipplet-flex\/categorie-presentation-du-pipplet-flex\/#breadcrumb\",\"itemListElement\":[{\"@type\":\"ListItem\",\"position\":1,\"name\":\"Les examens de langue\",\"item\":\"https:\/\/global-exam.com\/blog\/fr\/examens\/\"},{\"@type\":\"ListItem\",\"position\":2,\"name\":\"Pipplet FLEX\",\"item\":\"https:\/\/global-exam.com\/blog\/fr\/examens\/pipplet-flex\/\"},{\"@type\":\"ListItem\",\"position\":3,\"name\":\"Pr\\u00e9sentation du Pipplet FLEX\"}]}]}<\/script>\n<!-- \/ Yoast SEO plugin. -->","yoast_head_json":{"title":"Pr\u00e9sentation du Pipplet FLEX","robots":{"index":"index","follow":"follow","max-snippet":"max-snippet:-1","max-image-preview":"max-image-preview:large","max-video-preview":"max-video-preview:-1"},"canonical":"https:\/\/global-exam.com\/blog\/fr\/examens\/pipplet-flex\/categorie-presentation-du-pipplet-flex\/","og_locale":"fr_FR","og_type":"article","og_title":"Pr\u00e9sentation du Pipplet FLEX","og_description":"D\u00e9couvrir le Pipplet FLEX Avez-vous entendu parler de Pipplet FLEX ? Nous d\u00e9dions cette rubrique \u00e0 cette certification, qui est de plus [&hellip;]","og_url":"https:\/\/global-exam.com\/blog\/fr\/examens\/pipplet-flex\/categorie-presentation-du-pipplet-flex\/","og_site_name":"GlobalExam Blog","article_publisher":"https:\/\/www.facebook.com\/Global.Exam","article_modified_time":"2022-08-31T13:02:38+00:00","twitter_card":"summary_large_image","twitter_site":"@Global_Exam","twitter_misc":{"Dur\u00e9e de lecture estim\u00e9e":"1 minute"},"schema":{"@context":"https:\/\/schema.org","@graph":[{"@type":"WebSite","@id":"https:\/\/global-exam.com\/blog\/#website","url":"https:\/\/global-exam.com\/blog\/","name":"GlobalExam Blog","description":"Le blog du sp\u00e9cialiste de la certification linguistique","potentialAction":[{"@type":"SearchAction","target":{"@type":"EntryPoint","urlTemplate":"https:\/\/global-exam.com\/blog\/?s={search_term_string}"},"query-input":"required name=search_term_string"}],"inLanguage":"fr-FR"},{"@type":"WebPage","@id":"https:\/\/global-exam.com\/blog\/fr\/examens\/pipplet-flex\/categorie-presentation-du-pipplet-flex\/#webpage","url":"https:\/\/global-exam.com\/blog\/fr\/examens\/pipplet-flex\/categorie-presentation-du-pipplet-flex\/","name":"Pr\u00e9sentation du Pipplet FLEX","isPartOf":{"@id":"https:\/\/global-exam.com\/blog\/#website"},"datePublished":"2021-08-16T15:16:12+00:00","dateModified":"2022-08-31T13:02:38+00:00","breadcrumb":{"@id":"https:\/\/global-exam.com\/blog\/fr\/examens\/pipplet-flex\/categorie-presentation-du-pipplet-flex\/#breadcrumb"},"inLanguage":"fr-FR","potentialAction":[{"@type":"ReadAction","target":["https:\/\/global-exam.com\/blog\/fr\/examens\/pipplet-flex\/categorie-presentation-du-pipplet-flex\/"]}]},{"@type":"BreadcrumbList","@id":"https:\/\/global-exam.com\/blog\/fr\/examens\/pipplet-flex\/categorie-presentation-du-pipplet-flex\/#breadcrumb","itemListElement":[{"@type":"ListItem","position":1,"name":"Les examens de langue","item":"https:\/\/global-exam.com\/blog\/fr\/examens\/"},{"@type":"ListItem","position":2,"name":"Pipplet FLEX","item":"https:\/\/global-exam.com\/blog\/fr\/examens\/pipplet-flex\/"},{"@type":"ListItem","position":3,"name":"Pr\u00e9sentation du Pipplet FLEX"}]}]}},"lang":"fr","translations":{"fr":60482},"pll_sync_post":[],"_links":{"self":[{"href":"https:\/\/global-exam.com\/blog\/wp-json\/wp\/v2\/pages\/60482"}],"collection":[{"href":"https:\/\/global-exam.com\/blog\/wp-json\/wp\/v2\/pages"}],"about":[{"href":"https:\/\/global-exam.com\/blog\/wp-json\/wp\/v2\/types\/page"}],"author":[{"embeddable":true,"href":"https:\/\/global-exam.com\/blog\/wp-json\/wp\/v2\/users\/24"}],"replies":[{"embeddable":true,"href":"https:\/\/global-exam.com\/blog\/wp-json\/wp\/v2\/comments?post=60482"}],"version-history":[{"count":8,"href":"https:\/\/global-exam.com\/blog\/wp-json\/wp\/v2\/pages\/60482\/revisions"}],"predecessor-version":[{"id":79236,"href":"https:\/\/global-exam.com\/blog\/wp-json\/wp\/v2\/pages\/60482\/revisions\/79236"}],"up":[{"embeddable":true,"href":"https:\/\/global-exam.com\/blog\/wp-json\/wp\/v2\/pages\/46386"}],"wp:attachment":[{"href":"https:\/\/global-exam.com\/blog\/wp-json\/wp\/v2\/media?parent=60482"}],"curies":[{"name":"wp","href":"https:\/\/api.w.org\/{rel}","templated":true}]}}