{"id":60493,"date":"2021-08-16T17:38:23","date_gmt":"2021-08-16T15:38:23","guid":{"rendered":"https:\/\/global-exam.com\/blog\/?page_id=60493"},"modified":"2022-08-17T17:28:41","modified_gmt":"2022-08-17T15:28:41","slug":"categorie-avoir-un-bon-score-au-tcf","status":"publish","type":"page","link":"https:\/\/global-exam.com\/blog\/fr\/examens\/tcf\/categorie-avoir-un-bon-score-au-tcf\/","title":{"rendered":"Avoir un bon score au TCF"},"content":{"rendered":"<p>Obtenir un bon score au TCF<\/p>\n<p>Dans cette cat\u00e9gorie, nous allons vous donner quelques conseils pour\u00a0<strong>avoir le meilleur score possible au TCF\u00a0<\/strong>!<\/p>\n<p>Le TCF est r\u00e9serv\u00e9 aux personnes qui souhaitent\u00a0<strong>obtenir la nationalit\u00e9 fran\u00e7aise<\/strong>. Une <a href=\"https:\/\/global-exam.com\/fr\/exam\/tcf\" target=\"_blank\" rel=\"noopener\">pr\u00e9paration au TCF<\/a> sera d&rsquo;une aide non n\u00e9gligeable pour vous aider \u00e0 atteindre le score que vous souhaitez.<\/p>\n<p>Pour pr\u00e9parer le TCF, il faut s\u2019entra\u00eener sur les 5 \u00e9preuves que contient cet examen. Ces derni\u00e8res sont\u00a0: la\u00a0<strong>compr\u00e9hension orale<\/strong>, la\u00a0<strong>ma\u00eetrise de la structure de la langue<\/strong>, la\u00a0<strong>compr\u00e9hension \u00e9crite<\/strong>, une expression \u00e9crite et une expression orale. Sur ces 5 \u00e9preuves, les 3 premi\u00e8res sont obligatoires et les 2 derni\u00e8res facultatives. N\u00e9anmoins, il est toujours int\u00e9ressant de faire les 5 \u00e9preuves pour vraiment se rendre compte de son niveau de fran\u00e7ais.<\/p>\n<p>Vous ne pouvez pas rater le TC. En effet,\u00a0<strong>votre score vous donne un niveau<\/strong>. Il vous suffit de vous r\u00e9f\u00e9rer \u00e0 la grille cr\u00e9\u00e9e par le CECRL pour voir le niveau exact que vous avez. Le nombre de points maximal est de 699. Aussi, nous conseillons fortement d\u2019essayer d\u2019obtenir au moins 500 \u00e0 ce test\u00a0!<\/p>\n","protected":false},"excerpt":{"rendered":"<p>Obtenir un bon score au TCF Dans cette cat\u00e9gorie, nous allons vous donner quelques conseils pour\u00a0avoir le meilleur score possible au TCF\u00a0! [&hellip;]<\/p>\n","protected":false},"author":2,"featured_media":0,"parent":2863,"menu_order":0,"comment_status":"closed","ping_status":"closed","template":"","meta":[],"acf":[],"yoast_head":"<!-- This site is optimized with the Yoast SEO plugin v17.2.1 - https:\/\/yoast.com\/wordpress\/plugins\/seo\/ -->\n<title>Avoir un bon score au TCF<\/title>\n<meta name=\"description\" content=\"D\u00e9couvrez nos conseils pour obtenir le meilleur score possible \u00e0 la certification fran\u00e7aise TCF (Test de Connaissance du Fran\u00e7ais).\" \/>\n<meta name=\"robots\" content=\"index, follow, max-snippet:-1, max-image-preview:large, max-video-preview:-1\" \/>\n<link rel=\"canonical\" href=\"https:\/\/global-exam.com\/blog\/fr\/examens\/tcf\/categorie-avoir-un-bon-score-au-tcf\/\" \/>\n<meta property=\"og:locale\" content=\"fr_FR\" \/>\n<meta property=\"og:type\" content=\"article\" \/>\n<meta property=\"og:title\" content=\"Avoir un bon score au TCF\" \/>\n<meta property=\"og:description\" content=\"D\u00e9couvrez nos conseils pour obtenir le meilleur score possible \u00e0 la certification fran\u00e7aise TCF (Test de Connaissance du Fran\u00e7ais).\" \/>\n<meta property=\"og:url\" content=\"https:\/\/global-exam.com\/blog\/fr\/examens\/tcf\/categorie-avoir-un-bon-score-au-tcf\/\" \/>\n<meta property=\"og:site_name\" content=\"GlobalExam Blog\" \/>\n<meta property=\"article:publisher\" content=\"https:\/\/www.facebook.com\/Global.Exam\" \/>\n<meta property=\"article:modified_time\" content=\"2022-08-17T15:28:41+00:00\" \/>\n<meta name=\"twitter:card\" content=\"summary_large_image\" \/>\n<meta name=\"twitter:site\" content=\"@Global_Exam\" \/>\n<meta name=\"twitter:label1\" content=\"Dur\u00e9e de lecture estim\u00e9e\" \/>\n\t<meta name=\"twitter:data1\" content=\"1 minute\" \/>\n<script type=\"application\/ld+json\" class=\"yoast-schema-graph\">{\"@context\":\"https:\/\/schema.org\",\"@graph\":[{\"@type\":\"WebSite\",\"@id\":\"https:\/\/global-exam.com\/blog\/#website\",\"url\":\"https:\/\/global-exam.com\/blog\/\",\"name\":\"GlobalExam Blog\",\"description\":\"Le blog du sp\\u00e9cialiste de la certification linguistique\",\"potentialAction\":[{\"@type\":\"SearchAction\",\"target\":{\"@type\":\"EntryPoint\",\"urlTemplate\":\"https:\/\/global-exam.com\/blog\/?s={search_term_string}\"},\"query-input\":\"required name=search_term_string\"}],\"inLanguage\":\"fr-FR\"},{\"@type\":\"WebPage\",\"@id\":\"https:\/\/global-exam.com\/blog\/fr\/examens\/tcf\/categorie-avoir-un-bon-score-au-tcf\/#webpage\",\"url\":\"https:\/\/global-exam.com\/blog\/fr\/examens\/tcf\/categorie-avoir-un-bon-score-au-tcf\/\",\"name\":\"Avoir un bon score au TCF\",\"isPartOf\":{\"@id\":\"https:\/\/global-exam.com\/blog\/#website\"},\"datePublished\":\"2021-08-16T15:38:23+00:00\",\"dateModified\":\"2022-08-17T15:28:41+00:00\",\"description\":\"D\\u00e9couvrez nos conseils pour obtenir le meilleur score possible \\u00e0 la certification fran\\u00e7aise TCF (Test de Connaissance du Fran\\u00e7ais).\",\"breadcrumb\":{\"@id\":\"https:\/\/global-exam.com\/blog\/fr\/examens\/tcf\/categorie-avoir-un-bon-score-au-tcf\/#breadcrumb\"},\"inLanguage\":\"fr-FR\",\"potentialAction\":[{\"@type\":\"ReadAction\",\"target\":[\"https:\/\/global-exam.com\/blog\/fr\/examens\/tcf\/categorie-avoir-un-bon-score-au-tcf\/\"]}]},{\"@type\":\"BreadcrumbList\",\"@id\":\"https:\/\/global-exam.com\/blog\/fr\/examens\/tcf\/categorie-avoir-un-bon-score-au-tcf\/#breadcrumb\",\"itemListElement\":[{\"@type\":\"ListItem\",\"position\":1,\"name\":\"Les examens de langue\",\"item\":\"https:\/\/global-exam.com\/blog\/fr\/examens\/\"},{\"@type\":\"ListItem\",\"position\":2,\"name\":\"TCF : attestez de votre niveau de fran\\u00e7ais\",\"item\":\"https:\/\/global-exam.com\/blog\/fr\/examens\/tcf\/\"},{\"@type\":\"ListItem\",\"position\":3,\"name\":\"Avoir un bon score au TCF\"}]}]}<\/script>\n<!-- \/ Yoast SEO plugin. -->","yoast_head_json":{"title":"Avoir un bon score au TCF","description":"D\u00e9couvrez nos conseils pour obtenir le meilleur score possible \u00e0 la certification fran\u00e7aise TCF (Test de Connaissance du Fran\u00e7ais).","robots":{"index":"index","follow":"follow","max-snippet":"max-snippet:-1","max-image-preview":"max-image-preview:large","max-video-preview":"max-video-preview:-1"},"canonical":"https:\/\/global-exam.com\/blog\/fr\/examens\/tcf\/categorie-avoir-un-bon-score-au-tcf\/","og_locale":"fr_FR","og_type":"article","og_title":"Avoir un bon score au TCF","og_description":"D\u00e9couvrez nos conseils pour obtenir le meilleur score possible \u00e0 la certification fran\u00e7aise TCF (Test de Connaissance du Fran\u00e7ais).","og_url":"https:\/\/global-exam.com\/blog\/fr\/examens\/tcf\/categorie-avoir-un-bon-score-au-tcf\/","og_site_name":"GlobalExam Blog","article_publisher":"https:\/\/www.facebook.com\/Global.Exam","article_modified_time":"2022-08-17T15:28:41+00:00","twitter_card":"summary_large_image","twitter_site":"@Global_Exam","twitter_misc":{"Dur\u00e9e de lecture estim\u00e9e":"1 minute"},"schema":{"@context":"https:\/\/schema.org","@graph":[{"@type":"WebSite","@id":"https:\/\/global-exam.com\/blog\/#website","url":"https:\/\/global-exam.com\/blog\/","name":"GlobalExam Blog","description":"Le blog du sp\u00e9cialiste de la certification linguistique","potentialAction":[{"@type":"SearchAction","target":{"@type":"EntryPoint","urlTemplate":"https:\/\/global-exam.com\/blog\/?s={search_term_string}"},"query-input":"required name=search_term_string"}],"inLanguage":"fr-FR"},{"@type":"WebPage","@id":"https:\/\/global-exam.com\/blog\/fr\/examens\/tcf\/categorie-avoir-un-bon-score-au-tcf\/#webpage","url":"https:\/\/global-exam.com\/blog\/fr\/examens\/tcf\/categorie-avoir-un-bon-score-au-tcf\/","name":"Avoir un bon score au TCF","isPartOf":{"@id":"https:\/\/global-exam.com\/blog\/#website"},"datePublished":"2021-08-16T15:38:23+00:00","dateModified":"2022-08-17T15:28:41+00:00","description":"D\u00e9couvrez nos conseils pour obtenir le meilleur score possible \u00e0 la certification fran\u00e7aise TCF (Test de Connaissance du Fran\u00e7ais).","breadcrumb":{"@id":"https:\/\/global-exam.com\/blog\/fr\/examens\/tcf\/categorie-avoir-un-bon-score-au-tcf\/#breadcrumb"},"inLanguage":"fr-FR","potentialAction":[{"@type":"ReadAction","target":["https:\/\/global-exam.com\/blog\/fr\/examens\/tcf\/categorie-avoir-un-bon-score-au-tcf\/"]}]},{"@type":"BreadcrumbList","@id":"https:\/\/global-exam.com\/blog\/fr\/examens\/tcf\/categorie-avoir-un-bon-score-au-tcf\/#breadcrumb","itemListElement":[{"@type":"ListItem","position":1,"name":"Les examens de langue","item":"https:\/\/global-exam.com\/blog\/fr\/examens\/"},{"@type":"ListItem","position":2,"name":"TCF : attestez de votre niveau de fran\u00e7ais","item":"https:\/\/global-exam.com\/blog\/fr\/examens\/tcf\/"},{"@type":"ListItem","position":3,"name":"Avoir un bon score au TCF"}]}]}},"lang":"fr","translations":{"fr":60493},"pll_sync_post":[],"_links":{"self":[{"href":"https:\/\/global-exam.com\/blog\/wp-json\/wp\/v2\/pages\/60493"}],"collection":[{"href":"https:\/\/global-exam.com\/blog\/wp-json\/wp\/v2\/pages"}],"about":[{"href":"https:\/\/global-exam.com\/blog\/wp-json\/wp\/v2\/types\/page"}],"author":[{"embeddable":true,"href":"https:\/\/global-exam.com\/blog\/wp-json\/wp\/v2\/users\/2"}],"replies":[{"embeddable":true,"href":"https:\/\/global-exam.com\/blog\/wp-json\/wp\/v2\/comments?post=60493"}],"version-history":[{"count":7,"href":"https:\/\/global-exam.com\/blog\/wp-json\/wp\/v2\/pages\/60493\/revisions"}],"predecessor-version":[{"id":78127,"href":"https:\/\/global-exam.com\/blog\/wp-json\/wp\/v2\/pages\/60493\/revisions\/78127"}],"up":[{"embeddable":true,"href":"https:\/\/global-exam.com\/blog\/wp-json\/wp\/v2\/pages\/2863"}],"wp:attachment":[{"href":"https:\/\/global-exam.com\/blog\/wp-json\/wp\/v2\/media?parent=60493"}],"curies":[{"name":"wp","href":"https:\/\/api.w.org\/{rel}","templated":true}]}}