{"id":60497,"date":"2021-08-16T17:43:25","date_gmt":"2021-08-16T15:43:25","guid":{"rendered":"https:\/\/global-exam.com\/blog\/?page_id=60497"},"modified":"2022-08-17T17:30:00","modified_gmt":"2022-08-17T15:30:00","slug":"categorie-centres-dexamen-tcf","status":"publish","type":"page","link":"https:\/\/global-exam.com\/blog\/fr\/examens\/tcf\/categorie-centres-dexamen-tcf\/","title":{"rendered":"Centres d&rsquo;examen TCF"},"content":{"rendered":"<p>Trouver un centre d&rsquo;examen TCF<\/p>\n<p>Pour\u00a0<b>passer le TCF<\/b>, vous devez vous inscrire aupr\u00e8s d\u2019un\u00a0<b>centre d\u2019examen agr\u00e9ment\u00e9<\/b> par la CIEP. Pour vous faciliter la t\u00e2che, nous avons regroup\u00e9 dans cette cat\u00e9gorie les <b>diff\u00e9rents centres d\u2019examen<\/b> dans diff\u00e9rents pays. Une fois que vous aurez pr\u00e9par\u00e9 l&rsquo;examen via un <a href=\"https:\/\/global-exam.com\/fr\/exam\/tcf\" target=\"_blank\" rel=\"noopener\">entra\u00eenement au TCF<\/a> appropri\u00e9, vous saurez ainsi o\u00f9 vous rendre pour passer le test.<\/p>\n<p>Vous \u00eates\u00a0<b>domicili\u00e9 en France<\/b>, au Maroc, en Alg\u00e9rie, au Canada, en Tunisie\u2009? Trouvez rapidement le <b>centre d\u2019examen au TCF<\/b>\u00a0le mieux not\u00e9 dans votre pays en\u00a0consultant notre cat\u00e9gorie. En France, vous trouverez <strong>un centre d&rsquo;examen TCF dans chaque d\u00e9partement<\/strong>. En ce qui concerne les grandes villes fran\u00e7aises, vous pourrez m\u00eame en trouver <strong>plusieurs dans une m\u00eame ville<\/strong>. Rien qu&rsquo;\u00e0 Paris, on compte actuellement 6 centres d&rsquo;examen au TCF.<\/p>\n","protected":false},"excerpt":{"rendered":"<p>Trouver un centre d&rsquo;examen TCF Pour\u00a0passer le TCF, vous devez vous inscrire aupr\u00e8s d\u2019un\u00a0centre d\u2019examen agr\u00e9ment\u00e9 par la CIEP. Pour vous faciliter [&hellip;]<\/p>\n","protected":false},"author":2,"featured_media":0,"parent":2863,"menu_order":0,"comment_status":"closed","ping_status":"closed","template":"","meta":[],"acf":[],"yoast_head":"<!-- This site is optimized with the Yoast SEO plugin v17.2.1 - https:\/\/yoast.com\/wordpress\/plugins\/seo\/ -->\n<title>Centres d&#039;examen TCF<\/title>\n<meta name=\"description\" content=\"Trouvez o\u00f9 passer le TCF dans un centre agr\u00e9\u00e9 en France ou \u00e0 l&#039;international. D\u00e9couvrez nos articles d\u00e9di\u00e9s aux centres d&#039;examen TCF.\" \/>\n<meta name=\"robots\" content=\"index, follow, max-snippet:-1, max-image-preview:large, max-video-preview:-1\" \/>\n<link rel=\"canonical\" href=\"https:\/\/global-exam.com\/blog\/fr\/examens\/tcf\/categorie-centres-dexamen-tcf\/\" \/>\n<meta property=\"og:locale\" content=\"fr_FR\" \/>\n<meta property=\"og:type\" content=\"article\" \/>\n<meta property=\"og:title\" content=\"Centres d&#039;examen TCF\" \/>\n<meta property=\"og:description\" content=\"Trouvez o\u00f9 passer le TCF dans un centre agr\u00e9\u00e9 en France ou \u00e0 l&#039;international. D\u00e9couvrez nos articles d\u00e9di\u00e9s aux centres d&#039;examen TCF.\" \/>\n<meta property=\"og:url\" content=\"https:\/\/global-exam.com\/blog\/fr\/examens\/tcf\/categorie-centres-dexamen-tcf\/\" \/>\n<meta property=\"og:site_name\" content=\"GlobalExam Blog\" \/>\n<meta property=\"article:publisher\" content=\"https:\/\/www.facebook.com\/Global.Exam\" \/>\n<meta property=\"article:modified_time\" content=\"2022-08-17T15:30:00+00:00\" \/>\n<meta name=\"twitter:card\" content=\"summary_large_image\" \/>\n<meta name=\"twitter:site\" content=\"@Global_Exam\" \/>\n<meta name=\"twitter:label1\" content=\"Dur\u00e9e de lecture estim\u00e9e\" \/>\n\t<meta name=\"twitter:data1\" content=\"1 minute\" \/>\n<script type=\"application\/ld+json\" class=\"yoast-schema-graph\">{\"@context\":\"https:\/\/schema.org\",\"@graph\":[{\"@type\":\"WebSite\",\"@id\":\"https:\/\/global-exam.com\/blog\/#website\",\"url\":\"https:\/\/global-exam.com\/blog\/\",\"name\":\"GlobalExam Blog\",\"description\":\"Le blog du sp\\u00e9cialiste de la certification linguistique\",\"potentialAction\":[{\"@type\":\"SearchAction\",\"target\":{\"@type\":\"EntryPoint\",\"urlTemplate\":\"https:\/\/global-exam.com\/blog\/?s={search_term_string}\"},\"query-input\":\"required name=search_term_string\"}],\"inLanguage\":\"fr-FR\"},{\"@type\":\"WebPage\",\"@id\":\"https:\/\/global-exam.com\/blog\/fr\/examens\/tcf\/categorie-centres-dexamen-tcf\/#webpage\",\"url\":\"https:\/\/global-exam.com\/blog\/fr\/examens\/tcf\/categorie-centres-dexamen-tcf\/\",\"name\":\"Centres d'examen TCF\",\"isPartOf\":{\"@id\":\"https:\/\/global-exam.com\/blog\/#website\"},\"datePublished\":\"2021-08-16T15:43:25+00:00\",\"dateModified\":\"2022-08-17T15:30:00+00:00\",\"description\":\"Trouvez o\\u00f9 passer le TCF dans un centre agr\\u00e9\\u00e9 en France ou \\u00e0 l'international. D\\u00e9couvrez nos articles d\\u00e9di\\u00e9s aux centres d'examen TCF.\",\"breadcrumb\":{\"@id\":\"https:\/\/global-exam.com\/blog\/fr\/examens\/tcf\/categorie-centres-dexamen-tcf\/#breadcrumb\"},\"inLanguage\":\"fr-FR\",\"potentialAction\":[{\"@type\":\"ReadAction\",\"target\":[\"https:\/\/global-exam.com\/blog\/fr\/examens\/tcf\/categorie-centres-dexamen-tcf\/\"]}]},{\"@type\":\"BreadcrumbList\",\"@id\":\"https:\/\/global-exam.com\/blog\/fr\/examens\/tcf\/categorie-centres-dexamen-tcf\/#breadcrumb\",\"itemListElement\":[{\"@type\":\"ListItem\",\"position\":1,\"name\":\"Les examens de langue\",\"item\":\"https:\/\/global-exam.com\/blog\/fr\/examens\/\"},{\"@type\":\"ListItem\",\"position\":2,\"name\":\"TCF : attestez de votre niveau de fran\\u00e7ais\",\"item\":\"https:\/\/global-exam.com\/blog\/fr\/examens\/tcf\/\"},{\"@type\":\"ListItem\",\"position\":3,\"name\":\"Centres d&rsquo;examen TCF\"}]}]}<\/script>\n<!-- \/ Yoast SEO plugin. -->","yoast_head_json":{"title":"Centres d'examen TCF","description":"Trouvez o\u00f9 passer le TCF dans un centre agr\u00e9\u00e9 en France ou \u00e0 l'international. D\u00e9couvrez nos articles d\u00e9di\u00e9s aux centres d'examen TCF.","robots":{"index":"index","follow":"follow","max-snippet":"max-snippet:-1","max-image-preview":"max-image-preview:large","max-video-preview":"max-video-preview:-1"},"canonical":"https:\/\/global-exam.com\/blog\/fr\/examens\/tcf\/categorie-centres-dexamen-tcf\/","og_locale":"fr_FR","og_type":"article","og_title":"Centres d'examen TCF","og_description":"Trouvez o\u00f9 passer le TCF dans un centre agr\u00e9\u00e9 en France ou \u00e0 l'international. D\u00e9couvrez nos articles d\u00e9di\u00e9s aux centres d'examen TCF.","og_url":"https:\/\/global-exam.com\/blog\/fr\/examens\/tcf\/categorie-centres-dexamen-tcf\/","og_site_name":"GlobalExam Blog","article_publisher":"https:\/\/www.facebook.com\/Global.Exam","article_modified_time":"2022-08-17T15:30:00+00:00","twitter_card":"summary_large_image","twitter_site":"@Global_Exam","twitter_misc":{"Dur\u00e9e de lecture estim\u00e9e":"1 minute"},"schema":{"@context":"https:\/\/schema.org","@graph":[{"@type":"WebSite","@id":"https:\/\/global-exam.com\/blog\/#website","url":"https:\/\/global-exam.com\/blog\/","name":"GlobalExam Blog","description":"Le blog du sp\u00e9cialiste de la certification linguistique","potentialAction":[{"@type":"SearchAction","target":{"@type":"EntryPoint","urlTemplate":"https:\/\/global-exam.com\/blog\/?s={search_term_string}"},"query-input":"required name=search_term_string"}],"inLanguage":"fr-FR"},{"@type":"WebPage","@id":"https:\/\/global-exam.com\/blog\/fr\/examens\/tcf\/categorie-centres-dexamen-tcf\/#webpage","url":"https:\/\/global-exam.com\/blog\/fr\/examens\/tcf\/categorie-centres-dexamen-tcf\/","name":"Centres d'examen TCF","isPartOf":{"@id":"https:\/\/global-exam.com\/blog\/#website"},"datePublished":"2021-08-16T15:43:25+00:00","dateModified":"2022-08-17T15:30:00+00:00","description":"Trouvez o\u00f9 passer le TCF dans un centre agr\u00e9\u00e9 en France ou \u00e0 l'international. D\u00e9couvrez nos articles d\u00e9di\u00e9s aux centres d'examen TCF.","breadcrumb":{"@id":"https:\/\/global-exam.com\/blog\/fr\/examens\/tcf\/categorie-centres-dexamen-tcf\/#breadcrumb"},"inLanguage":"fr-FR","potentialAction":[{"@type":"ReadAction","target":["https:\/\/global-exam.com\/blog\/fr\/examens\/tcf\/categorie-centres-dexamen-tcf\/"]}]},{"@type":"BreadcrumbList","@id":"https:\/\/global-exam.com\/blog\/fr\/examens\/tcf\/categorie-centres-dexamen-tcf\/#breadcrumb","itemListElement":[{"@type":"ListItem","position":1,"name":"Les examens de langue","item":"https:\/\/global-exam.com\/blog\/fr\/examens\/"},{"@type":"ListItem","position":2,"name":"TCF : attestez de votre niveau de fran\u00e7ais","item":"https:\/\/global-exam.com\/blog\/fr\/examens\/tcf\/"},{"@type":"ListItem","position":3,"name":"Centres d&rsquo;examen TCF"}]}]}},"lang":"fr","translations":{"fr":60497},"pll_sync_post":[],"_links":{"self":[{"href":"https:\/\/global-exam.com\/blog\/wp-json\/wp\/v2\/pages\/60497"}],"collection":[{"href":"https:\/\/global-exam.com\/blog\/wp-json\/wp\/v2\/pages"}],"about":[{"href":"https:\/\/global-exam.com\/blog\/wp-json\/wp\/v2\/types\/page"}],"author":[{"embeddable":true,"href":"https:\/\/global-exam.com\/blog\/wp-json\/wp\/v2\/users\/2"}],"replies":[{"embeddable":true,"href":"https:\/\/global-exam.com\/blog\/wp-json\/wp\/v2\/comments?post=60497"}],"version-history":[{"count":10,"href":"https:\/\/global-exam.com\/blog\/wp-json\/wp\/v2\/pages\/60497\/revisions"}],"predecessor-version":[{"id":78128,"href":"https:\/\/global-exam.com\/blog\/wp-json\/wp\/v2\/pages\/60497\/revisions\/78128"}],"up":[{"embeddable":true,"href":"https:\/\/global-exam.com\/blog\/wp-json\/wp\/v2\/pages\/2863"}],"wp:attachment":[{"href":"https:\/\/global-exam.com\/blog\/wp-json\/wp\/v2\/media?parent=60497"}],"curies":[{"name":"wp","href":"https:\/\/api.w.org\/{rel}","templated":true}]}}