{"id":60506,"date":"2021-08-16T17:59:48","date_gmt":"2021-08-16T15:59:48","guid":{"rendered":"https:\/\/global-exam.com\/blog\/?page_id=60506"},"modified":"2022-08-17T17:30:45","modified_gmt":"2022-08-17T15:30:45","slug":"categorie-conseils-pour-sentrainer-au-tcf","status":"publish","type":"page","link":"https:\/\/global-exam.com\/blog\/fr\/examens\/tcf\/categorie-conseils-pour-sentrainer-au-tcf\/","title":{"rendered":"Conseils pour s&rsquo;entra\u00eener au TCF"},"content":{"rendered":"<p>S&rsquo;entra\u00eener pour le TCF<\/p>\n<p>Comment obtenir son TCF\u2009? Quelle strat\u00e9gie adopter pour optimiser ses chances de r\u00e9ussite\u2009? Comment s&rsquo;entra\u00eener plus facilement au quotidien\u2009? Notre cat\u00e9gorie r\u00e9pond \u00e0 toutes ces questions ! GlobalExam vous livre tous les <strong>conseils pour bien pr\u00e9parer le passage du TCF<\/strong> (Test de Connaissance du Fran\u00e7ais). Pour mettre toutes les chances de votre c\u00f4t\u00e9, nous vous recommandons dans un premier temps de suivre un <a href=\"https:\/\/global-exam.com\/fr\/exam\/tcf\" target=\"_blank\" rel=\"noopener\">entra\u00eenement au TCF.<\/a><\/p>\n<p>Pour la pr\u00e9paration du TCF, deux options au choix existent, lire des ouvrages papier ou vous entra\u00eener sur des sites et des plateformes d\u00e9di\u00e9es comme GlobalExam. Les ouvrages papier pr\u00e9sentent des tests blancs et des questions d&rsquo;entra\u00eenement pour vous aider \u00e0 vous exercer au quotidien. Mais pour obtenir un meilleur suivi de votre avancement, il vaudrait mieux opter pour les exercices en ligne.<\/p>\n<p>Dans cette cat\u00e9gorie, vous trouverez \u00e9galement des conseils sur mesure pour r\u00e9ussir plus facilement le TCF\u00a0: formation en ligne, stage, cours de langue en groupe ou aupr\u00e8s des centres d\u00e9di\u00e9s\u2026 Entre entra\u00eenement actif et entra\u00eenement passif, quel entra\u00eenement est le mieux adapt\u00e9 \u00e0 vos besoins\u2009? Nos articles dans cette cat\u00e9gorie sauront mieux vous conseiller.<\/p>\n","protected":false},"excerpt":{"rendered":"<p>S&rsquo;entra\u00eener pour le TCF Comment obtenir son TCF\u2009? Quelle strat\u00e9gie adopter pour optimiser ses chances de r\u00e9ussite\u2009? Comment s&rsquo;entra\u00eener plus facilement au [&hellip;]<\/p>\n","protected":false},"author":2,"featured_media":0,"parent":2863,"menu_order":0,"comment_status":"closed","ping_status":"closed","template":"","meta":[],"acf":[],"yoast_head":"<!-- This site is optimized with the Yoast SEO plugin v17.2.1 - https:\/\/yoast.com\/wordpress\/plugins\/seo\/ -->\n<title>Conseils pour s&#039;entra\u00eener au TCF<\/title>\n<meta name=\"description\" content=\"Certification TCF : d\u00e9couvrez tous nos conseils et astuces pour pr\u00e9parer et vous entra\u00eener au passage de l&#039;examen.\" \/>\n<meta name=\"robots\" content=\"index, follow, max-snippet:-1, max-image-preview:large, max-video-preview:-1\" \/>\n<link rel=\"canonical\" href=\"https:\/\/global-exam.com\/blog\/fr\/examens\/tcf\/categorie-conseils-pour-sentrainer-au-tcf\/\" \/>\n<meta property=\"og:locale\" content=\"fr_FR\" \/>\n<meta property=\"og:type\" content=\"article\" \/>\n<meta property=\"og:title\" content=\"Conseils pour s&#039;entra\u00eener au TCF\" \/>\n<meta property=\"og:description\" content=\"Certification TCF : d\u00e9couvrez tous nos conseils et astuces pour pr\u00e9parer et vous entra\u00eener au passage de l&#039;examen.\" \/>\n<meta property=\"og:url\" content=\"https:\/\/global-exam.com\/blog\/fr\/examens\/tcf\/categorie-conseils-pour-sentrainer-au-tcf\/\" \/>\n<meta property=\"og:site_name\" content=\"GlobalExam Blog\" \/>\n<meta property=\"article:publisher\" content=\"https:\/\/www.facebook.com\/Global.Exam\" \/>\n<meta property=\"article:modified_time\" content=\"2022-08-17T15:30:45+00:00\" \/>\n<meta name=\"twitter:card\" content=\"summary_large_image\" \/>\n<meta name=\"twitter:site\" content=\"@Global_Exam\" \/>\n<meta name=\"twitter:label1\" content=\"Dur\u00e9e de lecture estim\u00e9e\" \/>\n\t<meta name=\"twitter:data1\" content=\"1 minute\" \/>\n<script type=\"application\/ld+json\" class=\"yoast-schema-graph\">{\"@context\":\"https:\/\/schema.org\",\"@graph\":[{\"@type\":\"WebSite\",\"@id\":\"https:\/\/global-exam.com\/blog\/#website\",\"url\":\"https:\/\/global-exam.com\/blog\/\",\"name\":\"GlobalExam Blog\",\"description\":\"Le blog du sp\\u00e9cialiste de la certification linguistique\",\"potentialAction\":[{\"@type\":\"SearchAction\",\"target\":{\"@type\":\"EntryPoint\",\"urlTemplate\":\"https:\/\/global-exam.com\/blog\/?s={search_term_string}\"},\"query-input\":\"required name=search_term_string\"}],\"inLanguage\":\"fr-FR\"},{\"@type\":\"WebPage\",\"@id\":\"https:\/\/global-exam.com\/blog\/fr\/examens\/tcf\/categorie-conseils-pour-sentrainer-au-tcf\/#webpage\",\"url\":\"https:\/\/global-exam.com\/blog\/fr\/examens\/tcf\/categorie-conseils-pour-sentrainer-au-tcf\/\",\"name\":\"Conseils pour s'entra\\u00eener au TCF\",\"isPartOf\":{\"@id\":\"https:\/\/global-exam.com\/blog\/#website\"},\"datePublished\":\"2021-08-16T15:59:48+00:00\",\"dateModified\":\"2022-08-17T15:30:45+00:00\",\"description\":\"Certification TCF : d\\u00e9couvrez tous nos conseils et astuces pour pr\\u00e9parer et vous entra\\u00eener au passage de l'examen.\",\"breadcrumb\":{\"@id\":\"https:\/\/global-exam.com\/blog\/fr\/examens\/tcf\/categorie-conseils-pour-sentrainer-au-tcf\/#breadcrumb\"},\"inLanguage\":\"fr-FR\",\"potentialAction\":[{\"@type\":\"ReadAction\",\"target\":[\"https:\/\/global-exam.com\/blog\/fr\/examens\/tcf\/categorie-conseils-pour-sentrainer-au-tcf\/\"]}]},{\"@type\":\"BreadcrumbList\",\"@id\":\"https:\/\/global-exam.com\/blog\/fr\/examens\/tcf\/categorie-conseils-pour-sentrainer-au-tcf\/#breadcrumb\",\"itemListElement\":[{\"@type\":\"ListItem\",\"position\":1,\"name\":\"Les examens de langue\",\"item\":\"https:\/\/global-exam.com\/blog\/fr\/examens\/\"},{\"@type\":\"ListItem\",\"position\":2,\"name\":\"TCF : attestez de votre niveau de fran\\u00e7ais\",\"item\":\"https:\/\/global-exam.com\/blog\/fr\/examens\/tcf\/\"},{\"@type\":\"ListItem\",\"position\":3,\"name\":\"Conseils pour s&rsquo;entra\\u00eener au TCF\"}]}]}<\/script>\n<!-- \/ Yoast SEO plugin. -->","yoast_head_json":{"title":"Conseils pour s'entra\u00eener au TCF","description":"Certification TCF : d\u00e9couvrez tous nos conseils et astuces pour pr\u00e9parer et vous entra\u00eener au passage de l'examen.","robots":{"index":"index","follow":"follow","max-snippet":"max-snippet:-1","max-image-preview":"max-image-preview:large","max-video-preview":"max-video-preview:-1"},"canonical":"https:\/\/global-exam.com\/blog\/fr\/examens\/tcf\/categorie-conseils-pour-sentrainer-au-tcf\/","og_locale":"fr_FR","og_type":"article","og_title":"Conseils pour s'entra\u00eener au TCF","og_description":"Certification TCF : d\u00e9couvrez tous nos conseils et astuces pour pr\u00e9parer et vous entra\u00eener au passage de l'examen.","og_url":"https:\/\/global-exam.com\/blog\/fr\/examens\/tcf\/categorie-conseils-pour-sentrainer-au-tcf\/","og_site_name":"GlobalExam Blog","article_publisher":"https:\/\/www.facebook.com\/Global.Exam","article_modified_time":"2022-08-17T15:30:45+00:00","twitter_card":"summary_large_image","twitter_site":"@Global_Exam","twitter_misc":{"Dur\u00e9e de lecture estim\u00e9e":"1 minute"},"schema":{"@context":"https:\/\/schema.org","@graph":[{"@type":"WebSite","@id":"https:\/\/global-exam.com\/blog\/#website","url":"https:\/\/global-exam.com\/blog\/","name":"GlobalExam Blog","description":"Le blog du sp\u00e9cialiste de la certification linguistique","potentialAction":[{"@type":"SearchAction","target":{"@type":"EntryPoint","urlTemplate":"https:\/\/global-exam.com\/blog\/?s={search_term_string}"},"query-input":"required name=search_term_string"}],"inLanguage":"fr-FR"},{"@type":"WebPage","@id":"https:\/\/global-exam.com\/blog\/fr\/examens\/tcf\/categorie-conseils-pour-sentrainer-au-tcf\/#webpage","url":"https:\/\/global-exam.com\/blog\/fr\/examens\/tcf\/categorie-conseils-pour-sentrainer-au-tcf\/","name":"Conseils pour s'entra\u00eener au TCF","isPartOf":{"@id":"https:\/\/global-exam.com\/blog\/#website"},"datePublished":"2021-08-16T15:59:48+00:00","dateModified":"2022-08-17T15:30:45+00:00","description":"Certification TCF : d\u00e9couvrez tous nos conseils et astuces pour pr\u00e9parer et vous entra\u00eener au passage de l'examen.","breadcrumb":{"@id":"https:\/\/global-exam.com\/blog\/fr\/examens\/tcf\/categorie-conseils-pour-sentrainer-au-tcf\/#breadcrumb"},"inLanguage":"fr-FR","potentialAction":[{"@type":"ReadAction","target":["https:\/\/global-exam.com\/blog\/fr\/examens\/tcf\/categorie-conseils-pour-sentrainer-au-tcf\/"]}]},{"@type":"BreadcrumbList","@id":"https:\/\/global-exam.com\/blog\/fr\/examens\/tcf\/categorie-conseils-pour-sentrainer-au-tcf\/#breadcrumb","itemListElement":[{"@type":"ListItem","position":1,"name":"Les examens de langue","item":"https:\/\/global-exam.com\/blog\/fr\/examens\/"},{"@type":"ListItem","position":2,"name":"TCF : attestez de votre niveau de fran\u00e7ais","item":"https:\/\/global-exam.com\/blog\/fr\/examens\/tcf\/"},{"@type":"ListItem","position":3,"name":"Conseils pour s&rsquo;entra\u00eener au TCF"}]}]}},"lang":"fr","translations":{"fr":60506},"pll_sync_post":[],"_links":{"self":[{"href":"https:\/\/global-exam.com\/blog\/wp-json\/wp\/v2\/pages\/60506"}],"collection":[{"href":"https:\/\/global-exam.com\/blog\/wp-json\/wp\/v2\/pages"}],"about":[{"href":"https:\/\/global-exam.com\/blog\/wp-json\/wp\/v2\/types\/page"}],"author":[{"embeddable":true,"href":"https:\/\/global-exam.com\/blog\/wp-json\/wp\/v2\/users\/2"}],"replies":[{"embeddable":true,"href":"https:\/\/global-exam.com\/blog\/wp-json\/wp\/v2\/comments?post=60506"}],"version-history":[{"count":8,"href":"https:\/\/global-exam.com\/blog\/wp-json\/wp\/v2\/pages\/60506\/revisions"}],"predecessor-version":[{"id":78129,"href":"https:\/\/global-exam.com\/blog\/wp-json\/wp\/v2\/pages\/60506\/revisions\/78129"}],"up":[{"embeddable":true,"href":"https:\/\/global-exam.com\/blog\/wp-json\/wp\/v2\/pages\/2863"}],"wp:attachment":[{"href":"https:\/\/global-exam.com\/blog\/wp-json\/wp\/v2\/media?parent=60506"}],"curies":[{"name":"wp","href":"https:\/\/api.w.org\/{rel}","templated":true}]}}