{"id":60515,"date":"2021-08-16T18:16:04","date_gmt":"2021-08-16T16:16:04","guid":{"rendered":"https:\/\/global-exam.com\/blog\/?page_id=60515"},"modified":"2022-08-17T17:32:43","modified_gmt":"2022-08-17T15:32:43","slug":"categorie-pourquoi-passer-le-tcf","status":"publish","type":"page","link":"https:\/\/global-exam.com\/blog\/fr\/examens\/tcf\/categorie-pourquoi-passer-le-tcf\/","title":{"rendered":"Pourquoi passer le TCF ?"},"content":{"rendered":"<p>Les avantages du TCF<\/p>\n<p>Pourquoi\u00a0<b>passer le TCF<\/b>\u2009? Vous vous demandez ce que ce test pourra r\u00e9ellement vous apporter ? Retrouvez les r\u00e9ponses \u00e0 vos questions dans cette cat\u00e9gorie qui rassemble toutes les <b>raisons de passer le <\/b><a href=\"https:\/\/global-exam.com\/fr\/exam\/tcf\" target=\"_blank\" rel=\"noopener\">test du TCF<\/a>.<\/p>\n<p>L&rsquo;objectif principal du TCF ? Vous donner <strong>une base de r\u00e9f\u00e9rence<\/strong> sur votre actuel <b>niveau en fran\u00e7ais<\/b>. Ainsi, si vous \u00eates d\u00e9sireux de savoir\u00a0<strong>quel est votre niveau<\/strong>, n\u2019h\u00e9sitez pas \u00e0\u00a0<b>faire le test !<\/b> L&rsquo;obtention de la certification TCF vous permettra de <strong>d\u00e9terminer pr\u00e9cis\u00e9ment votre niveau de fran\u00e7ais<\/strong>. Mais ce n&rsquo;est pas le seul avantage que pr\u00e9sente le TCF : d\u00e9couvrez toutes les raisons de passer cet examen dans cette cat\u00e9gorie.<\/p>\n<p>Et pour obtenir un maximum d\u2019informations sur les\u00a0<b>avantages du TCF<\/b>, n\u2019h\u00e9sitez pas \u00e0 consulter nos articles d\u00e9di\u00e9s \u00e0 cette cat\u00e9gorie.<\/p>\n","protected":false},"excerpt":{"rendered":"<p>Les avantages du TCF Pourquoi\u00a0passer le TCF\u2009? Vous vous demandez ce que ce test pourra r\u00e9ellement vous apporter ? Retrouvez les r\u00e9ponses [&hellip;]<\/p>\n","protected":false},"author":2,"featured_media":0,"parent":2863,"menu_order":0,"comment_status":"closed","ping_status":"closed","template":"","meta":[],"acf":[],"yoast_head":"<!-- This site is optimized with the Yoast SEO plugin v17.2.1 - https:\/\/yoast.com\/wordpress\/plugins\/seo\/ -->\n<title>Pourquoi passer le TCF ?<\/title>\n<meta name=\"description\" content=\"Vous envisagez de passer le TCF ? Cet examen \u00e9value les comp\u00e9tences en fran\u00e7ais de nombreux candidats chaque ann\u00e9e. D\u00e9couvrez ses avantages.\" \/>\n<meta name=\"robots\" content=\"index, follow, max-snippet:-1, max-image-preview:large, max-video-preview:-1\" \/>\n<link rel=\"canonical\" href=\"https:\/\/global-exam.com\/blog\/fr\/examens\/tcf\/categorie-pourquoi-passer-le-tcf\/\" \/>\n<meta property=\"og:locale\" content=\"fr_FR\" \/>\n<meta property=\"og:type\" content=\"article\" \/>\n<meta property=\"og:title\" content=\"Pourquoi passer le TCF ?\" \/>\n<meta property=\"og:description\" content=\"Vous envisagez de passer le TCF ? Cet examen \u00e9value les comp\u00e9tences en fran\u00e7ais de nombreux candidats chaque ann\u00e9e. D\u00e9couvrez ses avantages.\" \/>\n<meta property=\"og:url\" content=\"https:\/\/global-exam.com\/blog\/fr\/examens\/tcf\/categorie-pourquoi-passer-le-tcf\/\" \/>\n<meta property=\"og:site_name\" content=\"GlobalExam Blog\" \/>\n<meta property=\"article:publisher\" content=\"https:\/\/www.facebook.com\/Global.Exam\" \/>\n<meta property=\"article:modified_time\" content=\"2022-08-17T15:32:43+00:00\" \/>\n<meta name=\"twitter:card\" content=\"summary_large_image\" \/>\n<meta name=\"twitter:site\" content=\"@Global_Exam\" \/>\n<meta name=\"twitter:label1\" content=\"Dur\u00e9e de lecture estim\u00e9e\" \/>\n\t<meta name=\"twitter:data1\" content=\"1 minute\" \/>\n<script type=\"application\/ld+json\" class=\"yoast-schema-graph\">{\"@context\":\"https:\/\/schema.org\",\"@graph\":[{\"@type\":\"WebSite\",\"@id\":\"https:\/\/global-exam.com\/blog\/#website\",\"url\":\"https:\/\/global-exam.com\/blog\/\",\"name\":\"GlobalExam Blog\",\"description\":\"Le blog du sp\\u00e9cialiste de la certification linguistique\",\"potentialAction\":[{\"@type\":\"SearchAction\",\"target\":{\"@type\":\"EntryPoint\",\"urlTemplate\":\"https:\/\/global-exam.com\/blog\/?s={search_term_string}\"},\"query-input\":\"required name=search_term_string\"}],\"inLanguage\":\"fr-FR\"},{\"@type\":\"WebPage\",\"@id\":\"https:\/\/global-exam.com\/blog\/fr\/examens\/tcf\/categorie-pourquoi-passer-le-tcf\/#webpage\",\"url\":\"https:\/\/global-exam.com\/blog\/fr\/examens\/tcf\/categorie-pourquoi-passer-le-tcf\/\",\"name\":\"Pourquoi passer le TCF ?\",\"isPartOf\":{\"@id\":\"https:\/\/global-exam.com\/blog\/#website\"},\"datePublished\":\"2021-08-16T16:16:04+00:00\",\"dateModified\":\"2022-08-17T15:32:43+00:00\",\"description\":\"Vous envisagez de passer le TCF ? Cet examen \\u00e9value les comp\\u00e9tences en fran\\u00e7ais de nombreux candidats chaque ann\\u00e9e. D\\u00e9couvrez ses avantages.\",\"breadcrumb\":{\"@id\":\"https:\/\/global-exam.com\/blog\/fr\/examens\/tcf\/categorie-pourquoi-passer-le-tcf\/#breadcrumb\"},\"inLanguage\":\"fr-FR\",\"potentialAction\":[{\"@type\":\"ReadAction\",\"target\":[\"https:\/\/global-exam.com\/blog\/fr\/examens\/tcf\/categorie-pourquoi-passer-le-tcf\/\"]}]},{\"@type\":\"BreadcrumbList\",\"@id\":\"https:\/\/global-exam.com\/blog\/fr\/examens\/tcf\/categorie-pourquoi-passer-le-tcf\/#breadcrumb\",\"itemListElement\":[{\"@type\":\"ListItem\",\"position\":1,\"name\":\"Les examens de langue\",\"item\":\"https:\/\/global-exam.com\/blog\/fr\/examens\/\"},{\"@type\":\"ListItem\",\"position\":2,\"name\":\"TCF : attestez de votre niveau de fran\\u00e7ais\",\"item\":\"https:\/\/global-exam.com\/blog\/fr\/examens\/tcf\/\"},{\"@type\":\"ListItem\",\"position\":3,\"name\":\"Pourquoi passer le TCF ?\"}]}]}<\/script>\n<!-- \/ Yoast SEO plugin. -->","yoast_head_json":{"title":"Pourquoi passer le TCF ?","description":"Vous envisagez de passer le TCF ? Cet examen \u00e9value les comp\u00e9tences en fran\u00e7ais de nombreux candidats chaque ann\u00e9e. D\u00e9couvrez ses avantages.","robots":{"index":"index","follow":"follow","max-snippet":"max-snippet:-1","max-image-preview":"max-image-preview:large","max-video-preview":"max-video-preview:-1"},"canonical":"https:\/\/global-exam.com\/blog\/fr\/examens\/tcf\/categorie-pourquoi-passer-le-tcf\/","og_locale":"fr_FR","og_type":"article","og_title":"Pourquoi passer le TCF ?","og_description":"Vous envisagez de passer le TCF ? Cet examen \u00e9value les comp\u00e9tences en fran\u00e7ais de nombreux candidats chaque ann\u00e9e. D\u00e9couvrez ses avantages.","og_url":"https:\/\/global-exam.com\/blog\/fr\/examens\/tcf\/categorie-pourquoi-passer-le-tcf\/","og_site_name":"GlobalExam Blog","article_publisher":"https:\/\/www.facebook.com\/Global.Exam","article_modified_time":"2022-08-17T15:32:43+00:00","twitter_card":"summary_large_image","twitter_site":"@Global_Exam","twitter_misc":{"Dur\u00e9e de lecture estim\u00e9e":"1 minute"},"schema":{"@context":"https:\/\/schema.org","@graph":[{"@type":"WebSite","@id":"https:\/\/global-exam.com\/blog\/#website","url":"https:\/\/global-exam.com\/blog\/","name":"GlobalExam Blog","description":"Le blog du sp\u00e9cialiste de la certification linguistique","potentialAction":[{"@type":"SearchAction","target":{"@type":"EntryPoint","urlTemplate":"https:\/\/global-exam.com\/blog\/?s={search_term_string}"},"query-input":"required name=search_term_string"}],"inLanguage":"fr-FR"},{"@type":"WebPage","@id":"https:\/\/global-exam.com\/blog\/fr\/examens\/tcf\/categorie-pourquoi-passer-le-tcf\/#webpage","url":"https:\/\/global-exam.com\/blog\/fr\/examens\/tcf\/categorie-pourquoi-passer-le-tcf\/","name":"Pourquoi passer le TCF ?","isPartOf":{"@id":"https:\/\/global-exam.com\/blog\/#website"},"datePublished":"2021-08-16T16:16:04+00:00","dateModified":"2022-08-17T15:32:43+00:00","description":"Vous envisagez de passer le TCF ? Cet examen \u00e9value les comp\u00e9tences en fran\u00e7ais de nombreux candidats chaque ann\u00e9e. D\u00e9couvrez ses avantages.","breadcrumb":{"@id":"https:\/\/global-exam.com\/blog\/fr\/examens\/tcf\/categorie-pourquoi-passer-le-tcf\/#breadcrumb"},"inLanguage":"fr-FR","potentialAction":[{"@type":"ReadAction","target":["https:\/\/global-exam.com\/blog\/fr\/examens\/tcf\/categorie-pourquoi-passer-le-tcf\/"]}]},{"@type":"BreadcrumbList","@id":"https:\/\/global-exam.com\/blog\/fr\/examens\/tcf\/categorie-pourquoi-passer-le-tcf\/#breadcrumb","itemListElement":[{"@type":"ListItem","position":1,"name":"Les examens de langue","item":"https:\/\/global-exam.com\/blog\/fr\/examens\/"},{"@type":"ListItem","position":2,"name":"TCF : attestez de votre niveau de fran\u00e7ais","item":"https:\/\/global-exam.com\/blog\/fr\/examens\/tcf\/"},{"@type":"ListItem","position":3,"name":"Pourquoi passer le TCF ?"}]}]}},"lang":"fr","translations":{"fr":60515},"pll_sync_post":[],"_links":{"self":[{"href":"https:\/\/global-exam.com\/blog\/wp-json\/wp\/v2\/pages\/60515"}],"collection":[{"href":"https:\/\/global-exam.com\/blog\/wp-json\/wp\/v2\/pages"}],"about":[{"href":"https:\/\/global-exam.com\/blog\/wp-json\/wp\/v2\/types\/page"}],"author":[{"embeddable":true,"href":"https:\/\/global-exam.com\/blog\/wp-json\/wp\/v2\/users\/2"}],"replies":[{"embeddable":true,"href":"https:\/\/global-exam.com\/blog\/wp-json\/wp\/v2\/comments?post=60515"}],"version-history":[{"count":8,"href":"https:\/\/global-exam.com\/blog\/wp-json\/wp\/v2\/pages\/60515\/revisions"}],"predecessor-version":[{"id":78132,"href":"https:\/\/global-exam.com\/blog\/wp-json\/wp\/v2\/pages\/60515\/revisions\/78132"}],"up":[{"embeddable":true,"href":"https:\/\/global-exam.com\/blog\/wp-json\/wp\/v2\/pages\/2863"}],"wp:attachment":[{"href":"https:\/\/global-exam.com\/blog\/wp-json\/wp\/v2\/media?parent=60515"}],"curies":[{"name":"wp","href":"https:\/\/api.w.org\/{rel}","templated":true}]}}