{"id":60521,"date":"2021-08-16T18:19:38","date_gmt":"2021-08-16T16:19:38","guid":{"rendered":"https:\/\/global-exam.com\/blog\/?page_id=60521"},"modified":"2022-08-17T17:33:16","modified_gmt":"2022-08-17T15:33:16","slug":"categorie-presentation-du-test-tcf","status":"publish","type":"page","link":"https:\/\/global-exam.com\/blog\/fr\/examens\/tcf\/categorie-presentation-du-test-tcf\/","title":{"rendered":"Pr\u00e9sentation du test TCF"},"content":{"rendered":"<p>D\u00e9couvrir le TCF<\/p>\n<p>Conna\u00eetre son\u00a0<b>niveau de comp\u00e9tence en langue fran\u00e7aise\u00a0<\/b>pr\u00e9sente de nombreux avantages et atouts pour les personnes dont la\u00a0<b>langue maternelle<\/b>\u00a0est tout autre. C\u2019est notamment l\u2019objectif de passer le\u00a0<a href=\"https:\/\/global-exam.com\/fr\/exam\/tcf\" target=\"_blank\" rel=\"noopener\">test du TCF<\/a> ou <b>Test de Connaissance du Fran\u00e7ais<\/b>. Cette cat\u00e9gorie r\u00e9sume justement tout ce dont vous aurez besoin de savoir sur cet examen.<\/p>\n<p>Organis\u00e9 par le\u00a0<b>Minist\u00e8re fran\u00e7ais de l\u2019\u00c9ducation Nationale<\/b>, le\u00a0<b>TCF<\/b>\u00a0\u00e9value votre niveau de connaissance en langue fran\u00e7aise. Il pr\u00e9sente une\u00a0<b>base de r\u00e9f\u00e9rence<\/b> indispensable pour vos \u00e9tudes ou activit\u00e9s professionnelles si vous n&rsquo;\u00eates pas natif fran\u00e7ais.<\/p>\n<p>Le\u00a0<b>TCF <\/b>s\u2019\u00e9value sur plus d\u2019une\u00a0<b>centaine de questions<\/b> et permet d&rsquo;obtenir un maximum de <b>699 points<\/b>. Votre niveau sera \u00e9valu\u00e9 selon le\u00a0<b>nombre de points<\/b> que vous aurez accumul\u00e9 durant l\u2019\u00e9preuve dont le minimum acceptable est de 100 points. Les <b>diff\u00e9rents niveaux<\/b> sont d\u00e9finis par le r\u00e9f\u00e9rentiel CECRL allant du niveau <b>A1 au C2<\/b>.<\/p>\n<p>Mais alors, qu\u2019est-ce exactement le TCF Qu\u00e9bec ou le TCF pour le DAP\u2009? L\u2019examen comprend-il combien d\u2019<b>\u00e9preuves<\/b> et quelles sont les conditions requises pour son obtention\u2009? Cette cat\u00e9gorie en donne de plus <b>amples informations.<\/b><\/p>\n","protected":false},"excerpt":{"rendered":"<p>D\u00e9couvrir le TCF Conna\u00eetre son\u00a0niveau de comp\u00e9tence en langue fran\u00e7aise\u00a0pr\u00e9sente de nombreux avantages et atouts pour les personnes dont la\u00a0langue maternelle\u00a0est tout [&hellip;]<\/p>\n","protected":false},"author":2,"featured_media":0,"parent":2863,"menu_order":0,"comment_status":"closed","ping_status":"closed","template":"","meta":[],"acf":[],"yoast_head":"<!-- This site is optimized with the Yoast SEO plugin v17.2.1 - https:\/\/yoast.com\/wordpress\/plugins\/seo\/ -->\n<title>Pr\u00e9sentation du test TCF<\/title>\n<meta name=\"description\" content=\"Qu&#039;est-ce que le test TCF ? GlobalExam vous explique tout sur cette certification de fran\u00e7ais destin\u00e9e aux locuteurs non natifs.\" \/>\n<meta name=\"robots\" content=\"index, follow, max-snippet:-1, max-image-preview:large, max-video-preview:-1\" \/>\n<link rel=\"canonical\" href=\"https:\/\/global-exam.com\/blog\/fr\/examens\/tcf\/categorie-presentation-du-test-tcf\/\" \/>\n<meta property=\"og:locale\" content=\"fr_FR\" \/>\n<meta property=\"og:type\" content=\"article\" \/>\n<meta property=\"og:title\" content=\"Pr\u00e9sentation du test TCF\" \/>\n<meta property=\"og:description\" content=\"Qu&#039;est-ce que le test TCF ? GlobalExam vous explique tout sur cette certification de fran\u00e7ais destin\u00e9e aux locuteurs non natifs.\" \/>\n<meta property=\"og:url\" content=\"https:\/\/global-exam.com\/blog\/fr\/examens\/tcf\/categorie-presentation-du-test-tcf\/\" \/>\n<meta property=\"og:site_name\" content=\"GlobalExam Blog\" \/>\n<meta property=\"article:publisher\" content=\"https:\/\/www.facebook.com\/Global.Exam\" \/>\n<meta property=\"article:modified_time\" content=\"2022-08-17T15:33:16+00:00\" \/>\n<meta name=\"twitter:card\" content=\"summary_large_image\" \/>\n<meta name=\"twitter:site\" content=\"@Global_Exam\" \/>\n<meta name=\"twitter:label1\" content=\"Dur\u00e9e de lecture estim\u00e9e\" \/>\n\t<meta name=\"twitter:data1\" content=\"1 minute\" \/>\n<script type=\"application\/ld+json\" class=\"yoast-schema-graph\">{\"@context\":\"https:\/\/schema.org\",\"@graph\":[{\"@type\":\"WebSite\",\"@id\":\"https:\/\/global-exam.com\/blog\/#website\",\"url\":\"https:\/\/global-exam.com\/blog\/\",\"name\":\"GlobalExam Blog\",\"description\":\"Le blog du sp\\u00e9cialiste de la certification linguistique\",\"potentialAction\":[{\"@type\":\"SearchAction\",\"target\":{\"@type\":\"EntryPoint\",\"urlTemplate\":\"https:\/\/global-exam.com\/blog\/?s={search_term_string}\"},\"query-input\":\"required name=search_term_string\"}],\"inLanguage\":\"fr-FR\"},{\"@type\":\"WebPage\",\"@id\":\"https:\/\/global-exam.com\/blog\/fr\/examens\/tcf\/categorie-presentation-du-test-tcf\/#webpage\",\"url\":\"https:\/\/global-exam.com\/blog\/fr\/examens\/tcf\/categorie-presentation-du-test-tcf\/\",\"name\":\"Pr\\u00e9sentation du test TCF\",\"isPartOf\":{\"@id\":\"https:\/\/global-exam.com\/blog\/#website\"},\"datePublished\":\"2021-08-16T16:19:38+00:00\",\"dateModified\":\"2022-08-17T15:33:16+00:00\",\"description\":\"Qu'est-ce que le test TCF ? GlobalExam vous explique tout sur cette certification de fran\\u00e7ais destin\\u00e9e aux locuteurs non natifs.\",\"breadcrumb\":{\"@id\":\"https:\/\/global-exam.com\/blog\/fr\/examens\/tcf\/categorie-presentation-du-test-tcf\/#breadcrumb\"},\"inLanguage\":\"fr-FR\",\"potentialAction\":[{\"@type\":\"ReadAction\",\"target\":[\"https:\/\/global-exam.com\/blog\/fr\/examens\/tcf\/categorie-presentation-du-test-tcf\/\"]}]},{\"@type\":\"BreadcrumbList\",\"@id\":\"https:\/\/global-exam.com\/blog\/fr\/examens\/tcf\/categorie-presentation-du-test-tcf\/#breadcrumb\",\"itemListElement\":[{\"@type\":\"ListItem\",\"position\":1,\"name\":\"Les examens de langue\",\"item\":\"https:\/\/global-exam.com\/blog\/fr\/examens\/\"},{\"@type\":\"ListItem\",\"position\":2,\"name\":\"TCF : attestez de votre niveau de fran\\u00e7ais\",\"item\":\"https:\/\/global-exam.com\/blog\/fr\/examens\/tcf\/\"},{\"@type\":\"ListItem\",\"position\":3,\"name\":\"Pr\\u00e9sentation du test TCF\"}]}]}<\/script>\n<!-- \/ Yoast SEO plugin. -->","yoast_head_json":{"title":"Pr\u00e9sentation du test TCF","description":"Qu'est-ce que le test TCF ? GlobalExam vous explique tout sur cette certification de fran\u00e7ais destin\u00e9e aux locuteurs non natifs.","robots":{"index":"index","follow":"follow","max-snippet":"max-snippet:-1","max-image-preview":"max-image-preview:large","max-video-preview":"max-video-preview:-1"},"canonical":"https:\/\/global-exam.com\/blog\/fr\/examens\/tcf\/categorie-presentation-du-test-tcf\/","og_locale":"fr_FR","og_type":"article","og_title":"Pr\u00e9sentation du test TCF","og_description":"Qu'est-ce que le test TCF ? GlobalExam vous explique tout sur cette certification de fran\u00e7ais destin\u00e9e aux locuteurs non natifs.","og_url":"https:\/\/global-exam.com\/blog\/fr\/examens\/tcf\/categorie-presentation-du-test-tcf\/","og_site_name":"GlobalExam Blog","article_publisher":"https:\/\/www.facebook.com\/Global.Exam","article_modified_time":"2022-08-17T15:33:16+00:00","twitter_card":"summary_large_image","twitter_site":"@Global_Exam","twitter_misc":{"Dur\u00e9e de lecture estim\u00e9e":"1 minute"},"schema":{"@context":"https:\/\/schema.org","@graph":[{"@type":"WebSite","@id":"https:\/\/global-exam.com\/blog\/#website","url":"https:\/\/global-exam.com\/blog\/","name":"GlobalExam Blog","description":"Le blog du sp\u00e9cialiste de la certification linguistique","potentialAction":[{"@type":"SearchAction","target":{"@type":"EntryPoint","urlTemplate":"https:\/\/global-exam.com\/blog\/?s={search_term_string}"},"query-input":"required name=search_term_string"}],"inLanguage":"fr-FR"},{"@type":"WebPage","@id":"https:\/\/global-exam.com\/blog\/fr\/examens\/tcf\/categorie-presentation-du-test-tcf\/#webpage","url":"https:\/\/global-exam.com\/blog\/fr\/examens\/tcf\/categorie-presentation-du-test-tcf\/","name":"Pr\u00e9sentation du test TCF","isPartOf":{"@id":"https:\/\/global-exam.com\/blog\/#website"},"datePublished":"2021-08-16T16:19:38+00:00","dateModified":"2022-08-17T15:33:16+00:00","description":"Qu'est-ce que le test TCF ? GlobalExam vous explique tout sur cette certification de fran\u00e7ais destin\u00e9e aux locuteurs non natifs.","breadcrumb":{"@id":"https:\/\/global-exam.com\/blog\/fr\/examens\/tcf\/categorie-presentation-du-test-tcf\/#breadcrumb"},"inLanguage":"fr-FR","potentialAction":[{"@type":"ReadAction","target":["https:\/\/global-exam.com\/blog\/fr\/examens\/tcf\/categorie-presentation-du-test-tcf\/"]}]},{"@type":"BreadcrumbList","@id":"https:\/\/global-exam.com\/blog\/fr\/examens\/tcf\/categorie-presentation-du-test-tcf\/#breadcrumb","itemListElement":[{"@type":"ListItem","position":1,"name":"Les examens de langue","item":"https:\/\/global-exam.com\/blog\/fr\/examens\/"},{"@type":"ListItem","position":2,"name":"TCF : attestez de votre niveau de fran\u00e7ais","item":"https:\/\/global-exam.com\/blog\/fr\/examens\/tcf\/"},{"@type":"ListItem","position":3,"name":"Pr\u00e9sentation du test TCF"}]}]}},"lang":"fr","translations":{"fr":60521},"pll_sync_post":[],"_links":{"self":[{"href":"https:\/\/global-exam.com\/blog\/wp-json\/wp\/v2\/pages\/60521"}],"collection":[{"href":"https:\/\/global-exam.com\/blog\/wp-json\/wp\/v2\/pages"}],"about":[{"href":"https:\/\/global-exam.com\/blog\/wp-json\/wp\/v2\/types\/page"}],"author":[{"embeddable":true,"href":"https:\/\/global-exam.com\/blog\/wp-json\/wp\/v2\/users\/2"}],"replies":[{"embeddable":true,"href":"https:\/\/global-exam.com\/blog\/wp-json\/wp\/v2\/comments?post=60521"}],"version-history":[{"count":8,"href":"https:\/\/global-exam.com\/blog\/wp-json\/wp\/v2\/pages\/60521\/revisions"}],"predecessor-version":[{"id":78133,"href":"https:\/\/global-exam.com\/blog\/wp-json\/wp\/v2\/pages\/60521\/revisions\/78133"}],"up":[{"embeddable":true,"href":"https:\/\/global-exam.com\/blog\/wp-json\/wp\/v2\/pages\/2863"}],"wp:attachment":[{"href":"https:\/\/global-exam.com\/blog\/wp-json\/wp\/v2\/media?parent=60521"}],"curies":[{"name":"wp","href":"https:\/\/api.w.org\/{rel}","templated":true}]}}