{"id":60524,"date":"2021-08-16T18:22:16","date_gmt":"2021-08-16T16:22:16","guid":{"rendered":"https:\/\/global-exam.com\/blog\/?page_id=60524"},"modified":"2022-08-17T17:33:50","modified_gmt":"2022-08-17T15:33:50","slug":"categorie-sinscrire-au-tcf","status":"publish","type":"page","link":"https:\/\/global-exam.com\/blog\/fr\/examens\/tcf\/categorie-sinscrire-au-tcf\/","title":{"rendered":"S&rsquo;inscrire au TCF"},"content":{"rendered":"<p>Les d\u00e9marches d&rsquo;inscription au TCF<\/p>\n<p>Conna\u00eetre <strong>son niveau de<\/strong>\u00a0<strong>fran\u00e7ais<\/strong>, <strong>se faire naturaliser<\/strong>, partir au Qu\u00e9bec ou encore pr\u00e9parer sa DAP, les\u00a0<strong>avantages du TCF<\/strong> sont si nombreux que vous souhaitez vous inscrire \u00e0 ce test\u2009? Dans cette cat\u00e9gorie, nous vous expliquons tous les \u00e9l\u00e9ments essentiels \u00e0 savoir<strong> pour s\u2019inscrire au TCF.<\/strong><\/p>\n<p>Avant de <a href=\"https:\/\/global-exam.com\/fr\/exam\/tcf\" target=\"_blank\" rel=\"noopener\">vous pr\u00e9parer au TCF<\/a>, vous devez avant tout savoir qu\u2019il existe en tout <strong>4 types de TCF<\/strong>\u00a0: TP, DAP, ANF et Q. Et si le TCF TP est ouvert au public, les trois autres types de TCF s\u2019obtiennent pour des objectifs pr\u00e9cis\u00a0:\u00a0<strong>\u00e9tudier en France, obtenir une nationalit\u00e9 fran\u00e7aise ou encore voyager au Qu\u00e9bec.<\/strong><\/p>\n<p>Peu importe le type de TCF que vous souhaitez passer, sachez qu\u2019il est possible de l\u2019obtenir directement en France ou dans des pays \u00e9trangers. La premi\u00e8re chose \u00e0 faire consiste \u00e0 entrer en contact avec un\u00a0<strong>centre d\u2019examen poss\u00e9dant une agr\u00e9mentation du CIEP<\/strong>. De pr\u00e9f\u00e9rence, l\u2019inscription doit se faire bien \u00e0 l\u2019avance pour \u00e9viter tout retard ou rejet. Le nombre de candidats \u00e9tant limit\u00e9, ce sera un avantage pour vous de vous inscrire le plus t\u00f4t possible. Nos dossiers complets sur l\u2019inscription au TCF vous en diront plus.<\/p>\n","protected":false},"excerpt":{"rendered":"<p>Les d\u00e9marches d&rsquo;inscription au TCF Conna\u00eetre son niveau de\u00a0fran\u00e7ais, se faire naturaliser, partir au Qu\u00e9bec ou encore pr\u00e9parer sa DAP, les\u00a0avantages du [&hellip;]<\/p>\n","protected":false},"author":2,"featured_media":0,"parent":2863,"menu_order":0,"comment_status":"closed","ping_status":"closed","template":"","meta":[],"acf":[],"yoast_head":"<!-- This site is optimized with the Yoast SEO plugin v17.2.1 - https:\/\/yoast.com\/wordpress\/plugins\/seo\/ -->\n<title>S&#039;inscrire au TCF<\/title>\n<meta name=\"description\" content=\"Pour vous inscrire au TCF, suivez les conseils de GlobalExam et boostez vos chances de r\u00e9ussir cette certification de fran\u00e7ais haut la main.\" \/>\n<meta name=\"robots\" content=\"index, follow, max-snippet:-1, max-image-preview:large, max-video-preview:-1\" \/>\n<link rel=\"canonical\" href=\"https:\/\/global-exam.com\/blog\/fr\/examens\/tcf\/categorie-sinscrire-au-tcf\/\" \/>\n<meta property=\"og:locale\" content=\"fr_FR\" \/>\n<meta property=\"og:type\" content=\"article\" \/>\n<meta property=\"og:title\" content=\"S&#039;inscrire au TCF\" \/>\n<meta property=\"og:description\" content=\"Pour vous inscrire au TCF, suivez les conseils de GlobalExam et boostez vos chances de r\u00e9ussir cette certification de fran\u00e7ais haut la main.\" \/>\n<meta property=\"og:url\" content=\"https:\/\/global-exam.com\/blog\/fr\/examens\/tcf\/categorie-sinscrire-au-tcf\/\" \/>\n<meta property=\"og:site_name\" content=\"GlobalExam Blog\" \/>\n<meta property=\"article:publisher\" content=\"https:\/\/www.facebook.com\/Global.Exam\" \/>\n<meta property=\"article:modified_time\" content=\"2022-08-17T15:33:50+00:00\" \/>\n<meta name=\"twitter:card\" content=\"summary_large_image\" \/>\n<meta name=\"twitter:site\" content=\"@Global_Exam\" \/>\n<meta name=\"twitter:label1\" content=\"Dur\u00e9e de lecture estim\u00e9e\" \/>\n\t<meta name=\"twitter:data1\" content=\"1 minute\" \/>\n<script type=\"application\/ld+json\" class=\"yoast-schema-graph\">{\"@context\":\"https:\/\/schema.org\",\"@graph\":[{\"@type\":\"WebSite\",\"@id\":\"https:\/\/global-exam.com\/blog\/#website\",\"url\":\"https:\/\/global-exam.com\/blog\/\",\"name\":\"GlobalExam Blog\",\"description\":\"Le blog du sp\\u00e9cialiste de la certification linguistique\",\"potentialAction\":[{\"@type\":\"SearchAction\",\"target\":{\"@type\":\"EntryPoint\",\"urlTemplate\":\"https:\/\/global-exam.com\/blog\/?s={search_term_string}\"},\"query-input\":\"required name=search_term_string\"}],\"inLanguage\":\"fr-FR\"},{\"@type\":\"WebPage\",\"@id\":\"https:\/\/global-exam.com\/blog\/fr\/examens\/tcf\/categorie-sinscrire-au-tcf\/#webpage\",\"url\":\"https:\/\/global-exam.com\/blog\/fr\/examens\/tcf\/categorie-sinscrire-au-tcf\/\",\"name\":\"S'inscrire au TCF\",\"isPartOf\":{\"@id\":\"https:\/\/global-exam.com\/blog\/#website\"},\"datePublished\":\"2021-08-16T16:22:16+00:00\",\"dateModified\":\"2022-08-17T15:33:50+00:00\",\"description\":\"Pour vous inscrire au TCF, suivez les conseils de GlobalExam et boostez vos chances de r\\u00e9ussir cette certification de fran\\u00e7ais haut la main.\",\"breadcrumb\":{\"@id\":\"https:\/\/global-exam.com\/blog\/fr\/examens\/tcf\/categorie-sinscrire-au-tcf\/#breadcrumb\"},\"inLanguage\":\"fr-FR\",\"potentialAction\":[{\"@type\":\"ReadAction\",\"target\":[\"https:\/\/global-exam.com\/blog\/fr\/examens\/tcf\/categorie-sinscrire-au-tcf\/\"]}]},{\"@type\":\"BreadcrumbList\",\"@id\":\"https:\/\/global-exam.com\/blog\/fr\/examens\/tcf\/categorie-sinscrire-au-tcf\/#breadcrumb\",\"itemListElement\":[{\"@type\":\"ListItem\",\"position\":1,\"name\":\"Les examens de langue\",\"item\":\"https:\/\/global-exam.com\/blog\/fr\/examens\/\"},{\"@type\":\"ListItem\",\"position\":2,\"name\":\"TCF : attestez de votre niveau de fran\\u00e7ais\",\"item\":\"https:\/\/global-exam.com\/blog\/fr\/examens\/tcf\/\"},{\"@type\":\"ListItem\",\"position\":3,\"name\":\"S&rsquo;inscrire au TCF\"}]}]}<\/script>\n<!-- \/ Yoast SEO plugin. -->","yoast_head_json":{"title":"S'inscrire au TCF","description":"Pour vous inscrire au TCF, suivez les conseils de GlobalExam et boostez vos chances de r\u00e9ussir cette certification de fran\u00e7ais haut la main.","robots":{"index":"index","follow":"follow","max-snippet":"max-snippet:-1","max-image-preview":"max-image-preview:large","max-video-preview":"max-video-preview:-1"},"canonical":"https:\/\/global-exam.com\/blog\/fr\/examens\/tcf\/categorie-sinscrire-au-tcf\/","og_locale":"fr_FR","og_type":"article","og_title":"S'inscrire au TCF","og_description":"Pour vous inscrire au TCF, suivez les conseils de GlobalExam et boostez vos chances de r\u00e9ussir cette certification de fran\u00e7ais haut la main.","og_url":"https:\/\/global-exam.com\/blog\/fr\/examens\/tcf\/categorie-sinscrire-au-tcf\/","og_site_name":"GlobalExam Blog","article_publisher":"https:\/\/www.facebook.com\/Global.Exam","article_modified_time":"2022-08-17T15:33:50+00:00","twitter_card":"summary_large_image","twitter_site":"@Global_Exam","twitter_misc":{"Dur\u00e9e de lecture estim\u00e9e":"1 minute"},"schema":{"@context":"https:\/\/schema.org","@graph":[{"@type":"WebSite","@id":"https:\/\/global-exam.com\/blog\/#website","url":"https:\/\/global-exam.com\/blog\/","name":"GlobalExam Blog","description":"Le blog du sp\u00e9cialiste de la certification linguistique","potentialAction":[{"@type":"SearchAction","target":{"@type":"EntryPoint","urlTemplate":"https:\/\/global-exam.com\/blog\/?s={search_term_string}"},"query-input":"required name=search_term_string"}],"inLanguage":"fr-FR"},{"@type":"WebPage","@id":"https:\/\/global-exam.com\/blog\/fr\/examens\/tcf\/categorie-sinscrire-au-tcf\/#webpage","url":"https:\/\/global-exam.com\/blog\/fr\/examens\/tcf\/categorie-sinscrire-au-tcf\/","name":"S'inscrire au TCF","isPartOf":{"@id":"https:\/\/global-exam.com\/blog\/#website"},"datePublished":"2021-08-16T16:22:16+00:00","dateModified":"2022-08-17T15:33:50+00:00","description":"Pour vous inscrire au TCF, suivez les conseils de GlobalExam et boostez vos chances de r\u00e9ussir cette certification de fran\u00e7ais haut la main.","breadcrumb":{"@id":"https:\/\/global-exam.com\/blog\/fr\/examens\/tcf\/categorie-sinscrire-au-tcf\/#breadcrumb"},"inLanguage":"fr-FR","potentialAction":[{"@type":"ReadAction","target":["https:\/\/global-exam.com\/blog\/fr\/examens\/tcf\/categorie-sinscrire-au-tcf\/"]}]},{"@type":"BreadcrumbList","@id":"https:\/\/global-exam.com\/blog\/fr\/examens\/tcf\/categorie-sinscrire-au-tcf\/#breadcrumb","itemListElement":[{"@type":"ListItem","position":1,"name":"Les examens de langue","item":"https:\/\/global-exam.com\/blog\/fr\/examens\/"},{"@type":"ListItem","position":2,"name":"TCF : attestez de votre niveau de fran\u00e7ais","item":"https:\/\/global-exam.com\/blog\/fr\/examens\/tcf\/"},{"@type":"ListItem","position":3,"name":"S&rsquo;inscrire au TCF"}]}]}},"lang":"fr","translations":{"fr":60524},"pll_sync_post":[],"_links":{"self":[{"href":"https:\/\/global-exam.com\/blog\/wp-json\/wp\/v2\/pages\/60524"}],"collection":[{"href":"https:\/\/global-exam.com\/blog\/wp-json\/wp\/v2\/pages"}],"about":[{"href":"https:\/\/global-exam.com\/blog\/wp-json\/wp\/v2\/types\/page"}],"author":[{"embeddable":true,"href":"https:\/\/global-exam.com\/blog\/wp-json\/wp\/v2\/users\/2"}],"replies":[{"embeddable":true,"href":"https:\/\/global-exam.com\/blog\/wp-json\/wp\/v2\/comments?post=60524"}],"version-history":[{"count":8,"href":"https:\/\/global-exam.com\/blog\/wp-json\/wp\/v2\/pages\/60524\/revisions"}],"predecessor-version":[{"id":78134,"href":"https:\/\/global-exam.com\/blog\/wp-json\/wp\/v2\/pages\/60524\/revisions\/78134"}],"up":[{"embeddable":true,"href":"https:\/\/global-exam.com\/blog\/wp-json\/wp\/v2\/pages\/2863"}],"wp:attachment":[{"href":"https:\/\/global-exam.com\/blog\/wp-json\/wp\/v2\/media?parent=60524"}],"curies":[{"name":"wp","href":"https:\/\/api.w.org\/{rel}","templated":true}]}}