{"id":60536,"date":"2021-08-16T18:31:18","date_gmt":"2021-08-16T16:31:18","guid":{"rendered":"https:\/\/global-exam.com\/blog\/?page_id=60536"},"modified":"2022-08-17T17:35:05","modified_gmt":"2022-08-17T15:35:05","slug":"categorie-vocabulaire-tcf","status":"publish","type":"page","link":"https:\/\/global-exam.com\/blog\/fr\/examens\/tcf\/categorie-vocabulaire-tcf\/","title":{"rendered":"Vocabulaire TCF"},"content":{"rendered":"<p>Ma\u00eetriser le vocabulaire du TCF<\/p>\n<p>Retrouvez dans cette cat\u00e9gorie toutes nos <strong>fiches de vocabulaire fran\u00e7ais<\/strong> pour vous aider \u00e0\u00a0<a href=\"https:\/\/global-exam.com\/fr\/exam\/tcf\">r\u00e9viser le TCF<\/a>.<\/p>\n<p>L\u2019apprentissage de toute langue, en particulier le fran\u00e7ais, commence par l\u2019apprentissage du vocabulaire. Que vous soyez \u00e9tudiant, professionnel ou que vous pr\u00e9voyiez de voyager, vous trouverez dans cette section plusieurs <strong>fiches gratuites de vocabulaire<\/strong> qui vous seront utiles aussi bien pour <strong>passer le TCF<\/strong> que pour votre vie courante.<\/p>\n<p>Apprendre le vocabulaire n\u2019est que la premi\u00e8re \u00e9tape dans votre pr\u00e9paration du TCF. En parcourant notre blog, vous trouverez des ressources et des conseils pour pr\u00e9parer le TCF.<\/p>\n<p>Pour aller plus loin, vous pouvez trouver encore plus de <strong>fiches de vocabulaire pour pr\u00e9parer le TCF<\/strong> sur notre plateforme. Commencez par cr\u00e9er un compte gratuit pour y acc\u00e9der.<\/p>\n","protected":false},"excerpt":{"rendered":"<p>Ma\u00eetriser le vocabulaire du TCF Retrouvez dans cette cat\u00e9gorie toutes nos fiches de vocabulaire fran\u00e7ais pour vous aider \u00e0\u00a0r\u00e9viser le TCF. L\u2019apprentissage [&hellip;]<\/p>\n","protected":false},"author":2,"featured_media":0,"parent":2863,"menu_order":0,"comment_status":"closed","ping_status":"closed","template":"","meta":[],"acf":[],"yoast_head":"<!-- This site is optimized with the Yoast SEO plugin v17.2.1 - https:\/\/yoast.com\/wordpress\/plugins\/seo\/ -->\n<title>Vocabulaire TCF<\/title>\n<meta name=\"description\" content=\"D\u00e9couvrez nos fiches gratuites de vocabulaire en fran\u00e7ais pour progresser avant de passer la certification de fran\u00e7ais TCF.\" \/>\n<meta name=\"robots\" content=\"index, follow, max-snippet:-1, max-image-preview:large, max-video-preview:-1\" \/>\n<link rel=\"canonical\" href=\"https:\/\/global-exam.com\/blog\/fr\/examens\/tcf\/categorie-vocabulaire-tcf\/\" \/>\n<meta property=\"og:locale\" content=\"fr_FR\" \/>\n<meta property=\"og:type\" content=\"article\" \/>\n<meta property=\"og:title\" content=\"Vocabulaire TCF\" \/>\n<meta property=\"og:description\" content=\"D\u00e9couvrez nos fiches gratuites de vocabulaire en fran\u00e7ais pour progresser avant de passer la certification de fran\u00e7ais TCF.\" \/>\n<meta property=\"og:url\" content=\"https:\/\/global-exam.com\/blog\/fr\/examens\/tcf\/categorie-vocabulaire-tcf\/\" \/>\n<meta property=\"og:site_name\" content=\"GlobalExam Blog\" \/>\n<meta property=\"article:publisher\" content=\"https:\/\/www.facebook.com\/Global.Exam\" \/>\n<meta property=\"article:modified_time\" content=\"2022-08-17T15:35:05+00:00\" \/>\n<meta name=\"twitter:card\" content=\"summary_large_image\" \/>\n<meta name=\"twitter:site\" content=\"@Global_Exam\" \/>\n<meta name=\"twitter:label1\" content=\"Dur\u00e9e de lecture estim\u00e9e\" \/>\n\t<meta name=\"twitter:data1\" content=\"3 minutes\" \/>\n<script type=\"application\/ld+json\" class=\"yoast-schema-graph\">{\"@context\":\"https:\/\/schema.org\",\"@graph\":[{\"@type\":\"WebSite\",\"@id\":\"https:\/\/global-exam.com\/blog\/#website\",\"url\":\"https:\/\/global-exam.com\/blog\/\",\"name\":\"GlobalExam Blog\",\"description\":\"Le blog du sp\\u00e9cialiste de la certification linguistique\",\"potentialAction\":[{\"@type\":\"SearchAction\",\"target\":{\"@type\":\"EntryPoint\",\"urlTemplate\":\"https:\/\/global-exam.com\/blog\/?s={search_term_string}\"},\"query-input\":\"required name=search_term_string\"}],\"inLanguage\":\"fr-FR\"},{\"@type\":\"WebPage\",\"@id\":\"https:\/\/global-exam.com\/blog\/fr\/examens\/tcf\/categorie-vocabulaire-tcf\/#webpage\",\"url\":\"https:\/\/global-exam.com\/blog\/fr\/examens\/tcf\/categorie-vocabulaire-tcf\/\",\"name\":\"Vocabulaire TCF\",\"isPartOf\":{\"@id\":\"https:\/\/global-exam.com\/blog\/#website\"},\"datePublished\":\"2021-08-16T16:31:18+00:00\",\"dateModified\":\"2022-08-17T15:35:05+00:00\",\"description\":\"D\\u00e9couvrez nos fiches gratuites de vocabulaire en fran\\u00e7ais pour progresser avant de passer la certification de fran\\u00e7ais TCF.\",\"breadcrumb\":{\"@id\":\"https:\/\/global-exam.com\/blog\/fr\/examens\/tcf\/categorie-vocabulaire-tcf\/#breadcrumb\"},\"inLanguage\":\"fr-FR\",\"potentialAction\":[{\"@type\":\"ReadAction\",\"target\":[\"https:\/\/global-exam.com\/blog\/fr\/examens\/tcf\/categorie-vocabulaire-tcf\/\"]}]},{\"@type\":\"BreadcrumbList\",\"@id\":\"https:\/\/global-exam.com\/blog\/fr\/examens\/tcf\/categorie-vocabulaire-tcf\/#breadcrumb\",\"itemListElement\":[{\"@type\":\"ListItem\",\"position\":1,\"name\":\"Les examens de langue\",\"item\":\"https:\/\/global-exam.com\/blog\/fr\/examens\/\"},{\"@type\":\"ListItem\",\"position\":2,\"name\":\"TCF : attestez de votre niveau de fran\\u00e7ais\",\"item\":\"https:\/\/global-exam.com\/blog\/fr\/examens\/tcf\/\"},{\"@type\":\"ListItem\",\"position\":3,\"name\":\"Vocabulaire TCF\"}]}]}<\/script>\n<!-- \/ Yoast SEO plugin. -->","yoast_head_json":{"title":"Vocabulaire TCF","description":"D\u00e9couvrez nos fiches gratuites de vocabulaire en fran\u00e7ais pour progresser avant de passer la certification de fran\u00e7ais TCF.","robots":{"index":"index","follow":"follow","max-snippet":"max-snippet:-1","max-image-preview":"max-image-preview:large","max-video-preview":"max-video-preview:-1"},"canonical":"https:\/\/global-exam.com\/blog\/fr\/examens\/tcf\/categorie-vocabulaire-tcf\/","og_locale":"fr_FR","og_type":"article","og_title":"Vocabulaire TCF","og_description":"D\u00e9couvrez nos fiches gratuites de vocabulaire en fran\u00e7ais pour progresser avant de passer la certification de fran\u00e7ais TCF.","og_url":"https:\/\/global-exam.com\/blog\/fr\/examens\/tcf\/categorie-vocabulaire-tcf\/","og_site_name":"GlobalExam Blog","article_publisher":"https:\/\/www.facebook.com\/Global.Exam","article_modified_time":"2022-08-17T15:35:05+00:00","twitter_card":"summary_large_image","twitter_site":"@Global_Exam","twitter_misc":{"Dur\u00e9e de lecture estim\u00e9e":"3 minutes"},"schema":{"@context":"https:\/\/schema.org","@graph":[{"@type":"WebSite","@id":"https:\/\/global-exam.com\/blog\/#website","url":"https:\/\/global-exam.com\/blog\/","name":"GlobalExam Blog","description":"Le blog du sp\u00e9cialiste de la certification linguistique","potentialAction":[{"@type":"SearchAction","target":{"@type":"EntryPoint","urlTemplate":"https:\/\/global-exam.com\/blog\/?s={search_term_string}"},"query-input":"required name=search_term_string"}],"inLanguage":"fr-FR"},{"@type":"WebPage","@id":"https:\/\/global-exam.com\/blog\/fr\/examens\/tcf\/categorie-vocabulaire-tcf\/#webpage","url":"https:\/\/global-exam.com\/blog\/fr\/examens\/tcf\/categorie-vocabulaire-tcf\/","name":"Vocabulaire TCF","isPartOf":{"@id":"https:\/\/global-exam.com\/blog\/#website"},"datePublished":"2021-08-16T16:31:18+00:00","dateModified":"2022-08-17T15:35:05+00:00","description":"D\u00e9couvrez nos fiches gratuites de vocabulaire en fran\u00e7ais pour progresser avant de passer la certification de fran\u00e7ais TCF.","breadcrumb":{"@id":"https:\/\/global-exam.com\/blog\/fr\/examens\/tcf\/categorie-vocabulaire-tcf\/#breadcrumb"},"inLanguage":"fr-FR","potentialAction":[{"@type":"ReadAction","target":["https:\/\/global-exam.com\/blog\/fr\/examens\/tcf\/categorie-vocabulaire-tcf\/"]}]},{"@type":"BreadcrumbList","@id":"https:\/\/global-exam.com\/blog\/fr\/examens\/tcf\/categorie-vocabulaire-tcf\/#breadcrumb","itemListElement":[{"@type":"ListItem","position":1,"name":"Les examens de langue","item":"https:\/\/global-exam.com\/blog\/fr\/examens\/"},{"@type":"ListItem","position":2,"name":"TCF : attestez de votre niveau de fran\u00e7ais","item":"https:\/\/global-exam.com\/blog\/fr\/examens\/tcf\/"},{"@type":"ListItem","position":3,"name":"Vocabulaire TCF"}]}]}},"lang":"fr","translations":{"fr":60536},"pll_sync_post":[],"_links":{"self":[{"href":"https:\/\/global-exam.com\/blog\/wp-json\/wp\/v2\/pages\/60536"}],"collection":[{"href":"https:\/\/global-exam.com\/blog\/wp-json\/wp\/v2\/pages"}],"about":[{"href":"https:\/\/global-exam.com\/blog\/wp-json\/wp\/v2\/types\/page"}],"author":[{"embeddable":true,"href":"https:\/\/global-exam.com\/blog\/wp-json\/wp\/v2\/users\/2"}],"replies":[{"embeddable":true,"href":"https:\/\/global-exam.com\/blog\/wp-json\/wp\/v2\/comments?post=60536"}],"version-history":[{"count":9,"href":"https:\/\/global-exam.com\/blog\/wp-json\/wp\/v2\/pages\/60536\/revisions"}],"predecessor-version":[{"id":78136,"href":"https:\/\/global-exam.com\/blog\/wp-json\/wp\/v2\/pages\/60536\/revisions\/78136"}],"up":[{"embeddable":true,"href":"https:\/\/global-exam.com\/blog\/wp-json\/wp\/v2\/pages\/2863"}],"wp:attachment":[{"href":"https:\/\/global-exam.com\/blog\/wp-json\/wp\/v2\/media?parent=60536"}],"curies":[{"name":"wp","href":"https:\/\/api.w.org\/{rel}","templated":true}]}}