{"id":60542,"date":"2021-08-16T18:44:50","date_gmt":"2021-08-16T16:44:50","guid":{"rendered":"https:\/\/global-exam.com\/blog\/?page_id=60542"},"modified":"2022-08-18T16:52:07","modified_gmt":"2022-08-18T14:52:07","slug":"categorie-business-english-apprendre-langlais","status":"publish","type":"page","link":"https:\/\/global-exam.com\/blog\/fr\/business-english\/categorie-business-english-apprendre-langlais\/","title":{"rendered":"Global Business &#8211; Apprendre l&rsquo;anglais professionnel"},"content":{"rendered":"<p>Ma\u00eetriser l&rsquo;anglais professionnel<\/p>\n<p>Gr\u00e2ce \u00e0 la formation Global Business de GlobalExam, <strong>progressez en anglais<\/strong> sur des th\u00e9matiques li\u00e9es \u00e0 vos comp\u00e9tences professionnelles, \u00e0 votre m\u00e9tier ou \u00e0 votre secteur d&rsquo;activit\u00e9 !<\/p>\n<p>D\u00e9couvrez des astuces pour\u00a0<strong>ma\u00eetriser votre prononciation en anglais<\/strong>, les strat\u00e9gies pour progresser en anglais \u00e0 travers un <strong>apprentissage en ligne<\/strong>,\u00a0ainsi que\u00a0les techniques pour <strong>renforcer vos comp\u00e9tences \u00e0 l\u2019oral<\/strong>, enrichir votre vocabulaire et conna\u00eetre les expressions typiques de l\u2019anglais commercial.<\/p>\n<p>Sans oublier nos conseils pour un travail efficace et r\u00e9gulier, ainsi que pour effectuer les choix\u00a0<strong>de niveau adapt\u00e9s<\/strong>\u00a0(d\u00e9butant-interm\u00e9diaire-avanc\u00e9), ainsi que de m\u00e9tier\u00a0:\u00a0Marketing,\u00a0Communication,\u00a0Finance,\u00a0Vente, etc.<\/p>\n","protected":false},"excerpt":{"rendered":"<p>Ma\u00eetriser l&rsquo;anglais professionnel Gr\u00e2ce \u00e0 la formation Global Business de GlobalExam, progressez en anglais sur des th\u00e9matiques li\u00e9es \u00e0 vos comp\u00e9tences professionnelles, [&hellip;]<\/p>\n","protected":false},"author":2,"featured_media":77099,"parent":23041,"menu_order":0,"comment_status":"closed","ping_status":"closed","template":"","meta":[],"acf":[],"yoast_head":"<!-- This site is optimized with the Yoast SEO plugin v17.2.1 - https:\/\/yoast.com\/wordpress\/plugins\/seo\/ -->\n<title>Apprendre l&#039;anglais professionnel - Global Business<\/title>\n<meta name=\"description\" content=\"D\u00e9veloppez vos comp\u00e9tences en anglais professionnel pour booster votre carri\u00e8re et ma\u00eetriser le vocabulaire li\u00e9 \u00e0 votre m\u00e9tier et industrie.\" \/>\n<meta name=\"robots\" content=\"index, follow, max-snippet:-1, max-image-preview:large, max-video-preview:-1\" \/>\n<link rel=\"canonical\" href=\"https:\/\/global-exam.com\/blog\/fr\/business-english\/categorie-business-english-apprendre-langlais\/\" \/>\n<meta property=\"og:locale\" content=\"fr_FR\" \/>\n<meta property=\"og:type\" content=\"article\" \/>\n<meta property=\"og:title\" content=\"Apprendre l&#039;anglais professionnel - Global Business\" \/>\n<meta property=\"og:description\" content=\"D\u00e9veloppez vos comp\u00e9tences en anglais professionnel pour booster votre carri\u00e8re et ma\u00eetriser le vocabulaire li\u00e9 \u00e0 votre m\u00e9tier et industrie.\" \/>\n<meta property=\"og:url\" content=\"https:\/\/global-exam.com\/blog\/fr\/business-english\/categorie-business-english-apprendre-langlais\/\" \/>\n<meta property=\"og:site_name\" content=\"GlobalExam Blog\" \/>\n<meta property=\"article:publisher\" content=\"https:\/\/www.facebook.com\/Global.Exam\" \/>\n<meta property=\"article:modified_time\" content=\"2022-08-18T14:52:07+00:00\" \/>\n<meta property=\"og:image\" content=\"https:\/\/global-exam.com\/blog\/wp-content\/uploads\/2022\/06\/apprendre-business-english-e1656516996194.jpg\" \/>\n\t<meta property=\"og:image:width\" content=\"650\" \/>\n\t<meta property=\"og:image:height\" content=\"650\" \/>\n<meta name=\"twitter:card\" content=\"summary_large_image\" \/>\n<meta name=\"twitter:site\" content=\"@Global_Exam\" \/>\n<meta name=\"twitter:label1\" content=\"Dur\u00e9e de lecture estim\u00e9e\" \/>\n\t<meta name=\"twitter:data1\" content=\"1 minute\" \/>\n<script type=\"application\/ld+json\" class=\"yoast-schema-graph\">{\"@context\":\"https:\/\/schema.org\",\"@graph\":[{\"@type\":\"WebSite\",\"@id\":\"https:\/\/global-exam.com\/blog\/#website\",\"url\":\"https:\/\/global-exam.com\/blog\/\",\"name\":\"GlobalExam Blog\",\"description\":\"Le blog du sp\\u00e9cialiste de la certification linguistique\",\"potentialAction\":[{\"@type\":\"SearchAction\",\"target\":{\"@type\":\"EntryPoint\",\"urlTemplate\":\"https:\/\/global-exam.com\/blog\/?s={search_term_string}\"},\"query-input\":\"required name=search_term_string\"}],\"inLanguage\":\"fr-FR\"},{\"@type\":\"ImageObject\",\"@id\":\"https:\/\/global-exam.com\/blog\/fr\/business-english\/categorie-business-english-apprendre-langlais\/#primaryimage\",\"inLanguage\":\"fr-FR\",\"url\":\"https:\/\/global-exam.com\/blog\/wp-content\/uploads\/2022\/06\/apprendre-business-english-e1656516996194.jpg\",\"contentUrl\":\"https:\/\/global-exam.com\/blog\/wp-content\/uploads\/2022\/06\/apprendre-business-english-e1656516996194.jpg\",\"width\":650,\"height\":650,\"caption\":\"Apprendre le Business English avec GlobalExam\"},{\"@type\":\"WebPage\",\"@id\":\"https:\/\/global-exam.com\/blog\/fr\/business-english\/categorie-business-english-apprendre-langlais\/#webpage\",\"url\":\"https:\/\/global-exam.com\/blog\/fr\/business-english\/categorie-business-english-apprendre-langlais\/\",\"name\":\"Apprendre l'anglais professionnel - Global Business\",\"isPartOf\":{\"@id\":\"https:\/\/global-exam.com\/blog\/#website\"},\"primaryImageOfPage\":{\"@id\":\"https:\/\/global-exam.com\/blog\/fr\/business-english\/categorie-business-english-apprendre-langlais\/#primaryimage\"},\"datePublished\":\"2021-08-16T16:44:50+00:00\",\"dateModified\":\"2022-08-18T14:52:07+00:00\",\"description\":\"D\\u00e9veloppez vos comp\\u00e9tences en anglais professionnel pour booster votre carri\\u00e8re et ma\\u00eetriser le vocabulaire li\\u00e9 \\u00e0 votre m\\u00e9tier et industrie.\",\"breadcrumb\":{\"@id\":\"https:\/\/global-exam.com\/blog\/fr\/business-english\/categorie-business-english-apprendre-langlais\/#breadcrumb\"},\"inLanguage\":\"fr-FR\",\"potentialAction\":[{\"@type\":\"ReadAction\",\"target\":[\"https:\/\/global-exam.com\/blog\/fr\/business-english\/categorie-business-english-apprendre-langlais\/\"]}]},{\"@type\":\"BreadcrumbList\",\"@id\":\"https:\/\/global-exam.com\/blog\/fr\/business-english\/categorie-business-english-apprendre-langlais\/#breadcrumb\",\"itemListElement\":[{\"@type\":\"ListItem\",\"position\":1,\"name\":\"Business English : r\\u00e9visez l&rsquo;anglais professionnel\",\"item\":\"https:\/\/global-exam.com\/blog\/fr\/anglais-professionnel-business-english\/\"},{\"@type\":\"ListItem\",\"position\":2,\"name\":\"Global Business &#8211; Apprendre l&rsquo;anglais professionnel\"}]}]}<\/script>\n<!-- \/ Yoast SEO plugin. -->","yoast_head_json":{"title":"Apprendre l'anglais professionnel - Global Business","description":"D\u00e9veloppez vos comp\u00e9tences en anglais professionnel pour booster votre carri\u00e8re et ma\u00eetriser le vocabulaire li\u00e9 \u00e0 votre m\u00e9tier et industrie.","robots":{"index":"index","follow":"follow","max-snippet":"max-snippet:-1","max-image-preview":"max-image-preview:large","max-video-preview":"max-video-preview:-1"},"canonical":"https:\/\/global-exam.com\/blog\/fr\/business-english\/categorie-business-english-apprendre-langlais\/","og_locale":"fr_FR","og_type":"article","og_title":"Apprendre l'anglais professionnel - Global Business","og_description":"D\u00e9veloppez vos comp\u00e9tences en anglais professionnel pour booster votre carri\u00e8re et ma\u00eetriser le vocabulaire li\u00e9 \u00e0 votre m\u00e9tier et industrie.","og_url":"https:\/\/global-exam.com\/blog\/fr\/business-english\/categorie-business-english-apprendre-langlais\/","og_site_name":"GlobalExam Blog","article_publisher":"https:\/\/www.facebook.com\/Global.Exam","article_modified_time":"2022-08-18T14:52:07+00:00","og_image":[{"width":650,"height":650,"url":"https:\/\/global-exam.com\/blog\/wp-content\/uploads\/2022\/06\/apprendre-business-english-e1656516996194.jpg","path":"\/home\/forge\/prod-20220704.global-exam.com\/wp-content\/uploads\/2022\/06\/apprendre-business-english-e1656516996194.jpg","size":"full","id":77099,"alt":"Apprendre le Business English avec GlobalExam","pixels":422500,"type":"image\/jpeg"}],"twitter_card":"summary_large_image","twitter_site":"@Global_Exam","twitter_misc":{"Dur\u00e9e de lecture estim\u00e9e":"1 minute"},"schema":{"@context":"https:\/\/schema.org","@graph":[{"@type":"WebSite","@id":"https:\/\/global-exam.com\/blog\/#website","url":"https:\/\/global-exam.com\/blog\/","name":"GlobalExam Blog","description":"Le blog du sp\u00e9cialiste de la certification linguistique","potentialAction":[{"@type":"SearchAction","target":{"@type":"EntryPoint","urlTemplate":"https:\/\/global-exam.com\/blog\/?s={search_term_string}"},"query-input":"required name=search_term_string"}],"inLanguage":"fr-FR"},{"@type":"ImageObject","@id":"https:\/\/global-exam.com\/blog\/fr\/business-english\/categorie-business-english-apprendre-langlais\/#primaryimage","inLanguage":"fr-FR","url":"https:\/\/global-exam.com\/blog\/wp-content\/uploads\/2022\/06\/apprendre-business-english-e1656516996194.jpg","contentUrl":"https:\/\/global-exam.com\/blog\/wp-content\/uploads\/2022\/06\/apprendre-business-english-e1656516996194.jpg","width":650,"height":650,"caption":"Apprendre le Business English avec GlobalExam"},{"@type":"WebPage","@id":"https:\/\/global-exam.com\/blog\/fr\/business-english\/categorie-business-english-apprendre-langlais\/#webpage","url":"https:\/\/global-exam.com\/blog\/fr\/business-english\/categorie-business-english-apprendre-langlais\/","name":"Apprendre l'anglais professionnel - Global Business","isPartOf":{"@id":"https:\/\/global-exam.com\/blog\/#website"},"primaryImageOfPage":{"@id":"https:\/\/global-exam.com\/blog\/fr\/business-english\/categorie-business-english-apprendre-langlais\/#primaryimage"},"datePublished":"2021-08-16T16:44:50+00:00","dateModified":"2022-08-18T14:52:07+00:00","description":"D\u00e9veloppez vos comp\u00e9tences en anglais professionnel pour booster votre carri\u00e8re et ma\u00eetriser le vocabulaire li\u00e9 \u00e0 votre m\u00e9tier et industrie.","breadcrumb":{"@id":"https:\/\/global-exam.com\/blog\/fr\/business-english\/categorie-business-english-apprendre-langlais\/#breadcrumb"},"inLanguage":"fr-FR","potentialAction":[{"@type":"ReadAction","target":["https:\/\/global-exam.com\/blog\/fr\/business-english\/categorie-business-english-apprendre-langlais\/"]}]},{"@type":"BreadcrumbList","@id":"https:\/\/global-exam.com\/blog\/fr\/business-english\/categorie-business-english-apprendre-langlais\/#breadcrumb","itemListElement":[{"@type":"ListItem","position":1,"name":"Business English : r\u00e9visez l&rsquo;anglais professionnel","item":"https:\/\/global-exam.com\/blog\/fr\/anglais-professionnel-business-english\/"},{"@type":"ListItem","position":2,"name":"Global Business &#8211; Apprendre l&rsquo;anglais professionnel"}]}]}},"lang":"fr","translations":{"fr":60542},"pll_sync_post":[],"_links":{"self":[{"href":"https:\/\/global-exam.com\/blog\/wp-json\/wp\/v2\/pages\/60542"}],"collection":[{"href":"https:\/\/global-exam.com\/blog\/wp-json\/wp\/v2\/pages"}],"about":[{"href":"https:\/\/global-exam.com\/blog\/wp-json\/wp\/v2\/types\/page"}],"author":[{"embeddable":true,"href":"https:\/\/global-exam.com\/blog\/wp-json\/wp\/v2\/users\/2"}],"replies":[{"embeddable":true,"href":"https:\/\/global-exam.com\/blog\/wp-json\/wp\/v2\/comments?post=60542"}],"version-history":[{"count":14,"href":"https:\/\/global-exam.com\/blog\/wp-json\/wp\/v2\/pages\/60542\/revisions"}],"predecessor-version":[{"id":78261,"href":"https:\/\/global-exam.com\/blog\/wp-json\/wp\/v2\/pages\/60542\/revisions\/78261"}],"up":[{"embeddable":true,"href":"https:\/\/global-exam.com\/blog\/wp-json\/wp\/v2\/pages\/23041"}],"wp:featuredmedia":[{"embeddable":true,"href":"https:\/\/global-exam.com\/blog\/wp-json\/wp\/v2\/media\/77099"}],"wp:attachment":[{"href":"https:\/\/global-exam.com\/blog\/wp-json\/wp\/v2\/media?parent=60542"}],"curies":[{"name":"wp","href":"https:\/\/api.w.org\/{rel}","templated":true}]}}