{"id":60547,"date":"2021-08-16T18:47:52","date_gmt":"2021-08-16T16:47:52","guid":{"rendered":"https:\/\/global-exam.com\/blog\/?page_id=60547"},"modified":"2022-08-18T16:53:03","modified_gmt":"2022-08-18T14:53:03","slug":"categorie-job-skills","status":"publish","type":"page","link":"https:\/\/global-exam.com\/blog\/fr\/business-english\/categorie-job-skills\/","title":{"rendered":"Job Skills"},"content":{"rendered":"<p>Ma\u00eetriser l&rsquo;anglais sp\u00e9cifique \u00e0 votre m\u00e9tier<\/p>\n<p>Vous travaillez en tant que Commercial ? Vous \u00eates en poste au d\u00e9partement Ressources Humaines, Marketing ou encore Service Client de votre entreprise ? D\u00e9couvrez nos articles et conseils pour progresser en anglais sur le vocabulaire li\u00e9 \u00e0 vos missions quotidiennes ! Les parcours par m\u00e9tier Global Business vous permettent de vous former en anglais professionnel de mani\u00e8re cibl\u00e9e. Alors, qu&rsquo;attendez-vous pour <strong>booster votre carri\u00e8re<\/strong> ?<\/p>\n<p>D\u00e9couvrez dans cette rubrique le<strong>\u00a0parcours sp\u00e9cifique \u00e0 chaque m\u00e9tier<\/strong>\u00a0: anglais pour le Management, les Ressources Humaines, la Communication, le Marketing, le Customer Success Management (CSM), le secteur Achats ou Commercial.<\/p>\n","protected":false},"excerpt":{"rendered":"<p>Ma\u00eetriser l&rsquo;anglais sp\u00e9cifique \u00e0 votre m\u00e9tier Vous travaillez en tant que Commercial ? Vous \u00eates en poste au d\u00e9partement Ressources Humaines, Marketing [&hellip;]<\/p>\n","protected":false},"author":2,"featured_media":77099,"parent":23041,"menu_order":0,"comment_status":"closed","ping_status":"closed","template":"","meta":[],"acf":[],"yoast_head":"<!-- This site is optimized with the Yoast SEO plugin v17.2.1 - https:\/\/yoast.com\/wordpress\/plugins\/seo\/ -->\n<title>La maitrise de l&#039;anglais pour sa carri\u00e8re | GlobalExam<\/title>\n<meta name=\"description\" content=\"Progresser en anglais professionnel peut \u00eatre d\u00e9terminant pour booster sa carri\u00e8re et d\u00e9velopper son employabilit\u00e9. D\u00e9couvrez nos articles.\" \/>\n<meta name=\"robots\" content=\"index, follow, max-snippet:-1, max-image-preview:large, max-video-preview:-1\" \/>\n<link rel=\"canonical\" href=\"https:\/\/global-exam.com\/blog\/fr\/business-english\/categorie-job-skills\/\" \/>\n<meta property=\"og:locale\" content=\"fr_FR\" \/>\n<meta property=\"og:type\" content=\"article\" \/>\n<meta property=\"og:title\" content=\"La maitrise de l&#039;anglais pour sa carri\u00e8re | GlobalExam\" \/>\n<meta property=\"og:description\" content=\"Progresser en anglais professionnel peut \u00eatre d\u00e9terminant pour booster sa carri\u00e8re et d\u00e9velopper son employabilit\u00e9. D\u00e9couvrez nos articles.\" \/>\n<meta property=\"og:url\" content=\"https:\/\/global-exam.com\/blog\/fr\/business-english\/categorie-job-skills\/\" \/>\n<meta property=\"og:site_name\" content=\"GlobalExam Blog\" \/>\n<meta property=\"article:publisher\" content=\"https:\/\/www.facebook.com\/Global.Exam\" \/>\n<meta property=\"article:modified_time\" content=\"2022-08-18T14:53:03+00:00\" \/>\n<meta property=\"og:image\" content=\"https:\/\/global-exam.com\/blog\/wp-content\/uploads\/2022\/06\/apprendre-business-english-e1656516996194.jpg\" \/>\n\t<meta property=\"og:image:width\" content=\"650\" \/>\n\t<meta property=\"og:image:height\" content=\"650\" \/>\n<meta name=\"twitter:card\" content=\"summary_large_image\" \/>\n<meta name=\"twitter:site\" content=\"@Global_Exam\" \/>\n<meta name=\"twitter:label1\" content=\"Dur\u00e9e de lecture estim\u00e9e\" \/>\n\t<meta name=\"twitter:data1\" content=\"1 minute\" \/>\n<script type=\"application\/ld+json\" class=\"yoast-schema-graph\">{\"@context\":\"https:\/\/schema.org\",\"@graph\":[{\"@type\":\"WebSite\",\"@id\":\"https:\/\/global-exam.com\/blog\/#website\",\"url\":\"https:\/\/global-exam.com\/blog\/\",\"name\":\"GlobalExam Blog\",\"description\":\"Le blog du sp\\u00e9cialiste de la certification linguistique\",\"potentialAction\":[{\"@type\":\"SearchAction\",\"target\":{\"@type\":\"EntryPoint\",\"urlTemplate\":\"https:\/\/global-exam.com\/blog\/?s={search_term_string}\"},\"query-input\":\"required name=search_term_string\"}],\"inLanguage\":\"fr-FR\"},{\"@type\":\"ImageObject\",\"@id\":\"https:\/\/global-exam.com\/blog\/fr\/business-english\/categorie-job-skills\/#primaryimage\",\"inLanguage\":\"fr-FR\",\"url\":\"https:\/\/global-exam.com\/blog\/wp-content\/uploads\/2022\/06\/apprendre-business-english-e1656516996194.jpg\",\"contentUrl\":\"https:\/\/global-exam.com\/blog\/wp-content\/uploads\/2022\/06\/apprendre-business-english-e1656516996194.jpg\",\"width\":650,\"height\":650,\"caption\":\"Apprendre le Business English avec GlobalExam\"},{\"@type\":\"WebPage\",\"@id\":\"https:\/\/global-exam.com\/blog\/fr\/business-english\/categorie-job-skills\/#webpage\",\"url\":\"https:\/\/global-exam.com\/blog\/fr\/business-english\/categorie-job-skills\/\",\"name\":\"La maitrise de l'anglais pour sa carri\\u00e8re | GlobalExam\",\"isPartOf\":{\"@id\":\"https:\/\/global-exam.com\/blog\/#website\"},\"primaryImageOfPage\":{\"@id\":\"https:\/\/global-exam.com\/blog\/fr\/business-english\/categorie-job-skills\/#primaryimage\"},\"datePublished\":\"2021-08-16T16:47:52+00:00\",\"dateModified\":\"2022-08-18T14:53:03+00:00\",\"description\":\"Progresser en anglais professionnel peut \\u00eatre d\\u00e9terminant pour booster sa carri\\u00e8re et d\\u00e9velopper son employabilit\\u00e9. D\\u00e9couvrez nos articles.\",\"breadcrumb\":{\"@id\":\"https:\/\/global-exam.com\/blog\/fr\/business-english\/categorie-job-skills\/#breadcrumb\"},\"inLanguage\":\"fr-FR\",\"potentialAction\":[{\"@type\":\"ReadAction\",\"target\":[\"https:\/\/global-exam.com\/blog\/fr\/business-english\/categorie-job-skills\/\"]}]},{\"@type\":\"BreadcrumbList\",\"@id\":\"https:\/\/global-exam.com\/blog\/fr\/business-english\/categorie-job-skills\/#breadcrumb\",\"itemListElement\":[{\"@type\":\"ListItem\",\"position\":1,\"name\":\"Business English : r\\u00e9visez l&rsquo;anglais professionnel\",\"item\":\"https:\/\/global-exam.com\/blog\/fr\/anglais-professionnel-business-english\/\"},{\"@type\":\"ListItem\",\"position\":2,\"name\":\"Job Skills\"}]}]}<\/script>\n<!-- \/ Yoast SEO plugin. -->","yoast_head_json":{"title":"La maitrise de l'anglais pour sa carri\u00e8re | GlobalExam","description":"Progresser en anglais professionnel peut \u00eatre d\u00e9terminant pour booster sa carri\u00e8re et d\u00e9velopper son employabilit\u00e9. D\u00e9couvrez nos articles.","robots":{"index":"index","follow":"follow","max-snippet":"max-snippet:-1","max-image-preview":"max-image-preview:large","max-video-preview":"max-video-preview:-1"},"canonical":"https:\/\/global-exam.com\/blog\/fr\/business-english\/categorie-job-skills\/","og_locale":"fr_FR","og_type":"article","og_title":"La maitrise de l'anglais pour sa carri\u00e8re | GlobalExam","og_description":"Progresser en anglais professionnel peut \u00eatre d\u00e9terminant pour booster sa carri\u00e8re et d\u00e9velopper son employabilit\u00e9. D\u00e9couvrez nos articles.","og_url":"https:\/\/global-exam.com\/blog\/fr\/business-english\/categorie-job-skills\/","og_site_name":"GlobalExam Blog","article_publisher":"https:\/\/www.facebook.com\/Global.Exam","article_modified_time":"2022-08-18T14:53:03+00:00","og_image":[{"width":650,"height":650,"url":"https:\/\/global-exam.com\/blog\/wp-content\/uploads\/2022\/06\/apprendre-business-english-e1656516996194.jpg","path":"\/home\/forge\/prod-20220704.global-exam.com\/wp-content\/uploads\/2022\/06\/apprendre-business-english-e1656516996194.jpg","size":"full","id":77099,"alt":"Apprendre le Business English avec GlobalExam","pixels":422500,"type":"image\/jpeg"}],"twitter_card":"summary_large_image","twitter_site":"@Global_Exam","twitter_misc":{"Dur\u00e9e de lecture estim\u00e9e":"1 minute"},"schema":{"@context":"https:\/\/schema.org","@graph":[{"@type":"WebSite","@id":"https:\/\/global-exam.com\/blog\/#website","url":"https:\/\/global-exam.com\/blog\/","name":"GlobalExam Blog","description":"Le blog du sp\u00e9cialiste de la certification linguistique","potentialAction":[{"@type":"SearchAction","target":{"@type":"EntryPoint","urlTemplate":"https:\/\/global-exam.com\/blog\/?s={search_term_string}"},"query-input":"required name=search_term_string"}],"inLanguage":"fr-FR"},{"@type":"ImageObject","@id":"https:\/\/global-exam.com\/blog\/fr\/business-english\/categorie-job-skills\/#primaryimage","inLanguage":"fr-FR","url":"https:\/\/global-exam.com\/blog\/wp-content\/uploads\/2022\/06\/apprendre-business-english-e1656516996194.jpg","contentUrl":"https:\/\/global-exam.com\/blog\/wp-content\/uploads\/2022\/06\/apprendre-business-english-e1656516996194.jpg","width":650,"height":650,"caption":"Apprendre le Business English avec GlobalExam"},{"@type":"WebPage","@id":"https:\/\/global-exam.com\/blog\/fr\/business-english\/categorie-job-skills\/#webpage","url":"https:\/\/global-exam.com\/blog\/fr\/business-english\/categorie-job-skills\/","name":"La maitrise de l'anglais pour sa carri\u00e8re | GlobalExam","isPartOf":{"@id":"https:\/\/global-exam.com\/blog\/#website"},"primaryImageOfPage":{"@id":"https:\/\/global-exam.com\/blog\/fr\/business-english\/categorie-job-skills\/#primaryimage"},"datePublished":"2021-08-16T16:47:52+00:00","dateModified":"2022-08-18T14:53:03+00:00","description":"Progresser en anglais professionnel peut \u00eatre d\u00e9terminant pour booster sa carri\u00e8re et d\u00e9velopper son employabilit\u00e9. D\u00e9couvrez nos articles.","breadcrumb":{"@id":"https:\/\/global-exam.com\/blog\/fr\/business-english\/categorie-job-skills\/#breadcrumb"},"inLanguage":"fr-FR","potentialAction":[{"@type":"ReadAction","target":["https:\/\/global-exam.com\/blog\/fr\/business-english\/categorie-job-skills\/"]}]},{"@type":"BreadcrumbList","@id":"https:\/\/global-exam.com\/blog\/fr\/business-english\/categorie-job-skills\/#breadcrumb","itemListElement":[{"@type":"ListItem","position":1,"name":"Business English : r\u00e9visez l&rsquo;anglais professionnel","item":"https:\/\/global-exam.com\/blog\/fr\/anglais-professionnel-business-english\/"},{"@type":"ListItem","position":2,"name":"Job Skills"}]}]}},"lang":"fr","translations":{"fr":60547},"pll_sync_post":[],"_links":{"self":[{"href":"https:\/\/global-exam.com\/blog\/wp-json\/wp\/v2\/pages\/60547"}],"collection":[{"href":"https:\/\/global-exam.com\/blog\/wp-json\/wp\/v2\/pages"}],"about":[{"href":"https:\/\/global-exam.com\/blog\/wp-json\/wp\/v2\/types\/page"}],"author":[{"embeddable":true,"href":"https:\/\/global-exam.com\/blog\/wp-json\/wp\/v2\/users\/2"}],"replies":[{"embeddable":true,"href":"https:\/\/global-exam.com\/blog\/wp-json\/wp\/v2\/comments?post=60547"}],"version-history":[{"count":10,"href":"https:\/\/global-exam.com\/blog\/wp-json\/wp\/v2\/pages\/60547\/revisions"}],"predecessor-version":[{"id":78262,"href":"https:\/\/global-exam.com\/blog\/wp-json\/wp\/v2\/pages\/60547\/revisions\/78262"}],"up":[{"embeddable":true,"href":"https:\/\/global-exam.com\/blog\/wp-json\/wp\/v2\/pages\/23041"}],"wp:featuredmedia":[{"embeddable":true,"href":"https:\/\/global-exam.com\/blog\/wp-json\/wp\/v2\/media\/77099"}],"wp:attachment":[{"href":"https:\/\/global-exam.com\/blog\/wp-json\/wp\/v2\/media?parent=60547"}],"curies":[{"name":"wp","href":"https:\/\/api.w.org\/{rel}","templated":true}]}}