{"id":60604,"date":"2021-08-17T09:33:36","date_gmt":"2021-08-17T07:33:36","guid":{"rendered":"https:\/\/global-exam.com\/blog\/?page_id=60604"},"modified":"2022-08-18T10:23:01","modified_gmt":"2022-08-18T08:23:01","slug":"categorie-consignes-du-bright-deutsch","status":"publish","type":"page","link":"https:\/\/global-exam.com\/blog\/fr\/examens\/bright-deutsch\/categorie-consignes-du-bright-deutsch\/","title":{"rendered":"Consignes du Bright Deutsch"},"content":{"rendered":"<p>Conna\u00eetre les consignes du BRIGHT Deutsch<\/p>\n<p>Dans cette cat\u00e9gorie, nous vous expliquerons les diff\u00e9rentes parties que vous pourrez retrouver dans le test. Que ce soit la <strong>section Reading ou encore la section Listening<\/strong>, toutes les informations importantes sont ici.<\/p>\n<p>Pourquoi est-ce important de s\u2019y r\u00e9f\u00e9rer\u00a0? Tout simplement parce que cela peut vous aider \u00e0 vous y pr\u00e9parer. De plus, sachez que GlobalExam a pour but de vous aider \u00e0 vous entra\u00eener efficacement aux <strong>diff\u00e9rentes parties du Bright Deutsch<\/strong>.<\/p>\n<p>Vous avez besoin d\u2019exemples pr\u00e9cis\u00a0? Nous t\u00e2chons de vous en partager plusieurs afin que vous soyez <strong>pr\u00eats le jour de l\u2019examen<\/strong> et que vous ne rencontriez aucune mauvaise surprise. Si vous prenez vraiment le temps de vous entra\u00eener sur les deux parties, vous optimisez vos chances de r\u00e9ussite.<\/p>\n","protected":false},"excerpt":{"rendered":"<p>Conna\u00eetre les consignes du BRIGHT Deutsch Dans cette cat\u00e9gorie, nous vous expliquerons les diff\u00e9rentes parties que vous pourrez retrouver dans le test. [&hellip;]<\/p>\n","protected":false},"author":24,"featured_media":0,"parent":2857,"menu_order":0,"comment_status":"closed","ping_status":"closed","template":"","meta":[],"acf":[],"yoast_head":"<!-- This site is optimized with the Yoast SEO plugin v17.2.1 - https:\/\/yoast.com\/wordpress\/plugins\/seo\/ -->\n<title>Consignes du Bright Deutsch<\/title>\n<meta name=\"robots\" content=\"index, follow, max-snippet:-1, max-image-preview:large, max-video-preview:-1\" \/>\n<link rel=\"canonical\" href=\"https:\/\/global-exam.com\/blog\/fr\/examens\/bright-deutsch\/categorie-consignes-du-bright-deutsch\/\" \/>\n<meta property=\"og:locale\" content=\"fr_FR\" \/>\n<meta property=\"og:type\" content=\"article\" \/>\n<meta property=\"og:title\" content=\"Consignes du Bright Deutsch\" \/>\n<meta property=\"og:description\" content=\"Conna\u00eetre les consignes du BRIGHT Deutsch Dans cette cat\u00e9gorie, nous vous expliquerons les diff\u00e9rentes parties que vous pourrez retrouver dans le test. [&hellip;]\" \/>\n<meta property=\"og:url\" content=\"https:\/\/global-exam.com\/blog\/fr\/examens\/bright-deutsch\/categorie-consignes-du-bright-deutsch\/\" \/>\n<meta property=\"og:site_name\" content=\"GlobalExam Blog\" \/>\n<meta property=\"article:publisher\" content=\"https:\/\/www.facebook.com\/Global.Exam\" \/>\n<meta property=\"article:modified_time\" content=\"2022-08-18T08:23:01+00:00\" \/>\n<meta name=\"twitter:card\" content=\"summary_large_image\" \/>\n<meta name=\"twitter:site\" content=\"@Global_Exam\" \/>\n<meta name=\"twitter:label1\" content=\"Dur\u00e9e de lecture estim\u00e9e\" \/>\n\t<meta name=\"twitter:data1\" content=\"1 minute\" \/>\n<script type=\"application\/ld+json\" class=\"yoast-schema-graph\">{\"@context\":\"https:\/\/schema.org\",\"@graph\":[{\"@type\":\"WebSite\",\"@id\":\"https:\/\/global-exam.com\/blog\/#website\",\"url\":\"https:\/\/global-exam.com\/blog\/\",\"name\":\"GlobalExam Blog\",\"description\":\"Le blog du sp\\u00e9cialiste de la certification linguistique\",\"potentialAction\":[{\"@type\":\"SearchAction\",\"target\":{\"@type\":\"EntryPoint\",\"urlTemplate\":\"https:\/\/global-exam.com\/blog\/?s={search_term_string}\"},\"query-input\":\"required name=search_term_string\"}],\"inLanguage\":\"fr-FR\"},{\"@type\":\"WebPage\",\"@id\":\"https:\/\/global-exam.com\/blog\/fr\/examens\/bright-deutsch\/categorie-consignes-du-bright-deutsch\/#webpage\",\"url\":\"https:\/\/global-exam.com\/blog\/fr\/examens\/bright-deutsch\/categorie-consignes-du-bright-deutsch\/\",\"name\":\"Consignes du Bright Deutsch\",\"isPartOf\":{\"@id\":\"https:\/\/global-exam.com\/blog\/#website\"},\"datePublished\":\"2021-08-17T07:33:36+00:00\",\"dateModified\":\"2022-08-18T08:23:01+00:00\",\"breadcrumb\":{\"@id\":\"https:\/\/global-exam.com\/blog\/fr\/examens\/bright-deutsch\/categorie-consignes-du-bright-deutsch\/#breadcrumb\"},\"inLanguage\":\"fr-FR\",\"potentialAction\":[{\"@type\":\"ReadAction\",\"target\":[\"https:\/\/global-exam.com\/blog\/fr\/examens\/bright-deutsch\/categorie-consignes-du-bright-deutsch\/\"]}]},{\"@type\":\"BreadcrumbList\",\"@id\":\"https:\/\/global-exam.com\/blog\/fr\/examens\/bright-deutsch\/categorie-consignes-du-bright-deutsch\/#breadcrumb\",\"itemListElement\":[{\"@type\":\"ListItem\",\"position\":1,\"name\":\"Les examens de langue\",\"item\":\"https:\/\/global-exam.com\/blog\/fr\/examens\/\"},{\"@type\":\"ListItem\",\"position\":2,\"name\":\"BRIGHT Deutsch\",\"item\":\"https:\/\/global-exam.com\/blog\/fr\/examens\/bright-deutsch\/\"},{\"@type\":\"ListItem\",\"position\":3,\"name\":\"Consignes du Bright Deutsch\"}]}]}<\/script>\n<!-- \/ Yoast SEO plugin. -->","yoast_head_json":{"title":"Consignes du Bright Deutsch","robots":{"index":"index","follow":"follow","max-snippet":"max-snippet:-1","max-image-preview":"max-image-preview:large","max-video-preview":"max-video-preview:-1"},"canonical":"https:\/\/global-exam.com\/blog\/fr\/examens\/bright-deutsch\/categorie-consignes-du-bright-deutsch\/","og_locale":"fr_FR","og_type":"article","og_title":"Consignes du Bright Deutsch","og_description":"Conna\u00eetre les consignes du BRIGHT Deutsch Dans cette cat\u00e9gorie, nous vous expliquerons les diff\u00e9rentes parties que vous pourrez retrouver dans le test. [&hellip;]","og_url":"https:\/\/global-exam.com\/blog\/fr\/examens\/bright-deutsch\/categorie-consignes-du-bright-deutsch\/","og_site_name":"GlobalExam Blog","article_publisher":"https:\/\/www.facebook.com\/Global.Exam","article_modified_time":"2022-08-18T08:23:01+00:00","twitter_card":"summary_large_image","twitter_site":"@Global_Exam","twitter_misc":{"Dur\u00e9e de lecture estim\u00e9e":"1 minute"},"schema":{"@context":"https:\/\/schema.org","@graph":[{"@type":"WebSite","@id":"https:\/\/global-exam.com\/blog\/#website","url":"https:\/\/global-exam.com\/blog\/","name":"GlobalExam Blog","description":"Le blog du sp\u00e9cialiste de la certification linguistique","potentialAction":[{"@type":"SearchAction","target":{"@type":"EntryPoint","urlTemplate":"https:\/\/global-exam.com\/blog\/?s={search_term_string}"},"query-input":"required name=search_term_string"}],"inLanguage":"fr-FR"},{"@type":"WebPage","@id":"https:\/\/global-exam.com\/blog\/fr\/examens\/bright-deutsch\/categorie-consignes-du-bright-deutsch\/#webpage","url":"https:\/\/global-exam.com\/blog\/fr\/examens\/bright-deutsch\/categorie-consignes-du-bright-deutsch\/","name":"Consignes du Bright Deutsch","isPartOf":{"@id":"https:\/\/global-exam.com\/blog\/#website"},"datePublished":"2021-08-17T07:33:36+00:00","dateModified":"2022-08-18T08:23:01+00:00","breadcrumb":{"@id":"https:\/\/global-exam.com\/blog\/fr\/examens\/bright-deutsch\/categorie-consignes-du-bright-deutsch\/#breadcrumb"},"inLanguage":"fr-FR","potentialAction":[{"@type":"ReadAction","target":["https:\/\/global-exam.com\/blog\/fr\/examens\/bright-deutsch\/categorie-consignes-du-bright-deutsch\/"]}]},{"@type":"BreadcrumbList","@id":"https:\/\/global-exam.com\/blog\/fr\/examens\/bright-deutsch\/categorie-consignes-du-bright-deutsch\/#breadcrumb","itemListElement":[{"@type":"ListItem","position":1,"name":"Les examens de langue","item":"https:\/\/global-exam.com\/blog\/fr\/examens\/"},{"@type":"ListItem","position":2,"name":"BRIGHT Deutsch","item":"https:\/\/global-exam.com\/blog\/fr\/examens\/bright-deutsch\/"},{"@type":"ListItem","position":3,"name":"Consignes du Bright Deutsch"}]}]}},"lang":"fr","translations":{"fr":60604},"pll_sync_post":[],"_links":{"self":[{"href":"https:\/\/global-exam.com\/blog\/wp-json\/wp\/v2\/pages\/60604"}],"collection":[{"href":"https:\/\/global-exam.com\/blog\/wp-json\/wp\/v2\/pages"}],"about":[{"href":"https:\/\/global-exam.com\/blog\/wp-json\/wp\/v2\/types\/page"}],"author":[{"embeddable":true,"href":"https:\/\/global-exam.com\/blog\/wp-json\/wp\/v2\/users\/24"}],"replies":[{"embeddable":true,"href":"https:\/\/global-exam.com\/blog\/wp-json\/wp\/v2\/comments?post=60604"}],"version-history":[{"count":6,"href":"https:\/\/global-exam.com\/blog\/wp-json\/wp\/v2\/pages\/60604\/revisions"}],"predecessor-version":[{"id":78175,"href":"https:\/\/global-exam.com\/blog\/wp-json\/wp\/v2\/pages\/60604\/revisions\/78175"}],"up":[{"embeddable":true,"href":"https:\/\/global-exam.com\/blog\/wp-json\/wp\/v2\/pages\/2857"}],"wp:attachment":[{"href":"https:\/\/global-exam.com\/blog\/wp-json\/wp\/v2\/media?parent=60604"}],"curies":[{"name":"wp","href":"https:\/\/api.w.org\/{rel}","templated":true}]}}