{"id":60612,"date":"2021-08-17T09:39:39","date_gmt":"2021-08-17T07:39:39","guid":{"rendered":"https:\/\/global-exam.com\/blog\/?page_id=60612"},"modified":"2022-08-18T10:25:55","modified_gmt":"2022-08-18T08:25:55","slug":"categorie-supports-pour-sentrainer-au-bright-deutsch","status":"publish","type":"page","link":"https:\/\/global-exam.com\/blog\/fr\/examens\/bright-deutsch\/categorie-supports-pour-sentrainer-au-bright-deutsch\/","title":{"rendered":"Supports pour s&rsquo;entra\u00eener au Bright Deutsch"},"content":{"rendered":"<p>Ressources pour pr\u00e9parer le BRIGHT Deutsch<\/p>\n<p>Vous vous \u00eates <strong>inscrit au Bright Deutsch<\/strong> ? Vous avez d\u2019ores et d\u00e9j\u00e0 une date pour passer votre examen ? Pas de panique ! GlobalExam vous permet de vous entra\u00eener directement en ligne ! D\u00e9couvrez notre m\u00e9thodologie et nos exercices pour progresser.<\/p>\n<p>N\u00e9anmoins, avant d\u2019approfondir tout entra\u00eenement, vous pouvez <strong>passer un test gratuit<\/strong>. Ce dernier vous aidera \u00e0 conna\u00eetre votre niveau mais \u00e9galement \u00e0 savoir ce que vous devez am\u00e9liorer pour le jour de l\u2019examen.<\/p>\n<p>Dans cette cat\u00e9gorie, vous retrouverez \u00e9galement les raisons pour lesquelles il est <strong>important de s\u2019entra\u00eener<\/strong>, m\u00eame si vous avez un bon niveau. En effet, vous n\u2019\u00eates pas \u00e0 l\u2019abri de passer une s\u00e9rie plus difficile que les autres. Vous devez donc \u00eatre pr\u00e9par\u00e9 !<\/p>\n<p>GlobalExam vous conseille de vous entra\u00eener et de faire <strong>plusieurs tests Bright Deutsch blancs<\/strong>, si vous en avez la possibilit\u00e9. En effet, cela vous donnera des automatismes qui ne sont pas n\u00e9gligeables ! Pr\u00eat \u00e0 vous entra\u00eener pour le test ?<\/p>\n","protected":false},"excerpt":{"rendered":"<p>Ressources pour pr\u00e9parer le BRIGHT Deutsch Vous vous \u00eates inscrit au Bright Deutsch ? Vous avez d\u2019ores et d\u00e9j\u00e0 une date pour [&hellip;]<\/p>\n","protected":false},"author":24,"featured_media":0,"parent":2857,"menu_order":0,"comment_status":"closed","ping_status":"closed","template":"","meta":[],"acf":[],"yoast_head":"<!-- This site is optimized with the Yoast SEO plugin v17.2.1 - https:\/\/yoast.com\/wordpress\/plugins\/seo\/ -->\n<title>Supports pour s&#039;entra\u00eener au Bright Deutsch<\/title>\n<meta name=\"robots\" content=\"index, follow, max-snippet:-1, max-image-preview:large, max-video-preview:-1\" \/>\n<link rel=\"canonical\" href=\"https:\/\/global-exam.com\/blog\/fr\/examens\/bright-deutsch\/categorie-supports-pour-sentrainer-au-bright-deutsch\/\" \/>\n<meta property=\"og:locale\" content=\"fr_FR\" \/>\n<meta property=\"og:type\" content=\"article\" \/>\n<meta property=\"og:title\" content=\"Supports pour s&#039;entra\u00eener au Bright Deutsch\" \/>\n<meta property=\"og:description\" content=\"Ressources pour pr\u00e9parer le BRIGHT Deutsch Vous vous \u00eates inscrit au Bright Deutsch ? Vous avez d\u2019ores et d\u00e9j\u00e0 une date pour [&hellip;]\" \/>\n<meta property=\"og:url\" content=\"https:\/\/global-exam.com\/blog\/fr\/examens\/bright-deutsch\/categorie-supports-pour-sentrainer-au-bright-deutsch\/\" \/>\n<meta property=\"og:site_name\" content=\"GlobalExam Blog\" \/>\n<meta property=\"article:publisher\" content=\"https:\/\/www.facebook.com\/Global.Exam\" \/>\n<meta property=\"article:modified_time\" content=\"2022-08-18T08:25:55+00:00\" \/>\n<meta name=\"twitter:card\" content=\"summary_large_image\" \/>\n<meta name=\"twitter:site\" content=\"@Global_Exam\" \/>\n<meta name=\"twitter:label1\" content=\"Dur\u00e9e de lecture estim\u00e9e\" \/>\n\t<meta name=\"twitter:data1\" content=\"1 minute\" \/>\n<script type=\"application\/ld+json\" class=\"yoast-schema-graph\">{\"@context\":\"https:\/\/schema.org\",\"@graph\":[{\"@type\":\"WebSite\",\"@id\":\"https:\/\/global-exam.com\/blog\/#website\",\"url\":\"https:\/\/global-exam.com\/blog\/\",\"name\":\"GlobalExam Blog\",\"description\":\"Le blog du sp\\u00e9cialiste de la certification linguistique\",\"potentialAction\":[{\"@type\":\"SearchAction\",\"target\":{\"@type\":\"EntryPoint\",\"urlTemplate\":\"https:\/\/global-exam.com\/blog\/?s={search_term_string}\"},\"query-input\":\"required name=search_term_string\"}],\"inLanguage\":\"fr-FR\"},{\"@type\":\"WebPage\",\"@id\":\"https:\/\/global-exam.com\/blog\/fr\/examens\/bright-deutsch\/categorie-supports-pour-sentrainer-au-bright-deutsch\/#webpage\",\"url\":\"https:\/\/global-exam.com\/blog\/fr\/examens\/bright-deutsch\/categorie-supports-pour-sentrainer-au-bright-deutsch\/\",\"name\":\"Supports pour s'entra\\u00eener au Bright Deutsch\",\"isPartOf\":{\"@id\":\"https:\/\/global-exam.com\/blog\/#website\"},\"datePublished\":\"2021-08-17T07:39:39+00:00\",\"dateModified\":\"2022-08-18T08:25:55+00:00\",\"breadcrumb\":{\"@id\":\"https:\/\/global-exam.com\/blog\/fr\/examens\/bright-deutsch\/categorie-supports-pour-sentrainer-au-bright-deutsch\/#breadcrumb\"},\"inLanguage\":\"fr-FR\",\"potentialAction\":[{\"@type\":\"ReadAction\",\"target\":[\"https:\/\/global-exam.com\/blog\/fr\/examens\/bright-deutsch\/categorie-supports-pour-sentrainer-au-bright-deutsch\/\"]}]},{\"@type\":\"BreadcrumbList\",\"@id\":\"https:\/\/global-exam.com\/blog\/fr\/examens\/bright-deutsch\/categorie-supports-pour-sentrainer-au-bright-deutsch\/#breadcrumb\",\"itemListElement\":[{\"@type\":\"ListItem\",\"position\":1,\"name\":\"Les examens de langue\",\"item\":\"https:\/\/global-exam.com\/blog\/fr\/examens\/\"},{\"@type\":\"ListItem\",\"position\":2,\"name\":\"BRIGHT Deutsch\",\"item\":\"https:\/\/global-exam.com\/blog\/fr\/examens\/bright-deutsch\/\"},{\"@type\":\"ListItem\",\"position\":3,\"name\":\"Supports pour s&rsquo;entra\\u00eener au Bright Deutsch\"}]}]}<\/script>\n<!-- \/ Yoast SEO plugin. -->","yoast_head_json":{"title":"Supports pour s'entra\u00eener au Bright Deutsch","robots":{"index":"index","follow":"follow","max-snippet":"max-snippet:-1","max-image-preview":"max-image-preview:large","max-video-preview":"max-video-preview:-1"},"canonical":"https:\/\/global-exam.com\/blog\/fr\/examens\/bright-deutsch\/categorie-supports-pour-sentrainer-au-bright-deutsch\/","og_locale":"fr_FR","og_type":"article","og_title":"Supports pour s'entra\u00eener au Bright Deutsch","og_description":"Ressources pour pr\u00e9parer le BRIGHT Deutsch Vous vous \u00eates inscrit au Bright Deutsch ? Vous avez d\u2019ores et d\u00e9j\u00e0 une date pour [&hellip;]","og_url":"https:\/\/global-exam.com\/blog\/fr\/examens\/bright-deutsch\/categorie-supports-pour-sentrainer-au-bright-deutsch\/","og_site_name":"GlobalExam Blog","article_publisher":"https:\/\/www.facebook.com\/Global.Exam","article_modified_time":"2022-08-18T08:25:55+00:00","twitter_card":"summary_large_image","twitter_site":"@Global_Exam","twitter_misc":{"Dur\u00e9e de lecture estim\u00e9e":"1 minute"},"schema":{"@context":"https:\/\/schema.org","@graph":[{"@type":"WebSite","@id":"https:\/\/global-exam.com\/blog\/#website","url":"https:\/\/global-exam.com\/blog\/","name":"GlobalExam Blog","description":"Le blog du sp\u00e9cialiste de la certification linguistique","potentialAction":[{"@type":"SearchAction","target":{"@type":"EntryPoint","urlTemplate":"https:\/\/global-exam.com\/blog\/?s={search_term_string}"},"query-input":"required name=search_term_string"}],"inLanguage":"fr-FR"},{"@type":"WebPage","@id":"https:\/\/global-exam.com\/blog\/fr\/examens\/bright-deutsch\/categorie-supports-pour-sentrainer-au-bright-deutsch\/#webpage","url":"https:\/\/global-exam.com\/blog\/fr\/examens\/bright-deutsch\/categorie-supports-pour-sentrainer-au-bright-deutsch\/","name":"Supports pour s'entra\u00eener au Bright Deutsch","isPartOf":{"@id":"https:\/\/global-exam.com\/blog\/#website"},"datePublished":"2021-08-17T07:39:39+00:00","dateModified":"2022-08-18T08:25:55+00:00","breadcrumb":{"@id":"https:\/\/global-exam.com\/blog\/fr\/examens\/bright-deutsch\/categorie-supports-pour-sentrainer-au-bright-deutsch\/#breadcrumb"},"inLanguage":"fr-FR","potentialAction":[{"@type":"ReadAction","target":["https:\/\/global-exam.com\/blog\/fr\/examens\/bright-deutsch\/categorie-supports-pour-sentrainer-au-bright-deutsch\/"]}]},{"@type":"BreadcrumbList","@id":"https:\/\/global-exam.com\/blog\/fr\/examens\/bright-deutsch\/categorie-supports-pour-sentrainer-au-bright-deutsch\/#breadcrumb","itemListElement":[{"@type":"ListItem","position":1,"name":"Les examens de langue","item":"https:\/\/global-exam.com\/blog\/fr\/examens\/"},{"@type":"ListItem","position":2,"name":"BRIGHT Deutsch","item":"https:\/\/global-exam.com\/blog\/fr\/examens\/bright-deutsch\/"},{"@type":"ListItem","position":3,"name":"Supports pour s&rsquo;entra\u00eener au Bright Deutsch"}]}]}},"lang":"fr","translations":{"fr":60612},"pll_sync_post":[],"_links":{"self":[{"href":"https:\/\/global-exam.com\/blog\/wp-json\/wp\/v2\/pages\/60612"}],"collection":[{"href":"https:\/\/global-exam.com\/blog\/wp-json\/wp\/v2\/pages"}],"about":[{"href":"https:\/\/global-exam.com\/blog\/wp-json\/wp\/v2\/types\/page"}],"author":[{"embeddable":true,"href":"https:\/\/global-exam.com\/blog\/wp-json\/wp\/v2\/users\/24"}],"replies":[{"embeddable":true,"href":"https:\/\/global-exam.com\/blog\/wp-json\/wp\/v2\/comments?post=60612"}],"version-history":[{"count":6,"href":"https:\/\/global-exam.com\/blog\/wp-json\/wp\/v2\/pages\/60612\/revisions"}],"predecessor-version":[{"id":78178,"href":"https:\/\/global-exam.com\/blog\/wp-json\/wp\/v2\/pages\/60612\/revisions\/78178"}],"up":[{"embeddable":true,"href":"https:\/\/global-exam.com\/blog\/wp-json\/wp\/v2\/pages\/2857"}],"wp:attachment":[{"href":"https:\/\/global-exam.com\/blog\/wp-json\/wp\/v2\/media?parent=60612"}],"curies":[{"name":"wp","href":"https:\/\/api.w.org\/{rel}","templated":true}]}}