{"id":60620,"date":"2021-08-17T09:44:40","date_gmt":"2021-08-17T07:44:40","guid":{"rendered":"https:\/\/global-exam.com\/blog\/?page_id=60620"},"modified":"2022-08-18T10:24:56","modified_gmt":"2022-08-18T08:24:56","slug":"categorie-sinscrire-au-bright-deutsch","status":"publish","type":"page","link":"https:\/\/global-exam.com\/blog\/fr\/examens\/bright-deutsch\/categorie-sinscrire-au-bright-deutsch\/","title":{"rendered":"S&rsquo;inscrire au Bright Deutsch"},"content":{"rendered":"<p>S&rsquo;inscrire pour passer le BRIGHT Deutsch<\/p>\n<p>Dans cette cat\u00e9gorie, nous allons vous expliquer comment <strong>vous inscrire facilement et simplement au Bright Deutsch<\/strong> !<\/p>\n<p>Il s\u2019agit d\u2019un test \u00e0 l\u2019intention des entreprises. Si vous souhaitez que vos employ\u00e9s aient une certification en allemand, le Bright Deutsch est l\u2019un des tests qui vous sera propos\u00e9. N\u00e9anmoins, <strong>votre secteur d\u2019activit\u00e9 doit tout de m\u00eame \u00eatre \u00e9ligible<\/strong> \u00e0 ce test pour pouvoir y inscrire vos employ\u00e9s !<\/p>\n<p>Le test se passe sur ordinateur. N\u00e9anmoins, il faut se rendre dans un <strong>centre d\u2019examen pour le passer<\/strong>. Il dure entre 45 minutes et 1 heure.<\/p>\n<p><strong>Le Bright Deutsch<\/strong> s\u2019adresse aussi bien aux d\u00e9butants qu\u2019aux personnes ma\u00eetrisant la langue. Ce test est <strong>valable deux ans<\/strong> et peut bien \u00e9videmment \u00eatre ajout\u00e9 \u00e0 votre CV.<\/p>\n<p>Pr\u00eat \u00e0 vous lancer dans ce test ? N\u2019oubliez pas que GlobalExam peut vous aider \u00e0 atteindre le meilleur score possible !<\/p>\n","protected":false},"excerpt":{"rendered":"<p>S&rsquo;inscrire pour passer le BRIGHT Deutsch Dans cette cat\u00e9gorie, nous allons vous expliquer comment vous inscrire facilement et simplement au Bright Deutsch [&hellip;]<\/p>\n","protected":false},"author":24,"featured_media":0,"parent":2857,"menu_order":0,"comment_status":"closed","ping_status":"closed","template":"","meta":[],"acf":[],"yoast_head":"<!-- This site is optimized with the Yoast SEO plugin v17.2.1 - https:\/\/yoast.com\/wordpress\/plugins\/seo\/ -->\n<title>S&#039;inscrire au Bright Deutsch<\/title>\n<meta name=\"robots\" content=\"index, follow, max-snippet:-1, max-image-preview:large, max-video-preview:-1\" \/>\n<link rel=\"canonical\" href=\"https:\/\/global-exam.com\/blog\/fr\/examens\/bright-deutsch\/categorie-sinscrire-au-bright-deutsch\/\" \/>\n<meta property=\"og:locale\" content=\"fr_FR\" \/>\n<meta property=\"og:type\" content=\"article\" \/>\n<meta property=\"og:title\" content=\"S&#039;inscrire au Bright Deutsch\" \/>\n<meta property=\"og:description\" content=\"S&rsquo;inscrire pour passer le BRIGHT Deutsch Dans cette cat\u00e9gorie, nous allons vous expliquer comment vous inscrire facilement et simplement au Bright Deutsch [&hellip;]\" \/>\n<meta property=\"og:url\" content=\"https:\/\/global-exam.com\/blog\/fr\/examens\/bright-deutsch\/categorie-sinscrire-au-bright-deutsch\/\" \/>\n<meta property=\"og:site_name\" content=\"GlobalExam Blog\" \/>\n<meta property=\"article:publisher\" content=\"https:\/\/www.facebook.com\/Global.Exam\" \/>\n<meta property=\"article:modified_time\" content=\"2022-08-18T08:24:56+00:00\" \/>\n<meta name=\"twitter:card\" content=\"summary_large_image\" \/>\n<meta name=\"twitter:site\" content=\"@Global_Exam\" \/>\n<meta name=\"twitter:label1\" content=\"Dur\u00e9e de lecture estim\u00e9e\" \/>\n\t<meta name=\"twitter:data1\" content=\"1 minute\" \/>\n<script type=\"application\/ld+json\" class=\"yoast-schema-graph\">{\"@context\":\"https:\/\/schema.org\",\"@graph\":[{\"@type\":\"WebSite\",\"@id\":\"https:\/\/global-exam.com\/blog\/#website\",\"url\":\"https:\/\/global-exam.com\/blog\/\",\"name\":\"GlobalExam Blog\",\"description\":\"Le blog du sp\\u00e9cialiste de la certification linguistique\",\"potentialAction\":[{\"@type\":\"SearchAction\",\"target\":{\"@type\":\"EntryPoint\",\"urlTemplate\":\"https:\/\/global-exam.com\/blog\/?s={search_term_string}\"},\"query-input\":\"required name=search_term_string\"}],\"inLanguage\":\"fr-FR\"},{\"@type\":\"WebPage\",\"@id\":\"https:\/\/global-exam.com\/blog\/fr\/examens\/bright-deutsch\/categorie-sinscrire-au-bright-deutsch\/#webpage\",\"url\":\"https:\/\/global-exam.com\/blog\/fr\/examens\/bright-deutsch\/categorie-sinscrire-au-bright-deutsch\/\",\"name\":\"S'inscrire au Bright Deutsch\",\"isPartOf\":{\"@id\":\"https:\/\/global-exam.com\/blog\/#website\"},\"datePublished\":\"2021-08-17T07:44:40+00:00\",\"dateModified\":\"2022-08-18T08:24:56+00:00\",\"breadcrumb\":{\"@id\":\"https:\/\/global-exam.com\/blog\/fr\/examens\/bright-deutsch\/categorie-sinscrire-au-bright-deutsch\/#breadcrumb\"},\"inLanguage\":\"fr-FR\",\"potentialAction\":[{\"@type\":\"ReadAction\",\"target\":[\"https:\/\/global-exam.com\/blog\/fr\/examens\/bright-deutsch\/categorie-sinscrire-au-bright-deutsch\/\"]}]},{\"@type\":\"BreadcrumbList\",\"@id\":\"https:\/\/global-exam.com\/blog\/fr\/examens\/bright-deutsch\/categorie-sinscrire-au-bright-deutsch\/#breadcrumb\",\"itemListElement\":[{\"@type\":\"ListItem\",\"position\":1,\"name\":\"Les examens de langue\",\"item\":\"https:\/\/global-exam.com\/blog\/fr\/examens\/\"},{\"@type\":\"ListItem\",\"position\":2,\"name\":\"BRIGHT Deutsch\",\"item\":\"https:\/\/global-exam.com\/blog\/fr\/examens\/bright-deutsch\/\"},{\"@type\":\"ListItem\",\"position\":3,\"name\":\"S&rsquo;inscrire au Bright Deutsch\"}]}]}<\/script>\n<!-- \/ Yoast SEO plugin. -->","yoast_head_json":{"title":"S'inscrire au Bright Deutsch","robots":{"index":"index","follow":"follow","max-snippet":"max-snippet:-1","max-image-preview":"max-image-preview:large","max-video-preview":"max-video-preview:-1"},"canonical":"https:\/\/global-exam.com\/blog\/fr\/examens\/bright-deutsch\/categorie-sinscrire-au-bright-deutsch\/","og_locale":"fr_FR","og_type":"article","og_title":"S'inscrire au Bright Deutsch","og_description":"S&rsquo;inscrire pour passer le BRIGHT Deutsch Dans cette cat\u00e9gorie, nous allons vous expliquer comment vous inscrire facilement et simplement au Bright Deutsch [&hellip;]","og_url":"https:\/\/global-exam.com\/blog\/fr\/examens\/bright-deutsch\/categorie-sinscrire-au-bright-deutsch\/","og_site_name":"GlobalExam Blog","article_publisher":"https:\/\/www.facebook.com\/Global.Exam","article_modified_time":"2022-08-18T08:24:56+00:00","twitter_card":"summary_large_image","twitter_site":"@Global_Exam","twitter_misc":{"Dur\u00e9e de lecture estim\u00e9e":"1 minute"},"schema":{"@context":"https:\/\/schema.org","@graph":[{"@type":"WebSite","@id":"https:\/\/global-exam.com\/blog\/#website","url":"https:\/\/global-exam.com\/blog\/","name":"GlobalExam Blog","description":"Le blog du sp\u00e9cialiste de la certification linguistique","potentialAction":[{"@type":"SearchAction","target":{"@type":"EntryPoint","urlTemplate":"https:\/\/global-exam.com\/blog\/?s={search_term_string}"},"query-input":"required name=search_term_string"}],"inLanguage":"fr-FR"},{"@type":"WebPage","@id":"https:\/\/global-exam.com\/blog\/fr\/examens\/bright-deutsch\/categorie-sinscrire-au-bright-deutsch\/#webpage","url":"https:\/\/global-exam.com\/blog\/fr\/examens\/bright-deutsch\/categorie-sinscrire-au-bright-deutsch\/","name":"S'inscrire au Bright Deutsch","isPartOf":{"@id":"https:\/\/global-exam.com\/blog\/#website"},"datePublished":"2021-08-17T07:44:40+00:00","dateModified":"2022-08-18T08:24:56+00:00","breadcrumb":{"@id":"https:\/\/global-exam.com\/blog\/fr\/examens\/bright-deutsch\/categorie-sinscrire-au-bright-deutsch\/#breadcrumb"},"inLanguage":"fr-FR","potentialAction":[{"@type":"ReadAction","target":["https:\/\/global-exam.com\/blog\/fr\/examens\/bright-deutsch\/categorie-sinscrire-au-bright-deutsch\/"]}]},{"@type":"BreadcrumbList","@id":"https:\/\/global-exam.com\/blog\/fr\/examens\/bright-deutsch\/categorie-sinscrire-au-bright-deutsch\/#breadcrumb","itemListElement":[{"@type":"ListItem","position":1,"name":"Les examens de langue","item":"https:\/\/global-exam.com\/blog\/fr\/examens\/"},{"@type":"ListItem","position":2,"name":"BRIGHT Deutsch","item":"https:\/\/global-exam.com\/blog\/fr\/examens\/bright-deutsch\/"},{"@type":"ListItem","position":3,"name":"S&rsquo;inscrire au Bright Deutsch"}]}]}},"lang":"fr","translations":{"fr":60620},"pll_sync_post":[],"_links":{"self":[{"href":"https:\/\/global-exam.com\/blog\/wp-json\/wp\/v2\/pages\/60620"}],"collection":[{"href":"https:\/\/global-exam.com\/blog\/wp-json\/wp\/v2\/pages"}],"about":[{"href":"https:\/\/global-exam.com\/blog\/wp-json\/wp\/v2\/types\/page"}],"author":[{"embeddable":true,"href":"https:\/\/global-exam.com\/blog\/wp-json\/wp\/v2\/users\/24"}],"replies":[{"embeddable":true,"href":"https:\/\/global-exam.com\/blog\/wp-json\/wp\/v2\/comments?post=60620"}],"version-history":[{"count":6,"href":"https:\/\/global-exam.com\/blog\/wp-json\/wp\/v2\/pages\/60620\/revisions"}],"predecessor-version":[{"id":78177,"href":"https:\/\/global-exam.com\/blog\/wp-json\/wp\/v2\/pages\/60620\/revisions\/78177"}],"up":[{"embeddable":true,"href":"https:\/\/global-exam.com\/blog\/wp-json\/wp\/v2\/pages\/2857"}],"wp:attachment":[{"href":"https:\/\/global-exam.com\/blog\/wp-json\/wp\/v2\/media?parent=60620"}],"curies":[{"name":"wp","href":"https:\/\/api.w.org\/{rel}","templated":true}]}}