{"id":60628,"date":"2021-08-17T09:48:56","date_gmt":"2021-08-17T07:48:56","guid":{"rendered":"https:\/\/global-exam.com\/blog\/?page_id=60628"},"modified":"2022-08-18T10:22:18","modified_gmt":"2022-08-18T08:22:18","slug":"categorie-centres-dexamens-bright-deutsch","status":"publish","type":"page","link":"https:\/\/global-exam.com\/blog\/fr\/examens\/bright-deutsch\/categorie-centres-dexamens-bright-deutsch\/","title":{"rendered":"Centres d&rsquo;examens Bright Deutsch"},"content":{"rendered":"<p>Trouver un centre BRIGHT Deutsch<\/p>\n<p>Dans cette cat\u00e9gorie, nous allons vous donner toutes les informations concernant les centres d\u2019examen !<\/p>\n<p>Comme vous le savez probablement, vous ne pouvez pas passer votre <strong>test du Bright Deutsch<\/strong> n\u2019importe o\u00f9. En effet, il existe des centres sp\u00e9cialis\u00e9s pour que vous puissiez passer votre test dans les meilleures conditions possibles.<\/p>\n<p>Les centres o\u00f9 vous pouvez passer cet examen vous seront <strong>communiqu\u00e9s lors de votre inscription<\/strong>. Bien \u00e9videmment, GlobalExam vous conseille de choisir celui qui se trouve le plus proche de chez vous.<\/p>\n<p>Vous pouvez le passer un peu partout en France. Il existe de nombreux <strong>centres d\u2019examens situ\u00e9s essentiellement dans les grandes villes<\/strong>. Vous aurez les outils ad\u00e9quats pour que tout se d\u00e9roule pour le mieux. Vous serez accueillis par un examinateur qui se chargera de vous faire suivre les diff\u00e9rentes proc\u00e9dures afin de d\u00e9marrer l&rsquo;\u00e9preuve.<\/p>\n","protected":false},"excerpt":{"rendered":"<p>Trouver un centre BRIGHT Deutsch Dans cette cat\u00e9gorie, nous allons vous donner toutes les informations concernant les centres d\u2019examen ! Comme vous [&hellip;]<\/p>\n","protected":false},"author":24,"featured_media":0,"parent":2857,"menu_order":0,"comment_status":"closed","ping_status":"closed","template":"","meta":[],"acf":[],"yoast_head":"<!-- This site is optimized with the Yoast SEO plugin v17.2.1 - https:\/\/yoast.com\/wordpress\/plugins\/seo\/ -->\n<title>Centres d&#039;examens Bright Deutsch<\/title>\n<meta name=\"robots\" content=\"index, follow, max-snippet:-1, max-image-preview:large, max-video-preview:-1\" \/>\n<link rel=\"canonical\" href=\"https:\/\/global-exam.com\/blog\/fr\/examens\/bright-deutsch\/categorie-centres-dexamens-bright-deutsch\/\" \/>\n<meta property=\"og:locale\" content=\"fr_FR\" \/>\n<meta property=\"og:type\" content=\"article\" \/>\n<meta property=\"og:title\" content=\"Centres d&#039;examens Bright Deutsch\" \/>\n<meta property=\"og:description\" content=\"Trouver un centre BRIGHT Deutsch Dans cette cat\u00e9gorie, nous allons vous donner toutes les informations concernant les centres d\u2019examen ! Comme vous [&hellip;]\" \/>\n<meta property=\"og:url\" content=\"https:\/\/global-exam.com\/blog\/fr\/examens\/bright-deutsch\/categorie-centres-dexamens-bright-deutsch\/\" \/>\n<meta property=\"og:site_name\" content=\"GlobalExam Blog\" \/>\n<meta property=\"article:publisher\" content=\"https:\/\/www.facebook.com\/Global.Exam\" \/>\n<meta property=\"article:modified_time\" content=\"2022-08-18T08:22:18+00:00\" \/>\n<meta name=\"twitter:card\" content=\"summary_large_image\" \/>\n<meta name=\"twitter:site\" content=\"@Global_Exam\" \/>\n<meta name=\"twitter:label1\" content=\"Dur\u00e9e de lecture estim\u00e9e\" \/>\n\t<meta name=\"twitter:data1\" content=\"1 minute\" \/>\n<script type=\"application\/ld+json\" class=\"yoast-schema-graph\">{\"@context\":\"https:\/\/schema.org\",\"@graph\":[{\"@type\":\"WebSite\",\"@id\":\"https:\/\/global-exam.com\/blog\/#website\",\"url\":\"https:\/\/global-exam.com\/blog\/\",\"name\":\"GlobalExam Blog\",\"description\":\"Le blog du sp\\u00e9cialiste de la certification linguistique\",\"potentialAction\":[{\"@type\":\"SearchAction\",\"target\":{\"@type\":\"EntryPoint\",\"urlTemplate\":\"https:\/\/global-exam.com\/blog\/?s={search_term_string}\"},\"query-input\":\"required name=search_term_string\"}],\"inLanguage\":\"fr-FR\"},{\"@type\":\"WebPage\",\"@id\":\"https:\/\/global-exam.com\/blog\/fr\/examens\/bright-deutsch\/categorie-centres-dexamens-bright-deutsch\/#webpage\",\"url\":\"https:\/\/global-exam.com\/blog\/fr\/examens\/bright-deutsch\/categorie-centres-dexamens-bright-deutsch\/\",\"name\":\"Centres d'examens Bright Deutsch\",\"isPartOf\":{\"@id\":\"https:\/\/global-exam.com\/blog\/#website\"},\"datePublished\":\"2021-08-17T07:48:56+00:00\",\"dateModified\":\"2022-08-18T08:22:18+00:00\",\"breadcrumb\":{\"@id\":\"https:\/\/global-exam.com\/blog\/fr\/examens\/bright-deutsch\/categorie-centres-dexamens-bright-deutsch\/#breadcrumb\"},\"inLanguage\":\"fr-FR\",\"potentialAction\":[{\"@type\":\"ReadAction\",\"target\":[\"https:\/\/global-exam.com\/blog\/fr\/examens\/bright-deutsch\/categorie-centres-dexamens-bright-deutsch\/\"]}]},{\"@type\":\"BreadcrumbList\",\"@id\":\"https:\/\/global-exam.com\/blog\/fr\/examens\/bright-deutsch\/categorie-centres-dexamens-bright-deutsch\/#breadcrumb\",\"itemListElement\":[{\"@type\":\"ListItem\",\"position\":1,\"name\":\"Les examens de langue\",\"item\":\"https:\/\/global-exam.com\/blog\/fr\/examens\/\"},{\"@type\":\"ListItem\",\"position\":2,\"name\":\"BRIGHT Deutsch\",\"item\":\"https:\/\/global-exam.com\/blog\/fr\/examens\/bright-deutsch\/\"},{\"@type\":\"ListItem\",\"position\":3,\"name\":\"Centres d&rsquo;examens Bright Deutsch\"}]}]}<\/script>\n<!-- \/ Yoast SEO plugin. -->","yoast_head_json":{"title":"Centres d'examens Bright Deutsch","robots":{"index":"index","follow":"follow","max-snippet":"max-snippet:-1","max-image-preview":"max-image-preview:large","max-video-preview":"max-video-preview:-1"},"canonical":"https:\/\/global-exam.com\/blog\/fr\/examens\/bright-deutsch\/categorie-centres-dexamens-bright-deutsch\/","og_locale":"fr_FR","og_type":"article","og_title":"Centres d'examens Bright Deutsch","og_description":"Trouver un centre BRIGHT Deutsch Dans cette cat\u00e9gorie, nous allons vous donner toutes les informations concernant les centres d\u2019examen ! Comme vous [&hellip;]","og_url":"https:\/\/global-exam.com\/blog\/fr\/examens\/bright-deutsch\/categorie-centres-dexamens-bright-deutsch\/","og_site_name":"GlobalExam Blog","article_publisher":"https:\/\/www.facebook.com\/Global.Exam","article_modified_time":"2022-08-18T08:22:18+00:00","twitter_card":"summary_large_image","twitter_site":"@Global_Exam","twitter_misc":{"Dur\u00e9e de lecture estim\u00e9e":"1 minute"},"schema":{"@context":"https:\/\/schema.org","@graph":[{"@type":"WebSite","@id":"https:\/\/global-exam.com\/blog\/#website","url":"https:\/\/global-exam.com\/blog\/","name":"GlobalExam Blog","description":"Le blog du sp\u00e9cialiste de la certification linguistique","potentialAction":[{"@type":"SearchAction","target":{"@type":"EntryPoint","urlTemplate":"https:\/\/global-exam.com\/blog\/?s={search_term_string}"},"query-input":"required name=search_term_string"}],"inLanguage":"fr-FR"},{"@type":"WebPage","@id":"https:\/\/global-exam.com\/blog\/fr\/examens\/bright-deutsch\/categorie-centres-dexamens-bright-deutsch\/#webpage","url":"https:\/\/global-exam.com\/blog\/fr\/examens\/bright-deutsch\/categorie-centres-dexamens-bright-deutsch\/","name":"Centres d'examens Bright Deutsch","isPartOf":{"@id":"https:\/\/global-exam.com\/blog\/#website"},"datePublished":"2021-08-17T07:48:56+00:00","dateModified":"2022-08-18T08:22:18+00:00","breadcrumb":{"@id":"https:\/\/global-exam.com\/blog\/fr\/examens\/bright-deutsch\/categorie-centres-dexamens-bright-deutsch\/#breadcrumb"},"inLanguage":"fr-FR","potentialAction":[{"@type":"ReadAction","target":["https:\/\/global-exam.com\/blog\/fr\/examens\/bright-deutsch\/categorie-centres-dexamens-bright-deutsch\/"]}]},{"@type":"BreadcrumbList","@id":"https:\/\/global-exam.com\/blog\/fr\/examens\/bright-deutsch\/categorie-centres-dexamens-bright-deutsch\/#breadcrumb","itemListElement":[{"@type":"ListItem","position":1,"name":"Les examens de langue","item":"https:\/\/global-exam.com\/blog\/fr\/examens\/"},{"@type":"ListItem","position":2,"name":"BRIGHT Deutsch","item":"https:\/\/global-exam.com\/blog\/fr\/examens\/bright-deutsch\/"},{"@type":"ListItem","position":3,"name":"Centres d&rsquo;examens Bright Deutsch"}]}]}},"lang":"fr","translations":{"fr":60628},"pll_sync_post":[],"_links":{"self":[{"href":"https:\/\/global-exam.com\/blog\/wp-json\/wp\/v2\/pages\/60628"}],"collection":[{"href":"https:\/\/global-exam.com\/blog\/wp-json\/wp\/v2\/pages"}],"about":[{"href":"https:\/\/global-exam.com\/blog\/wp-json\/wp\/v2\/types\/page"}],"author":[{"embeddable":true,"href":"https:\/\/global-exam.com\/blog\/wp-json\/wp\/v2\/users\/24"}],"replies":[{"embeddable":true,"href":"https:\/\/global-exam.com\/blog\/wp-json\/wp\/v2\/comments?post=60628"}],"version-history":[{"count":6,"href":"https:\/\/global-exam.com\/blog\/wp-json\/wp\/v2\/pages\/60628\/revisions"}],"predecessor-version":[{"id":78174,"href":"https:\/\/global-exam.com\/blog\/wp-json\/wp\/v2\/pages\/60628\/revisions\/78174"}],"up":[{"embeddable":true,"href":"https:\/\/global-exam.com\/blog\/wp-json\/wp\/v2\/pages\/2857"}],"wp:attachment":[{"href":"https:\/\/global-exam.com\/blog\/wp-json\/wp\/v2\/media?parent=60628"}],"curies":[{"name":"wp","href":"https:\/\/api.w.org\/{rel}","templated":true}]}}