{"id":60658,"date":"2021-08-17T10:01:32","date_gmt":"2021-08-17T08:01:32","guid":{"rendered":"https:\/\/global-exam.com\/blog\/?page_id=60658"},"modified":"2022-08-18T15:31:49","modified_gmt":"2022-08-18T13:31:49","slug":"categorie-centres-dexamen-widaf","status":"publish","type":"page","link":"https:\/\/global-exam.com\/blog\/fr\/examens\/widaf\/categorie-centres-dexamen-widaf\/","title":{"rendered":"Centres d&rsquo;examen WiDaF"},"content":{"rendered":"<p>Trouver un centre d&rsquo;examen WiDaF<\/p>\n<p>Pour passer votre WIDAF, vous devez conna\u00eetre les informations\u00a0<b>aff\u00e9rentes aux sessions<\/b>\u00a0et aux\u00a0<b>centres d\u2019examen\u00a0<\/b>ainsi qu\u2019aux modalit\u00e9s d\u2019inscription. Nous avons regroup\u00e9 pour vous toutes ces informations dans cette cat\u00e9gorie.<\/p>\n<p>Pour pouvoir passer l\u2019examen, vous devez avant tout vous inscrire \u00e0 un\u00a0<b>centre d\u2019examen WIDAF<\/b>. G\u00e9n\u00e9ralement, vous trouverez des centres d\u2019examen \u00e0 Paris dans le 11\u00e8me\u00a0arrondissement, dans le 13\u00e8me\u00a0arrondissement et dans le 15\u00e8me\u00a0arrondissement. Nos articles parlant des\u00a0<b>centres d\u2019examen en France<\/b> donnent plus de pr\u00e9cision sur les num\u00e9ros \u00e0 contacter et toute information compl\u00e9mentaire n\u00e9cessaire.<\/p>\n<p>Il est \u00e9galement possible de\u00a0<b>passer le WIDAF<\/b>\u00a0dans d\u2019<b>autres r\u00e9gions de France<\/b>, comme \u00e0 Strasbourg, mais avec des dates d\u00e9cal\u00e9es de celles propos\u00e9es dans la capitale. Veuillez consulter nos articles qui en parlent dans cette cat\u00e9gorie.<\/p>\n","protected":false},"excerpt":{"rendered":"<p>Trouver un centre d&rsquo;examen WiDaF Pour passer votre WIDAF, vous devez conna\u00eetre les informations\u00a0aff\u00e9rentes aux sessions\u00a0et aux\u00a0centres d\u2019examen\u00a0ainsi qu\u2019aux modalit\u00e9s d\u2019inscription. Nous [&hellip;]<\/p>\n","protected":false},"author":24,"featured_media":0,"parent":2867,"menu_order":0,"comment_status":"closed","ping_status":"closed","template":"","meta":[],"acf":[],"yoast_head":"<!-- This site is optimized with the Yoast SEO plugin v17.2.1 - https:\/\/yoast.com\/wordpress\/plugins\/seo\/ -->\n<title>Centres d&#039;examen WiDaF<\/title>\n<meta name=\"robots\" content=\"index, follow, max-snippet:-1, max-image-preview:large, max-video-preview:-1\" \/>\n<link rel=\"canonical\" href=\"https:\/\/global-exam.com\/blog\/fr\/examens\/widaf\/categorie-centres-dexamen-widaf\/\" \/>\n<meta property=\"og:locale\" content=\"fr_FR\" \/>\n<meta property=\"og:type\" content=\"article\" \/>\n<meta property=\"og:title\" content=\"Centres d&#039;examen WiDaF\" \/>\n<meta property=\"og:description\" content=\"Trouver un centre d&rsquo;examen WiDaF Pour passer votre WIDAF, vous devez conna\u00eetre les informations\u00a0aff\u00e9rentes aux sessions\u00a0et aux\u00a0centres d\u2019examen\u00a0ainsi qu\u2019aux modalit\u00e9s d\u2019inscription. Nous [&hellip;]\" \/>\n<meta property=\"og:url\" content=\"https:\/\/global-exam.com\/blog\/fr\/examens\/widaf\/categorie-centres-dexamen-widaf\/\" \/>\n<meta property=\"og:site_name\" content=\"GlobalExam Blog\" \/>\n<meta property=\"article:publisher\" content=\"https:\/\/www.facebook.com\/Global.Exam\" \/>\n<meta property=\"article:modified_time\" content=\"2022-08-18T13:31:49+00:00\" \/>\n<meta name=\"twitter:card\" content=\"summary_large_image\" \/>\n<meta name=\"twitter:site\" content=\"@Global_Exam\" \/>\n<meta name=\"twitter:label1\" content=\"Dur\u00e9e de lecture estim\u00e9e\" \/>\n\t<meta name=\"twitter:data1\" content=\"1 minute\" \/>\n<script type=\"application\/ld+json\" class=\"yoast-schema-graph\">{\"@context\":\"https:\/\/schema.org\",\"@graph\":[{\"@type\":\"WebSite\",\"@id\":\"https:\/\/global-exam.com\/blog\/#website\",\"url\":\"https:\/\/global-exam.com\/blog\/\",\"name\":\"GlobalExam Blog\",\"description\":\"Le blog du sp\\u00e9cialiste de la certification linguistique\",\"potentialAction\":[{\"@type\":\"SearchAction\",\"target\":{\"@type\":\"EntryPoint\",\"urlTemplate\":\"https:\/\/global-exam.com\/blog\/?s={search_term_string}\"},\"query-input\":\"required name=search_term_string\"}],\"inLanguage\":\"fr-FR\"},{\"@type\":\"WebPage\",\"@id\":\"https:\/\/global-exam.com\/blog\/fr\/examens\/widaf\/categorie-centres-dexamen-widaf\/#webpage\",\"url\":\"https:\/\/global-exam.com\/blog\/fr\/examens\/widaf\/categorie-centres-dexamen-widaf\/\",\"name\":\"Centres d'examen WiDaF\",\"isPartOf\":{\"@id\":\"https:\/\/global-exam.com\/blog\/#website\"},\"datePublished\":\"2021-08-17T08:01:32+00:00\",\"dateModified\":\"2022-08-18T13:31:49+00:00\",\"breadcrumb\":{\"@id\":\"https:\/\/global-exam.com\/blog\/fr\/examens\/widaf\/categorie-centres-dexamen-widaf\/#breadcrumb\"},\"inLanguage\":\"fr-FR\",\"potentialAction\":[{\"@type\":\"ReadAction\",\"target\":[\"https:\/\/global-exam.com\/blog\/fr\/examens\/widaf\/categorie-centres-dexamen-widaf\/\"]}]},{\"@type\":\"BreadcrumbList\",\"@id\":\"https:\/\/global-exam.com\/blog\/fr\/examens\/widaf\/categorie-centres-dexamen-widaf\/#breadcrumb\",\"itemListElement\":[{\"@type\":\"ListItem\",\"position\":1,\"name\":\"Les examens de langue\",\"item\":\"https:\/\/global-exam.com\/blog\/fr\/examens\/\"},{\"@type\":\"ListItem\",\"position\":2,\"name\":\"WiDaf : \\u00e9valuez votre allemand\",\"item\":\"https:\/\/global-exam.com\/blog\/fr\/examens\/widaf\/\"},{\"@type\":\"ListItem\",\"position\":3,\"name\":\"Centres d&rsquo;examen WiDaF\"}]}]}<\/script>\n<!-- \/ Yoast SEO plugin. -->","yoast_head_json":{"title":"Centres d'examen WiDaF","robots":{"index":"index","follow":"follow","max-snippet":"max-snippet:-1","max-image-preview":"max-image-preview:large","max-video-preview":"max-video-preview:-1"},"canonical":"https:\/\/global-exam.com\/blog\/fr\/examens\/widaf\/categorie-centres-dexamen-widaf\/","og_locale":"fr_FR","og_type":"article","og_title":"Centres d'examen WiDaF","og_description":"Trouver un centre d&rsquo;examen WiDaF Pour passer votre WIDAF, vous devez conna\u00eetre les informations\u00a0aff\u00e9rentes aux sessions\u00a0et aux\u00a0centres d\u2019examen\u00a0ainsi qu\u2019aux modalit\u00e9s d\u2019inscription. Nous [&hellip;]","og_url":"https:\/\/global-exam.com\/blog\/fr\/examens\/widaf\/categorie-centres-dexamen-widaf\/","og_site_name":"GlobalExam Blog","article_publisher":"https:\/\/www.facebook.com\/Global.Exam","article_modified_time":"2022-08-18T13:31:49+00:00","twitter_card":"summary_large_image","twitter_site":"@Global_Exam","twitter_misc":{"Dur\u00e9e de lecture estim\u00e9e":"1 minute"},"schema":{"@context":"https:\/\/schema.org","@graph":[{"@type":"WebSite","@id":"https:\/\/global-exam.com\/blog\/#website","url":"https:\/\/global-exam.com\/blog\/","name":"GlobalExam Blog","description":"Le blog du sp\u00e9cialiste de la certification linguistique","potentialAction":[{"@type":"SearchAction","target":{"@type":"EntryPoint","urlTemplate":"https:\/\/global-exam.com\/blog\/?s={search_term_string}"},"query-input":"required name=search_term_string"}],"inLanguage":"fr-FR"},{"@type":"WebPage","@id":"https:\/\/global-exam.com\/blog\/fr\/examens\/widaf\/categorie-centres-dexamen-widaf\/#webpage","url":"https:\/\/global-exam.com\/blog\/fr\/examens\/widaf\/categorie-centres-dexamen-widaf\/","name":"Centres d'examen WiDaF","isPartOf":{"@id":"https:\/\/global-exam.com\/blog\/#website"},"datePublished":"2021-08-17T08:01:32+00:00","dateModified":"2022-08-18T13:31:49+00:00","breadcrumb":{"@id":"https:\/\/global-exam.com\/blog\/fr\/examens\/widaf\/categorie-centres-dexamen-widaf\/#breadcrumb"},"inLanguage":"fr-FR","potentialAction":[{"@type":"ReadAction","target":["https:\/\/global-exam.com\/blog\/fr\/examens\/widaf\/categorie-centres-dexamen-widaf\/"]}]},{"@type":"BreadcrumbList","@id":"https:\/\/global-exam.com\/blog\/fr\/examens\/widaf\/categorie-centres-dexamen-widaf\/#breadcrumb","itemListElement":[{"@type":"ListItem","position":1,"name":"Les examens de langue","item":"https:\/\/global-exam.com\/blog\/fr\/examens\/"},{"@type":"ListItem","position":2,"name":"WiDaf : \u00e9valuez votre allemand","item":"https:\/\/global-exam.com\/blog\/fr\/examens\/widaf\/"},{"@type":"ListItem","position":3,"name":"Centres d&rsquo;examen WiDaF"}]}]}},"lang":"fr","translations":{"fr":60658},"pll_sync_post":[],"_links":{"self":[{"href":"https:\/\/global-exam.com\/blog\/wp-json\/wp\/v2\/pages\/60658"}],"collection":[{"href":"https:\/\/global-exam.com\/blog\/wp-json\/wp\/v2\/pages"}],"about":[{"href":"https:\/\/global-exam.com\/blog\/wp-json\/wp\/v2\/types\/page"}],"author":[{"embeddable":true,"href":"https:\/\/global-exam.com\/blog\/wp-json\/wp\/v2\/users\/24"}],"replies":[{"embeddable":true,"href":"https:\/\/global-exam.com\/blog\/wp-json\/wp\/v2\/comments?post=60658"}],"version-history":[{"count":6,"href":"https:\/\/global-exam.com\/blog\/wp-json\/wp\/v2\/pages\/60658\/revisions"}],"predecessor-version":[{"id":78231,"href":"https:\/\/global-exam.com\/blog\/wp-json\/wp\/v2\/pages\/60658\/revisions\/78231"}],"up":[{"embeddable":true,"href":"https:\/\/global-exam.com\/blog\/wp-json\/wp\/v2\/pages\/2867"}],"wp:attachment":[{"href":"https:\/\/global-exam.com\/blog\/wp-json\/wp\/v2\/media?parent=60658"}],"curies":[{"name":"wp","href":"https:\/\/api.w.org\/{rel}","templated":true}]}}