{"id":60676,"date":"2021-08-17T10:06:44","date_gmt":"2021-08-17T08:06:44","guid":{"rendered":"https:\/\/global-exam.com\/blog\/?page_id=60676"},"modified":"2022-08-18T15:34:26","modified_gmt":"2022-08-18T13:34:26","slug":"categorie-sinscrire-au-widaf","status":"publish","type":"page","link":"https:\/\/global-exam.com\/blog\/fr\/examens\/widaf\/categorie-sinscrire-au-widaf\/","title":{"rendered":"Inscription au WiDaF"},"content":{"rendered":"<p>S&rsquo;inscrire au WiDaF<\/p>\n<p>Cette cat\u00e9gorie s\u2019\u00e9vertue \u00e0 vous pr\u00e9senter les d\u00e9marches \u00e0 suivre pour\u00a0<b>s\u2019inscrire aux \u00e9preuves du WIDAF<\/b>. Si vous aspirez \u00e0 \u00e9tudier ou \u00e0 travailler dans un\u00a0<b>environnement germanophone<\/b>, passer le test du WIDAF est une belle opportunit\u00e9 pour y acc\u00e9der.<\/p>\n<p>Pour pouvoir passer le WIDAF \u00e0 Paris, vous devez remplir et suivre le formulaire WIDAF que vous pouvez obtenir aupr\u00e8s de la Chambre franco-allemande de Commerce et de l\u2019Industrie. Puis, vous devez choisir la\u00a0<b>date de session WIDAF<\/b>\u00a0\u00e0 laquelle vous souhaitez vous inscrire. En indiquant\u00a0<b>votre statut\u00a0<\/b>(\u00e9tudiant ou professionnel), vous serez inform\u00e9s du prix que vous devez payer. Ce prix varie aussi en fonction du d\u00e9lai de r\u00e9ception de vos r\u00e9sultats.<\/p>\n<p>Il est possible de\u00a0<b>passer le WIDAF<\/b>\u00a0dans\u00a0<b>49 villes de France<\/b>, autres que la capitale. Si vous \u00eates \u00e0 l\u2019\u00e9tranger, en Allemagne, au Japon, en Autriche, au Luxembourg, en Espagne, aux Pays-Bas, aux \u00c9tats-Unis ou encore en Pologne, en Italie et en Suisse, vous pouvez toujours vous inscrire au WIDAF.<\/p>\n","protected":false},"excerpt":{"rendered":"<p>S&rsquo;inscrire au WiDaF Cette cat\u00e9gorie s\u2019\u00e9vertue \u00e0 vous pr\u00e9senter les d\u00e9marches \u00e0 suivre pour\u00a0s\u2019inscrire aux \u00e9preuves du WIDAF. Si vous aspirez \u00e0 [&hellip;]<\/p>\n","protected":false},"author":24,"featured_media":0,"parent":2867,"menu_order":0,"comment_status":"closed","ping_status":"closed","template":"","meta":[],"acf":[],"yoast_head":"<!-- This site is optimized with the Yoast SEO plugin v17.2.1 - https:\/\/yoast.com\/wordpress\/plugins\/seo\/ -->\n<title>Inscription au WiDaF - GlobalExam Blog<\/title>\n<meta name=\"robots\" content=\"index, follow, max-snippet:-1, max-image-preview:large, max-video-preview:-1\" \/>\n<link rel=\"canonical\" href=\"https:\/\/global-exam.com\/blog\/fr\/examens\/widaf\/categorie-sinscrire-au-widaf\/\" \/>\n<meta property=\"og:locale\" content=\"fr_FR\" \/>\n<meta property=\"og:type\" content=\"article\" \/>\n<meta property=\"og:title\" content=\"Inscription au WiDaF - GlobalExam Blog\" \/>\n<meta property=\"og:description\" content=\"S&rsquo;inscrire au WiDaF Cette cat\u00e9gorie s\u2019\u00e9vertue \u00e0 vous pr\u00e9senter les d\u00e9marches \u00e0 suivre pour\u00a0s\u2019inscrire aux \u00e9preuves du WIDAF. Si vous aspirez \u00e0 [&hellip;]\" \/>\n<meta property=\"og:url\" content=\"https:\/\/global-exam.com\/blog\/fr\/examens\/widaf\/categorie-sinscrire-au-widaf\/\" \/>\n<meta property=\"og:site_name\" content=\"GlobalExam Blog\" \/>\n<meta property=\"article:publisher\" content=\"https:\/\/www.facebook.com\/Global.Exam\" \/>\n<meta property=\"article:modified_time\" content=\"2022-08-18T13:34:26+00:00\" \/>\n<meta name=\"twitter:card\" content=\"summary_large_image\" \/>\n<meta name=\"twitter:site\" content=\"@Global_Exam\" \/>\n<meta name=\"twitter:label1\" content=\"Dur\u00e9e de lecture estim\u00e9e\" \/>\n\t<meta name=\"twitter:data1\" content=\"3 minutes\" \/>\n<script type=\"application\/ld+json\" class=\"yoast-schema-graph\">{\"@context\":\"https:\/\/schema.org\",\"@graph\":[{\"@type\":\"WebSite\",\"@id\":\"https:\/\/global-exam.com\/blog\/#website\",\"url\":\"https:\/\/global-exam.com\/blog\/\",\"name\":\"GlobalExam Blog\",\"description\":\"Le blog du sp\\u00e9cialiste de la certification linguistique\",\"potentialAction\":[{\"@type\":\"SearchAction\",\"target\":{\"@type\":\"EntryPoint\",\"urlTemplate\":\"https:\/\/global-exam.com\/blog\/?s={search_term_string}\"},\"query-input\":\"required name=search_term_string\"}],\"inLanguage\":\"fr-FR\"},{\"@type\":\"WebPage\",\"@id\":\"https:\/\/global-exam.com\/blog\/fr\/examens\/widaf\/categorie-sinscrire-au-widaf\/#webpage\",\"url\":\"https:\/\/global-exam.com\/blog\/fr\/examens\/widaf\/categorie-sinscrire-au-widaf\/\",\"name\":\"Inscription au WiDaF - GlobalExam Blog\",\"isPartOf\":{\"@id\":\"https:\/\/global-exam.com\/blog\/#website\"},\"datePublished\":\"2021-08-17T08:06:44+00:00\",\"dateModified\":\"2022-08-18T13:34:26+00:00\",\"breadcrumb\":{\"@id\":\"https:\/\/global-exam.com\/blog\/fr\/examens\/widaf\/categorie-sinscrire-au-widaf\/#breadcrumb\"},\"inLanguage\":\"fr-FR\",\"potentialAction\":[{\"@type\":\"ReadAction\",\"target\":[\"https:\/\/global-exam.com\/blog\/fr\/examens\/widaf\/categorie-sinscrire-au-widaf\/\"]}]},{\"@type\":\"BreadcrumbList\",\"@id\":\"https:\/\/global-exam.com\/blog\/fr\/examens\/widaf\/categorie-sinscrire-au-widaf\/#breadcrumb\",\"itemListElement\":[{\"@type\":\"ListItem\",\"position\":1,\"name\":\"Les examens de langue\",\"item\":\"https:\/\/global-exam.com\/blog\/fr\/examens\/\"},{\"@type\":\"ListItem\",\"position\":2,\"name\":\"WiDaf : \\u00e9valuez votre allemand\",\"item\":\"https:\/\/global-exam.com\/blog\/fr\/examens\/widaf\/\"},{\"@type\":\"ListItem\",\"position\":3,\"name\":\"Inscription au WiDaF\"}]}]}<\/script>\n<!-- \/ Yoast SEO plugin. -->","yoast_head_json":{"title":"Inscription au WiDaF - GlobalExam Blog","robots":{"index":"index","follow":"follow","max-snippet":"max-snippet:-1","max-image-preview":"max-image-preview:large","max-video-preview":"max-video-preview:-1"},"canonical":"https:\/\/global-exam.com\/blog\/fr\/examens\/widaf\/categorie-sinscrire-au-widaf\/","og_locale":"fr_FR","og_type":"article","og_title":"Inscription au WiDaF - GlobalExam Blog","og_description":"S&rsquo;inscrire au WiDaF Cette cat\u00e9gorie s\u2019\u00e9vertue \u00e0 vous pr\u00e9senter les d\u00e9marches \u00e0 suivre pour\u00a0s\u2019inscrire aux \u00e9preuves du WIDAF. Si vous aspirez \u00e0 [&hellip;]","og_url":"https:\/\/global-exam.com\/blog\/fr\/examens\/widaf\/categorie-sinscrire-au-widaf\/","og_site_name":"GlobalExam Blog","article_publisher":"https:\/\/www.facebook.com\/Global.Exam","article_modified_time":"2022-08-18T13:34:26+00:00","twitter_card":"summary_large_image","twitter_site":"@Global_Exam","twitter_misc":{"Dur\u00e9e de lecture estim\u00e9e":"3 minutes"},"schema":{"@context":"https:\/\/schema.org","@graph":[{"@type":"WebSite","@id":"https:\/\/global-exam.com\/blog\/#website","url":"https:\/\/global-exam.com\/blog\/","name":"GlobalExam Blog","description":"Le blog du sp\u00e9cialiste de la certification linguistique","potentialAction":[{"@type":"SearchAction","target":{"@type":"EntryPoint","urlTemplate":"https:\/\/global-exam.com\/blog\/?s={search_term_string}"},"query-input":"required name=search_term_string"}],"inLanguage":"fr-FR"},{"@type":"WebPage","@id":"https:\/\/global-exam.com\/blog\/fr\/examens\/widaf\/categorie-sinscrire-au-widaf\/#webpage","url":"https:\/\/global-exam.com\/blog\/fr\/examens\/widaf\/categorie-sinscrire-au-widaf\/","name":"Inscription au WiDaF - GlobalExam Blog","isPartOf":{"@id":"https:\/\/global-exam.com\/blog\/#website"},"datePublished":"2021-08-17T08:06:44+00:00","dateModified":"2022-08-18T13:34:26+00:00","breadcrumb":{"@id":"https:\/\/global-exam.com\/blog\/fr\/examens\/widaf\/categorie-sinscrire-au-widaf\/#breadcrumb"},"inLanguage":"fr-FR","potentialAction":[{"@type":"ReadAction","target":["https:\/\/global-exam.com\/blog\/fr\/examens\/widaf\/categorie-sinscrire-au-widaf\/"]}]},{"@type":"BreadcrumbList","@id":"https:\/\/global-exam.com\/blog\/fr\/examens\/widaf\/categorie-sinscrire-au-widaf\/#breadcrumb","itemListElement":[{"@type":"ListItem","position":1,"name":"Les examens de langue","item":"https:\/\/global-exam.com\/blog\/fr\/examens\/"},{"@type":"ListItem","position":2,"name":"WiDaf : \u00e9valuez votre allemand","item":"https:\/\/global-exam.com\/blog\/fr\/examens\/widaf\/"},{"@type":"ListItem","position":3,"name":"Inscription au WiDaF"}]}]}},"lang":"fr","translations":{"fr":60676},"pll_sync_post":[],"_links":{"self":[{"href":"https:\/\/global-exam.com\/blog\/wp-json\/wp\/v2\/pages\/60676"}],"collection":[{"href":"https:\/\/global-exam.com\/blog\/wp-json\/wp\/v2\/pages"}],"about":[{"href":"https:\/\/global-exam.com\/blog\/wp-json\/wp\/v2\/types\/page"}],"author":[{"embeddable":true,"href":"https:\/\/global-exam.com\/blog\/wp-json\/wp\/v2\/users\/24"}],"replies":[{"embeddable":true,"href":"https:\/\/global-exam.com\/blog\/wp-json\/wp\/v2\/comments?post=60676"}],"version-history":[{"count":8,"href":"https:\/\/global-exam.com\/blog\/wp-json\/wp\/v2\/pages\/60676\/revisions"}],"predecessor-version":[{"id":78233,"href":"https:\/\/global-exam.com\/blog\/wp-json\/wp\/v2\/pages\/60676\/revisions\/78233"}],"up":[{"embeddable":true,"href":"https:\/\/global-exam.com\/blog\/wp-json\/wp\/v2\/pages\/2867"}],"wp:attachment":[{"href":"https:\/\/global-exam.com\/blog\/wp-json\/wp\/v2\/media?parent=60676"}],"curies":[{"name":"wp","href":"https:\/\/api.w.org\/{rel}","templated":true}]}}