{"id":60719,"date":"2021-08-17T10:23:58","date_gmt":"2021-08-17T08:23:58","guid":{"rendered":"https:\/\/global-exam.com\/blog\/?page_id=60719"},"modified":"2022-08-17T17:43:33","modified_gmt":"2022-08-17T15:43:33","slug":"categorie-avoir-un-bon-score-au-dele","status":"publish","type":"page","link":"https:\/\/global-exam.com\/blog\/fr\/examens\/dele\/categorie-avoir-un-bon-score-au-dele\/","title":{"rendered":"Avoir un bon score au DELE"},"content":{"rendered":"<p>Obtenir un bon score au DELE<\/p>\n<p>Dans cette cat\u00e9gorie, vous pourrez retrouver tous les conseils de GlobalExam pour esp\u00e9rer avoir le\u00a0<strong>meilleur score possible au DELE<\/strong>.<\/p>\n<p>Nous ne le r\u00e9p\u00e9terons jamais assez, mais la pr\u00e9paration et les entra\u00eenements sont vraiment les\u00a0<strong>deux piliers<\/strong>\u00a0pour avoir un excellent score au DELE. En effet, il ne sert \u00e0 rien d\u2019aller \u00e0 votre test les mains dans les poches. Vous pourriez, certes, avoir un bon score, mais ce ne sera pas le meilleur. Si vous souhaitez vraiment mettre le DELE sur votre CV, il faut vous en donner les moyens.<\/p>\n<p>Aussi, il est important de vous entra\u00eener chez vous, <strong>dans les conditions de l\u2019examen<\/strong>. \u00c9liminez toutes sortes de distractions, ainsi, vous serez tranquille pour travailler et vous entra\u00eener. GlobalExam propose des exercices types, des <strong>examens blancs, des fiches de r\u00e9vision<\/strong> et m\u00eame un planning de r\u00e9vision pour \u00eatre bien organis\u00e9 dans votre <strong>pr\u00e9paration au DELE<\/strong> en fonction de votre date de passage.<\/p>\n","protected":false},"excerpt":{"rendered":"<p>Obtenir un bon score au DELE Dans cette cat\u00e9gorie, vous pourrez retrouver tous les conseils de GlobalExam pour esp\u00e9rer avoir le\u00a0meilleur score [&hellip;]<\/p>\n","protected":false},"author":24,"featured_media":0,"parent":2859,"menu_order":0,"comment_status":"closed","ping_status":"closed","template":"","meta":[],"acf":[],"yoast_head":"<!-- This site is optimized with the Yoast SEO plugin v17.2.1 - https:\/\/yoast.com\/wordpress\/plugins\/seo\/ -->\n<title>Avoir un bon score au DELE<\/title>\n<meta name=\"robots\" content=\"index, follow, max-snippet:-1, max-image-preview:large, max-video-preview:-1\" \/>\n<link rel=\"canonical\" href=\"https:\/\/global-exam.com\/blog\/fr\/examens\/dele\/categorie-avoir-un-bon-score-au-dele\/\" \/>\n<meta property=\"og:locale\" content=\"fr_FR\" \/>\n<meta property=\"og:type\" content=\"article\" \/>\n<meta property=\"og:title\" content=\"Avoir un bon score au DELE\" \/>\n<meta property=\"og:description\" content=\"Obtenir un bon score au DELE Dans cette cat\u00e9gorie, vous pourrez retrouver tous les conseils de GlobalExam pour esp\u00e9rer avoir le\u00a0meilleur score [&hellip;]\" \/>\n<meta property=\"og:url\" content=\"https:\/\/global-exam.com\/blog\/fr\/examens\/dele\/categorie-avoir-un-bon-score-au-dele\/\" \/>\n<meta property=\"og:site_name\" content=\"GlobalExam Blog\" \/>\n<meta property=\"article:publisher\" content=\"https:\/\/www.facebook.com\/Global.Exam\" \/>\n<meta property=\"article:modified_time\" content=\"2022-08-17T15:43:33+00:00\" \/>\n<meta name=\"twitter:card\" content=\"summary_large_image\" \/>\n<meta name=\"twitter:site\" content=\"@Global_Exam\" \/>\n<meta name=\"twitter:label1\" content=\"Dur\u00e9e de lecture estim\u00e9e\" \/>\n\t<meta name=\"twitter:data1\" content=\"1 minute\" \/>\n<script type=\"application\/ld+json\" class=\"yoast-schema-graph\">{\"@context\":\"https:\/\/schema.org\",\"@graph\":[{\"@type\":\"WebSite\",\"@id\":\"https:\/\/global-exam.com\/blog\/#website\",\"url\":\"https:\/\/global-exam.com\/blog\/\",\"name\":\"GlobalExam Blog\",\"description\":\"Le blog du sp\\u00e9cialiste de la certification linguistique\",\"potentialAction\":[{\"@type\":\"SearchAction\",\"target\":{\"@type\":\"EntryPoint\",\"urlTemplate\":\"https:\/\/global-exam.com\/blog\/?s={search_term_string}\"},\"query-input\":\"required name=search_term_string\"}],\"inLanguage\":\"fr-FR\"},{\"@type\":\"WebPage\",\"@id\":\"https:\/\/global-exam.com\/blog\/fr\/examens\/dele\/categorie-avoir-un-bon-score-au-dele\/#webpage\",\"url\":\"https:\/\/global-exam.com\/blog\/fr\/examens\/dele\/categorie-avoir-un-bon-score-au-dele\/\",\"name\":\"Avoir un bon score au DELE\",\"isPartOf\":{\"@id\":\"https:\/\/global-exam.com\/blog\/#website\"},\"datePublished\":\"2021-08-17T08:23:58+00:00\",\"dateModified\":\"2022-08-17T15:43:33+00:00\",\"breadcrumb\":{\"@id\":\"https:\/\/global-exam.com\/blog\/fr\/examens\/dele\/categorie-avoir-un-bon-score-au-dele\/#breadcrumb\"},\"inLanguage\":\"fr-FR\",\"potentialAction\":[{\"@type\":\"ReadAction\",\"target\":[\"https:\/\/global-exam.com\/blog\/fr\/examens\/dele\/categorie-avoir-un-bon-score-au-dele\/\"]}]},{\"@type\":\"BreadcrumbList\",\"@id\":\"https:\/\/global-exam.com\/blog\/fr\/examens\/dele\/categorie-avoir-un-bon-score-au-dele\/#breadcrumb\",\"itemListElement\":[{\"@type\":\"ListItem\",\"position\":1,\"name\":\"Les examens de langue\",\"item\":\"https:\/\/global-exam.com\/blog\/fr\/examens\/\"},{\"@type\":\"ListItem\",\"position\":2,\"name\":\"DELE : pr\\u00e9parer le test\",\"item\":\"https:\/\/global-exam.com\/blog\/fr\/examens\/dele\/\"},{\"@type\":\"ListItem\",\"position\":3,\"name\":\"Avoir un bon score au DELE\"}]}]}<\/script>\n<!-- \/ Yoast SEO plugin. -->","yoast_head_json":{"title":"Avoir un bon score au DELE","robots":{"index":"index","follow":"follow","max-snippet":"max-snippet:-1","max-image-preview":"max-image-preview:large","max-video-preview":"max-video-preview:-1"},"canonical":"https:\/\/global-exam.com\/blog\/fr\/examens\/dele\/categorie-avoir-un-bon-score-au-dele\/","og_locale":"fr_FR","og_type":"article","og_title":"Avoir un bon score au DELE","og_description":"Obtenir un bon score au DELE Dans cette cat\u00e9gorie, vous pourrez retrouver tous les conseils de GlobalExam pour esp\u00e9rer avoir le\u00a0meilleur score [&hellip;]","og_url":"https:\/\/global-exam.com\/blog\/fr\/examens\/dele\/categorie-avoir-un-bon-score-au-dele\/","og_site_name":"GlobalExam Blog","article_publisher":"https:\/\/www.facebook.com\/Global.Exam","article_modified_time":"2022-08-17T15:43:33+00:00","twitter_card":"summary_large_image","twitter_site":"@Global_Exam","twitter_misc":{"Dur\u00e9e de lecture estim\u00e9e":"1 minute"},"schema":{"@context":"https:\/\/schema.org","@graph":[{"@type":"WebSite","@id":"https:\/\/global-exam.com\/blog\/#website","url":"https:\/\/global-exam.com\/blog\/","name":"GlobalExam Blog","description":"Le blog du sp\u00e9cialiste de la certification linguistique","potentialAction":[{"@type":"SearchAction","target":{"@type":"EntryPoint","urlTemplate":"https:\/\/global-exam.com\/blog\/?s={search_term_string}"},"query-input":"required name=search_term_string"}],"inLanguage":"fr-FR"},{"@type":"WebPage","@id":"https:\/\/global-exam.com\/blog\/fr\/examens\/dele\/categorie-avoir-un-bon-score-au-dele\/#webpage","url":"https:\/\/global-exam.com\/blog\/fr\/examens\/dele\/categorie-avoir-un-bon-score-au-dele\/","name":"Avoir un bon score au DELE","isPartOf":{"@id":"https:\/\/global-exam.com\/blog\/#website"},"datePublished":"2021-08-17T08:23:58+00:00","dateModified":"2022-08-17T15:43:33+00:00","breadcrumb":{"@id":"https:\/\/global-exam.com\/blog\/fr\/examens\/dele\/categorie-avoir-un-bon-score-au-dele\/#breadcrumb"},"inLanguage":"fr-FR","potentialAction":[{"@type":"ReadAction","target":["https:\/\/global-exam.com\/blog\/fr\/examens\/dele\/categorie-avoir-un-bon-score-au-dele\/"]}]},{"@type":"BreadcrumbList","@id":"https:\/\/global-exam.com\/blog\/fr\/examens\/dele\/categorie-avoir-un-bon-score-au-dele\/#breadcrumb","itemListElement":[{"@type":"ListItem","position":1,"name":"Les examens de langue","item":"https:\/\/global-exam.com\/blog\/fr\/examens\/"},{"@type":"ListItem","position":2,"name":"DELE : pr\u00e9parer le test","item":"https:\/\/global-exam.com\/blog\/fr\/examens\/dele\/"},{"@type":"ListItem","position":3,"name":"Avoir un bon score au DELE"}]}]}},"lang":"fr","translations":{"fr":60719},"pll_sync_post":[],"_links":{"self":[{"href":"https:\/\/global-exam.com\/blog\/wp-json\/wp\/v2\/pages\/60719"}],"collection":[{"href":"https:\/\/global-exam.com\/blog\/wp-json\/wp\/v2\/pages"}],"about":[{"href":"https:\/\/global-exam.com\/blog\/wp-json\/wp\/v2\/types\/page"}],"author":[{"embeddable":true,"href":"https:\/\/global-exam.com\/blog\/wp-json\/wp\/v2\/users\/24"}],"replies":[{"embeddable":true,"href":"https:\/\/global-exam.com\/blog\/wp-json\/wp\/v2\/comments?post=60719"}],"version-history":[{"count":7,"href":"https:\/\/global-exam.com\/blog\/wp-json\/wp\/v2\/pages\/60719\/revisions"}],"predecessor-version":[{"id":78138,"href":"https:\/\/global-exam.com\/blog\/wp-json\/wp\/v2\/pages\/60719\/revisions\/78138"}],"up":[{"embeddable":true,"href":"https:\/\/global-exam.com\/blog\/wp-json\/wp\/v2\/pages\/2859"}],"wp:attachment":[{"href":"https:\/\/global-exam.com\/blog\/wp-json\/wp\/v2\/media?parent=60719"}],"curies":[{"name":"wp","href":"https:\/\/api.w.org\/{rel}","templated":true}]}}