{"id":60735,"date":"2021-08-17T10:27:02","date_gmt":"2021-08-17T08:27:02","guid":{"rendered":"https:\/\/global-exam.com\/blog\/?page_id=60735"},"modified":"2022-08-17T17:44:01","modified_gmt":"2022-08-17T15:44:01","slug":"categorie-centres-dexamen-dele","status":"publish","type":"page","link":"https:\/\/global-exam.com\/blog\/fr\/examens\/dele\/categorie-centres-dexamen-dele\/","title":{"rendered":"Centres d&rsquo;examen DELE"},"content":{"rendered":"<p>Trouver un centre d&rsquo;examen DELE<\/p>\n<p>Dans cette cat\u00e9gorie, nous allons tout vous dire sur\u00a0<strong>les centres d\u2019examen<\/strong>\u00a0dans lesquels vous pouvez passer votre DELE.<\/p>\n<p>En effet, il ne se passe pas \u00e0 domicile mais bien dans un centre d\u2019examen. Vous pouvez le passer dans 100 pays diff\u00e9rents. En France, ce n\u2019est pas moins de 66 villes qui proposent des centres d\u2019examen pour le DELE.<\/p>\n<p>Lors de votre inscription, nous vous conseillons fortement de r\u00e9fl\u00e9chir \u00e0 la date et au centre d\u2019examen qui vous convient le mieux. En effet, si ce dernier est proche de chez vous, vous aurez un stress en moins pour le jour J. Et cela n\u2019est pas n\u00e9gligeable, surtout si vous \u00eates de nature stress\u00e9e\u00a0!<\/p>\n<p>GlobalExam vous aide \u00e0\u00a0<strong>bien vous pr\u00e9parer au DELE<\/strong> avec de nombreux exercices, examens blancs et fiches de r\u00e9vision en ligne. Pr\u00eat \u00e0 commencer \u00e0 vous entra\u00eener ?<\/p>\n","protected":false},"excerpt":{"rendered":"<p>Trouver un centre d&rsquo;examen DELE Dans cette cat\u00e9gorie, nous allons tout vous dire sur\u00a0les centres d\u2019examen\u00a0dans lesquels vous pouvez passer votre DELE. [&hellip;]<\/p>\n","protected":false},"author":24,"featured_media":0,"parent":2859,"menu_order":0,"comment_status":"closed","ping_status":"closed","template":"","meta":[],"acf":[],"yoast_head":"<!-- This site is optimized with the Yoast SEO plugin v17.2.1 - https:\/\/yoast.com\/wordpress\/plugins\/seo\/ -->\n<title>Centres d&#039;examen DELE<\/title>\n<meta name=\"robots\" content=\"index, follow, max-snippet:-1, max-image-preview:large, max-video-preview:-1\" \/>\n<link rel=\"canonical\" href=\"https:\/\/global-exam.com\/blog\/fr\/examens\/dele\/categorie-centres-dexamen-dele\/\" \/>\n<meta property=\"og:locale\" content=\"fr_FR\" \/>\n<meta property=\"og:type\" content=\"article\" \/>\n<meta property=\"og:title\" content=\"Centres d&#039;examen DELE\" \/>\n<meta property=\"og:description\" content=\"Trouver un centre d&rsquo;examen DELE Dans cette cat\u00e9gorie, nous allons tout vous dire sur\u00a0les centres d\u2019examen\u00a0dans lesquels vous pouvez passer votre DELE. [&hellip;]\" \/>\n<meta property=\"og:url\" content=\"https:\/\/global-exam.com\/blog\/fr\/examens\/dele\/categorie-centres-dexamen-dele\/\" \/>\n<meta property=\"og:site_name\" content=\"GlobalExam Blog\" \/>\n<meta property=\"article:publisher\" content=\"https:\/\/www.facebook.com\/Global.Exam\" \/>\n<meta property=\"article:modified_time\" content=\"2022-08-17T15:44:01+00:00\" \/>\n<meta name=\"twitter:card\" content=\"summary_large_image\" \/>\n<meta name=\"twitter:site\" content=\"@Global_Exam\" \/>\n<meta name=\"twitter:label1\" content=\"Dur\u00e9e de lecture estim\u00e9e\" \/>\n\t<meta name=\"twitter:data1\" content=\"1 minute\" \/>\n<script type=\"application\/ld+json\" class=\"yoast-schema-graph\">{\"@context\":\"https:\/\/schema.org\",\"@graph\":[{\"@type\":\"WebSite\",\"@id\":\"https:\/\/global-exam.com\/blog\/#website\",\"url\":\"https:\/\/global-exam.com\/blog\/\",\"name\":\"GlobalExam Blog\",\"description\":\"Le blog du sp\\u00e9cialiste de la certification linguistique\",\"potentialAction\":[{\"@type\":\"SearchAction\",\"target\":{\"@type\":\"EntryPoint\",\"urlTemplate\":\"https:\/\/global-exam.com\/blog\/?s={search_term_string}\"},\"query-input\":\"required name=search_term_string\"}],\"inLanguage\":\"fr-FR\"},{\"@type\":\"WebPage\",\"@id\":\"https:\/\/global-exam.com\/blog\/fr\/examens\/dele\/categorie-centres-dexamen-dele\/#webpage\",\"url\":\"https:\/\/global-exam.com\/blog\/fr\/examens\/dele\/categorie-centres-dexamen-dele\/\",\"name\":\"Centres d'examen DELE\",\"isPartOf\":{\"@id\":\"https:\/\/global-exam.com\/blog\/#website\"},\"datePublished\":\"2021-08-17T08:27:02+00:00\",\"dateModified\":\"2022-08-17T15:44:01+00:00\",\"breadcrumb\":{\"@id\":\"https:\/\/global-exam.com\/blog\/fr\/examens\/dele\/categorie-centres-dexamen-dele\/#breadcrumb\"},\"inLanguage\":\"fr-FR\",\"potentialAction\":[{\"@type\":\"ReadAction\",\"target\":[\"https:\/\/global-exam.com\/blog\/fr\/examens\/dele\/categorie-centres-dexamen-dele\/\"]}]},{\"@type\":\"BreadcrumbList\",\"@id\":\"https:\/\/global-exam.com\/blog\/fr\/examens\/dele\/categorie-centres-dexamen-dele\/#breadcrumb\",\"itemListElement\":[{\"@type\":\"ListItem\",\"position\":1,\"name\":\"Les examens de langue\",\"item\":\"https:\/\/global-exam.com\/blog\/fr\/examens\/\"},{\"@type\":\"ListItem\",\"position\":2,\"name\":\"DELE : pr\\u00e9parer le test\",\"item\":\"https:\/\/global-exam.com\/blog\/fr\/examens\/dele\/\"},{\"@type\":\"ListItem\",\"position\":3,\"name\":\"Centres d&rsquo;examen DELE\"}]}]}<\/script>\n<!-- \/ Yoast SEO plugin. -->","yoast_head_json":{"title":"Centres d'examen DELE","robots":{"index":"index","follow":"follow","max-snippet":"max-snippet:-1","max-image-preview":"max-image-preview:large","max-video-preview":"max-video-preview:-1"},"canonical":"https:\/\/global-exam.com\/blog\/fr\/examens\/dele\/categorie-centres-dexamen-dele\/","og_locale":"fr_FR","og_type":"article","og_title":"Centres d'examen DELE","og_description":"Trouver un centre d&rsquo;examen DELE Dans cette cat\u00e9gorie, nous allons tout vous dire sur\u00a0les centres d\u2019examen\u00a0dans lesquels vous pouvez passer votre DELE. [&hellip;]","og_url":"https:\/\/global-exam.com\/blog\/fr\/examens\/dele\/categorie-centres-dexamen-dele\/","og_site_name":"GlobalExam Blog","article_publisher":"https:\/\/www.facebook.com\/Global.Exam","article_modified_time":"2022-08-17T15:44:01+00:00","twitter_card":"summary_large_image","twitter_site":"@Global_Exam","twitter_misc":{"Dur\u00e9e de lecture estim\u00e9e":"1 minute"},"schema":{"@context":"https:\/\/schema.org","@graph":[{"@type":"WebSite","@id":"https:\/\/global-exam.com\/blog\/#website","url":"https:\/\/global-exam.com\/blog\/","name":"GlobalExam Blog","description":"Le blog du sp\u00e9cialiste de la certification linguistique","potentialAction":[{"@type":"SearchAction","target":{"@type":"EntryPoint","urlTemplate":"https:\/\/global-exam.com\/blog\/?s={search_term_string}"},"query-input":"required name=search_term_string"}],"inLanguage":"fr-FR"},{"@type":"WebPage","@id":"https:\/\/global-exam.com\/blog\/fr\/examens\/dele\/categorie-centres-dexamen-dele\/#webpage","url":"https:\/\/global-exam.com\/blog\/fr\/examens\/dele\/categorie-centres-dexamen-dele\/","name":"Centres d'examen DELE","isPartOf":{"@id":"https:\/\/global-exam.com\/blog\/#website"},"datePublished":"2021-08-17T08:27:02+00:00","dateModified":"2022-08-17T15:44:01+00:00","breadcrumb":{"@id":"https:\/\/global-exam.com\/blog\/fr\/examens\/dele\/categorie-centres-dexamen-dele\/#breadcrumb"},"inLanguage":"fr-FR","potentialAction":[{"@type":"ReadAction","target":["https:\/\/global-exam.com\/blog\/fr\/examens\/dele\/categorie-centres-dexamen-dele\/"]}]},{"@type":"BreadcrumbList","@id":"https:\/\/global-exam.com\/blog\/fr\/examens\/dele\/categorie-centres-dexamen-dele\/#breadcrumb","itemListElement":[{"@type":"ListItem","position":1,"name":"Les examens de langue","item":"https:\/\/global-exam.com\/blog\/fr\/examens\/"},{"@type":"ListItem","position":2,"name":"DELE : pr\u00e9parer le test","item":"https:\/\/global-exam.com\/blog\/fr\/examens\/dele\/"},{"@type":"ListItem","position":3,"name":"Centres d&rsquo;examen DELE"}]}]}},"lang":"fr","translations":{"fr":60735},"pll_sync_post":[],"_links":{"self":[{"href":"https:\/\/global-exam.com\/blog\/wp-json\/wp\/v2\/pages\/60735"}],"collection":[{"href":"https:\/\/global-exam.com\/blog\/wp-json\/wp\/v2\/pages"}],"about":[{"href":"https:\/\/global-exam.com\/blog\/wp-json\/wp\/v2\/types\/page"}],"author":[{"embeddable":true,"href":"https:\/\/global-exam.com\/blog\/wp-json\/wp\/v2\/users\/24"}],"replies":[{"embeddable":true,"href":"https:\/\/global-exam.com\/blog\/wp-json\/wp\/v2\/comments?post=60735"}],"version-history":[{"count":6,"href":"https:\/\/global-exam.com\/blog\/wp-json\/wp\/v2\/pages\/60735\/revisions"}],"predecessor-version":[{"id":78139,"href":"https:\/\/global-exam.com\/blog\/wp-json\/wp\/v2\/pages\/60735\/revisions\/78139"}],"up":[{"embeddable":true,"href":"https:\/\/global-exam.com\/blog\/wp-json\/wp\/v2\/pages\/2859"}],"wp:attachment":[{"href":"https:\/\/global-exam.com\/blog\/wp-json\/wp\/v2\/media?parent=60735"}],"curies":[{"name":"wp","href":"https:\/\/api.w.org\/{rel}","templated":true}]}}