{"id":60739,"date":"2021-08-17T10:27:19","date_gmt":"2021-08-17T08:27:19","guid":{"rendered":"https:\/\/global-exam.com\/blog\/?page_id=60739"},"modified":"2022-08-18T16:48:05","modified_gmt":"2022-08-18T14:48:05","slug":"categorie-general-skills","status":"publish","type":"page","link":"https:\/\/global-exam.com\/blog\/fr\/business-english\/categorie-general-skills\/","title":{"rendered":"General Skills"},"content":{"rendered":"<p>Boostez votre carri\u00e8re<\/p>\n<p>La pr\u00e9sence de<strong>\u00a0l\u2019anglais dans le monde des affaires<\/strong> est aujourd&rsquo;hui ind\u00e9niable. Au sein des entreprises, l&rsquo;interculturalit\u00e9 des \u00e9quipes fait de l&rsquo;anglais la langue la plus parl\u00e9e dans un contexte mondialis\u00e9. La ma\u00eetrise de cette langue devient indispensable dans le monde professionnel !<\/p>\n<p>Avec les parcours par comp\u00e9tences Global Business, apprenez \u00e0 avoir une conversation t\u00e9l\u00e9phonique en anglais, organiser un rendez-vous ou r\u00e9diger un rapport, ainsi que les \u00e9tapes pour planifier un projet et assigner des missions \u00e0 vos collaborateurs.<\/p>\n<p>Acc\u00e9dez \u00e0 autant de comp\u00e9tences que de situations de communication telles que pr\u00e9senter son entreprise, r\u00e9diger un mail professionnel, motiver ses \u00e9quipes, g\u00e9rer les relations clients, organiser des r\u00e9unions, n\u00e9gocier, r\u00e9ussir un entretien en anglais ou encore \u00e9crire une lettre de motivation !<\/p>\n","protected":false},"excerpt":{"rendered":"<p>Boostez votre carri\u00e8re La pr\u00e9sence de\u00a0l\u2019anglais dans le monde des affaires est aujourd&rsquo;hui ind\u00e9niable. Au sein des entreprises, l&rsquo;interculturalit\u00e9 des \u00e9quipes fait [&hellip;]<\/p>\n","protected":false},"author":2,"featured_media":77099,"parent":23041,"menu_order":0,"comment_status":"closed","ping_status":"closed","template":"","meta":[],"acf":[],"yoast_head":"<!-- This site is optimized with the Yoast SEO plugin v17.2.1 - https:\/\/yoast.com\/wordpress\/plugins\/seo\/ -->\n<title>L&#039;apprentissage de l&#039;anglais professionel | GlobalExam<\/title>\n<meta name=\"description\" content=\"Ma\u00eetriser l&#039;anglais professionnel est aujourd&#039;hui essentiel pour d\u00e9velopper son employabilit\u00e9. Formez-vous d\u00e8s maintenant !\" \/>\n<meta name=\"robots\" content=\"index, follow, max-snippet:-1, max-image-preview:large, max-video-preview:-1\" \/>\n<link rel=\"canonical\" href=\"https:\/\/global-exam.com\/blog\/fr\/business-english\/categorie-general-skills\/\" \/>\n<meta property=\"og:locale\" content=\"fr_FR\" \/>\n<meta property=\"og:type\" content=\"article\" \/>\n<meta property=\"og:title\" content=\"L&#039;apprentissage de l&#039;anglais professionel | GlobalExam\" \/>\n<meta property=\"og:description\" content=\"Ma\u00eetriser l&#039;anglais professionnel est aujourd&#039;hui essentiel pour d\u00e9velopper son employabilit\u00e9. Formez-vous d\u00e8s maintenant !\" \/>\n<meta property=\"og:url\" content=\"https:\/\/global-exam.com\/blog\/fr\/business-english\/categorie-general-skills\/\" \/>\n<meta property=\"og:site_name\" content=\"GlobalExam Blog\" \/>\n<meta property=\"article:publisher\" content=\"https:\/\/www.facebook.com\/Global.Exam\" \/>\n<meta property=\"article:modified_time\" content=\"2022-08-18T14:48:05+00:00\" \/>\n<meta property=\"og:image\" content=\"https:\/\/global-exam.com\/blog\/wp-content\/uploads\/2022\/06\/apprendre-business-english-e1656516996194.jpg\" \/>\n\t<meta property=\"og:image:width\" content=\"650\" \/>\n\t<meta property=\"og:image:height\" content=\"650\" \/>\n<meta name=\"twitter:card\" content=\"summary_large_image\" \/>\n<meta name=\"twitter:site\" content=\"@Global_Exam\" \/>\n<meta name=\"twitter:label1\" content=\"Dur\u00e9e de lecture estim\u00e9e\" \/>\n\t<meta name=\"twitter:data1\" content=\"2 minutes\" \/>\n<script type=\"application\/ld+json\" class=\"yoast-schema-graph\">{\"@context\":\"https:\/\/schema.org\",\"@graph\":[{\"@type\":\"WebSite\",\"@id\":\"https:\/\/global-exam.com\/blog\/#website\",\"url\":\"https:\/\/global-exam.com\/blog\/\",\"name\":\"GlobalExam Blog\",\"description\":\"Le blog du sp\\u00e9cialiste de la certification linguistique\",\"potentialAction\":[{\"@type\":\"SearchAction\",\"target\":{\"@type\":\"EntryPoint\",\"urlTemplate\":\"https:\/\/global-exam.com\/blog\/?s={search_term_string}\"},\"query-input\":\"required name=search_term_string\"}],\"inLanguage\":\"fr-FR\"},{\"@type\":\"ImageObject\",\"@id\":\"https:\/\/global-exam.com\/blog\/fr\/business-english\/categorie-general-skills\/#primaryimage\",\"inLanguage\":\"fr-FR\",\"url\":\"https:\/\/global-exam.com\/blog\/wp-content\/uploads\/2022\/06\/apprendre-business-english-e1656516996194.jpg\",\"contentUrl\":\"https:\/\/global-exam.com\/blog\/wp-content\/uploads\/2022\/06\/apprendre-business-english-e1656516996194.jpg\",\"width\":650,\"height\":650,\"caption\":\"Apprendre le Business English avec GlobalExam\"},{\"@type\":\"WebPage\",\"@id\":\"https:\/\/global-exam.com\/blog\/fr\/business-english\/categorie-general-skills\/#webpage\",\"url\":\"https:\/\/global-exam.com\/blog\/fr\/business-english\/categorie-general-skills\/\",\"name\":\"L'apprentissage de l'anglais professionel | GlobalExam\",\"isPartOf\":{\"@id\":\"https:\/\/global-exam.com\/blog\/#website\"},\"primaryImageOfPage\":{\"@id\":\"https:\/\/global-exam.com\/blog\/fr\/business-english\/categorie-general-skills\/#primaryimage\"},\"datePublished\":\"2021-08-17T08:27:19+00:00\",\"dateModified\":\"2022-08-18T14:48:05+00:00\",\"description\":\"Ma\\u00eetriser l'anglais professionnel est aujourd'hui essentiel pour d\\u00e9velopper son employabilit\\u00e9. Formez-vous d\\u00e8s maintenant !\",\"breadcrumb\":{\"@id\":\"https:\/\/global-exam.com\/blog\/fr\/business-english\/categorie-general-skills\/#breadcrumb\"},\"inLanguage\":\"fr-FR\",\"potentialAction\":[{\"@type\":\"ReadAction\",\"target\":[\"https:\/\/global-exam.com\/blog\/fr\/business-english\/categorie-general-skills\/\"]}]},{\"@type\":\"BreadcrumbList\",\"@id\":\"https:\/\/global-exam.com\/blog\/fr\/business-english\/categorie-general-skills\/#breadcrumb\",\"itemListElement\":[{\"@type\":\"ListItem\",\"position\":1,\"name\":\"Business English : r\\u00e9visez l&rsquo;anglais professionnel\",\"item\":\"https:\/\/global-exam.com\/blog\/fr\/anglais-professionnel-business-english\/\"},{\"@type\":\"ListItem\",\"position\":2,\"name\":\"General Skills\"}]}]}<\/script>\n<!-- \/ Yoast SEO plugin. -->","yoast_head_json":{"title":"L'apprentissage de l'anglais professionel | GlobalExam","description":"Ma\u00eetriser l'anglais professionnel est aujourd'hui essentiel pour d\u00e9velopper son employabilit\u00e9. Formez-vous d\u00e8s maintenant !","robots":{"index":"index","follow":"follow","max-snippet":"max-snippet:-1","max-image-preview":"max-image-preview:large","max-video-preview":"max-video-preview:-1"},"canonical":"https:\/\/global-exam.com\/blog\/fr\/business-english\/categorie-general-skills\/","og_locale":"fr_FR","og_type":"article","og_title":"L'apprentissage de l'anglais professionel | GlobalExam","og_description":"Ma\u00eetriser l'anglais professionnel est aujourd'hui essentiel pour d\u00e9velopper son employabilit\u00e9. Formez-vous d\u00e8s maintenant !","og_url":"https:\/\/global-exam.com\/blog\/fr\/business-english\/categorie-general-skills\/","og_site_name":"GlobalExam Blog","article_publisher":"https:\/\/www.facebook.com\/Global.Exam","article_modified_time":"2022-08-18T14:48:05+00:00","og_image":[{"width":650,"height":650,"url":"https:\/\/global-exam.com\/blog\/wp-content\/uploads\/2022\/06\/apprendre-business-english-e1656516996194.jpg","path":"\/home\/forge\/prod-20220704.global-exam.com\/wp-content\/uploads\/2022\/06\/apprendre-business-english-e1656516996194.jpg","size":"full","id":77099,"alt":"Apprendre le Business English avec GlobalExam","pixels":422500,"type":"image\/jpeg"}],"twitter_card":"summary_large_image","twitter_site":"@Global_Exam","twitter_misc":{"Dur\u00e9e de lecture estim\u00e9e":"2 minutes"},"schema":{"@context":"https:\/\/schema.org","@graph":[{"@type":"WebSite","@id":"https:\/\/global-exam.com\/blog\/#website","url":"https:\/\/global-exam.com\/blog\/","name":"GlobalExam Blog","description":"Le blog du sp\u00e9cialiste de la certification linguistique","potentialAction":[{"@type":"SearchAction","target":{"@type":"EntryPoint","urlTemplate":"https:\/\/global-exam.com\/blog\/?s={search_term_string}"},"query-input":"required name=search_term_string"}],"inLanguage":"fr-FR"},{"@type":"ImageObject","@id":"https:\/\/global-exam.com\/blog\/fr\/business-english\/categorie-general-skills\/#primaryimage","inLanguage":"fr-FR","url":"https:\/\/global-exam.com\/blog\/wp-content\/uploads\/2022\/06\/apprendre-business-english-e1656516996194.jpg","contentUrl":"https:\/\/global-exam.com\/blog\/wp-content\/uploads\/2022\/06\/apprendre-business-english-e1656516996194.jpg","width":650,"height":650,"caption":"Apprendre le Business English avec GlobalExam"},{"@type":"WebPage","@id":"https:\/\/global-exam.com\/blog\/fr\/business-english\/categorie-general-skills\/#webpage","url":"https:\/\/global-exam.com\/blog\/fr\/business-english\/categorie-general-skills\/","name":"L'apprentissage de l'anglais professionel | GlobalExam","isPartOf":{"@id":"https:\/\/global-exam.com\/blog\/#website"},"primaryImageOfPage":{"@id":"https:\/\/global-exam.com\/blog\/fr\/business-english\/categorie-general-skills\/#primaryimage"},"datePublished":"2021-08-17T08:27:19+00:00","dateModified":"2022-08-18T14:48:05+00:00","description":"Ma\u00eetriser l'anglais professionnel est aujourd'hui essentiel pour d\u00e9velopper son employabilit\u00e9. Formez-vous d\u00e8s maintenant !","breadcrumb":{"@id":"https:\/\/global-exam.com\/blog\/fr\/business-english\/categorie-general-skills\/#breadcrumb"},"inLanguage":"fr-FR","potentialAction":[{"@type":"ReadAction","target":["https:\/\/global-exam.com\/blog\/fr\/business-english\/categorie-general-skills\/"]}]},{"@type":"BreadcrumbList","@id":"https:\/\/global-exam.com\/blog\/fr\/business-english\/categorie-general-skills\/#breadcrumb","itemListElement":[{"@type":"ListItem","position":1,"name":"Business English : r\u00e9visez l&rsquo;anglais professionnel","item":"https:\/\/global-exam.com\/blog\/fr\/anglais-professionnel-business-english\/"},{"@type":"ListItem","position":2,"name":"General Skills"}]}]}},"lang":"fr","translations":{"fr":60739},"pll_sync_post":[],"_links":{"self":[{"href":"https:\/\/global-exam.com\/blog\/wp-json\/wp\/v2\/pages\/60739"}],"collection":[{"href":"https:\/\/global-exam.com\/blog\/wp-json\/wp\/v2\/pages"}],"about":[{"href":"https:\/\/global-exam.com\/blog\/wp-json\/wp\/v2\/types\/page"}],"author":[{"embeddable":true,"href":"https:\/\/global-exam.com\/blog\/wp-json\/wp\/v2\/users\/2"}],"replies":[{"embeddable":true,"href":"https:\/\/global-exam.com\/blog\/wp-json\/wp\/v2\/comments?post=60739"}],"version-history":[{"count":9,"href":"https:\/\/global-exam.com\/blog\/wp-json\/wp\/v2\/pages\/60739\/revisions"}],"predecessor-version":[{"id":78260,"href":"https:\/\/global-exam.com\/blog\/wp-json\/wp\/v2\/pages\/60739\/revisions\/78260"}],"up":[{"embeddable":true,"href":"https:\/\/global-exam.com\/blog\/wp-json\/wp\/v2\/pages\/23041"}],"wp:featuredmedia":[{"embeddable":true,"href":"https:\/\/global-exam.com\/blog\/wp-json\/wp\/v2\/media\/77099"}],"wp:attachment":[{"href":"https:\/\/global-exam.com\/blog\/wp-json\/wp\/v2\/media?parent=60739"}],"curies":[{"name":"wp","href":"https:\/\/api.w.org\/{rel}","templated":true}]}}