{"id":60751,"date":"2021-08-17T10:35:05","date_gmt":"2021-08-17T08:35:05","guid":{"rendered":"https:\/\/global-exam.com\/blog\/?page_id=60751"},"modified":"2022-08-17T17:46:06","modified_gmt":"2022-08-17T15:46:06","slug":"categorie-supports-pour-sentrainer-au-dele","status":"publish","type":"page","link":"https:\/\/global-exam.com\/blog\/fr\/examens\/dele\/categorie-supports-pour-sentrainer-au-dele\/","title":{"rendered":"Supports pour s&rsquo;entra\u00eener au DELE"},"content":{"rendered":"<p>Choisir vos supports d&rsquo;entra\u00eenement<\/p>\n<p>Vous avez d\u00e9cid\u00e9 de <strong>vous inscrire au DELE<\/strong> ? Vous avez besoin d\u2019une <strong>certification qui confirme votre niveau<\/strong> ? Nous ne pouvons que vous encourager dans cette d\u00e9marche-l\u00e0 !<\/p>\n<p>N\u00e9anmoins, ce n\u2019est pas parce que vous pensez que votre niveau est bon qu\u2019il sera suffisant pour obtenir le meilleur score possible au DELE\u00a0!\u00a0<strong>S\u2019entra\u00eener est la cl\u00e9 du succ\u00e8s<\/strong>. En d\u2019autres termes, il faut faire des exercices et des tests blancs r\u00e9guli\u00e8rement.<\/p>\n<p>GlobalExam vous propose du contenu en ligne pour vous entra\u00eener : <strong>exercices types, tests blancs, fiches de r\u00e9vision<\/strong>\u2026 Il est tr\u00e8s important que vous vous mettiez vraiment en condition pour l\u2019examen afin d\u2019\u00eatre meilleur et moins stress\u00e9 le jour o\u00f9 vous allez passer le DELE.<\/p>\n","protected":false},"excerpt":{"rendered":"<p>Choisir vos supports d&rsquo;entra\u00eenement Vous avez d\u00e9cid\u00e9 de vous inscrire au DELE ? Vous avez besoin d\u2019une certification qui confirme votre niveau [&hellip;]<\/p>\n","protected":false},"author":24,"featured_media":0,"parent":2859,"menu_order":0,"comment_status":"closed","ping_status":"closed","template":"","meta":[],"acf":[],"yoast_head":"<!-- This site is optimized with the Yoast SEO plugin v17.2.1 - https:\/\/yoast.com\/wordpress\/plugins\/seo\/ -->\n<title>Supports pour s&#039;entra\u00eener au DELE<\/title>\n<meta name=\"robots\" content=\"index, follow, max-snippet:-1, max-image-preview:large, max-video-preview:-1\" \/>\n<link rel=\"canonical\" href=\"https:\/\/global-exam.com\/blog\/fr\/examens\/dele\/categorie-supports-pour-sentrainer-au-dele\/\" \/>\n<meta property=\"og:locale\" content=\"fr_FR\" \/>\n<meta property=\"og:type\" content=\"article\" \/>\n<meta property=\"og:title\" content=\"Supports pour s&#039;entra\u00eener au DELE\" \/>\n<meta property=\"og:description\" content=\"Choisir vos supports d&rsquo;entra\u00eenement Vous avez d\u00e9cid\u00e9 de vous inscrire au DELE ? Vous avez besoin d\u2019une certification qui confirme votre niveau [&hellip;]\" \/>\n<meta property=\"og:url\" content=\"https:\/\/global-exam.com\/blog\/fr\/examens\/dele\/categorie-supports-pour-sentrainer-au-dele\/\" \/>\n<meta property=\"og:site_name\" content=\"GlobalExam Blog\" \/>\n<meta property=\"article:publisher\" content=\"https:\/\/www.facebook.com\/Global.Exam\" \/>\n<meta property=\"article:modified_time\" content=\"2022-08-17T15:46:06+00:00\" \/>\n<meta name=\"twitter:card\" content=\"summary_large_image\" \/>\n<meta name=\"twitter:site\" content=\"@Global_Exam\" \/>\n<meta name=\"twitter:label1\" content=\"Dur\u00e9e de lecture estim\u00e9e\" \/>\n\t<meta name=\"twitter:data1\" content=\"1 minute\" \/>\n<script type=\"application\/ld+json\" class=\"yoast-schema-graph\">{\"@context\":\"https:\/\/schema.org\",\"@graph\":[{\"@type\":\"WebSite\",\"@id\":\"https:\/\/global-exam.com\/blog\/#website\",\"url\":\"https:\/\/global-exam.com\/blog\/\",\"name\":\"GlobalExam Blog\",\"description\":\"Le blog du sp\\u00e9cialiste de la certification linguistique\",\"potentialAction\":[{\"@type\":\"SearchAction\",\"target\":{\"@type\":\"EntryPoint\",\"urlTemplate\":\"https:\/\/global-exam.com\/blog\/?s={search_term_string}\"},\"query-input\":\"required name=search_term_string\"}],\"inLanguage\":\"fr-FR\"},{\"@type\":\"WebPage\",\"@id\":\"https:\/\/global-exam.com\/blog\/fr\/examens\/dele\/categorie-supports-pour-sentrainer-au-dele\/#webpage\",\"url\":\"https:\/\/global-exam.com\/blog\/fr\/examens\/dele\/categorie-supports-pour-sentrainer-au-dele\/\",\"name\":\"Supports pour s'entra\\u00eener au DELE\",\"isPartOf\":{\"@id\":\"https:\/\/global-exam.com\/blog\/#website\"},\"datePublished\":\"2021-08-17T08:35:05+00:00\",\"dateModified\":\"2022-08-17T15:46:06+00:00\",\"breadcrumb\":{\"@id\":\"https:\/\/global-exam.com\/blog\/fr\/examens\/dele\/categorie-supports-pour-sentrainer-au-dele\/#breadcrumb\"},\"inLanguage\":\"fr-FR\",\"potentialAction\":[{\"@type\":\"ReadAction\",\"target\":[\"https:\/\/global-exam.com\/blog\/fr\/examens\/dele\/categorie-supports-pour-sentrainer-au-dele\/\"]}]},{\"@type\":\"BreadcrumbList\",\"@id\":\"https:\/\/global-exam.com\/blog\/fr\/examens\/dele\/categorie-supports-pour-sentrainer-au-dele\/#breadcrumb\",\"itemListElement\":[{\"@type\":\"ListItem\",\"position\":1,\"name\":\"Les examens de langue\",\"item\":\"https:\/\/global-exam.com\/blog\/fr\/examens\/\"},{\"@type\":\"ListItem\",\"position\":2,\"name\":\"DELE : pr\\u00e9parer le test\",\"item\":\"https:\/\/global-exam.com\/blog\/fr\/examens\/dele\/\"},{\"@type\":\"ListItem\",\"position\":3,\"name\":\"Supports pour s&rsquo;entra\\u00eener au DELE\"}]}]}<\/script>\n<!-- \/ Yoast SEO plugin. -->","yoast_head_json":{"title":"Supports pour s'entra\u00eener au DELE","robots":{"index":"index","follow":"follow","max-snippet":"max-snippet:-1","max-image-preview":"max-image-preview:large","max-video-preview":"max-video-preview:-1"},"canonical":"https:\/\/global-exam.com\/blog\/fr\/examens\/dele\/categorie-supports-pour-sentrainer-au-dele\/","og_locale":"fr_FR","og_type":"article","og_title":"Supports pour s'entra\u00eener au DELE","og_description":"Choisir vos supports d&rsquo;entra\u00eenement Vous avez d\u00e9cid\u00e9 de vous inscrire au DELE ? Vous avez besoin d\u2019une certification qui confirme votre niveau [&hellip;]","og_url":"https:\/\/global-exam.com\/blog\/fr\/examens\/dele\/categorie-supports-pour-sentrainer-au-dele\/","og_site_name":"GlobalExam Blog","article_publisher":"https:\/\/www.facebook.com\/Global.Exam","article_modified_time":"2022-08-17T15:46:06+00:00","twitter_card":"summary_large_image","twitter_site":"@Global_Exam","twitter_misc":{"Dur\u00e9e de lecture estim\u00e9e":"1 minute"},"schema":{"@context":"https:\/\/schema.org","@graph":[{"@type":"WebSite","@id":"https:\/\/global-exam.com\/blog\/#website","url":"https:\/\/global-exam.com\/blog\/","name":"GlobalExam Blog","description":"Le blog du sp\u00e9cialiste de la certification linguistique","potentialAction":[{"@type":"SearchAction","target":{"@type":"EntryPoint","urlTemplate":"https:\/\/global-exam.com\/blog\/?s={search_term_string}"},"query-input":"required name=search_term_string"}],"inLanguage":"fr-FR"},{"@type":"WebPage","@id":"https:\/\/global-exam.com\/blog\/fr\/examens\/dele\/categorie-supports-pour-sentrainer-au-dele\/#webpage","url":"https:\/\/global-exam.com\/blog\/fr\/examens\/dele\/categorie-supports-pour-sentrainer-au-dele\/","name":"Supports pour s'entra\u00eener au DELE","isPartOf":{"@id":"https:\/\/global-exam.com\/blog\/#website"},"datePublished":"2021-08-17T08:35:05+00:00","dateModified":"2022-08-17T15:46:06+00:00","breadcrumb":{"@id":"https:\/\/global-exam.com\/blog\/fr\/examens\/dele\/categorie-supports-pour-sentrainer-au-dele\/#breadcrumb"},"inLanguage":"fr-FR","potentialAction":[{"@type":"ReadAction","target":["https:\/\/global-exam.com\/blog\/fr\/examens\/dele\/categorie-supports-pour-sentrainer-au-dele\/"]}]},{"@type":"BreadcrumbList","@id":"https:\/\/global-exam.com\/blog\/fr\/examens\/dele\/categorie-supports-pour-sentrainer-au-dele\/#breadcrumb","itemListElement":[{"@type":"ListItem","position":1,"name":"Les examens de langue","item":"https:\/\/global-exam.com\/blog\/fr\/examens\/"},{"@type":"ListItem","position":2,"name":"DELE : pr\u00e9parer le test","item":"https:\/\/global-exam.com\/blog\/fr\/examens\/dele\/"},{"@type":"ListItem","position":3,"name":"Supports pour s&rsquo;entra\u00eener au DELE"}]}]}},"lang":"fr","translations":{"fr":60751},"pll_sync_post":[],"_links":{"self":[{"href":"https:\/\/global-exam.com\/blog\/wp-json\/wp\/v2\/pages\/60751"}],"collection":[{"href":"https:\/\/global-exam.com\/blog\/wp-json\/wp\/v2\/pages"}],"about":[{"href":"https:\/\/global-exam.com\/blog\/wp-json\/wp\/v2\/types\/page"}],"author":[{"embeddable":true,"href":"https:\/\/global-exam.com\/blog\/wp-json\/wp\/v2\/users\/24"}],"replies":[{"embeddable":true,"href":"https:\/\/global-exam.com\/blog\/wp-json\/wp\/v2\/comments?post=60751"}],"version-history":[{"count":6,"href":"https:\/\/global-exam.com\/blog\/wp-json\/wp\/v2\/pages\/60751\/revisions"}],"predecessor-version":[{"id":78143,"href":"https:\/\/global-exam.com\/blog\/wp-json\/wp\/v2\/pages\/60751\/revisions\/78143"}],"up":[{"embeddable":true,"href":"https:\/\/global-exam.com\/blog\/wp-json\/wp\/v2\/pages\/2859"}],"wp:attachment":[{"href":"https:\/\/global-exam.com\/blog\/wp-json\/wp\/v2\/media?parent=60751"}],"curies":[{"name":"wp","href":"https:\/\/api.w.org\/{rel}","templated":true}]}}