{"id":60754,"date":"2021-08-17T10:37:36","date_gmt":"2021-08-17T08:37:36","guid":{"rendered":"https:\/\/global-exam.com\/blog\/?page_id=60754"},"modified":"2022-08-17T17:45:07","modified_gmt":"2022-08-17T15:45:07","slug":"categorie-niveaux-du-dele","status":"publish","type":"page","link":"https:\/\/global-exam.com\/blog\/fr\/examens\/dele\/categorie-niveaux-du-dele\/","title":{"rendered":"Niveaux du DELE"},"content":{"rendered":"<p>Choisir quel niveau du DELE passer<\/p>\n<p>Quel que soit votre niveau, vous pouvez parfaitement\u00a0<strong>passer le DELE<\/strong>. En effet, chaque niveau a un examen en particulier. Si vous \u00eates d\u00e9butant, les questions seront\u00a0<strong>moins difficiles<\/strong>\u00a0car adapt\u00e9es \u00e0 votre niveau. Mais si vous \u00eates plut\u00f4t confirm\u00e9 en espagnol, le test sera d\u2019autant plus dur.<\/p>\n<p>Tous les examens du DELE se passent de la m\u00eame mani\u00e8re\u00a0: vous avez une partie\u00a0<strong>compr\u00e9hension \u00e9crite, expression \u00e9crite, compr\u00e9hension orale et expression orale<\/strong>. L\u2019examen DELE dure 1h. En d\u2019autres termes, quel que soit votre niveau, vous aurez le m\u00eame examen mais avec des exercices adapt\u00e9s. Plut\u00f4t pratique, vous ne trouvez pas\u00a0?<\/p>\n<p>Vous ne savez pas vraiment quel est votre niveau\u00a0? Il serait dommage de s\u2019inscrire \u00e0 un examen trop dur ou au contraire trop facile. Le DELE doit\u00a0<strong>repr\u00e9senter votre niveau<\/strong>. C\u2019est pour cette raison que GlobalExam a cr\u00e9\u00e9 cette cat\u00e9gorie, afin que vous puissiez d\u00e9finir votre niveau.<\/p>\n","protected":false},"excerpt":{"rendered":"<p>Choisir quel niveau du DELE passer Quel que soit votre niveau, vous pouvez parfaitement\u00a0passer le DELE. En effet, chaque niveau a un [&hellip;]<\/p>\n","protected":false},"author":24,"featured_media":0,"parent":2859,"menu_order":0,"comment_status":"closed","ping_status":"closed","template":"","meta":[],"acf":[],"yoast_head":"<!-- This site is optimized with the Yoast SEO plugin v17.2.1 - https:\/\/yoast.com\/wordpress\/plugins\/seo\/ -->\n<title>Niveaux du DELE<\/title>\n<meta name=\"robots\" content=\"index, follow, max-snippet:-1, max-image-preview:large, max-video-preview:-1\" \/>\n<link rel=\"canonical\" href=\"https:\/\/global-exam.com\/blog\/fr\/examens\/dele\/categorie-niveaux-du-dele\/\" \/>\n<meta property=\"og:locale\" content=\"fr_FR\" \/>\n<meta property=\"og:type\" content=\"article\" \/>\n<meta property=\"og:title\" content=\"Niveaux du DELE\" \/>\n<meta property=\"og:description\" content=\"Choisir quel niveau du DELE passer Quel que soit votre niveau, vous pouvez parfaitement\u00a0passer le DELE. En effet, chaque niveau a un [&hellip;]\" \/>\n<meta property=\"og:url\" content=\"https:\/\/global-exam.com\/blog\/fr\/examens\/dele\/categorie-niveaux-du-dele\/\" \/>\n<meta property=\"og:site_name\" content=\"GlobalExam Blog\" \/>\n<meta property=\"article:publisher\" content=\"https:\/\/www.facebook.com\/Global.Exam\" \/>\n<meta property=\"article:modified_time\" content=\"2022-08-17T15:45:07+00:00\" \/>\n<meta name=\"twitter:card\" content=\"summary_large_image\" \/>\n<meta name=\"twitter:site\" content=\"@Global_Exam\" \/>\n<meta name=\"twitter:label1\" content=\"Dur\u00e9e de lecture estim\u00e9e\" \/>\n\t<meta name=\"twitter:data1\" content=\"1 minute\" \/>\n<script type=\"application\/ld+json\" class=\"yoast-schema-graph\">{\"@context\":\"https:\/\/schema.org\",\"@graph\":[{\"@type\":\"WebSite\",\"@id\":\"https:\/\/global-exam.com\/blog\/#website\",\"url\":\"https:\/\/global-exam.com\/blog\/\",\"name\":\"GlobalExam Blog\",\"description\":\"Le blog du sp\\u00e9cialiste de la certification linguistique\",\"potentialAction\":[{\"@type\":\"SearchAction\",\"target\":{\"@type\":\"EntryPoint\",\"urlTemplate\":\"https:\/\/global-exam.com\/blog\/?s={search_term_string}\"},\"query-input\":\"required name=search_term_string\"}],\"inLanguage\":\"fr-FR\"},{\"@type\":\"WebPage\",\"@id\":\"https:\/\/global-exam.com\/blog\/fr\/examens\/dele\/categorie-niveaux-du-dele\/#webpage\",\"url\":\"https:\/\/global-exam.com\/blog\/fr\/examens\/dele\/categorie-niveaux-du-dele\/\",\"name\":\"Niveaux du DELE\",\"isPartOf\":{\"@id\":\"https:\/\/global-exam.com\/blog\/#website\"},\"datePublished\":\"2021-08-17T08:37:36+00:00\",\"dateModified\":\"2022-08-17T15:45:07+00:00\",\"breadcrumb\":{\"@id\":\"https:\/\/global-exam.com\/blog\/fr\/examens\/dele\/categorie-niveaux-du-dele\/#breadcrumb\"},\"inLanguage\":\"fr-FR\",\"potentialAction\":[{\"@type\":\"ReadAction\",\"target\":[\"https:\/\/global-exam.com\/blog\/fr\/examens\/dele\/categorie-niveaux-du-dele\/\"]}]},{\"@type\":\"BreadcrumbList\",\"@id\":\"https:\/\/global-exam.com\/blog\/fr\/examens\/dele\/categorie-niveaux-du-dele\/#breadcrumb\",\"itemListElement\":[{\"@type\":\"ListItem\",\"position\":1,\"name\":\"Les examens de langue\",\"item\":\"https:\/\/global-exam.com\/blog\/fr\/examens\/\"},{\"@type\":\"ListItem\",\"position\":2,\"name\":\"DELE : pr\\u00e9parer le test\",\"item\":\"https:\/\/global-exam.com\/blog\/fr\/examens\/dele\/\"},{\"@type\":\"ListItem\",\"position\":3,\"name\":\"Niveaux du DELE\"}]}]}<\/script>\n<!-- \/ Yoast SEO plugin. -->","yoast_head_json":{"title":"Niveaux du DELE","robots":{"index":"index","follow":"follow","max-snippet":"max-snippet:-1","max-image-preview":"max-image-preview:large","max-video-preview":"max-video-preview:-1"},"canonical":"https:\/\/global-exam.com\/blog\/fr\/examens\/dele\/categorie-niveaux-du-dele\/","og_locale":"fr_FR","og_type":"article","og_title":"Niveaux du DELE","og_description":"Choisir quel niveau du DELE passer Quel que soit votre niveau, vous pouvez parfaitement\u00a0passer le DELE. En effet, chaque niveau a un [&hellip;]","og_url":"https:\/\/global-exam.com\/blog\/fr\/examens\/dele\/categorie-niveaux-du-dele\/","og_site_name":"GlobalExam Blog","article_publisher":"https:\/\/www.facebook.com\/Global.Exam","article_modified_time":"2022-08-17T15:45:07+00:00","twitter_card":"summary_large_image","twitter_site":"@Global_Exam","twitter_misc":{"Dur\u00e9e de lecture estim\u00e9e":"1 minute"},"schema":{"@context":"https:\/\/schema.org","@graph":[{"@type":"WebSite","@id":"https:\/\/global-exam.com\/blog\/#website","url":"https:\/\/global-exam.com\/blog\/","name":"GlobalExam Blog","description":"Le blog du sp\u00e9cialiste de la certification linguistique","potentialAction":[{"@type":"SearchAction","target":{"@type":"EntryPoint","urlTemplate":"https:\/\/global-exam.com\/blog\/?s={search_term_string}"},"query-input":"required name=search_term_string"}],"inLanguage":"fr-FR"},{"@type":"WebPage","@id":"https:\/\/global-exam.com\/blog\/fr\/examens\/dele\/categorie-niveaux-du-dele\/#webpage","url":"https:\/\/global-exam.com\/blog\/fr\/examens\/dele\/categorie-niveaux-du-dele\/","name":"Niveaux du DELE","isPartOf":{"@id":"https:\/\/global-exam.com\/blog\/#website"},"datePublished":"2021-08-17T08:37:36+00:00","dateModified":"2022-08-17T15:45:07+00:00","breadcrumb":{"@id":"https:\/\/global-exam.com\/blog\/fr\/examens\/dele\/categorie-niveaux-du-dele\/#breadcrumb"},"inLanguage":"fr-FR","potentialAction":[{"@type":"ReadAction","target":["https:\/\/global-exam.com\/blog\/fr\/examens\/dele\/categorie-niveaux-du-dele\/"]}]},{"@type":"BreadcrumbList","@id":"https:\/\/global-exam.com\/blog\/fr\/examens\/dele\/categorie-niveaux-du-dele\/#breadcrumb","itemListElement":[{"@type":"ListItem","position":1,"name":"Les examens de langue","item":"https:\/\/global-exam.com\/blog\/fr\/examens\/"},{"@type":"ListItem","position":2,"name":"DELE : pr\u00e9parer le test","item":"https:\/\/global-exam.com\/blog\/fr\/examens\/dele\/"},{"@type":"ListItem","position":3,"name":"Niveaux du DELE"}]}]}},"lang":"fr","translations":{"fr":60754},"pll_sync_post":[],"_links":{"self":[{"href":"https:\/\/global-exam.com\/blog\/wp-json\/wp\/v2\/pages\/60754"}],"collection":[{"href":"https:\/\/global-exam.com\/blog\/wp-json\/wp\/v2\/pages"}],"about":[{"href":"https:\/\/global-exam.com\/blog\/wp-json\/wp\/v2\/types\/page"}],"author":[{"embeddable":true,"href":"https:\/\/global-exam.com\/blog\/wp-json\/wp\/v2\/users\/24"}],"replies":[{"embeddable":true,"href":"https:\/\/global-exam.com\/blog\/wp-json\/wp\/v2\/comments?post=60754"}],"version-history":[{"count":6,"href":"https:\/\/global-exam.com\/blog\/wp-json\/wp\/v2\/pages\/60754\/revisions"}],"predecessor-version":[{"id":78141,"href":"https:\/\/global-exam.com\/blog\/wp-json\/wp\/v2\/pages\/60754\/revisions\/78141"}],"up":[{"embeddable":true,"href":"https:\/\/global-exam.com\/blog\/wp-json\/wp\/v2\/pages\/2859"}],"wp:attachment":[{"href":"https:\/\/global-exam.com\/blog\/wp-json\/wp\/v2\/media?parent=60754"}],"curies":[{"name":"wp","href":"https:\/\/api.w.org\/{rel}","templated":true}]}}