{"id":60761,"date":"2021-08-17T10:43:05","date_gmt":"2021-08-17T08:43:05","guid":{"rendered":"https:\/\/global-exam.com\/blog\/?page_id=60761"},"modified":"2022-08-17T17:46:46","modified_gmt":"2022-08-17T15:46:46","slug":"categorie-vocabulaire-dele","status":"publish","type":"page","link":"https:\/\/global-exam.com\/blog\/fr\/examens\/dele\/categorie-vocabulaire-dele\/","title":{"rendered":"Vocabulaire DELE"},"content":{"rendered":"<p>Ma\u00eetriser le vocabulaire du DELE<\/p>\n<p>Dans cette cat\u00e9gorie, vous trouverez toutes les informations relatives au DELE.<\/p>\n<p>Vous avez d\u00e9cid\u00e9 de vous lancer dans le DELE, mais ne savez pas vraiment par o\u00f9 commencer dans vos r\u00e9visions ? GlobalExam est l\u00e0 pour vous aider dans votre r\u00e9ussite. C\u2019est pour cette raison que vous pouvez retrouver dans cette cat\u00e9gorie <strong>un certain nombre de fiches de vocabulaire<\/strong>. Ces derni\u00e8res sont class\u00e9es par th\u00e9matique pour que vous puissiez vous y retrouver facilement.<\/p>\n<p>N\u00e9anmoins, vous aurez toutes les informations n\u00e9cessaires pour que votre test se passe au mieux. Les fiches produites par GlobalExam proposent un <strong>certain nombre d\u2019expressions<\/strong> que vous pourrez facilement retrouver dans le DELE.<\/p>\n<p>N\u2019h\u00e9sitez pas non plus \u00e0 apprendre d\u2019autres expressions et d\u2019autres mots de vocabulaire. Cela ne sera que b\u00e9n\u00e9fique pour vous.<\/p>\n","protected":false},"excerpt":{"rendered":"<p>Ma\u00eetriser le vocabulaire du DELE Dans cette cat\u00e9gorie, vous trouverez toutes les informations relatives au DELE. Vous avez d\u00e9cid\u00e9 de vous lancer [&hellip;]<\/p>\n","protected":false},"author":24,"featured_media":0,"parent":2859,"menu_order":0,"comment_status":"closed","ping_status":"closed","template":"","meta":[],"acf":[],"yoast_head":"<!-- This site is optimized with the Yoast SEO plugin v17.2.1 - https:\/\/yoast.com\/wordpress\/plugins\/seo\/ -->\n<title>Vocabulaire DELE<\/title>\n<meta name=\"robots\" content=\"index, follow, max-snippet:-1, max-image-preview:large, max-video-preview:-1\" \/>\n<link rel=\"canonical\" href=\"https:\/\/global-exam.com\/blog\/fr\/examens\/dele\/categorie-vocabulaire-dele\/\" \/>\n<meta property=\"og:locale\" content=\"fr_FR\" \/>\n<meta property=\"og:type\" content=\"article\" \/>\n<meta property=\"og:title\" content=\"Vocabulaire DELE\" \/>\n<meta property=\"og:description\" content=\"Ma\u00eetriser le vocabulaire du DELE Dans cette cat\u00e9gorie, vous trouverez toutes les informations relatives au DELE. Vous avez d\u00e9cid\u00e9 de vous lancer [&hellip;]\" \/>\n<meta property=\"og:url\" content=\"https:\/\/global-exam.com\/blog\/fr\/examens\/dele\/categorie-vocabulaire-dele\/\" \/>\n<meta property=\"og:site_name\" content=\"GlobalExam Blog\" \/>\n<meta property=\"article:publisher\" content=\"https:\/\/www.facebook.com\/Global.Exam\" \/>\n<meta property=\"article:modified_time\" content=\"2022-08-17T15:46:46+00:00\" \/>\n<meta name=\"twitter:card\" content=\"summary_large_image\" \/>\n<meta name=\"twitter:site\" content=\"@Global_Exam\" \/>\n<meta name=\"twitter:label1\" content=\"Dur\u00e9e de lecture estim\u00e9e\" \/>\n\t<meta name=\"twitter:data1\" content=\"1 minute\" \/>\n<script type=\"application\/ld+json\" class=\"yoast-schema-graph\">{\"@context\":\"https:\/\/schema.org\",\"@graph\":[{\"@type\":\"WebSite\",\"@id\":\"https:\/\/global-exam.com\/blog\/#website\",\"url\":\"https:\/\/global-exam.com\/blog\/\",\"name\":\"GlobalExam Blog\",\"description\":\"Le blog du sp\\u00e9cialiste de la certification linguistique\",\"potentialAction\":[{\"@type\":\"SearchAction\",\"target\":{\"@type\":\"EntryPoint\",\"urlTemplate\":\"https:\/\/global-exam.com\/blog\/?s={search_term_string}\"},\"query-input\":\"required name=search_term_string\"}],\"inLanguage\":\"fr-FR\"},{\"@type\":\"WebPage\",\"@id\":\"https:\/\/global-exam.com\/blog\/fr\/examens\/dele\/categorie-vocabulaire-dele\/#webpage\",\"url\":\"https:\/\/global-exam.com\/blog\/fr\/examens\/dele\/categorie-vocabulaire-dele\/\",\"name\":\"Vocabulaire DELE\",\"isPartOf\":{\"@id\":\"https:\/\/global-exam.com\/blog\/#website\"},\"datePublished\":\"2021-08-17T08:43:05+00:00\",\"dateModified\":\"2022-08-17T15:46:46+00:00\",\"breadcrumb\":{\"@id\":\"https:\/\/global-exam.com\/blog\/fr\/examens\/dele\/categorie-vocabulaire-dele\/#breadcrumb\"},\"inLanguage\":\"fr-FR\",\"potentialAction\":[{\"@type\":\"ReadAction\",\"target\":[\"https:\/\/global-exam.com\/blog\/fr\/examens\/dele\/categorie-vocabulaire-dele\/\"]}]},{\"@type\":\"BreadcrumbList\",\"@id\":\"https:\/\/global-exam.com\/blog\/fr\/examens\/dele\/categorie-vocabulaire-dele\/#breadcrumb\",\"itemListElement\":[{\"@type\":\"ListItem\",\"position\":1,\"name\":\"Les examens de langue\",\"item\":\"https:\/\/global-exam.com\/blog\/fr\/examens\/\"},{\"@type\":\"ListItem\",\"position\":2,\"name\":\"DELE : pr\\u00e9parer le test\",\"item\":\"https:\/\/global-exam.com\/blog\/fr\/examens\/dele\/\"},{\"@type\":\"ListItem\",\"position\":3,\"name\":\"Vocabulaire DELE\"}]}]}<\/script>\n<!-- \/ Yoast SEO plugin. -->","yoast_head_json":{"title":"Vocabulaire DELE","robots":{"index":"index","follow":"follow","max-snippet":"max-snippet:-1","max-image-preview":"max-image-preview:large","max-video-preview":"max-video-preview:-1"},"canonical":"https:\/\/global-exam.com\/blog\/fr\/examens\/dele\/categorie-vocabulaire-dele\/","og_locale":"fr_FR","og_type":"article","og_title":"Vocabulaire DELE","og_description":"Ma\u00eetriser le vocabulaire du DELE Dans cette cat\u00e9gorie, vous trouverez toutes les informations relatives au DELE. Vous avez d\u00e9cid\u00e9 de vous lancer [&hellip;]","og_url":"https:\/\/global-exam.com\/blog\/fr\/examens\/dele\/categorie-vocabulaire-dele\/","og_site_name":"GlobalExam Blog","article_publisher":"https:\/\/www.facebook.com\/Global.Exam","article_modified_time":"2022-08-17T15:46:46+00:00","twitter_card":"summary_large_image","twitter_site":"@Global_Exam","twitter_misc":{"Dur\u00e9e de lecture estim\u00e9e":"1 minute"},"schema":{"@context":"https:\/\/schema.org","@graph":[{"@type":"WebSite","@id":"https:\/\/global-exam.com\/blog\/#website","url":"https:\/\/global-exam.com\/blog\/","name":"GlobalExam Blog","description":"Le blog du sp\u00e9cialiste de la certification linguistique","potentialAction":[{"@type":"SearchAction","target":{"@type":"EntryPoint","urlTemplate":"https:\/\/global-exam.com\/blog\/?s={search_term_string}"},"query-input":"required name=search_term_string"}],"inLanguage":"fr-FR"},{"@type":"WebPage","@id":"https:\/\/global-exam.com\/blog\/fr\/examens\/dele\/categorie-vocabulaire-dele\/#webpage","url":"https:\/\/global-exam.com\/blog\/fr\/examens\/dele\/categorie-vocabulaire-dele\/","name":"Vocabulaire DELE","isPartOf":{"@id":"https:\/\/global-exam.com\/blog\/#website"},"datePublished":"2021-08-17T08:43:05+00:00","dateModified":"2022-08-17T15:46:46+00:00","breadcrumb":{"@id":"https:\/\/global-exam.com\/blog\/fr\/examens\/dele\/categorie-vocabulaire-dele\/#breadcrumb"},"inLanguage":"fr-FR","potentialAction":[{"@type":"ReadAction","target":["https:\/\/global-exam.com\/blog\/fr\/examens\/dele\/categorie-vocabulaire-dele\/"]}]},{"@type":"BreadcrumbList","@id":"https:\/\/global-exam.com\/blog\/fr\/examens\/dele\/categorie-vocabulaire-dele\/#breadcrumb","itemListElement":[{"@type":"ListItem","position":1,"name":"Les examens de langue","item":"https:\/\/global-exam.com\/blog\/fr\/examens\/"},{"@type":"ListItem","position":2,"name":"DELE : pr\u00e9parer le test","item":"https:\/\/global-exam.com\/blog\/fr\/examens\/dele\/"},{"@type":"ListItem","position":3,"name":"Vocabulaire DELE"}]}]}},"lang":"fr","translations":{"fr":60761},"pll_sync_post":[],"_links":{"self":[{"href":"https:\/\/global-exam.com\/blog\/wp-json\/wp\/v2\/pages\/60761"}],"collection":[{"href":"https:\/\/global-exam.com\/blog\/wp-json\/wp\/v2\/pages"}],"about":[{"href":"https:\/\/global-exam.com\/blog\/wp-json\/wp\/v2\/types\/page"}],"author":[{"embeddable":true,"href":"https:\/\/global-exam.com\/blog\/wp-json\/wp\/v2\/users\/24"}],"replies":[{"embeddable":true,"href":"https:\/\/global-exam.com\/blog\/wp-json\/wp\/v2\/comments?post=60761"}],"version-history":[{"count":6,"href":"https:\/\/global-exam.com\/blog\/wp-json\/wp\/v2\/pages\/60761\/revisions"}],"predecessor-version":[{"id":78144,"href":"https:\/\/global-exam.com\/blog\/wp-json\/wp\/v2\/pages\/60761\/revisions\/78144"}],"up":[{"embeddable":true,"href":"https:\/\/global-exam.com\/blog\/wp-json\/wp\/v2\/pages\/2859"}],"wp:attachment":[{"href":"https:\/\/global-exam.com\/blog\/wp-json\/wp\/v2\/media?parent=60761"}],"curies":[{"name":"wp","href":"https:\/\/api.w.org\/{rel}","templated":true}]}}