{"id":60790,"date":"2021-08-17T10:53:12","date_gmt":"2021-08-17T08:53:12","guid":{"rendered":"https:\/\/global-exam.com\/blog\/?page_id=60790"},"modified":"2022-08-18T10:56:52","modified_gmt":"2022-08-18T08:56:52","slug":"categorie-consignes-du-bright-espanol","status":"publish","type":"page","link":"https:\/\/global-exam.com\/blog\/fr\/examens\/bright-espanol\/categorie-consignes-du-bright-espanol\/","title":{"rendered":"Consignes du Bright Espa\u00f1ol"},"content":{"rendered":"<p>Ma\u00eetriser les consignes du BRIGHT Espa\u00f1ol<\/p>\n<p>Dans cette cat\u00e9gorie, vous retrouverez toutes les informations relatives \u00e0 votre test du Bright Espa\u00f1ol.<\/p>\n<p>Ce test est compos\u00e9 de deux parties : <strong>une partie compr\u00e9hension orale et une partie compr\u00e9hension \u00e9crite<\/strong>. Vous aurez le m\u00eame temps sur la premi\u00e8re partie que sur la deuxi\u00e8me partie. Mais pas de panique, aucune gestion du temps n\u2019est \u00e0 pr\u00e9voir. La partie orale sera \u00e9cout\u00e9e par l&rsquo;interm\u00e9diaire d&rsquo;un CD. Tout le monde r\u00e9pond en m\u00eame temps aux diff\u00e9rentes questions.<\/p>\n<p>N\u00e9anmoins, sur la deuxi\u00e8me partie, nous vous conseillons fortement de ne pas bloquer sur les questions. R\u00e9pondez \u00e0 <strong>celles dont vous \u00eates s\u00fbr<\/strong> avant de revenir sur les questions qui vous semblent plus difficiles.<\/p>\n<p>GlobalExam vous souhaite une bonne r\u00e9ussite !<\/p>\n","protected":false},"excerpt":{"rendered":"<p>Ma\u00eetriser les consignes du BRIGHT Espa\u00f1ol Dans cette cat\u00e9gorie, vous retrouverez toutes les informations relatives \u00e0 votre test du Bright Espa\u00f1ol. Ce [&hellip;]<\/p>\n","protected":false},"author":24,"featured_media":0,"parent":2861,"menu_order":0,"comment_status":"closed","ping_status":"closed","template":"","meta":[],"acf":[],"yoast_head":"<!-- This site is optimized with the Yoast SEO plugin v17.2.1 - https:\/\/yoast.com\/wordpress\/plugins\/seo\/ -->\n<title>Consignes du Bright Espa\u00f1ol<\/title>\n<meta name=\"robots\" content=\"index, follow, max-snippet:-1, max-image-preview:large, max-video-preview:-1\" \/>\n<link rel=\"canonical\" href=\"https:\/\/global-exam.com\/blog\/fr\/examens\/bright-espanol\/categorie-consignes-du-bright-espanol\/\" \/>\n<meta property=\"og:locale\" content=\"fr_FR\" \/>\n<meta property=\"og:type\" content=\"article\" \/>\n<meta property=\"og:title\" content=\"Consignes du Bright Espa\u00f1ol\" \/>\n<meta property=\"og:description\" content=\"Ma\u00eetriser les consignes du BRIGHT Espa\u00f1ol Dans cette cat\u00e9gorie, vous retrouverez toutes les informations relatives \u00e0 votre test du Bright Espa\u00f1ol. Ce [&hellip;]\" \/>\n<meta property=\"og:url\" content=\"https:\/\/global-exam.com\/blog\/fr\/examens\/bright-espanol\/categorie-consignes-du-bright-espanol\/\" \/>\n<meta property=\"og:site_name\" content=\"GlobalExam Blog\" \/>\n<meta property=\"article:publisher\" content=\"https:\/\/www.facebook.com\/Global.Exam\" \/>\n<meta property=\"article:modified_time\" content=\"2022-08-18T08:56:52+00:00\" \/>\n<meta name=\"twitter:card\" content=\"summary_large_image\" \/>\n<meta name=\"twitter:site\" content=\"@Global_Exam\" \/>\n<meta name=\"twitter:label1\" content=\"Dur\u00e9e de lecture estim\u00e9e\" \/>\n\t<meta name=\"twitter:data1\" content=\"1 minute\" \/>\n<script type=\"application\/ld+json\" class=\"yoast-schema-graph\">{\"@context\":\"https:\/\/schema.org\",\"@graph\":[{\"@type\":\"WebSite\",\"@id\":\"https:\/\/global-exam.com\/blog\/#website\",\"url\":\"https:\/\/global-exam.com\/blog\/\",\"name\":\"GlobalExam Blog\",\"description\":\"Le blog du sp\\u00e9cialiste de la certification linguistique\",\"potentialAction\":[{\"@type\":\"SearchAction\",\"target\":{\"@type\":\"EntryPoint\",\"urlTemplate\":\"https:\/\/global-exam.com\/blog\/?s={search_term_string}\"},\"query-input\":\"required name=search_term_string\"}],\"inLanguage\":\"fr-FR\"},{\"@type\":\"WebPage\",\"@id\":\"https:\/\/global-exam.com\/blog\/fr\/examens\/bright-espanol\/categorie-consignes-du-bright-espanol\/#webpage\",\"url\":\"https:\/\/global-exam.com\/blog\/fr\/examens\/bright-espanol\/categorie-consignes-du-bright-espanol\/\",\"name\":\"Consignes du Bright Espa\\u00f1ol\",\"isPartOf\":{\"@id\":\"https:\/\/global-exam.com\/blog\/#website\"},\"datePublished\":\"2021-08-17T08:53:12+00:00\",\"dateModified\":\"2022-08-18T08:56:52+00:00\",\"breadcrumb\":{\"@id\":\"https:\/\/global-exam.com\/blog\/fr\/examens\/bright-espanol\/categorie-consignes-du-bright-espanol\/#breadcrumb\"},\"inLanguage\":\"fr-FR\",\"potentialAction\":[{\"@type\":\"ReadAction\",\"target\":[\"https:\/\/global-exam.com\/blog\/fr\/examens\/bright-espanol\/categorie-consignes-du-bright-espanol\/\"]}]},{\"@type\":\"BreadcrumbList\",\"@id\":\"https:\/\/global-exam.com\/blog\/fr\/examens\/bright-espanol\/categorie-consignes-du-bright-espanol\/#breadcrumb\",\"itemListElement\":[{\"@type\":\"ListItem\",\"position\":1,\"name\":\"Les examens de langue\",\"item\":\"https:\/\/global-exam.com\/blog\/fr\/examens\/\"},{\"@type\":\"ListItem\",\"position\":2,\"name\":\"BRIGHT Espa\\u00f1ol\",\"item\":\"https:\/\/global-exam.com\/blog\/fr\/examens\/bright-espanol\/\"},{\"@type\":\"ListItem\",\"position\":3,\"name\":\"Consignes du Bright Espa\\u00f1ol\"}]}]}<\/script>\n<!-- \/ Yoast SEO plugin. -->","yoast_head_json":{"title":"Consignes du Bright Espa\u00f1ol","robots":{"index":"index","follow":"follow","max-snippet":"max-snippet:-1","max-image-preview":"max-image-preview:large","max-video-preview":"max-video-preview:-1"},"canonical":"https:\/\/global-exam.com\/blog\/fr\/examens\/bright-espanol\/categorie-consignes-du-bright-espanol\/","og_locale":"fr_FR","og_type":"article","og_title":"Consignes du Bright Espa\u00f1ol","og_description":"Ma\u00eetriser les consignes du BRIGHT Espa\u00f1ol Dans cette cat\u00e9gorie, vous retrouverez toutes les informations relatives \u00e0 votre test du Bright Espa\u00f1ol. Ce [&hellip;]","og_url":"https:\/\/global-exam.com\/blog\/fr\/examens\/bright-espanol\/categorie-consignes-du-bright-espanol\/","og_site_name":"GlobalExam Blog","article_publisher":"https:\/\/www.facebook.com\/Global.Exam","article_modified_time":"2022-08-18T08:56:52+00:00","twitter_card":"summary_large_image","twitter_site":"@Global_Exam","twitter_misc":{"Dur\u00e9e de lecture estim\u00e9e":"1 minute"},"schema":{"@context":"https:\/\/schema.org","@graph":[{"@type":"WebSite","@id":"https:\/\/global-exam.com\/blog\/#website","url":"https:\/\/global-exam.com\/blog\/","name":"GlobalExam Blog","description":"Le blog du sp\u00e9cialiste de la certification linguistique","potentialAction":[{"@type":"SearchAction","target":{"@type":"EntryPoint","urlTemplate":"https:\/\/global-exam.com\/blog\/?s={search_term_string}"},"query-input":"required name=search_term_string"}],"inLanguage":"fr-FR"},{"@type":"WebPage","@id":"https:\/\/global-exam.com\/blog\/fr\/examens\/bright-espanol\/categorie-consignes-du-bright-espanol\/#webpage","url":"https:\/\/global-exam.com\/blog\/fr\/examens\/bright-espanol\/categorie-consignes-du-bright-espanol\/","name":"Consignes du Bright Espa\u00f1ol","isPartOf":{"@id":"https:\/\/global-exam.com\/blog\/#website"},"datePublished":"2021-08-17T08:53:12+00:00","dateModified":"2022-08-18T08:56:52+00:00","breadcrumb":{"@id":"https:\/\/global-exam.com\/blog\/fr\/examens\/bright-espanol\/categorie-consignes-du-bright-espanol\/#breadcrumb"},"inLanguage":"fr-FR","potentialAction":[{"@type":"ReadAction","target":["https:\/\/global-exam.com\/blog\/fr\/examens\/bright-espanol\/categorie-consignes-du-bright-espanol\/"]}]},{"@type":"BreadcrumbList","@id":"https:\/\/global-exam.com\/blog\/fr\/examens\/bright-espanol\/categorie-consignes-du-bright-espanol\/#breadcrumb","itemListElement":[{"@type":"ListItem","position":1,"name":"Les examens de langue","item":"https:\/\/global-exam.com\/blog\/fr\/examens\/"},{"@type":"ListItem","position":2,"name":"BRIGHT Espa\u00f1ol","item":"https:\/\/global-exam.com\/blog\/fr\/examens\/bright-espanol\/"},{"@type":"ListItem","position":3,"name":"Consignes du Bright Espa\u00f1ol"}]}]}},"lang":"fr","translations":{"fr":60790},"pll_sync_post":[],"_links":{"self":[{"href":"https:\/\/global-exam.com\/blog\/wp-json\/wp\/v2\/pages\/60790"}],"collection":[{"href":"https:\/\/global-exam.com\/blog\/wp-json\/wp\/v2\/pages"}],"about":[{"href":"https:\/\/global-exam.com\/blog\/wp-json\/wp\/v2\/types\/page"}],"author":[{"embeddable":true,"href":"https:\/\/global-exam.com\/blog\/wp-json\/wp\/v2\/users\/24"}],"replies":[{"embeddable":true,"href":"https:\/\/global-exam.com\/blog\/wp-json\/wp\/v2\/comments?post=60790"}],"version-history":[{"count":8,"href":"https:\/\/global-exam.com\/blog\/wp-json\/wp\/v2\/pages\/60790\/revisions"}],"predecessor-version":[{"id":78190,"href":"https:\/\/global-exam.com\/blog\/wp-json\/wp\/v2\/pages\/60790\/revisions\/78190"}],"up":[{"embeddable":true,"href":"https:\/\/global-exam.com\/blog\/wp-json\/wp\/v2\/pages\/2861"}],"wp:attachment":[{"href":"https:\/\/global-exam.com\/blog\/wp-json\/wp\/v2\/media?parent=60790"}],"curies":[{"name":"wp","href":"https:\/\/api.w.org\/{rel}","templated":true}]}}