{"id":60795,"date":"2021-08-17T10:59:37","date_gmt":"2021-08-17T08:59:37","guid":{"rendered":"https:\/\/global-exam.com\/blog\/?page_id=60795"},"modified":"2022-08-18T10:59:42","modified_gmt":"2022-08-18T08:59:42","slug":"categorie-supports-pour-sentrainer-au-bright-espanol","status":"publish","type":"page","link":"https:\/\/global-exam.com\/blog\/fr\/examens\/bright-espanol\/categorie-supports-pour-sentrainer-au-bright-espanol\/","title":{"rendered":"Supports pour s&rsquo;entra\u00eener au Bright Espa\u00f1ol"},"content":{"rendered":"<p>Ressources pour pr\u00e9parer le BRIGHT Espa\u00f1ol<\/p>\n<p>Vous avez pr\u00e9vu de passer l&rsquo;examen du DELE prochainement afin d&rsquo;obtenir la certification correspondante ? Celle-ci est en effet une <strong>r\u00e9f\u00e9rence linguistique<\/strong> r\u00e9guli\u00e8rement demand\u00e9e dans les milieux universitaires et professionnels. Dans cette cat\u00e9gorie, nous allons vous pr\u00e9senter les diff\u00e9rents <strong>supports mis \u00e0 disposition<\/strong>\u00a0pour que vous puissiez vous entra\u00eener au mieux.<\/p>\n<p>Tous les supports propos\u00e9s par GlobalExam\u00a0<strong>sont en ligne<\/strong>. Ainsi, vous pourrez retrouver des tests, des exercices ou encore des conseils\u00a0<strong>facilement accessibles pour r\u00e9ussir le Bright Espa\u00f1ol<\/strong>.<\/p>\n<p>S\u2019entra\u00eener est tr\u00e8s important si vous souhaitez obtenir un bon score. En effet, \u00eatre bon en espagnol ne vous suffira pas pour obtenir le meilleur score.<\/p>\n","protected":false},"excerpt":{"rendered":"<p>Ressources pour pr\u00e9parer le BRIGHT Espa\u00f1ol Vous avez pr\u00e9vu de passer l&rsquo;examen du DELE prochainement afin d&rsquo;obtenir la certification correspondante ? Celle-ci [&hellip;]<\/p>\n","protected":false},"author":24,"featured_media":0,"parent":2861,"menu_order":0,"comment_status":"closed","ping_status":"closed","template":"","meta":[],"acf":[],"yoast_head":"<!-- This site is optimized with the Yoast SEO plugin v17.2.1 - https:\/\/yoast.com\/wordpress\/plugins\/seo\/ -->\n<title>Supports pour s&#039;entra\u00eener au Bright Espa\u00f1ol<\/title>\n<meta name=\"robots\" content=\"index, follow, max-snippet:-1, max-image-preview:large, max-video-preview:-1\" \/>\n<link rel=\"canonical\" href=\"https:\/\/global-exam.com\/blog\/fr\/examens\/bright-espanol\/categorie-supports-pour-sentrainer-au-bright-espanol\/\" \/>\n<meta property=\"og:locale\" content=\"fr_FR\" \/>\n<meta property=\"og:type\" content=\"article\" \/>\n<meta property=\"og:title\" content=\"Supports pour s&#039;entra\u00eener au Bright Espa\u00f1ol\" \/>\n<meta property=\"og:description\" content=\"Ressources pour pr\u00e9parer le BRIGHT Espa\u00f1ol Vous avez pr\u00e9vu de passer l&rsquo;examen du DELE prochainement afin d&rsquo;obtenir la certification correspondante ? Celle-ci [&hellip;]\" \/>\n<meta property=\"og:url\" content=\"https:\/\/global-exam.com\/blog\/fr\/examens\/bright-espanol\/categorie-supports-pour-sentrainer-au-bright-espanol\/\" \/>\n<meta property=\"og:site_name\" content=\"GlobalExam Blog\" \/>\n<meta property=\"article:publisher\" content=\"https:\/\/www.facebook.com\/Global.Exam\" \/>\n<meta property=\"article:modified_time\" content=\"2022-08-18T08:59:42+00:00\" \/>\n<meta name=\"twitter:card\" content=\"summary_large_image\" \/>\n<meta name=\"twitter:site\" content=\"@Global_Exam\" \/>\n<meta name=\"twitter:label1\" content=\"Dur\u00e9e de lecture estim\u00e9e\" \/>\n\t<meta name=\"twitter:data1\" content=\"1 minute\" \/>\n<script type=\"application\/ld+json\" class=\"yoast-schema-graph\">{\"@context\":\"https:\/\/schema.org\",\"@graph\":[{\"@type\":\"WebSite\",\"@id\":\"https:\/\/global-exam.com\/blog\/#website\",\"url\":\"https:\/\/global-exam.com\/blog\/\",\"name\":\"GlobalExam Blog\",\"description\":\"Le blog du sp\\u00e9cialiste de la certification linguistique\",\"potentialAction\":[{\"@type\":\"SearchAction\",\"target\":{\"@type\":\"EntryPoint\",\"urlTemplate\":\"https:\/\/global-exam.com\/blog\/?s={search_term_string}\"},\"query-input\":\"required name=search_term_string\"}],\"inLanguage\":\"fr-FR\"},{\"@type\":\"WebPage\",\"@id\":\"https:\/\/global-exam.com\/blog\/fr\/examens\/bright-espanol\/categorie-supports-pour-sentrainer-au-bright-espanol\/#webpage\",\"url\":\"https:\/\/global-exam.com\/blog\/fr\/examens\/bright-espanol\/categorie-supports-pour-sentrainer-au-bright-espanol\/\",\"name\":\"Supports pour s'entra\\u00eener au Bright Espa\\u00f1ol\",\"isPartOf\":{\"@id\":\"https:\/\/global-exam.com\/blog\/#website\"},\"datePublished\":\"2021-08-17T08:59:37+00:00\",\"dateModified\":\"2022-08-18T08:59:42+00:00\",\"breadcrumb\":{\"@id\":\"https:\/\/global-exam.com\/blog\/fr\/examens\/bright-espanol\/categorie-supports-pour-sentrainer-au-bright-espanol\/#breadcrumb\"},\"inLanguage\":\"fr-FR\",\"potentialAction\":[{\"@type\":\"ReadAction\",\"target\":[\"https:\/\/global-exam.com\/blog\/fr\/examens\/bright-espanol\/categorie-supports-pour-sentrainer-au-bright-espanol\/\"]}]},{\"@type\":\"BreadcrumbList\",\"@id\":\"https:\/\/global-exam.com\/blog\/fr\/examens\/bright-espanol\/categorie-supports-pour-sentrainer-au-bright-espanol\/#breadcrumb\",\"itemListElement\":[{\"@type\":\"ListItem\",\"position\":1,\"name\":\"Les examens de langue\",\"item\":\"https:\/\/global-exam.com\/blog\/fr\/examens\/\"},{\"@type\":\"ListItem\",\"position\":2,\"name\":\"BRIGHT Espa\\u00f1ol\",\"item\":\"https:\/\/global-exam.com\/blog\/fr\/examens\/bright-espanol\/\"},{\"@type\":\"ListItem\",\"position\":3,\"name\":\"Supports pour s&rsquo;entra\\u00eener au Bright Espa\\u00f1ol\"}]}]}<\/script>\n<!-- \/ Yoast SEO plugin. -->","yoast_head_json":{"title":"Supports pour s'entra\u00eener au Bright Espa\u00f1ol","robots":{"index":"index","follow":"follow","max-snippet":"max-snippet:-1","max-image-preview":"max-image-preview:large","max-video-preview":"max-video-preview:-1"},"canonical":"https:\/\/global-exam.com\/blog\/fr\/examens\/bright-espanol\/categorie-supports-pour-sentrainer-au-bright-espanol\/","og_locale":"fr_FR","og_type":"article","og_title":"Supports pour s'entra\u00eener au Bright Espa\u00f1ol","og_description":"Ressources pour pr\u00e9parer le BRIGHT Espa\u00f1ol Vous avez pr\u00e9vu de passer l&rsquo;examen du DELE prochainement afin d&rsquo;obtenir la certification correspondante ? Celle-ci [&hellip;]","og_url":"https:\/\/global-exam.com\/blog\/fr\/examens\/bright-espanol\/categorie-supports-pour-sentrainer-au-bright-espanol\/","og_site_name":"GlobalExam Blog","article_publisher":"https:\/\/www.facebook.com\/Global.Exam","article_modified_time":"2022-08-18T08:59:42+00:00","twitter_card":"summary_large_image","twitter_site":"@Global_Exam","twitter_misc":{"Dur\u00e9e de lecture estim\u00e9e":"1 minute"},"schema":{"@context":"https:\/\/schema.org","@graph":[{"@type":"WebSite","@id":"https:\/\/global-exam.com\/blog\/#website","url":"https:\/\/global-exam.com\/blog\/","name":"GlobalExam Blog","description":"Le blog du sp\u00e9cialiste de la certification linguistique","potentialAction":[{"@type":"SearchAction","target":{"@type":"EntryPoint","urlTemplate":"https:\/\/global-exam.com\/blog\/?s={search_term_string}"},"query-input":"required name=search_term_string"}],"inLanguage":"fr-FR"},{"@type":"WebPage","@id":"https:\/\/global-exam.com\/blog\/fr\/examens\/bright-espanol\/categorie-supports-pour-sentrainer-au-bright-espanol\/#webpage","url":"https:\/\/global-exam.com\/blog\/fr\/examens\/bright-espanol\/categorie-supports-pour-sentrainer-au-bright-espanol\/","name":"Supports pour s'entra\u00eener au Bright Espa\u00f1ol","isPartOf":{"@id":"https:\/\/global-exam.com\/blog\/#website"},"datePublished":"2021-08-17T08:59:37+00:00","dateModified":"2022-08-18T08:59:42+00:00","breadcrumb":{"@id":"https:\/\/global-exam.com\/blog\/fr\/examens\/bright-espanol\/categorie-supports-pour-sentrainer-au-bright-espanol\/#breadcrumb"},"inLanguage":"fr-FR","potentialAction":[{"@type":"ReadAction","target":["https:\/\/global-exam.com\/blog\/fr\/examens\/bright-espanol\/categorie-supports-pour-sentrainer-au-bright-espanol\/"]}]},{"@type":"BreadcrumbList","@id":"https:\/\/global-exam.com\/blog\/fr\/examens\/bright-espanol\/categorie-supports-pour-sentrainer-au-bright-espanol\/#breadcrumb","itemListElement":[{"@type":"ListItem","position":1,"name":"Les examens de langue","item":"https:\/\/global-exam.com\/blog\/fr\/examens\/"},{"@type":"ListItem","position":2,"name":"BRIGHT Espa\u00f1ol","item":"https:\/\/global-exam.com\/blog\/fr\/examens\/bright-espanol\/"},{"@type":"ListItem","position":3,"name":"Supports pour s&rsquo;entra\u00eener au Bright Espa\u00f1ol"}]}]}},"lang":"fr","translations":{"fr":60795},"pll_sync_post":[],"_links":{"self":[{"href":"https:\/\/global-exam.com\/blog\/wp-json\/wp\/v2\/pages\/60795"}],"collection":[{"href":"https:\/\/global-exam.com\/blog\/wp-json\/wp\/v2\/pages"}],"about":[{"href":"https:\/\/global-exam.com\/blog\/wp-json\/wp\/v2\/types\/page"}],"author":[{"embeddable":true,"href":"https:\/\/global-exam.com\/blog\/wp-json\/wp\/v2\/users\/24"}],"replies":[{"embeddable":true,"href":"https:\/\/global-exam.com\/blog\/wp-json\/wp\/v2\/comments?post=60795"}],"version-history":[{"count":7,"href":"https:\/\/global-exam.com\/blog\/wp-json\/wp\/v2\/pages\/60795\/revisions"}],"predecessor-version":[{"id":78194,"href":"https:\/\/global-exam.com\/blog\/wp-json\/wp\/v2\/pages\/60795\/revisions\/78194"}],"up":[{"embeddable":true,"href":"https:\/\/global-exam.com\/blog\/wp-json\/wp\/v2\/pages\/2861"}],"wp:attachment":[{"href":"https:\/\/global-exam.com\/blog\/wp-json\/wp\/v2\/media?parent=60795"}],"curies":[{"name":"wp","href":"https:\/\/api.w.org\/{rel}","templated":true}]}}