{"id":60799,"date":"2021-08-17T11:02:21","date_gmt":"2021-08-17T09:02:21","guid":{"rendered":"https:\/\/global-exam.com\/blog\/?page_id=60799"},"modified":"2022-08-18T10:58:53","modified_gmt":"2022-08-18T08:58:53","slug":"categorie-sinscrire-au-bright-espanol","status":"publish","type":"page","link":"https:\/\/global-exam.com\/blog\/fr\/examens\/bright-espanol\/categorie-sinscrire-au-bright-espanol\/","title":{"rendered":"S&rsquo;inscrire au Bright Espa\u00f1ol"},"content":{"rendered":"<p>L&rsquo;inscription au BRIGHT Espa\u00f1ol<\/p>\n<p>Dans cette cat\u00e9gorie, vous allez d\u00e9couvrir comment vous pouvez vous\u00a0<strong>inscrire au Bright Espa\u00f1ol<\/strong>. Vous verrez que l\u2019inscription se fait plut\u00f4t rapidement et facilement\u00a0!<\/p>\n<p>Que vous ayez ou non commenc\u00e9 \u00e0 pr\u00e9parer votre test du Bright Espagnol, l\u2019inscription se fait directement\u00a0<strong>en ligne<\/strong>. Vous n\u2019avez donc aucun dossier \u00e0 envoyer, ce qui est un r\u00e9el avantage. Une fois que vous \u00eates inscrit, il ne reste plus qu\u2019\u00e0\u00a0<strong>r\u00e9server votre place<\/strong>\u00a0pour le test Bright Espa\u00f1ol qui vous int\u00e9resse.<\/p>\n<p>Vous avez le choix entre plusieurs dates, mais \u00e9galement plusieurs centres d\u2019examen. C\u2019est \u00e0 vous de choisir quand vous souhaitez passer votre test. Une fois que cela est fait, nous vous conseillons de\u00a0<strong>vous entra\u00eener<\/strong>\u00a0jusqu\u2019\u00e0 la date pr\u00e9vue.<\/p>\n<p>Votre date d\u2019examen arrive\u00a0et vous souhaitez vous entra\u00eener ? GlobalExam met \u00e0 votre disposition\u00a0<strong>de nombreux supports<\/strong>\u00a0pour vous aider \u00e0 vous pr\u00e9parer et r\u00e9ussir votre examen.<\/p>\n","protected":false},"excerpt":{"rendered":"<p>L&rsquo;inscription au BRIGHT Espa\u00f1ol Dans cette cat\u00e9gorie, vous allez d\u00e9couvrir comment vous pouvez vous\u00a0inscrire au Bright Espa\u00f1ol. Vous verrez que l\u2019inscription se [&hellip;]<\/p>\n","protected":false},"author":24,"featured_media":0,"parent":2861,"menu_order":0,"comment_status":"closed","ping_status":"closed","template":"","meta":[],"acf":[],"yoast_head":"<!-- This site is optimized with the Yoast SEO plugin v17.2.1 - https:\/\/yoast.com\/wordpress\/plugins\/seo\/ -->\n<title>S&#039;inscrire au Bright Espa\u00f1ol<\/title>\n<meta name=\"robots\" content=\"index, follow, max-snippet:-1, max-image-preview:large, max-video-preview:-1\" \/>\n<link rel=\"canonical\" href=\"https:\/\/global-exam.com\/blog\/fr\/examens\/bright-espanol\/categorie-sinscrire-au-bright-espanol\/\" \/>\n<meta property=\"og:locale\" content=\"fr_FR\" \/>\n<meta property=\"og:type\" content=\"article\" \/>\n<meta property=\"og:title\" content=\"S&#039;inscrire au Bright Espa\u00f1ol\" \/>\n<meta property=\"og:description\" content=\"L&rsquo;inscription au BRIGHT Espa\u00f1ol Dans cette cat\u00e9gorie, vous allez d\u00e9couvrir comment vous pouvez vous\u00a0inscrire au Bright Espa\u00f1ol. Vous verrez que l\u2019inscription se [&hellip;]\" \/>\n<meta property=\"og:url\" content=\"https:\/\/global-exam.com\/blog\/fr\/examens\/bright-espanol\/categorie-sinscrire-au-bright-espanol\/\" \/>\n<meta property=\"og:site_name\" content=\"GlobalExam Blog\" \/>\n<meta property=\"article:publisher\" content=\"https:\/\/www.facebook.com\/Global.Exam\" \/>\n<meta property=\"article:modified_time\" content=\"2022-08-18T08:58:53+00:00\" \/>\n<meta name=\"twitter:card\" content=\"summary_large_image\" \/>\n<meta name=\"twitter:site\" content=\"@Global_Exam\" \/>\n<meta name=\"twitter:label1\" content=\"Dur\u00e9e de lecture estim\u00e9e\" \/>\n\t<meta name=\"twitter:data1\" content=\"1 minute\" \/>\n<script type=\"application\/ld+json\" class=\"yoast-schema-graph\">{\"@context\":\"https:\/\/schema.org\",\"@graph\":[{\"@type\":\"WebSite\",\"@id\":\"https:\/\/global-exam.com\/blog\/#website\",\"url\":\"https:\/\/global-exam.com\/blog\/\",\"name\":\"GlobalExam Blog\",\"description\":\"Le blog du sp\\u00e9cialiste de la certification linguistique\",\"potentialAction\":[{\"@type\":\"SearchAction\",\"target\":{\"@type\":\"EntryPoint\",\"urlTemplate\":\"https:\/\/global-exam.com\/blog\/?s={search_term_string}\"},\"query-input\":\"required name=search_term_string\"}],\"inLanguage\":\"fr-FR\"},{\"@type\":\"WebPage\",\"@id\":\"https:\/\/global-exam.com\/blog\/fr\/examens\/bright-espanol\/categorie-sinscrire-au-bright-espanol\/#webpage\",\"url\":\"https:\/\/global-exam.com\/blog\/fr\/examens\/bright-espanol\/categorie-sinscrire-au-bright-espanol\/\",\"name\":\"S'inscrire au Bright Espa\\u00f1ol\",\"isPartOf\":{\"@id\":\"https:\/\/global-exam.com\/blog\/#website\"},\"datePublished\":\"2021-08-17T09:02:21+00:00\",\"dateModified\":\"2022-08-18T08:58:53+00:00\",\"breadcrumb\":{\"@id\":\"https:\/\/global-exam.com\/blog\/fr\/examens\/bright-espanol\/categorie-sinscrire-au-bright-espanol\/#breadcrumb\"},\"inLanguage\":\"fr-FR\",\"potentialAction\":[{\"@type\":\"ReadAction\",\"target\":[\"https:\/\/global-exam.com\/blog\/fr\/examens\/bright-espanol\/categorie-sinscrire-au-bright-espanol\/\"]}]},{\"@type\":\"BreadcrumbList\",\"@id\":\"https:\/\/global-exam.com\/blog\/fr\/examens\/bright-espanol\/categorie-sinscrire-au-bright-espanol\/#breadcrumb\",\"itemListElement\":[{\"@type\":\"ListItem\",\"position\":1,\"name\":\"Les examens de langue\",\"item\":\"https:\/\/global-exam.com\/blog\/fr\/examens\/\"},{\"@type\":\"ListItem\",\"position\":2,\"name\":\"BRIGHT Espa\\u00f1ol\",\"item\":\"https:\/\/global-exam.com\/blog\/fr\/examens\/bright-espanol\/\"},{\"@type\":\"ListItem\",\"position\":3,\"name\":\"S&rsquo;inscrire au Bright Espa\\u00f1ol\"}]}]}<\/script>\n<!-- \/ Yoast SEO plugin. -->","yoast_head_json":{"title":"S'inscrire au Bright Espa\u00f1ol","robots":{"index":"index","follow":"follow","max-snippet":"max-snippet:-1","max-image-preview":"max-image-preview:large","max-video-preview":"max-video-preview:-1"},"canonical":"https:\/\/global-exam.com\/blog\/fr\/examens\/bright-espanol\/categorie-sinscrire-au-bright-espanol\/","og_locale":"fr_FR","og_type":"article","og_title":"S'inscrire au Bright Espa\u00f1ol","og_description":"L&rsquo;inscription au BRIGHT Espa\u00f1ol Dans cette cat\u00e9gorie, vous allez d\u00e9couvrir comment vous pouvez vous\u00a0inscrire au Bright Espa\u00f1ol. Vous verrez que l\u2019inscription se [&hellip;]","og_url":"https:\/\/global-exam.com\/blog\/fr\/examens\/bright-espanol\/categorie-sinscrire-au-bright-espanol\/","og_site_name":"GlobalExam Blog","article_publisher":"https:\/\/www.facebook.com\/Global.Exam","article_modified_time":"2022-08-18T08:58:53+00:00","twitter_card":"summary_large_image","twitter_site":"@Global_Exam","twitter_misc":{"Dur\u00e9e de lecture estim\u00e9e":"1 minute"},"schema":{"@context":"https:\/\/schema.org","@graph":[{"@type":"WebSite","@id":"https:\/\/global-exam.com\/blog\/#website","url":"https:\/\/global-exam.com\/blog\/","name":"GlobalExam Blog","description":"Le blog du sp\u00e9cialiste de la certification linguistique","potentialAction":[{"@type":"SearchAction","target":{"@type":"EntryPoint","urlTemplate":"https:\/\/global-exam.com\/blog\/?s={search_term_string}"},"query-input":"required name=search_term_string"}],"inLanguage":"fr-FR"},{"@type":"WebPage","@id":"https:\/\/global-exam.com\/blog\/fr\/examens\/bright-espanol\/categorie-sinscrire-au-bright-espanol\/#webpage","url":"https:\/\/global-exam.com\/blog\/fr\/examens\/bright-espanol\/categorie-sinscrire-au-bright-espanol\/","name":"S'inscrire au Bright Espa\u00f1ol","isPartOf":{"@id":"https:\/\/global-exam.com\/blog\/#website"},"datePublished":"2021-08-17T09:02:21+00:00","dateModified":"2022-08-18T08:58:53+00:00","breadcrumb":{"@id":"https:\/\/global-exam.com\/blog\/fr\/examens\/bright-espanol\/categorie-sinscrire-au-bright-espanol\/#breadcrumb"},"inLanguage":"fr-FR","potentialAction":[{"@type":"ReadAction","target":["https:\/\/global-exam.com\/blog\/fr\/examens\/bright-espanol\/categorie-sinscrire-au-bright-espanol\/"]}]},{"@type":"BreadcrumbList","@id":"https:\/\/global-exam.com\/blog\/fr\/examens\/bright-espanol\/categorie-sinscrire-au-bright-espanol\/#breadcrumb","itemListElement":[{"@type":"ListItem","position":1,"name":"Les examens de langue","item":"https:\/\/global-exam.com\/blog\/fr\/examens\/"},{"@type":"ListItem","position":2,"name":"BRIGHT Espa\u00f1ol","item":"https:\/\/global-exam.com\/blog\/fr\/examens\/bright-espanol\/"},{"@type":"ListItem","position":3,"name":"S&rsquo;inscrire au Bright Espa\u00f1ol"}]}]}},"lang":"fr","translations":{"fr":60799},"pll_sync_post":[],"_links":{"self":[{"href":"https:\/\/global-exam.com\/blog\/wp-json\/wp\/v2\/pages\/60799"}],"collection":[{"href":"https:\/\/global-exam.com\/blog\/wp-json\/wp\/v2\/pages"}],"about":[{"href":"https:\/\/global-exam.com\/blog\/wp-json\/wp\/v2\/types\/page"}],"author":[{"embeddable":true,"href":"https:\/\/global-exam.com\/blog\/wp-json\/wp\/v2\/users\/24"}],"replies":[{"embeddable":true,"href":"https:\/\/global-exam.com\/blog\/wp-json\/wp\/v2\/comments?post=60799"}],"version-history":[{"count":6,"href":"https:\/\/global-exam.com\/blog\/wp-json\/wp\/v2\/pages\/60799\/revisions"}],"predecessor-version":[{"id":78193,"href":"https:\/\/global-exam.com\/blog\/wp-json\/wp\/v2\/pages\/60799\/revisions\/78193"}],"up":[{"embeddable":true,"href":"https:\/\/global-exam.com\/blog\/wp-json\/wp\/v2\/pages\/2861"}],"wp:attachment":[{"href":"https:\/\/global-exam.com\/blog\/wp-json\/wp\/v2\/media?parent=60799"}],"curies":[{"name":"wp","href":"https:\/\/api.w.org\/{rel}","templated":true}]}}