{"id":60802,"date":"2021-08-17T11:04:54","date_gmt":"2021-08-17T09:04:54","guid":{"rendered":"https:\/\/global-exam.com\/blog\/?page_id=60802"},"modified":"2022-08-18T10:56:15","modified_gmt":"2022-08-18T08:56:15","slug":"categorie-centres-dexamens-bright-espanol","status":"publish","type":"page","link":"https:\/\/global-exam.com\/blog\/fr\/examens\/bright-espanol\/categorie-centres-dexamens-bright-espanol\/","title":{"rendered":"Centres d&rsquo;examens Bright Espa\u00f1ol"},"content":{"rendered":"<p>Trouver un centre d&rsquo;examen BRIGHT Espa\u00f1ol<\/p>\n<p>Dans cette cat\u00e9gorie, nous allons tout vous expliquer sur les\u00a0<strong>centres d\u2019examen<\/strong>.<\/p>\n<p>Comme vous le savez probablement, le test du Bright espagnol se d\u00e9roule dans\u00a0<strong>des lieux sp\u00e9cifiques<\/strong>. En effet, vous ne pouvez pas le passer de chez vous, ni sur votre lieu de travail. Vous devez forc\u00e9ment vous d\u00e9placer dans un\u00a0<strong>centre d\u2019examen<\/strong>. Les ordinateurs des centres d\u2019examen sont programm\u00e9s pour que vous puissiez passer votre test.<\/p>\n<p>Comment se passe l\u2019inscription dans un centre d\u2019examen\u00a0? Tout simplement lorsque vous effectuerez votre inscription en ligne au test. Vous aurez donc le choix entre diff\u00e9rentes dates mais \u00e9galement diff\u00e9rents centres d\u2019examen.<\/p>\n<p>GlobalExam vous conseille de\u00a0<strong>r\u00e9viser correctement<\/strong> pour passer le Bright Espa\u00f1ol. Ainsi, vous obtiendrez le meilleur score possible.<\/p>\n","protected":false},"excerpt":{"rendered":"<p>Trouver un centre d&rsquo;examen BRIGHT Espa\u00f1ol Dans cette cat\u00e9gorie, nous allons tout vous expliquer sur les\u00a0centres d\u2019examen. Comme vous le savez probablement, [&hellip;]<\/p>\n","protected":false},"author":24,"featured_media":0,"parent":2861,"menu_order":0,"comment_status":"closed","ping_status":"closed","template":"","meta":[],"acf":[],"yoast_head":"<!-- This site is optimized with the Yoast SEO plugin v17.2.1 - https:\/\/yoast.com\/wordpress\/plugins\/seo\/ -->\n<title>Centres d&#039;examens Bright Espa\u00f1ol<\/title>\n<meta name=\"robots\" content=\"index, follow, max-snippet:-1, max-image-preview:large, max-video-preview:-1\" \/>\n<link rel=\"canonical\" href=\"https:\/\/global-exam.com\/blog\/fr\/examens\/bright-espanol\/categorie-centres-dexamens-bright-espanol\/\" \/>\n<meta property=\"og:locale\" content=\"fr_FR\" \/>\n<meta property=\"og:type\" content=\"article\" \/>\n<meta property=\"og:title\" content=\"Centres d&#039;examens Bright Espa\u00f1ol\" \/>\n<meta property=\"og:description\" content=\"Trouver un centre d&rsquo;examen BRIGHT Espa\u00f1ol Dans cette cat\u00e9gorie, nous allons tout vous expliquer sur les\u00a0centres d\u2019examen. Comme vous le savez probablement, [&hellip;]\" \/>\n<meta property=\"og:url\" content=\"https:\/\/global-exam.com\/blog\/fr\/examens\/bright-espanol\/categorie-centres-dexamens-bright-espanol\/\" \/>\n<meta property=\"og:site_name\" content=\"GlobalExam Blog\" \/>\n<meta property=\"article:publisher\" content=\"https:\/\/www.facebook.com\/Global.Exam\" \/>\n<meta property=\"article:modified_time\" content=\"2022-08-18T08:56:15+00:00\" \/>\n<meta name=\"twitter:card\" content=\"summary_large_image\" \/>\n<meta name=\"twitter:site\" content=\"@Global_Exam\" \/>\n<meta name=\"twitter:label1\" content=\"Dur\u00e9e de lecture estim\u00e9e\" \/>\n\t<meta name=\"twitter:data1\" content=\"1 minute\" \/>\n<script type=\"application\/ld+json\" class=\"yoast-schema-graph\">{\"@context\":\"https:\/\/schema.org\",\"@graph\":[{\"@type\":\"WebSite\",\"@id\":\"https:\/\/global-exam.com\/blog\/#website\",\"url\":\"https:\/\/global-exam.com\/blog\/\",\"name\":\"GlobalExam Blog\",\"description\":\"Le blog du sp\\u00e9cialiste de la certification linguistique\",\"potentialAction\":[{\"@type\":\"SearchAction\",\"target\":{\"@type\":\"EntryPoint\",\"urlTemplate\":\"https:\/\/global-exam.com\/blog\/?s={search_term_string}\"},\"query-input\":\"required name=search_term_string\"}],\"inLanguage\":\"fr-FR\"},{\"@type\":\"WebPage\",\"@id\":\"https:\/\/global-exam.com\/blog\/fr\/examens\/bright-espanol\/categorie-centres-dexamens-bright-espanol\/#webpage\",\"url\":\"https:\/\/global-exam.com\/blog\/fr\/examens\/bright-espanol\/categorie-centres-dexamens-bright-espanol\/\",\"name\":\"Centres d'examens Bright Espa\\u00f1ol\",\"isPartOf\":{\"@id\":\"https:\/\/global-exam.com\/blog\/#website\"},\"datePublished\":\"2021-08-17T09:04:54+00:00\",\"dateModified\":\"2022-08-18T08:56:15+00:00\",\"breadcrumb\":{\"@id\":\"https:\/\/global-exam.com\/blog\/fr\/examens\/bright-espanol\/categorie-centres-dexamens-bright-espanol\/#breadcrumb\"},\"inLanguage\":\"fr-FR\",\"potentialAction\":[{\"@type\":\"ReadAction\",\"target\":[\"https:\/\/global-exam.com\/blog\/fr\/examens\/bright-espanol\/categorie-centres-dexamens-bright-espanol\/\"]}]},{\"@type\":\"BreadcrumbList\",\"@id\":\"https:\/\/global-exam.com\/blog\/fr\/examens\/bright-espanol\/categorie-centres-dexamens-bright-espanol\/#breadcrumb\",\"itemListElement\":[{\"@type\":\"ListItem\",\"position\":1,\"name\":\"Les examens de langue\",\"item\":\"https:\/\/global-exam.com\/blog\/fr\/examens\/\"},{\"@type\":\"ListItem\",\"position\":2,\"name\":\"BRIGHT Espa\\u00f1ol\",\"item\":\"https:\/\/global-exam.com\/blog\/fr\/examens\/bright-espanol\/\"},{\"@type\":\"ListItem\",\"position\":3,\"name\":\"Centres d&rsquo;examens Bright Espa\\u00f1ol\"}]}]}<\/script>\n<!-- \/ Yoast SEO plugin. -->","yoast_head_json":{"title":"Centres d'examens Bright Espa\u00f1ol","robots":{"index":"index","follow":"follow","max-snippet":"max-snippet:-1","max-image-preview":"max-image-preview:large","max-video-preview":"max-video-preview:-1"},"canonical":"https:\/\/global-exam.com\/blog\/fr\/examens\/bright-espanol\/categorie-centres-dexamens-bright-espanol\/","og_locale":"fr_FR","og_type":"article","og_title":"Centres d'examens Bright Espa\u00f1ol","og_description":"Trouver un centre d&rsquo;examen BRIGHT Espa\u00f1ol Dans cette cat\u00e9gorie, nous allons tout vous expliquer sur les\u00a0centres d\u2019examen. Comme vous le savez probablement, [&hellip;]","og_url":"https:\/\/global-exam.com\/blog\/fr\/examens\/bright-espanol\/categorie-centres-dexamens-bright-espanol\/","og_site_name":"GlobalExam Blog","article_publisher":"https:\/\/www.facebook.com\/Global.Exam","article_modified_time":"2022-08-18T08:56:15+00:00","twitter_card":"summary_large_image","twitter_site":"@Global_Exam","twitter_misc":{"Dur\u00e9e de lecture estim\u00e9e":"1 minute"},"schema":{"@context":"https:\/\/schema.org","@graph":[{"@type":"WebSite","@id":"https:\/\/global-exam.com\/blog\/#website","url":"https:\/\/global-exam.com\/blog\/","name":"GlobalExam Blog","description":"Le blog du sp\u00e9cialiste de la certification linguistique","potentialAction":[{"@type":"SearchAction","target":{"@type":"EntryPoint","urlTemplate":"https:\/\/global-exam.com\/blog\/?s={search_term_string}"},"query-input":"required name=search_term_string"}],"inLanguage":"fr-FR"},{"@type":"WebPage","@id":"https:\/\/global-exam.com\/blog\/fr\/examens\/bright-espanol\/categorie-centres-dexamens-bright-espanol\/#webpage","url":"https:\/\/global-exam.com\/blog\/fr\/examens\/bright-espanol\/categorie-centres-dexamens-bright-espanol\/","name":"Centres d'examens Bright Espa\u00f1ol","isPartOf":{"@id":"https:\/\/global-exam.com\/blog\/#website"},"datePublished":"2021-08-17T09:04:54+00:00","dateModified":"2022-08-18T08:56:15+00:00","breadcrumb":{"@id":"https:\/\/global-exam.com\/blog\/fr\/examens\/bright-espanol\/categorie-centres-dexamens-bright-espanol\/#breadcrumb"},"inLanguage":"fr-FR","potentialAction":[{"@type":"ReadAction","target":["https:\/\/global-exam.com\/blog\/fr\/examens\/bright-espanol\/categorie-centres-dexamens-bright-espanol\/"]}]},{"@type":"BreadcrumbList","@id":"https:\/\/global-exam.com\/blog\/fr\/examens\/bright-espanol\/categorie-centres-dexamens-bright-espanol\/#breadcrumb","itemListElement":[{"@type":"ListItem","position":1,"name":"Les examens de langue","item":"https:\/\/global-exam.com\/blog\/fr\/examens\/"},{"@type":"ListItem","position":2,"name":"BRIGHT Espa\u00f1ol","item":"https:\/\/global-exam.com\/blog\/fr\/examens\/bright-espanol\/"},{"@type":"ListItem","position":3,"name":"Centres d&rsquo;examens Bright Espa\u00f1ol"}]}]}},"lang":"fr","translations":{"fr":60802},"pll_sync_post":[],"_links":{"self":[{"href":"https:\/\/global-exam.com\/blog\/wp-json\/wp\/v2\/pages\/60802"}],"collection":[{"href":"https:\/\/global-exam.com\/blog\/wp-json\/wp\/v2\/pages"}],"about":[{"href":"https:\/\/global-exam.com\/blog\/wp-json\/wp\/v2\/types\/page"}],"author":[{"embeddable":true,"href":"https:\/\/global-exam.com\/blog\/wp-json\/wp\/v2\/users\/24"}],"replies":[{"embeddable":true,"href":"https:\/\/global-exam.com\/blog\/wp-json\/wp\/v2\/comments?post=60802"}],"version-history":[{"count":6,"href":"https:\/\/global-exam.com\/blog\/wp-json\/wp\/v2\/pages\/60802\/revisions"}],"predecessor-version":[{"id":78189,"href":"https:\/\/global-exam.com\/blog\/wp-json\/wp\/v2\/pages\/60802\/revisions\/78189"}],"up":[{"embeddable":true,"href":"https:\/\/global-exam.com\/blog\/wp-json\/wp\/v2\/pages\/2861"}],"wp:attachment":[{"href":"https:\/\/global-exam.com\/blog\/wp-json\/wp\/v2\/media?parent=60802"}],"curies":[{"name":"wp","href":"https:\/\/api.w.org\/{rel}","templated":true}]}}