{"id":60810,"date":"2021-08-17T11:19:36","date_gmt":"2021-08-17T09:19:36","guid":{"rendered":"https:\/\/global-exam.com\/blog\/?page_id=60810"},"modified":"2022-08-18T10:57:37","modified_gmt":"2022-08-18T08:57:37","slug":"categorie-grammaire-bright-espanol","status":"publish","type":"page","link":"https:\/\/global-exam.com\/blog\/fr\/examens\/bright-espanol\/categorie-grammaire-bright-espanol\/","title":{"rendered":"Grammaire Bright Espa\u00f1ol"},"content":{"rendered":"<p>Ma\u00eetriser la grammaire du BRIGHT Espa\u00f1ol<\/p>\n<p>Vous vous \u00eates inscrit au Bright Espa\u00f1ol et \u00eates sur le point de passer le test ? Comme vous le devinez, la <strong>r\u00e9vision du Bright Espa\u00f1ol<\/strong> est une \u00e9tape primordiale pour augmenter vos chances de bien r\u00e9ussir le test. Dans cette cat\u00e9gorie, vous retrouverez un certain nombre de <strong>fiches de grammaire en espagnol<\/strong>\u00a0cr\u00e9\u00e9es par GlobalExam.<\/p>\n<p>Chacune de ces fiches retrace une ou plusieurs\u00a0<strong>r\u00e8gles de grammaire<\/strong>\u00a0importantes \u00e0 conna\u00eetre. Si vous n\u2019avez jamais fait d\u2019espagnol de votre vie, vous pouvez parfaitement rester sur les fiches de niveau d\u00e9butant. N\u00e9anmoins, si vous souhaitez retrouver le niveau que vous aviez au lyc\u00e9e, c\u2019est parfaitement possible avec nos fiches de r\u00e9vision.<\/p>\n<p>N&rsquo;h\u00e9sitez pas \u00e0 <strong>vous inscrire sur notre plateforme en ligne<\/strong> pour d\u00e9couvrir notre m\u00e9thodologie et obtenir le meilleur score possible \u00e0 votre test du Bright Espa\u00f1ol !<\/p>\n","protected":false},"excerpt":{"rendered":"<p>Ma\u00eetriser la grammaire du BRIGHT Espa\u00f1ol Vous vous \u00eates inscrit au Bright Espa\u00f1ol et \u00eates sur le point de passer le test [&hellip;]<\/p>\n","protected":false},"author":24,"featured_media":0,"parent":2861,"menu_order":0,"comment_status":"closed","ping_status":"closed","template":"","meta":[],"acf":[],"yoast_head":"<!-- This site is optimized with the Yoast SEO plugin v17.2.1 - https:\/\/yoast.com\/wordpress\/plugins\/seo\/ -->\n<title>Grammaire Bright Espa\u00f1ol<\/title>\n<meta name=\"robots\" content=\"index, follow, max-snippet:-1, max-image-preview:large, max-video-preview:-1\" \/>\n<link rel=\"canonical\" href=\"https:\/\/global-exam.com\/blog\/fr\/examens\/bright-espanol\/categorie-grammaire-bright-espanol\/\" \/>\n<meta property=\"og:locale\" content=\"fr_FR\" \/>\n<meta property=\"og:type\" content=\"article\" \/>\n<meta property=\"og:title\" content=\"Grammaire Bright Espa\u00f1ol\" \/>\n<meta property=\"og:description\" content=\"Ma\u00eetriser la grammaire du BRIGHT Espa\u00f1ol Vous vous \u00eates inscrit au Bright Espa\u00f1ol et \u00eates sur le point de passer le test [&hellip;]\" \/>\n<meta property=\"og:url\" content=\"https:\/\/global-exam.com\/blog\/fr\/examens\/bright-espanol\/categorie-grammaire-bright-espanol\/\" \/>\n<meta property=\"og:site_name\" content=\"GlobalExam Blog\" \/>\n<meta property=\"article:publisher\" content=\"https:\/\/www.facebook.com\/Global.Exam\" \/>\n<meta property=\"article:modified_time\" content=\"2022-08-18T08:57:37+00:00\" \/>\n<meta name=\"twitter:card\" content=\"summary_large_image\" \/>\n<meta name=\"twitter:site\" content=\"@Global_Exam\" \/>\n<meta name=\"twitter:label1\" content=\"Dur\u00e9e de lecture estim\u00e9e\" \/>\n\t<meta name=\"twitter:data1\" content=\"1 minute\" \/>\n<script type=\"application\/ld+json\" class=\"yoast-schema-graph\">{\"@context\":\"https:\/\/schema.org\",\"@graph\":[{\"@type\":\"WebSite\",\"@id\":\"https:\/\/global-exam.com\/blog\/#website\",\"url\":\"https:\/\/global-exam.com\/blog\/\",\"name\":\"GlobalExam Blog\",\"description\":\"Le blog du sp\\u00e9cialiste de la certification linguistique\",\"potentialAction\":[{\"@type\":\"SearchAction\",\"target\":{\"@type\":\"EntryPoint\",\"urlTemplate\":\"https:\/\/global-exam.com\/blog\/?s={search_term_string}\"},\"query-input\":\"required name=search_term_string\"}],\"inLanguage\":\"fr-FR\"},{\"@type\":\"WebPage\",\"@id\":\"https:\/\/global-exam.com\/blog\/fr\/examens\/bright-espanol\/categorie-grammaire-bright-espanol\/#webpage\",\"url\":\"https:\/\/global-exam.com\/blog\/fr\/examens\/bright-espanol\/categorie-grammaire-bright-espanol\/\",\"name\":\"Grammaire Bright Espa\\u00f1ol\",\"isPartOf\":{\"@id\":\"https:\/\/global-exam.com\/blog\/#website\"},\"datePublished\":\"2021-08-17T09:19:36+00:00\",\"dateModified\":\"2022-08-18T08:57:37+00:00\",\"breadcrumb\":{\"@id\":\"https:\/\/global-exam.com\/blog\/fr\/examens\/bright-espanol\/categorie-grammaire-bright-espanol\/#breadcrumb\"},\"inLanguage\":\"fr-FR\",\"potentialAction\":[{\"@type\":\"ReadAction\",\"target\":[\"https:\/\/global-exam.com\/blog\/fr\/examens\/bright-espanol\/categorie-grammaire-bright-espanol\/\"]}]},{\"@type\":\"BreadcrumbList\",\"@id\":\"https:\/\/global-exam.com\/blog\/fr\/examens\/bright-espanol\/categorie-grammaire-bright-espanol\/#breadcrumb\",\"itemListElement\":[{\"@type\":\"ListItem\",\"position\":1,\"name\":\"Les examens de langue\",\"item\":\"https:\/\/global-exam.com\/blog\/fr\/examens\/\"},{\"@type\":\"ListItem\",\"position\":2,\"name\":\"BRIGHT Espa\\u00f1ol\",\"item\":\"https:\/\/global-exam.com\/blog\/fr\/examens\/bright-espanol\/\"},{\"@type\":\"ListItem\",\"position\":3,\"name\":\"Grammaire Bright Espa\\u00f1ol\"}]}]}<\/script>\n<!-- \/ Yoast SEO plugin. -->","yoast_head_json":{"title":"Grammaire Bright Espa\u00f1ol","robots":{"index":"index","follow":"follow","max-snippet":"max-snippet:-1","max-image-preview":"max-image-preview:large","max-video-preview":"max-video-preview:-1"},"canonical":"https:\/\/global-exam.com\/blog\/fr\/examens\/bright-espanol\/categorie-grammaire-bright-espanol\/","og_locale":"fr_FR","og_type":"article","og_title":"Grammaire Bright Espa\u00f1ol","og_description":"Ma\u00eetriser la grammaire du BRIGHT Espa\u00f1ol Vous vous \u00eates inscrit au Bright Espa\u00f1ol et \u00eates sur le point de passer le test [&hellip;]","og_url":"https:\/\/global-exam.com\/blog\/fr\/examens\/bright-espanol\/categorie-grammaire-bright-espanol\/","og_site_name":"GlobalExam Blog","article_publisher":"https:\/\/www.facebook.com\/Global.Exam","article_modified_time":"2022-08-18T08:57:37+00:00","twitter_card":"summary_large_image","twitter_site":"@Global_Exam","twitter_misc":{"Dur\u00e9e de lecture estim\u00e9e":"1 minute"},"schema":{"@context":"https:\/\/schema.org","@graph":[{"@type":"WebSite","@id":"https:\/\/global-exam.com\/blog\/#website","url":"https:\/\/global-exam.com\/blog\/","name":"GlobalExam Blog","description":"Le blog du sp\u00e9cialiste de la certification linguistique","potentialAction":[{"@type":"SearchAction","target":{"@type":"EntryPoint","urlTemplate":"https:\/\/global-exam.com\/blog\/?s={search_term_string}"},"query-input":"required name=search_term_string"}],"inLanguage":"fr-FR"},{"@type":"WebPage","@id":"https:\/\/global-exam.com\/blog\/fr\/examens\/bright-espanol\/categorie-grammaire-bright-espanol\/#webpage","url":"https:\/\/global-exam.com\/blog\/fr\/examens\/bright-espanol\/categorie-grammaire-bright-espanol\/","name":"Grammaire Bright Espa\u00f1ol","isPartOf":{"@id":"https:\/\/global-exam.com\/blog\/#website"},"datePublished":"2021-08-17T09:19:36+00:00","dateModified":"2022-08-18T08:57:37+00:00","breadcrumb":{"@id":"https:\/\/global-exam.com\/blog\/fr\/examens\/bright-espanol\/categorie-grammaire-bright-espanol\/#breadcrumb"},"inLanguage":"fr-FR","potentialAction":[{"@type":"ReadAction","target":["https:\/\/global-exam.com\/blog\/fr\/examens\/bright-espanol\/categorie-grammaire-bright-espanol\/"]}]},{"@type":"BreadcrumbList","@id":"https:\/\/global-exam.com\/blog\/fr\/examens\/bright-espanol\/categorie-grammaire-bright-espanol\/#breadcrumb","itemListElement":[{"@type":"ListItem","position":1,"name":"Les examens de langue","item":"https:\/\/global-exam.com\/blog\/fr\/examens\/"},{"@type":"ListItem","position":2,"name":"BRIGHT Espa\u00f1ol","item":"https:\/\/global-exam.com\/blog\/fr\/examens\/bright-espanol\/"},{"@type":"ListItem","position":3,"name":"Grammaire Bright Espa\u00f1ol"}]}]}},"lang":"fr","translations":{"fr":60810},"pll_sync_post":[],"_links":{"self":[{"href":"https:\/\/global-exam.com\/blog\/wp-json\/wp\/v2\/pages\/60810"}],"collection":[{"href":"https:\/\/global-exam.com\/blog\/wp-json\/wp\/v2\/pages"}],"about":[{"href":"https:\/\/global-exam.com\/blog\/wp-json\/wp\/v2\/types\/page"}],"author":[{"embeddable":true,"href":"https:\/\/global-exam.com\/blog\/wp-json\/wp\/v2\/users\/24"}],"replies":[{"embeddable":true,"href":"https:\/\/global-exam.com\/blog\/wp-json\/wp\/v2\/comments?post=60810"}],"version-history":[{"count":7,"href":"https:\/\/global-exam.com\/blog\/wp-json\/wp\/v2\/pages\/60810\/revisions"}],"predecessor-version":[{"id":78191,"href":"https:\/\/global-exam.com\/blog\/wp-json\/wp\/v2\/pages\/60810\/revisions\/78191"}],"up":[{"embeddable":true,"href":"https:\/\/global-exam.com\/blog\/wp-json\/wp\/v2\/pages\/2861"}],"wp:attachment":[{"href":"https:\/\/global-exam.com\/blog\/wp-json\/wp\/v2\/media?parent=60810"}],"curies":[{"name":"wp","href":"https:\/\/api.w.org\/{rel}","templated":true}]}}