{"id":60827,"date":"2021-08-17T11:34:25","date_gmt":"2021-08-17T09:34:25","guid":{"rendered":"https:\/\/global-exam.com\/blog\/?page_id=60827"},"modified":"2022-09-08T16:11:20","modified_gmt":"2022-09-08T14:11:20","slug":"categorie-hsk-3","status":"publish","type":"page","link":"https:\/\/global-exam.com\/blog\/fr\/examens\/hsk\/categorie-hsk-3\/","title":{"rendered":"HSK 3"},"content":{"rendered":"<p>Passer le HSK 3<\/p>\n<p>Dans cette cat\u00e9gorie, vous pourrez retrouver toutes les informations n\u00e9cessaires pour pouvoir\u00a0<strong>passer le HSK 3<\/strong>.<\/p>\n<p>Comme vous pouvez le comprendre, le HSK 3 est un examen du HSK de 3e\u00a0niveau,\u00a0<strong>de niveau moyen<\/strong>. Ce n\u2019est pas le plus dur mais il ne s\u2019agit non plus du niveau le plus simple. Il s\u2019agit simplement d\u2019un examen interm\u00e9diaire.<\/p>\n<p>Le HSK 3 est divis\u00e9 en 3 parties. Vous pourrez donc retrouver la<strong>\u00a0compr\u00e9hension \u00e9crite, la compr\u00e9hension orale<\/strong>, mais \u00e9galement une\u00a0<strong>expression \u00e9crite<\/strong>. Ce qui diff\u00e8re avec les autres HSK ? Simplement le nombre de caract\u00e8res que vous devez conna\u00eetre et la difficult\u00e9 des \u00e9preuves. Sachez \u00e9galement que le <strong>HSK 3 a la m\u00eame dur\u00e9e<\/strong> que les autres examens du HSK.<\/p>\n<p>GlobalExam vous permet de <strong>vous entra\u00eener au HSK en ligne<\/strong> et \u00e0 votre rythme. La pr\u00e9paration est un \u00e9l\u00e9ment d\u00e9terminant dans la r\u00e9ussite d\u2019un test de langue. Pour ma\u00eetriser compl\u00e8tement les diff\u00e9rentes sections qui constituent l\u2019examen, il faut s\u2019entra\u00eener encore et encore.<\/p>\n","protected":false},"excerpt":{"rendered":"<p>Passer le HSK 3 Dans cette cat\u00e9gorie, vous pourrez retrouver toutes les informations n\u00e9cessaires pour pouvoir\u00a0passer le HSK 3. Comme vous pouvez [&hellip;]<\/p>\n","protected":false},"author":24,"featured_media":0,"parent":2855,"menu_order":0,"comment_status":"closed","ping_status":"closed","template":"","meta":[],"acf":[],"yoast_head":"<!-- This site is optimized with the Yoast SEO plugin v17.2.1 - https:\/\/yoast.com\/wordpress\/plugins\/seo\/ -->\n<title>HSK 3<\/title>\n<meta name=\"robots\" content=\"index, follow, max-snippet:-1, max-image-preview:large, max-video-preview:-1\" \/>\n<link rel=\"canonical\" href=\"https:\/\/global-exam.com\/blog\/fr\/examens\/hsk\/categorie-hsk-3\/\" \/>\n<meta property=\"og:locale\" content=\"fr_FR\" \/>\n<meta property=\"og:type\" content=\"article\" \/>\n<meta property=\"og:title\" content=\"HSK 3\" \/>\n<meta property=\"og:description\" content=\"Passer le HSK 3 Dans cette cat\u00e9gorie, vous pourrez retrouver toutes les informations n\u00e9cessaires pour pouvoir\u00a0passer le HSK 3. Comme vous pouvez [&hellip;]\" \/>\n<meta property=\"og:url\" content=\"https:\/\/global-exam.com\/blog\/fr\/examens\/hsk\/categorie-hsk-3\/\" \/>\n<meta property=\"og:site_name\" content=\"GlobalExam Blog\" \/>\n<meta property=\"article:publisher\" content=\"https:\/\/www.facebook.com\/Global.Exam\" \/>\n<meta property=\"article:modified_time\" content=\"2022-09-08T14:11:20+00:00\" \/>\n<meta name=\"twitter:card\" content=\"summary_large_image\" \/>\n<meta name=\"twitter:site\" content=\"@Global_Exam\" \/>\n<meta name=\"twitter:label1\" content=\"Dur\u00e9e de lecture estim\u00e9e\" \/>\n\t<meta name=\"twitter:data1\" content=\"1 minute\" \/>\n<script type=\"application\/ld+json\" class=\"yoast-schema-graph\">{\"@context\":\"https:\/\/schema.org\",\"@graph\":[{\"@type\":\"WebSite\",\"@id\":\"https:\/\/global-exam.com\/blog\/#website\",\"url\":\"https:\/\/global-exam.com\/blog\/\",\"name\":\"GlobalExam Blog\",\"description\":\"Le blog du sp\\u00e9cialiste de la certification linguistique\",\"potentialAction\":[{\"@type\":\"SearchAction\",\"target\":{\"@type\":\"EntryPoint\",\"urlTemplate\":\"https:\/\/global-exam.com\/blog\/?s={search_term_string}\"},\"query-input\":\"required name=search_term_string\"}],\"inLanguage\":\"fr-FR\"},{\"@type\":\"WebPage\",\"@id\":\"https:\/\/global-exam.com\/blog\/fr\/examens\/hsk\/categorie-hsk-3\/#webpage\",\"url\":\"https:\/\/global-exam.com\/blog\/fr\/examens\/hsk\/categorie-hsk-3\/\",\"name\":\"HSK 3\",\"isPartOf\":{\"@id\":\"https:\/\/global-exam.com\/blog\/#website\"},\"datePublished\":\"2021-08-17T09:34:25+00:00\",\"dateModified\":\"2022-09-08T14:11:20+00:00\",\"breadcrumb\":{\"@id\":\"https:\/\/global-exam.com\/blog\/fr\/examens\/hsk\/categorie-hsk-3\/#breadcrumb\"},\"inLanguage\":\"fr-FR\",\"potentialAction\":[{\"@type\":\"ReadAction\",\"target\":[\"https:\/\/global-exam.com\/blog\/fr\/examens\/hsk\/categorie-hsk-3\/\"]}]},{\"@type\":\"BreadcrumbList\",\"@id\":\"https:\/\/global-exam.com\/blog\/fr\/examens\/hsk\/categorie-hsk-3\/#breadcrumb\",\"itemListElement\":[{\"@type\":\"ListItem\",\"position\":1,\"name\":\"Les examens de langue\",\"item\":\"https:\/\/global-exam.com\/blog\/fr\/examens\/\"},{\"@type\":\"ListItem\",\"position\":2,\"name\":\"HSK : attestez votre niveau de chinois\",\"item\":\"https:\/\/global-exam.com\/blog\/fr\/examens\/hsk\/\"},{\"@type\":\"ListItem\",\"position\":3,\"name\":\"HSK 3\"}]}]}<\/script>\n<!-- \/ Yoast SEO plugin. -->","yoast_head_json":{"title":"HSK 3","robots":{"index":"index","follow":"follow","max-snippet":"max-snippet:-1","max-image-preview":"max-image-preview:large","max-video-preview":"max-video-preview:-1"},"canonical":"https:\/\/global-exam.com\/blog\/fr\/examens\/hsk\/categorie-hsk-3\/","og_locale":"fr_FR","og_type":"article","og_title":"HSK 3","og_description":"Passer le HSK 3 Dans cette cat\u00e9gorie, vous pourrez retrouver toutes les informations n\u00e9cessaires pour pouvoir\u00a0passer le HSK 3. Comme vous pouvez [&hellip;]","og_url":"https:\/\/global-exam.com\/blog\/fr\/examens\/hsk\/categorie-hsk-3\/","og_site_name":"GlobalExam Blog","article_publisher":"https:\/\/www.facebook.com\/Global.Exam","article_modified_time":"2022-09-08T14:11:20+00:00","twitter_card":"summary_large_image","twitter_site":"@Global_Exam","twitter_misc":{"Dur\u00e9e de lecture estim\u00e9e":"1 minute"},"schema":{"@context":"https:\/\/schema.org","@graph":[{"@type":"WebSite","@id":"https:\/\/global-exam.com\/blog\/#website","url":"https:\/\/global-exam.com\/blog\/","name":"GlobalExam Blog","description":"Le blog du sp\u00e9cialiste de la certification linguistique","potentialAction":[{"@type":"SearchAction","target":{"@type":"EntryPoint","urlTemplate":"https:\/\/global-exam.com\/blog\/?s={search_term_string}"},"query-input":"required name=search_term_string"}],"inLanguage":"fr-FR"},{"@type":"WebPage","@id":"https:\/\/global-exam.com\/blog\/fr\/examens\/hsk\/categorie-hsk-3\/#webpage","url":"https:\/\/global-exam.com\/blog\/fr\/examens\/hsk\/categorie-hsk-3\/","name":"HSK 3","isPartOf":{"@id":"https:\/\/global-exam.com\/blog\/#website"},"datePublished":"2021-08-17T09:34:25+00:00","dateModified":"2022-09-08T14:11:20+00:00","breadcrumb":{"@id":"https:\/\/global-exam.com\/blog\/fr\/examens\/hsk\/categorie-hsk-3\/#breadcrumb"},"inLanguage":"fr-FR","potentialAction":[{"@type":"ReadAction","target":["https:\/\/global-exam.com\/blog\/fr\/examens\/hsk\/categorie-hsk-3\/"]}]},{"@type":"BreadcrumbList","@id":"https:\/\/global-exam.com\/blog\/fr\/examens\/hsk\/categorie-hsk-3\/#breadcrumb","itemListElement":[{"@type":"ListItem","position":1,"name":"Les examens de langue","item":"https:\/\/global-exam.com\/blog\/fr\/examens\/"},{"@type":"ListItem","position":2,"name":"HSK : attestez votre niveau de chinois","item":"https:\/\/global-exam.com\/blog\/fr\/examens\/hsk\/"},{"@type":"ListItem","position":3,"name":"HSK 3"}]}]}},"lang":"fr","translations":{"fr":60827},"pll_sync_post":[],"_links":{"self":[{"href":"https:\/\/global-exam.com\/blog\/wp-json\/wp\/v2\/pages\/60827"}],"collection":[{"href":"https:\/\/global-exam.com\/blog\/wp-json\/wp\/v2\/pages"}],"about":[{"href":"https:\/\/global-exam.com\/blog\/wp-json\/wp\/v2\/types\/page"}],"author":[{"embeddable":true,"href":"https:\/\/global-exam.com\/blog\/wp-json\/wp\/v2\/users\/24"}],"replies":[{"embeddable":true,"href":"https:\/\/global-exam.com\/blog\/wp-json\/wp\/v2\/comments?post=60827"}],"version-history":[{"count":7,"href":"https:\/\/global-exam.com\/blog\/wp-json\/wp\/v2\/pages\/60827\/revisions"}],"predecessor-version":[{"id":79329,"href":"https:\/\/global-exam.com\/blog\/wp-json\/wp\/v2\/pages\/60827\/revisions\/79329"}],"up":[{"embeddable":true,"href":"https:\/\/global-exam.com\/blog\/wp-json\/wp\/v2\/pages\/2855"}],"wp:attachment":[{"href":"https:\/\/global-exam.com\/blog\/wp-json\/wp\/v2\/media?parent=60827"}],"curies":[{"name":"wp","href":"https:\/\/api.w.org\/{rel}","templated":true}]}}