{"id":60830,"date":"2021-08-17T11:38:25","date_gmt":"2021-08-17T09:38:25","guid":{"rendered":"https:\/\/global-exam.com\/blog\/?page_id=60830"},"modified":"2022-09-08T16:11:57","modified_gmt":"2022-09-08T14:11:57","slug":"categorie-hsk-4","status":"publish","type":"page","link":"https:\/\/global-exam.com\/blog\/fr\/examens\/hsk\/categorie-hsk-4\/","title":{"rendered":"HSK 4"},"content":{"rendered":"<p>Passer le HSK 4<\/p>\n<p>Sur cette page, vous pourrez trouver toutes les informations qui vous seront utiles pour\u00a0<strong>passer le HSK 4<\/strong>.<\/p>\n<p>Comme vous pouvez le constater, le HSK 4 est un examen HSK\u00a0<strong>de quatri\u00e8me niveau<\/strong>. Il s\u2019agit donc d\u2019un test qui va valider le niveau B2, selon le CECRL. Il est donc plus difficile que le HSK 3, mais plus simple que le HSK 5. Il y a trois \u00e9preuves \u00e0 passer dans le HSK 4\u00a0: une\u00a0<strong>expression \u00e9crite, une compr\u00e9hension \u00e9crite et une compr\u00e9hension orale<\/strong>.<\/p>\n<p>Pour r\u00e9ussir l&rsquo;examen, le candidat doit conna\u00eetre tous les concepts et toutes les <strong>r\u00e8gles du mandarin de niveau 4<\/strong>. Mais il faut aussi qu\u2019il connaisse le vocabulaire adapt\u00e9 \u00e0 ce niveau \u00e9galement.<\/p>\n<p>Une fois que vous \u00eates inscrit \u00e0 l\u2019examen, prenez le temps de <strong>vous entra\u00eener chez vous<\/strong>. En effet, vous pourrez faire plusieurs exercices ainsi que des tests blancs gr\u00e2ce \u00e0 notre plateforme en ligne. Ne perdez pas une occasion de r\u00e9ussir votre test !<\/p>\n","protected":false},"excerpt":{"rendered":"<p>Passer le HSK 4 Sur cette page, vous pourrez trouver toutes les informations qui vous seront utiles pour\u00a0passer le HSK 4. Comme [&hellip;]<\/p>\n","protected":false},"author":24,"featured_media":0,"parent":2855,"menu_order":0,"comment_status":"closed","ping_status":"closed","template":"","meta":[],"acf":[],"yoast_head":"<!-- This site is optimized with the Yoast SEO plugin v17.2.1 - https:\/\/yoast.com\/wordpress\/plugins\/seo\/ -->\n<title>HSK 4<\/title>\n<meta name=\"robots\" content=\"index, follow, max-snippet:-1, max-image-preview:large, max-video-preview:-1\" \/>\n<link rel=\"canonical\" href=\"https:\/\/global-exam.com\/blog\/fr\/examens\/hsk\/categorie-hsk-4\/\" \/>\n<meta property=\"og:locale\" content=\"fr_FR\" \/>\n<meta property=\"og:type\" content=\"article\" \/>\n<meta property=\"og:title\" content=\"HSK 4\" \/>\n<meta property=\"og:description\" content=\"Passer le HSK 4 Sur cette page, vous pourrez trouver toutes les informations qui vous seront utiles pour\u00a0passer le HSK 4. Comme [&hellip;]\" \/>\n<meta property=\"og:url\" content=\"https:\/\/global-exam.com\/blog\/fr\/examens\/hsk\/categorie-hsk-4\/\" \/>\n<meta property=\"og:site_name\" content=\"GlobalExam Blog\" \/>\n<meta property=\"article:publisher\" content=\"https:\/\/www.facebook.com\/Global.Exam\" \/>\n<meta property=\"article:modified_time\" content=\"2022-09-08T14:11:57+00:00\" \/>\n<meta name=\"twitter:card\" content=\"summary_large_image\" \/>\n<meta name=\"twitter:site\" content=\"@Global_Exam\" \/>\n<meta name=\"twitter:label1\" content=\"Dur\u00e9e de lecture estim\u00e9e\" \/>\n\t<meta name=\"twitter:data1\" content=\"1 minute\" \/>\n<script type=\"application\/ld+json\" class=\"yoast-schema-graph\">{\"@context\":\"https:\/\/schema.org\",\"@graph\":[{\"@type\":\"WebSite\",\"@id\":\"https:\/\/global-exam.com\/blog\/#website\",\"url\":\"https:\/\/global-exam.com\/blog\/\",\"name\":\"GlobalExam Blog\",\"description\":\"Le blog du sp\\u00e9cialiste de la certification linguistique\",\"potentialAction\":[{\"@type\":\"SearchAction\",\"target\":{\"@type\":\"EntryPoint\",\"urlTemplate\":\"https:\/\/global-exam.com\/blog\/?s={search_term_string}\"},\"query-input\":\"required name=search_term_string\"}],\"inLanguage\":\"fr-FR\"},{\"@type\":\"WebPage\",\"@id\":\"https:\/\/global-exam.com\/blog\/fr\/examens\/hsk\/categorie-hsk-4\/#webpage\",\"url\":\"https:\/\/global-exam.com\/blog\/fr\/examens\/hsk\/categorie-hsk-4\/\",\"name\":\"HSK 4\",\"isPartOf\":{\"@id\":\"https:\/\/global-exam.com\/blog\/#website\"},\"datePublished\":\"2021-08-17T09:38:25+00:00\",\"dateModified\":\"2022-09-08T14:11:57+00:00\",\"breadcrumb\":{\"@id\":\"https:\/\/global-exam.com\/blog\/fr\/examens\/hsk\/categorie-hsk-4\/#breadcrumb\"},\"inLanguage\":\"fr-FR\",\"potentialAction\":[{\"@type\":\"ReadAction\",\"target\":[\"https:\/\/global-exam.com\/blog\/fr\/examens\/hsk\/categorie-hsk-4\/\"]}]},{\"@type\":\"BreadcrumbList\",\"@id\":\"https:\/\/global-exam.com\/blog\/fr\/examens\/hsk\/categorie-hsk-4\/#breadcrumb\",\"itemListElement\":[{\"@type\":\"ListItem\",\"position\":1,\"name\":\"Les examens de langue\",\"item\":\"https:\/\/global-exam.com\/blog\/fr\/examens\/\"},{\"@type\":\"ListItem\",\"position\":2,\"name\":\"HSK : attestez votre niveau de chinois\",\"item\":\"https:\/\/global-exam.com\/blog\/fr\/examens\/hsk\/\"},{\"@type\":\"ListItem\",\"position\":3,\"name\":\"HSK 4\"}]}]}<\/script>\n<!-- \/ Yoast SEO plugin. -->","yoast_head_json":{"title":"HSK 4","robots":{"index":"index","follow":"follow","max-snippet":"max-snippet:-1","max-image-preview":"max-image-preview:large","max-video-preview":"max-video-preview:-1"},"canonical":"https:\/\/global-exam.com\/blog\/fr\/examens\/hsk\/categorie-hsk-4\/","og_locale":"fr_FR","og_type":"article","og_title":"HSK 4","og_description":"Passer le HSK 4 Sur cette page, vous pourrez trouver toutes les informations qui vous seront utiles pour\u00a0passer le HSK 4. Comme [&hellip;]","og_url":"https:\/\/global-exam.com\/blog\/fr\/examens\/hsk\/categorie-hsk-4\/","og_site_name":"GlobalExam Blog","article_publisher":"https:\/\/www.facebook.com\/Global.Exam","article_modified_time":"2022-09-08T14:11:57+00:00","twitter_card":"summary_large_image","twitter_site":"@Global_Exam","twitter_misc":{"Dur\u00e9e de lecture estim\u00e9e":"1 minute"},"schema":{"@context":"https:\/\/schema.org","@graph":[{"@type":"WebSite","@id":"https:\/\/global-exam.com\/blog\/#website","url":"https:\/\/global-exam.com\/blog\/","name":"GlobalExam Blog","description":"Le blog du sp\u00e9cialiste de la certification linguistique","potentialAction":[{"@type":"SearchAction","target":{"@type":"EntryPoint","urlTemplate":"https:\/\/global-exam.com\/blog\/?s={search_term_string}"},"query-input":"required name=search_term_string"}],"inLanguage":"fr-FR"},{"@type":"WebPage","@id":"https:\/\/global-exam.com\/blog\/fr\/examens\/hsk\/categorie-hsk-4\/#webpage","url":"https:\/\/global-exam.com\/blog\/fr\/examens\/hsk\/categorie-hsk-4\/","name":"HSK 4","isPartOf":{"@id":"https:\/\/global-exam.com\/blog\/#website"},"datePublished":"2021-08-17T09:38:25+00:00","dateModified":"2022-09-08T14:11:57+00:00","breadcrumb":{"@id":"https:\/\/global-exam.com\/blog\/fr\/examens\/hsk\/categorie-hsk-4\/#breadcrumb"},"inLanguage":"fr-FR","potentialAction":[{"@type":"ReadAction","target":["https:\/\/global-exam.com\/blog\/fr\/examens\/hsk\/categorie-hsk-4\/"]}]},{"@type":"BreadcrumbList","@id":"https:\/\/global-exam.com\/blog\/fr\/examens\/hsk\/categorie-hsk-4\/#breadcrumb","itemListElement":[{"@type":"ListItem","position":1,"name":"Les examens de langue","item":"https:\/\/global-exam.com\/blog\/fr\/examens\/"},{"@type":"ListItem","position":2,"name":"HSK : attestez votre niveau de chinois","item":"https:\/\/global-exam.com\/blog\/fr\/examens\/hsk\/"},{"@type":"ListItem","position":3,"name":"HSK 4"}]}]}},"lang":"fr","translations":{"fr":60830},"pll_sync_post":[],"_links":{"self":[{"href":"https:\/\/global-exam.com\/blog\/wp-json\/wp\/v2\/pages\/60830"}],"collection":[{"href":"https:\/\/global-exam.com\/blog\/wp-json\/wp\/v2\/pages"}],"about":[{"href":"https:\/\/global-exam.com\/blog\/wp-json\/wp\/v2\/types\/page"}],"author":[{"embeddable":true,"href":"https:\/\/global-exam.com\/blog\/wp-json\/wp\/v2\/users\/24"}],"replies":[{"embeddable":true,"href":"https:\/\/global-exam.com\/blog\/wp-json\/wp\/v2\/comments?post=60830"}],"version-history":[{"count":7,"href":"https:\/\/global-exam.com\/blog\/wp-json\/wp\/v2\/pages\/60830\/revisions"}],"predecessor-version":[{"id":79330,"href":"https:\/\/global-exam.com\/blog\/wp-json\/wp\/v2\/pages\/60830\/revisions\/79330"}],"up":[{"embeddable":true,"href":"https:\/\/global-exam.com\/blog\/wp-json\/wp\/v2\/pages\/2855"}],"wp:attachment":[{"href":"https:\/\/global-exam.com\/blog\/wp-json\/wp\/v2\/media?parent=60830"}],"curies":[{"name":"wp","href":"https:\/\/api.w.org\/{rel}","templated":true}]}}