{"id":60841,"date":"2021-08-17T11:44:26","date_gmt":"2021-08-17T09:44:26","guid":{"rendered":"https:\/\/global-exam.com\/blog\/?page_id=60841"},"modified":"2022-09-08T16:13:11","modified_gmt":"2022-09-08T14:13:11","slug":"categorie-hsk-6","status":"publish","type":"page","link":"https:\/\/global-exam.com\/blog\/fr\/examens\/hsk\/categorie-hsk-6\/","title":{"rendered":"HSK 6"},"content":{"rendered":"<p>Passer le HSK 6<\/p>\n<p>Dans cette cat\u00e9gorie, vous pourrez retrouver toutes les informations utiles pour\u00a0<strong>passer le HSK 6.<\/strong><\/p>\n<p>Le HSK 6 est le niveau le plus \u00e9lev\u00e9 du HSK, mais \u00e9galement le plus dur \u00e0 passer. Il faut conna\u00eetre 5\u00a0000 caract\u00e8res diff\u00e9rents pour pouvoir le passer.<\/p>\n<p>Pour passer le HSK 6, il y a plusieurs \u00e9preuves\u00a0:\u00a0<strong>une expression \u00e9crite, une compr\u00e9hension \u00e9crite et une compr\u00e9hension orale<\/strong>. Pour pouvoir obtenir le meilleur score \u00e0 ce test, vous devez imp\u00e9rativement vous entra\u00eener. Notre plateforme en ligne vous propose en ce sens diff\u00e9rents supports pour vous aider \u00e0 atteindre vos objectifs.<\/p>\n<p>Notons \u00e9galement que chaque partie est importante. Il est important de <strong>rester concentr\u00e9 tout au long de votre examen<\/strong>. Lorsque vous vous entra\u00eenez, essayez de rester concentr\u00e9 et de ne faire appel \u00e0 aucune distraction. Pr\u00eat \u00e0 passer le HSK 6\u00a0?<\/p>\n","protected":false},"excerpt":{"rendered":"<p>Passer le HSK 6 Dans cette cat\u00e9gorie, vous pourrez retrouver toutes les informations utiles pour\u00a0passer le HSK 6. Le HSK 6 est [&hellip;]<\/p>\n","protected":false},"author":24,"featured_media":0,"parent":2855,"menu_order":0,"comment_status":"closed","ping_status":"closed","template":"","meta":[],"acf":[],"yoast_head":"<!-- This site is optimized with the Yoast SEO plugin v17.2.1 - https:\/\/yoast.com\/wordpress\/plugins\/seo\/ -->\n<title>HSK 6<\/title>\n<meta name=\"robots\" content=\"index, follow, max-snippet:-1, max-image-preview:large, max-video-preview:-1\" \/>\n<link rel=\"canonical\" href=\"https:\/\/global-exam.com\/blog\/fr\/examens\/hsk\/categorie-hsk-6\/\" \/>\n<meta property=\"og:locale\" content=\"fr_FR\" \/>\n<meta property=\"og:type\" content=\"article\" \/>\n<meta property=\"og:title\" content=\"HSK 6\" \/>\n<meta property=\"og:description\" content=\"Passer le HSK 6 Dans cette cat\u00e9gorie, vous pourrez retrouver toutes les informations utiles pour\u00a0passer le HSK 6. Le HSK 6 est [&hellip;]\" \/>\n<meta property=\"og:url\" content=\"https:\/\/global-exam.com\/blog\/fr\/examens\/hsk\/categorie-hsk-6\/\" \/>\n<meta property=\"og:site_name\" content=\"GlobalExam Blog\" \/>\n<meta property=\"article:publisher\" content=\"https:\/\/www.facebook.com\/Global.Exam\" \/>\n<meta property=\"article:modified_time\" content=\"2022-09-08T14:13:11+00:00\" \/>\n<meta name=\"twitter:card\" content=\"summary_large_image\" \/>\n<meta name=\"twitter:site\" content=\"@Global_Exam\" \/>\n<meta name=\"twitter:label1\" content=\"Dur\u00e9e de lecture estim\u00e9e\" \/>\n\t<meta name=\"twitter:data1\" content=\"1 minute\" \/>\n<script type=\"application\/ld+json\" class=\"yoast-schema-graph\">{\"@context\":\"https:\/\/schema.org\",\"@graph\":[{\"@type\":\"WebSite\",\"@id\":\"https:\/\/global-exam.com\/blog\/#website\",\"url\":\"https:\/\/global-exam.com\/blog\/\",\"name\":\"GlobalExam Blog\",\"description\":\"Le blog du sp\\u00e9cialiste de la certification linguistique\",\"potentialAction\":[{\"@type\":\"SearchAction\",\"target\":{\"@type\":\"EntryPoint\",\"urlTemplate\":\"https:\/\/global-exam.com\/blog\/?s={search_term_string}\"},\"query-input\":\"required name=search_term_string\"}],\"inLanguage\":\"fr-FR\"},{\"@type\":\"WebPage\",\"@id\":\"https:\/\/global-exam.com\/blog\/fr\/examens\/hsk\/categorie-hsk-6\/#webpage\",\"url\":\"https:\/\/global-exam.com\/blog\/fr\/examens\/hsk\/categorie-hsk-6\/\",\"name\":\"HSK 6\",\"isPartOf\":{\"@id\":\"https:\/\/global-exam.com\/blog\/#website\"},\"datePublished\":\"2021-08-17T09:44:26+00:00\",\"dateModified\":\"2022-09-08T14:13:11+00:00\",\"breadcrumb\":{\"@id\":\"https:\/\/global-exam.com\/blog\/fr\/examens\/hsk\/categorie-hsk-6\/#breadcrumb\"},\"inLanguage\":\"fr-FR\",\"potentialAction\":[{\"@type\":\"ReadAction\",\"target\":[\"https:\/\/global-exam.com\/blog\/fr\/examens\/hsk\/categorie-hsk-6\/\"]}]},{\"@type\":\"BreadcrumbList\",\"@id\":\"https:\/\/global-exam.com\/blog\/fr\/examens\/hsk\/categorie-hsk-6\/#breadcrumb\",\"itemListElement\":[{\"@type\":\"ListItem\",\"position\":1,\"name\":\"Les examens de langue\",\"item\":\"https:\/\/global-exam.com\/blog\/fr\/examens\/\"},{\"@type\":\"ListItem\",\"position\":2,\"name\":\"HSK : attestez votre niveau de chinois\",\"item\":\"https:\/\/global-exam.com\/blog\/fr\/examens\/hsk\/\"},{\"@type\":\"ListItem\",\"position\":3,\"name\":\"HSK 6\"}]}]}<\/script>\n<!-- \/ Yoast SEO plugin. -->","yoast_head_json":{"title":"HSK 6","robots":{"index":"index","follow":"follow","max-snippet":"max-snippet:-1","max-image-preview":"max-image-preview:large","max-video-preview":"max-video-preview:-1"},"canonical":"https:\/\/global-exam.com\/blog\/fr\/examens\/hsk\/categorie-hsk-6\/","og_locale":"fr_FR","og_type":"article","og_title":"HSK 6","og_description":"Passer le HSK 6 Dans cette cat\u00e9gorie, vous pourrez retrouver toutes les informations utiles pour\u00a0passer le HSK 6. Le HSK 6 est [&hellip;]","og_url":"https:\/\/global-exam.com\/blog\/fr\/examens\/hsk\/categorie-hsk-6\/","og_site_name":"GlobalExam Blog","article_publisher":"https:\/\/www.facebook.com\/Global.Exam","article_modified_time":"2022-09-08T14:13:11+00:00","twitter_card":"summary_large_image","twitter_site":"@Global_Exam","twitter_misc":{"Dur\u00e9e de lecture estim\u00e9e":"1 minute"},"schema":{"@context":"https:\/\/schema.org","@graph":[{"@type":"WebSite","@id":"https:\/\/global-exam.com\/blog\/#website","url":"https:\/\/global-exam.com\/blog\/","name":"GlobalExam Blog","description":"Le blog du sp\u00e9cialiste de la certification linguistique","potentialAction":[{"@type":"SearchAction","target":{"@type":"EntryPoint","urlTemplate":"https:\/\/global-exam.com\/blog\/?s={search_term_string}"},"query-input":"required name=search_term_string"}],"inLanguage":"fr-FR"},{"@type":"WebPage","@id":"https:\/\/global-exam.com\/blog\/fr\/examens\/hsk\/categorie-hsk-6\/#webpage","url":"https:\/\/global-exam.com\/blog\/fr\/examens\/hsk\/categorie-hsk-6\/","name":"HSK 6","isPartOf":{"@id":"https:\/\/global-exam.com\/blog\/#website"},"datePublished":"2021-08-17T09:44:26+00:00","dateModified":"2022-09-08T14:13:11+00:00","breadcrumb":{"@id":"https:\/\/global-exam.com\/blog\/fr\/examens\/hsk\/categorie-hsk-6\/#breadcrumb"},"inLanguage":"fr-FR","potentialAction":[{"@type":"ReadAction","target":["https:\/\/global-exam.com\/blog\/fr\/examens\/hsk\/categorie-hsk-6\/"]}]},{"@type":"BreadcrumbList","@id":"https:\/\/global-exam.com\/blog\/fr\/examens\/hsk\/categorie-hsk-6\/#breadcrumb","itemListElement":[{"@type":"ListItem","position":1,"name":"Les examens de langue","item":"https:\/\/global-exam.com\/blog\/fr\/examens\/"},{"@type":"ListItem","position":2,"name":"HSK : attestez votre niveau de chinois","item":"https:\/\/global-exam.com\/blog\/fr\/examens\/hsk\/"},{"@type":"ListItem","position":3,"name":"HSK 6"}]}]}},"lang":"fr","translations":{"fr":60841},"pll_sync_post":[],"_links":{"self":[{"href":"https:\/\/global-exam.com\/blog\/wp-json\/wp\/v2\/pages\/60841"}],"collection":[{"href":"https:\/\/global-exam.com\/blog\/wp-json\/wp\/v2\/pages"}],"about":[{"href":"https:\/\/global-exam.com\/blog\/wp-json\/wp\/v2\/types\/page"}],"author":[{"embeddable":true,"href":"https:\/\/global-exam.com\/blog\/wp-json\/wp\/v2\/users\/24"}],"replies":[{"embeddable":true,"href":"https:\/\/global-exam.com\/blog\/wp-json\/wp\/v2\/comments?post=60841"}],"version-history":[{"count":7,"href":"https:\/\/global-exam.com\/blog\/wp-json\/wp\/v2\/pages\/60841\/revisions"}],"predecessor-version":[{"id":79332,"href":"https:\/\/global-exam.com\/blog\/wp-json\/wp\/v2\/pages\/60841\/revisions\/79332"}],"up":[{"embeddable":true,"href":"https:\/\/global-exam.com\/blog\/wp-json\/wp\/v2\/pages\/2855"}],"wp:attachment":[{"href":"https:\/\/global-exam.com\/blog\/wp-json\/wp\/v2\/media?parent=60841"}],"curies":[{"name":"wp","href":"https:\/\/api.w.org\/{rel}","templated":true}]}}