{"id":60845,"date":"2021-08-17T11:48:22","date_gmt":"2021-08-17T09:48:22","guid":{"rendered":"https:\/\/global-exam.com\/blog\/?page_id=60845"},"modified":"2022-09-08T16:13:51","modified_gmt":"2022-09-08T14:13:51","slug":"categorie-hsk-pour-les-etudes","status":"publish","type":"page","link":"https:\/\/global-exam.com\/blog\/fr\/examens\/hsk\/categorie-hsk-pour-les-etudes\/","title":{"rendered":"HSK Pour les \u00e9tudes"},"content":{"rendered":"<p>Pourquoi passer le HSK pour ses \u00e9tudes ?<\/p>\n<p>Dans cette cat\u00e9gorie, nous avons rassembl\u00e9 toutes les informations concernant les raisons pour lesquelles il est important de<strong>\u00a0passer le HSK\u00a0!<\/strong><\/p>\n<p>Et la premi\u00e8re des raisons, vous devez vous en douter, n\u2019est autre que de\u00a0<strong>partir en Asie pour vos \u00e9tudes<\/strong>. En effet, les universit\u00e9s en Asie vous demanderont probablement votre niveau au HSK.<\/p>\n<p>N\u00e9anmoins, le HSK n\u2019est pas un examen facile \u00e0 passer. En effet, le mandarin \u00e9tant une langue plut\u00f4t compliqu\u00e9e, il va sans dire que vous devez travailler et <strong>pr\u00e9parer correctement cet examen<\/strong>.<\/p>\n<p>Cependant, ce n\u2019est pas parce que vous partez \u00e0 l\u2019autre bout du monde pour \u00e9tudier la langue que vous ne devez pas r\u00e9viser \u00e0 c\u00f4t\u00e9. N\u2019oubliez pas les <strong>r\u00e8gles fondamentales du mandarin<\/strong> pour obtenir le score demand\u00e9 pour partir \u00e9tudier en Asie\u00a0!<\/p>\n","protected":false},"excerpt":{"rendered":"<p>Pourquoi passer le HSK pour ses \u00e9tudes ? Dans cette cat\u00e9gorie, nous avons rassembl\u00e9 toutes les informations concernant les raisons pour lesquelles [&hellip;]<\/p>\n","protected":false},"author":24,"featured_media":0,"parent":2855,"menu_order":0,"comment_status":"closed","ping_status":"closed","template":"","meta":[],"acf":[],"yoast_head":"<!-- This site is optimized with the Yoast SEO plugin v17.2.1 - https:\/\/yoast.com\/wordpress\/plugins\/seo\/ -->\n<title>HSK Pour les \u00e9tudes<\/title>\n<meta name=\"robots\" content=\"index, follow, max-snippet:-1, max-image-preview:large, max-video-preview:-1\" \/>\n<link rel=\"canonical\" href=\"https:\/\/global-exam.com\/blog\/fr\/examens\/hsk\/categorie-hsk-pour-les-etudes\/\" \/>\n<meta property=\"og:locale\" content=\"fr_FR\" \/>\n<meta property=\"og:type\" content=\"article\" \/>\n<meta property=\"og:title\" content=\"HSK Pour les \u00e9tudes\" \/>\n<meta property=\"og:description\" content=\"Pourquoi passer le HSK pour ses \u00e9tudes ? Dans cette cat\u00e9gorie, nous avons rassembl\u00e9 toutes les informations concernant les raisons pour lesquelles [&hellip;]\" \/>\n<meta property=\"og:url\" content=\"https:\/\/global-exam.com\/blog\/fr\/examens\/hsk\/categorie-hsk-pour-les-etudes\/\" \/>\n<meta property=\"og:site_name\" content=\"GlobalExam Blog\" \/>\n<meta property=\"article:publisher\" content=\"https:\/\/www.facebook.com\/Global.Exam\" \/>\n<meta property=\"article:modified_time\" content=\"2022-09-08T14:13:51+00:00\" \/>\n<meta name=\"twitter:card\" content=\"summary_large_image\" \/>\n<meta name=\"twitter:site\" content=\"@Global_Exam\" \/>\n<meta name=\"twitter:label1\" content=\"Dur\u00e9e de lecture estim\u00e9e\" \/>\n\t<meta name=\"twitter:data1\" content=\"1 minute\" \/>\n<script type=\"application\/ld+json\" class=\"yoast-schema-graph\">{\"@context\":\"https:\/\/schema.org\",\"@graph\":[{\"@type\":\"WebSite\",\"@id\":\"https:\/\/global-exam.com\/blog\/#website\",\"url\":\"https:\/\/global-exam.com\/blog\/\",\"name\":\"GlobalExam Blog\",\"description\":\"Le blog du sp\\u00e9cialiste de la certification linguistique\",\"potentialAction\":[{\"@type\":\"SearchAction\",\"target\":{\"@type\":\"EntryPoint\",\"urlTemplate\":\"https:\/\/global-exam.com\/blog\/?s={search_term_string}\"},\"query-input\":\"required name=search_term_string\"}],\"inLanguage\":\"fr-FR\"},{\"@type\":\"WebPage\",\"@id\":\"https:\/\/global-exam.com\/blog\/fr\/examens\/hsk\/categorie-hsk-pour-les-etudes\/#webpage\",\"url\":\"https:\/\/global-exam.com\/blog\/fr\/examens\/hsk\/categorie-hsk-pour-les-etudes\/\",\"name\":\"HSK Pour les \\u00e9tudes\",\"isPartOf\":{\"@id\":\"https:\/\/global-exam.com\/blog\/#website\"},\"datePublished\":\"2021-08-17T09:48:22+00:00\",\"dateModified\":\"2022-09-08T14:13:51+00:00\",\"breadcrumb\":{\"@id\":\"https:\/\/global-exam.com\/blog\/fr\/examens\/hsk\/categorie-hsk-pour-les-etudes\/#breadcrumb\"},\"inLanguage\":\"fr-FR\",\"potentialAction\":[{\"@type\":\"ReadAction\",\"target\":[\"https:\/\/global-exam.com\/blog\/fr\/examens\/hsk\/categorie-hsk-pour-les-etudes\/\"]}]},{\"@type\":\"BreadcrumbList\",\"@id\":\"https:\/\/global-exam.com\/blog\/fr\/examens\/hsk\/categorie-hsk-pour-les-etudes\/#breadcrumb\",\"itemListElement\":[{\"@type\":\"ListItem\",\"position\":1,\"name\":\"Les examens de langue\",\"item\":\"https:\/\/global-exam.com\/blog\/fr\/examens\/\"},{\"@type\":\"ListItem\",\"position\":2,\"name\":\"HSK : attestez votre niveau de chinois\",\"item\":\"https:\/\/global-exam.com\/blog\/fr\/examens\/hsk\/\"},{\"@type\":\"ListItem\",\"position\":3,\"name\":\"HSK Pour les \\u00e9tudes\"}]}]}<\/script>\n<!-- \/ Yoast SEO plugin. -->","yoast_head_json":{"title":"HSK Pour les \u00e9tudes","robots":{"index":"index","follow":"follow","max-snippet":"max-snippet:-1","max-image-preview":"max-image-preview:large","max-video-preview":"max-video-preview:-1"},"canonical":"https:\/\/global-exam.com\/blog\/fr\/examens\/hsk\/categorie-hsk-pour-les-etudes\/","og_locale":"fr_FR","og_type":"article","og_title":"HSK Pour les \u00e9tudes","og_description":"Pourquoi passer le HSK pour ses \u00e9tudes ? Dans cette cat\u00e9gorie, nous avons rassembl\u00e9 toutes les informations concernant les raisons pour lesquelles [&hellip;]","og_url":"https:\/\/global-exam.com\/blog\/fr\/examens\/hsk\/categorie-hsk-pour-les-etudes\/","og_site_name":"GlobalExam Blog","article_publisher":"https:\/\/www.facebook.com\/Global.Exam","article_modified_time":"2022-09-08T14:13:51+00:00","twitter_card":"summary_large_image","twitter_site":"@Global_Exam","twitter_misc":{"Dur\u00e9e de lecture estim\u00e9e":"1 minute"},"schema":{"@context":"https:\/\/schema.org","@graph":[{"@type":"WebSite","@id":"https:\/\/global-exam.com\/blog\/#website","url":"https:\/\/global-exam.com\/blog\/","name":"GlobalExam Blog","description":"Le blog du sp\u00e9cialiste de la certification linguistique","potentialAction":[{"@type":"SearchAction","target":{"@type":"EntryPoint","urlTemplate":"https:\/\/global-exam.com\/blog\/?s={search_term_string}"},"query-input":"required name=search_term_string"}],"inLanguage":"fr-FR"},{"@type":"WebPage","@id":"https:\/\/global-exam.com\/blog\/fr\/examens\/hsk\/categorie-hsk-pour-les-etudes\/#webpage","url":"https:\/\/global-exam.com\/blog\/fr\/examens\/hsk\/categorie-hsk-pour-les-etudes\/","name":"HSK Pour les \u00e9tudes","isPartOf":{"@id":"https:\/\/global-exam.com\/blog\/#website"},"datePublished":"2021-08-17T09:48:22+00:00","dateModified":"2022-09-08T14:13:51+00:00","breadcrumb":{"@id":"https:\/\/global-exam.com\/blog\/fr\/examens\/hsk\/categorie-hsk-pour-les-etudes\/#breadcrumb"},"inLanguage":"fr-FR","potentialAction":[{"@type":"ReadAction","target":["https:\/\/global-exam.com\/blog\/fr\/examens\/hsk\/categorie-hsk-pour-les-etudes\/"]}]},{"@type":"BreadcrumbList","@id":"https:\/\/global-exam.com\/blog\/fr\/examens\/hsk\/categorie-hsk-pour-les-etudes\/#breadcrumb","itemListElement":[{"@type":"ListItem","position":1,"name":"Les examens de langue","item":"https:\/\/global-exam.com\/blog\/fr\/examens\/"},{"@type":"ListItem","position":2,"name":"HSK : attestez votre niveau de chinois","item":"https:\/\/global-exam.com\/blog\/fr\/examens\/hsk\/"},{"@type":"ListItem","position":3,"name":"HSK Pour les \u00e9tudes"}]}]}},"lang":"fr","translations":{"fr":60845},"pll_sync_post":[],"_links":{"self":[{"href":"https:\/\/global-exam.com\/blog\/wp-json\/wp\/v2\/pages\/60845"}],"collection":[{"href":"https:\/\/global-exam.com\/blog\/wp-json\/wp\/v2\/pages"}],"about":[{"href":"https:\/\/global-exam.com\/blog\/wp-json\/wp\/v2\/types\/page"}],"author":[{"embeddable":true,"href":"https:\/\/global-exam.com\/blog\/wp-json\/wp\/v2\/users\/24"}],"replies":[{"embeddable":true,"href":"https:\/\/global-exam.com\/blog\/wp-json\/wp\/v2\/comments?post=60845"}],"version-history":[{"count":8,"href":"https:\/\/global-exam.com\/blog\/wp-json\/wp\/v2\/pages\/60845\/revisions"}],"predecessor-version":[{"id":79333,"href":"https:\/\/global-exam.com\/blog\/wp-json\/wp\/v2\/pages\/60845\/revisions\/79333"}],"up":[{"embeddable":true,"href":"https:\/\/global-exam.com\/blog\/wp-json\/wp\/v2\/pages\/2855"}],"wp:attachment":[{"href":"https:\/\/global-exam.com\/blog\/wp-json\/wp\/v2\/media?parent=60845"}],"curies":[{"name":"wp","href":"https:\/\/api.w.org\/{rel}","templated":true}]}}