{"id":60857,"date":"2021-08-17T11:56:00","date_gmt":"2021-08-17T09:56:00","guid":{"rendered":"https:\/\/global-exam.com\/blog\/?page_id=60857"},"modified":"2022-09-08T16:15:12","modified_gmt":"2022-09-08T14:15:12","slug":"categorie-temoignages-hsk","status":"publish","type":"page","link":"https:\/\/global-exam.com\/blog\/fr\/examens\/hsk\/categorie-temoignages-hsk\/","title":{"rendered":"T\u00e9moignages HSK"},"content":{"rendered":"<p>Choisir GlobalExam pour s&rsquo;entra\u00eener au HSK<\/p>\n<p>Dans cette cat\u00e9gorie, vous pouvez retrouver un certain nombre de\u00a0<strong>t\u00e9moignages<\/strong>.<\/p>\n<p>Vous avez envie de passer le HSK, mais quelque chose vous en emp\u00eache\u00a0? Ce n\u2019est rien, cela peut arriver \u00e0 tout le monde\u00a0! Apr\u00e8s tout, le HSK et surtout le mandarin ne sont pas la langue et l\u2019examen le plus simple \u00e0 passer\u00a0! Mais\u00a0<strong>lire des t\u00e9moignages de candidats l\u2019ayant d\u00e9j\u00e0 pass\u00e9<\/strong>\u00a0vous pourra peut-\u00eatre vous rassurer\u00a0!<\/p>\n<p>Ces t\u00e9moignages sont remplis de conseils et de m\u00e9thodes pour vous aider dans <strong>l\u2019apprentissage du mandarin<\/strong>, mais \u00e9galement dans vos r\u00e9visions. Notons \u00e9galement, que les t\u00e9moignages sont l\u00e0 pour <strong>mettre en avant une exp\u00e9rience<\/strong>. N\u2019ayez aucune crainte, ces candidats \u00e9taient s\u00fbrement dans le m\u00eame \u00e9tat d\u2019esprit que vous avant de passer le HSK.<\/p>\n<p>Vous souhaitez t\u00e9moigner\u00a0? C\u2019est avec plaisir que nous le partagerons\u00a0!<\/p>\n","protected":false},"excerpt":{"rendered":"<p>Choisir GlobalExam pour s&rsquo;entra\u00eener au HSK Dans cette cat\u00e9gorie, vous pouvez retrouver un certain nombre de\u00a0t\u00e9moignages. Vous avez envie de passer le [&hellip;]<\/p>\n","protected":false},"author":24,"featured_media":0,"parent":2855,"menu_order":0,"comment_status":"closed","ping_status":"closed","template":"","meta":[],"acf":[],"yoast_head":"<!-- This site is optimized with the Yoast SEO plugin v17.2.1 - https:\/\/yoast.com\/wordpress\/plugins\/seo\/ -->\n<title>T\u00e9moignages HSK<\/title>\n<meta name=\"robots\" content=\"index, follow, max-snippet:-1, max-image-preview:large, max-video-preview:-1\" \/>\n<link rel=\"canonical\" href=\"https:\/\/global-exam.com\/blog\/fr\/examens\/hsk\/categorie-temoignages-hsk\/\" \/>\n<meta property=\"og:locale\" content=\"fr_FR\" \/>\n<meta property=\"og:type\" content=\"article\" \/>\n<meta property=\"og:title\" content=\"T\u00e9moignages HSK\" \/>\n<meta property=\"og:description\" content=\"Choisir GlobalExam pour s&rsquo;entra\u00eener au HSK Dans cette cat\u00e9gorie, vous pouvez retrouver un certain nombre de\u00a0t\u00e9moignages. Vous avez envie de passer le [&hellip;]\" \/>\n<meta property=\"og:url\" content=\"https:\/\/global-exam.com\/blog\/fr\/examens\/hsk\/categorie-temoignages-hsk\/\" \/>\n<meta property=\"og:site_name\" content=\"GlobalExam Blog\" \/>\n<meta property=\"article:publisher\" content=\"https:\/\/www.facebook.com\/Global.Exam\" \/>\n<meta property=\"article:modified_time\" content=\"2022-09-08T14:15:12+00:00\" \/>\n<meta name=\"twitter:card\" content=\"summary_large_image\" \/>\n<meta name=\"twitter:site\" content=\"@Global_Exam\" \/>\n<meta name=\"twitter:label1\" content=\"Dur\u00e9e de lecture estim\u00e9e\" \/>\n\t<meta name=\"twitter:data1\" content=\"1 minute\" \/>\n<script type=\"application\/ld+json\" class=\"yoast-schema-graph\">{\"@context\":\"https:\/\/schema.org\",\"@graph\":[{\"@type\":\"WebSite\",\"@id\":\"https:\/\/global-exam.com\/blog\/#website\",\"url\":\"https:\/\/global-exam.com\/blog\/\",\"name\":\"GlobalExam Blog\",\"description\":\"Le blog du sp\\u00e9cialiste de la certification linguistique\",\"potentialAction\":[{\"@type\":\"SearchAction\",\"target\":{\"@type\":\"EntryPoint\",\"urlTemplate\":\"https:\/\/global-exam.com\/blog\/?s={search_term_string}\"},\"query-input\":\"required name=search_term_string\"}],\"inLanguage\":\"fr-FR\"},{\"@type\":\"WebPage\",\"@id\":\"https:\/\/global-exam.com\/blog\/fr\/examens\/hsk\/categorie-temoignages-hsk\/#webpage\",\"url\":\"https:\/\/global-exam.com\/blog\/fr\/examens\/hsk\/categorie-temoignages-hsk\/\",\"name\":\"T\\u00e9moignages HSK\",\"isPartOf\":{\"@id\":\"https:\/\/global-exam.com\/blog\/#website\"},\"datePublished\":\"2021-08-17T09:56:00+00:00\",\"dateModified\":\"2022-09-08T14:15:12+00:00\",\"breadcrumb\":{\"@id\":\"https:\/\/global-exam.com\/blog\/fr\/examens\/hsk\/categorie-temoignages-hsk\/#breadcrumb\"},\"inLanguage\":\"fr-FR\",\"potentialAction\":[{\"@type\":\"ReadAction\",\"target\":[\"https:\/\/global-exam.com\/blog\/fr\/examens\/hsk\/categorie-temoignages-hsk\/\"]}]},{\"@type\":\"BreadcrumbList\",\"@id\":\"https:\/\/global-exam.com\/blog\/fr\/examens\/hsk\/categorie-temoignages-hsk\/#breadcrumb\",\"itemListElement\":[{\"@type\":\"ListItem\",\"position\":1,\"name\":\"Les examens de langue\",\"item\":\"https:\/\/global-exam.com\/blog\/fr\/examens\/\"},{\"@type\":\"ListItem\",\"position\":2,\"name\":\"HSK : attestez votre niveau de chinois\",\"item\":\"https:\/\/global-exam.com\/blog\/fr\/examens\/hsk\/\"},{\"@type\":\"ListItem\",\"position\":3,\"name\":\"T\\u00e9moignages HSK\"}]}]}<\/script>\n<!-- \/ Yoast SEO plugin. -->","yoast_head_json":{"title":"T\u00e9moignages HSK","robots":{"index":"index","follow":"follow","max-snippet":"max-snippet:-1","max-image-preview":"max-image-preview:large","max-video-preview":"max-video-preview:-1"},"canonical":"https:\/\/global-exam.com\/blog\/fr\/examens\/hsk\/categorie-temoignages-hsk\/","og_locale":"fr_FR","og_type":"article","og_title":"T\u00e9moignages HSK","og_description":"Choisir GlobalExam pour s&rsquo;entra\u00eener au HSK Dans cette cat\u00e9gorie, vous pouvez retrouver un certain nombre de\u00a0t\u00e9moignages. Vous avez envie de passer le [&hellip;]","og_url":"https:\/\/global-exam.com\/blog\/fr\/examens\/hsk\/categorie-temoignages-hsk\/","og_site_name":"GlobalExam Blog","article_publisher":"https:\/\/www.facebook.com\/Global.Exam","article_modified_time":"2022-09-08T14:15:12+00:00","twitter_card":"summary_large_image","twitter_site":"@Global_Exam","twitter_misc":{"Dur\u00e9e de lecture estim\u00e9e":"1 minute"},"schema":{"@context":"https:\/\/schema.org","@graph":[{"@type":"WebSite","@id":"https:\/\/global-exam.com\/blog\/#website","url":"https:\/\/global-exam.com\/blog\/","name":"GlobalExam Blog","description":"Le blog du sp\u00e9cialiste de la certification linguistique","potentialAction":[{"@type":"SearchAction","target":{"@type":"EntryPoint","urlTemplate":"https:\/\/global-exam.com\/blog\/?s={search_term_string}"},"query-input":"required name=search_term_string"}],"inLanguage":"fr-FR"},{"@type":"WebPage","@id":"https:\/\/global-exam.com\/blog\/fr\/examens\/hsk\/categorie-temoignages-hsk\/#webpage","url":"https:\/\/global-exam.com\/blog\/fr\/examens\/hsk\/categorie-temoignages-hsk\/","name":"T\u00e9moignages HSK","isPartOf":{"@id":"https:\/\/global-exam.com\/blog\/#website"},"datePublished":"2021-08-17T09:56:00+00:00","dateModified":"2022-09-08T14:15:12+00:00","breadcrumb":{"@id":"https:\/\/global-exam.com\/blog\/fr\/examens\/hsk\/categorie-temoignages-hsk\/#breadcrumb"},"inLanguage":"fr-FR","potentialAction":[{"@type":"ReadAction","target":["https:\/\/global-exam.com\/blog\/fr\/examens\/hsk\/categorie-temoignages-hsk\/"]}]},{"@type":"BreadcrumbList","@id":"https:\/\/global-exam.com\/blog\/fr\/examens\/hsk\/categorie-temoignages-hsk\/#breadcrumb","itemListElement":[{"@type":"ListItem","position":1,"name":"Les examens de langue","item":"https:\/\/global-exam.com\/blog\/fr\/examens\/"},{"@type":"ListItem","position":2,"name":"HSK : attestez votre niveau de chinois","item":"https:\/\/global-exam.com\/blog\/fr\/examens\/hsk\/"},{"@type":"ListItem","position":3,"name":"T\u00e9moignages HSK"}]}]}},"lang":"fr","translations":{"fr":60857},"pll_sync_post":[],"_links":{"self":[{"href":"https:\/\/global-exam.com\/blog\/wp-json\/wp\/v2\/pages\/60857"}],"collection":[{"href":"https:\/\/global-exam.com\/blog\/wp-json\/wp\/v2\/pages"}],"about":[{"href":"https:\/\/global-exam.com\/blog\/wp-json\/wp\/v2\/types\/page"}],"author":[{"embeddable":true,"href":"https:\/\/global-exam.com\/blog\/wp-json\/wp\/v2\/users\/24"}],"replies":[{"embeddable":true,"href":"https:\/\/global-exam.com\/blog\/wp-json\/wp\/v2\/comments?post=60857"}],"version-history":[{"count":8,"href":"https:\/\/global-exam.com\/blog\/wp-json\/wp\/v2\/pages\/60857\/revisions"}],"predecessor-version":[{"id":79335,"href":"https:\/\/global-exam.com\/blog\/wp-json\/wp\/v2\/pages\/60857\/revisions\/79335"}],"up":[{"embeddable":true,"href":"https:\/\/global-exam.com\/blog\/wp-json\/wp\/v2\/pages\/2855"}],"wp:attachment":[{"href":"https:\/\/global-exam.com\/blog\/wp-json\/wp\/v2\/media?parent=60857"}],"curies":[{"name":"wp","href":"https:\/\/api.w.org\/{rel}","templated":true}]}}