{"id":60862,"date":"2021-08-17T11:58:29","date_gmt":"2021-08-17T09:58:29","guid":{"rendered":"https:\/\/global-exam.com\/blog\/?page_id=60862"},"modified":"2022-09-08T16:15:52","modified_gmt":"2022-09-08T14:15:52","slug":"categorie-vocabulaire-hsk","status":"publish","type":"page","link":"https:\/\/global-exam.com\/blog\/fr\/examens\/hsk\/categorie-vocabulaire-hsk\/","title":{"rendered":"Vocabulaire HSK"},"content":{"rendered":"<p>Ma\u00eetriser le vocabulaire du HSK<\/p>\n<p>Dans cette cat\u00e9gorie, GlobalExam vous propose\u00a0<strong>plusieurs fiches de vocabulaire<\/strong>\u00a0pour r\u00e9ussir au mieux votre examen du HSK.<\/p>\n<p>Sachez que le nombre de caract\u00e8res que vous devez conna\u00eetre d\u00e9pend du niveau HSK que vous passez. En effet, plus vous souhaitez avoir un niveau \u00e9lev\u00e9, plus le nombre de caract\u00e8res augmente. Mais si vous commencez par le test d\u00e9butant, soit avec un niveau A1\u00a0: vous n\u2019aurez que 150 caract\u00e8res \u00e0 retenir.<\/p>\n<p>Pour faciliter vos r\u00e9visions, GlobalExam vous propose quelques fiches de vocabulaire. Vous devez avoir\u00a0<strong>de bonnes bases de vocabulaire<\/strong> pour esp\u00e9rer avoir un bon score \u00e0 votre examen.<\/p>\n<p>Un conseil que nous pouvons vous donner\u00a0est de noter sur un carnet les diff\u00e9rents caract\u00e8res. Regardez ces derniers en d\u00e9tail pour vous les approprier au maximum. Pr\u00eat \u00e0 passer le HSK\u00a0?<\/p>\n","protected":false},"excerpt":{"rendered":"<p>Ma\u00eetriser le vocabulaire du HSK Dans cette cat\u00e9gorie, GlobalExam vous propose\u00a0plusieurs fiches de vocabulaire\u00a0pour r\u00e9ussir au mieux votre examen du HSK. Sachez [&hellip;]<\/p>\n","protected":false},"author":24,"featured_media":0,"parent":2855,"menu_order":0,"comment_status":"closed","ping_status":"closed","template":"","meta":[],"acf":[],"yoast_head":"<!-- This site is optimized with the Yoast SEO plugin v17.2.1 - https:\/\/yoast.com\/wordpress\/plugins\/seo\/ -->\n<title>Vocabulaire HSK<\/title>\n<meta name=\"robots\" content=\"index, follow, max-snippet:-1, max-image-preview:large, max-video-preview:-1\" \/>\n<link rel=\"canonical\" href=\"https:\/\/global-exam.com\/blog\/fr\/examens\/hsk\/categorie-vocabulaire-hsk\/\" \/>\n<meta property=\"og:locale\" content=\"fr_FR\" \/>\n<meta property=\"og:type\" content=\"article\" \/>\n<meta property=\"og:title\" content=\"Vocabulaire HSK\" \/>\n<meta property=\"og:description\" content=\"Ma\u00eetriser le vocabulaire du HSK Dans cette cat\u00e9gorie, GlobalExam vous propose\u00a0plusieurs fiches de vocabulaire\u00a0pour r\u00e9ussir au mieux votre examen du HSK. Sachez [&hellip;]\" \/>\n<meta property=\"og:url\" content=\"https:\/\/global-exam.com\/blog\/fr\/examens\/hsk\/categorie-vocabulaire-hsk\/\" \/>\n<meta property=\"og:site_name\" content=\"GlobalExam Blog\" \/>\n<meta property=\"article:publisher\" content=\"https:\/\/www.facebook.com\/Global.Exam\" \/>\n<meta property=\"article:modified_time\" content=\"2022-09-08T14:15:52+00:00\" \/>\n<meta name=\"twitter:card\" content=\"summary_large_image\" \/>\n<meta name=\"twitter:site\" content=\"@Global_Exam\" \/>\n<meta name=\"twitter:label1\" content=\"Dur\u00e9e de lecture estim\u00e9e\" \/>\n\t<meta name=\"twitter:data1\" content=\"1 minute\" \/>\n<script type=\"application\/ld+json\" class=\"yoast-schema-graph\">{\"@context\":\"https:\/\/schema.org\",\"@graph\":[{\"@type\":\"WebSite\",\"@id\":\"https:\/\/global-exam.com\/blog\/#website\",\"url\":\"https:\/\/global-exam.com\/blog\/\",\"name\":\"GlobalExam Blog\",\"description\":\"Le blog du sp\\u00e9cialiste de la certification linguistique\",\"potentialAction\":[{\"@type\":\"SearchAction\",\"target\":{\"@type\":\"EntryPoint\",\"urlTemplate\":\"https:\/\/global-exam.com\/blog\/?s={search_term_string}\"},\"query-input\":\"required name=search_term_string\"}],\"inLanguage\":\"fr-FR\"},{\"@type\":\"WebPage\",\"@id\":\"https:\/\/global-exam.com\/blog\/fr\/examens\/hsk\/categorie-vocabulaire-hsk\/#webpage\",\"url\":\"https:\/\/global-exam.com\/blog\/fr\/examens\/hsk\/categorie-vocabulaire-hsk\/\",\"name\":\"Vocabulaire HSK\",\"isPartOf\":{\"@id\":\"https:\/\/global-exam.com\/blog\/#website\"},\"datePublished\":\"2021-08-17T09:58:29+00:00\",\"dateModified\":\"2022-09-08T14:15:52+00:00\",\"breadcrumb\":{\"@id\":\"https:\/\/global-exam.com\/blog\/fr\/examens\/hsk\/categorie-vocabulaire-hsk\/#breadcrumb\"},\"inLanguage\":\"fr-FR\",\"potentialAction\":[{\"@type\":\"ReadAction\",\"target\":[\"https:\/\/global-exam.com\/blog\/fr\/examens\/hsk\/categorie-vocabulaire-hsk\/\"]}]},{\"@type\":\"BreadcrumbList\",\"@id\":\"https:\/\/global-exam.com\/blog\/fr\/examens\/hsk\/categorie-vocabulaire-hsk\/#breadcrumb\",\"itemListElement\":[{\"@type\":\"ListItem\",\"position\":1,\"name\":\"Les examens de langue\",\"item\":\"https:\/\/global-exam.com\/blog\/fr\/examens\/\"},{\"@type\":\"ListItem\",\"position\":2,\"name\":\"HSK : attestez votre niveau de chinois\",\"item\":\"https:\/\/global-exam.com\/blog\/fr\/examens\/hsk\/\"},{\"@type\":\"ListItem\",\"position\":3,\"name\":\"Vocabulaire HSK\"}]}]}<\/script>\n<!-- \/ Yoast SEO plugin. -->","yoast_head_json":{"title":"Vocabulaire HSK","robots":{"index":"index","follow":"follow","max-snippet":"max-snippet:-1","max-image-preview":"max-image-preview:large","max-video-preview":"max-video-preview:-1"},"canonical":"https:\/\/global-exam.com\/blog\/fr\/examens\/hsk\/categorie-vocabulaire-hsk\/","og_locale":"fr_FR","og_type":"article","og_title":"Vocabulaire HSK","og_description":"Ma\u00eetriser le vocabulaire du HSK Dans cette cat\u00e9gorie, GlobalExam vous propose\u00a0plusieurs fiches de vocabulaire\u00a0pour r\u00e9ussir au mieux votre examen du HSK. Sachez [&hellip;]","og_url":"https:\/\/global-exam.com\/blog\/fr\/examens\/hsk\/categorie-vocabulaire-hsk\/","og_site_name":"GlobalExam Blog","article_publisher":"https:\/\/www.facebook.com\/Global.Exam","article_modified_time":"2022-09-08T14:15:52+00:00","twitter_card":"summary_large_image","twitter_site":"@Global_Exam","twitter_misc":{"Dur\u00e9e de lecture estim\u00e9e":"1 minute"},"schema":{"@context":"https:\/\/schema.org","@graph":[{"@type":"WebSite","@id":"https:\/\/global-exam.com\/blog\/#website","url":"https:\/\/global-exam.com\/blog\/","name":"GlobalExam Blog","description":"Le blog du sp\u00e9cialiste de la certification linguistique","potentialAction":[{"@type":"SearchAction","target":{"@type":"EntryPoint","urlTemplate":"https:\/\/global-exam.com\/blog\/?s={search_term_string}"},"query-input":"required name=search_term_string"}],"inLanguage":"fr-FR"},{"@type":"WebPage","@id":"https:\/\/global-exam.com\/blog\/fr\/examens\/hsk\/categorie-vocabulaire-hsk\/#webpage","url":"https:\/\/global-exam.com\/blog\/fr\/examens\/hsk\/categorie-vocabulaire-hsk\/","name":"Vocabulaire HSK","isPartOf":{"@id":"https:\/\/global-exam.com\/blog\/#website"},"datePublished":"2021-08-17T09:58:29+00:00","dateModified":"2022-09-08T14:15:52+00:00","breadcrumb":{"@id":"https:\/\/global-exam.com\/blog\/fr\/examens\/hsk\/categorie-vocabulaire-hsk\/#breadcrumb"},"inLanguage":"fr-FR","potentialAction":[{"@type":"ReadAction","target":["https:\/\/global-exam.com\/blog\/fr\/examens\/hsk\/categorie-vocabulaire-hsk\/"]}]},{"@type":"BreadcrumbList","@id":"https:\/\/global-exam.com\/blog\/fr\/examens\/hsk\/categorie-vocabulaire-hsk\/#breadcrumb","itemListElement":[{"@type":"ListItem","position":1,"name":"Les examens de langue","item":"https:\/\/global-exam.com\/blog\/fr\/examens\/"},{"@type":"ListItem","position":2,"name":"HSK : attestez votre niveau de chinois","item":"https:\/\/global-exam.com\/blog\/fr\/examens\/hsk\/"},{"@type":"ListItem","position":3,"name":"Vocabulaire HSK"}]}]}},"lang":"fr","translations":{"fr":60862},"pll_sync_post":[],"_links":{"self":[{"href":"https:\/\/global-exam.com\/blog\/wp-json\/wp\/v2\/pages\/60862"}],"collection":[{"href":"https:\/\/global-exam.com\/blog\/wp-json\/wp\/v2\/pages"}],"about":[{"href":"https:\/\/global-exam.com\/blog\/wp-json\/wp\/v2\/types\/page"}],"author":[{"embeddable":true,"href":"https:\/\/global-exam.com\/blog\/wp-json\/wp\/v2\/users\/24"}],"replies":[{"embeddable":true,"href":"https:\/\/global-exam.com\/blog\/wp-json\/wp\/v2\/comments?post=60862"}],"version-history":[{"count":7,"href":"https:\/\/global-exam.com\/blog\/wp-json\/wp\/v2\/pages\/60862\/revisions"}],"predecessor-version":[{"id":79336,"href":"https:\/\/global-exam.com\/blog\/wp-json\/wp\/v2\/pages\/60862\/revisions\/79336"}],"up":[{"embeddable":true,"href":"https:\/\/global-exam.com\/blog\/wp-json\/wp\/v2\/pages\/2855"}],"wp:attachment":[{"href":"https:\/\/global-exam.com\/blog\/wp-json\/wp\/v2\/media?parent=60862"}],"curies":[{"name":"wp","href":"https:\/\/api.w.org\/{rel}","templated":true}]}}