{"id":60868,"date":"2021-08-17T12:00:50","date_gmt":"2021-08-17T10:00:50","guid":{"rendered":"https:\/\/global-exam.com\/blog\/?page_id=60868"},"modified":"2022-09-08T16:07:47","modified_gmt":"2022-09-08T14:07:47","slug":"categorie-centres-dexamens-hsk","status":"publish","type":"page","link":"https:\/\/global-exam.com\/blog\/fr\/examens\/hsk\/categorie-centres-dexamens-hsk\/","title":{"rendered":"Centres d&rsquo;examens HSK"},"content":{"rendered":"<p>Trouver un centre d&rsquo;examen HSK<\/p>\n<p>Vous avez d\u00e9cid\u00e9 de passer le HSK\u00a0? Vous \u00eates au bon endroit pour en apprendre plus sur\u00a0<strong>les centres d\u2019examen<\/strong>.<\/p>\n<p>Pour trouver un centre d\u2019examen proche de chez vous, il n\u2019y a rien de plus simple. Il suffit de vous\u00a0<strong>inscrire en ligne<\/strong>\u00a0et de r\u00e9server la date qui vous convient le mieux. Faites attention toutefois, puisque les dates ne sont pas toutes les m\u00eames dans les divers centres d\u2019examen. Nous vous conseillons fortement d\u2019en choisir un\u00a0<strong>proche de chez vous<\/strong>. Ils se trouvent principalement dans les grandes villes de France.<\/p>\n<p>Aussi, une fois que vous \u00eates inscrit, n\u2019h\u00e9sitez pas \u00e0 rep\u00e9rer votre lieu d\u2019examen o\u00f9 <strong>vous passerez le test HSK<\/strong>. Cela vous \u00e9vitera un stress juste avant ce dernier.<\/p>\n","protected":false},"excerpt":{"rendered":"<p>Trouver un centre d&rsquo;examen HSK Vous avez d\u00e9cid\u00e9 de passer le HSK\u00a0? Vous \u00eates au bon endroit pour en apprendre plus sur\u00a0les [&hellip;]<\/p>\n","protected":false},"author":24,"featured_media":0,"parent":2855,"menu_order":0,"comment_status":"closed","ping_status":"closed","template":"","meta":[],"acf":[],"yoast_head":"<!-- This site is optimized with the Yoast SEO plugin v17.2.1 - https:\/\/yoast.com\/wordpress\/plugins\/seo\/ -->\n<title>Centres d&#039;examens HSK<\/title>\n<meta name=\"robots\" content=\"index, follow, max-snippet:-1, max-image-preview:large, max-video-preview:-1\" \/>\n<link rel=\"canonical\" href=\"https:\/\/global-exam.com\/blog\/fr\/examens\/hsk\/categorie-centres-dexamens-hsk\/\" \/>\n<meta property=\"og:locale\" content=\"fr_FR\" \/>\n<meta property=\"og:type\" content=\"article\" \/>\n<meta property=\"og:title\" content=\"Centres d&#039;examens HSK\" \/>\n<meta property=\"og:description\" content=\"Trouver un centre d&rsquo;examen HSK Vous avez d\u00e9cid\u00e9 de passer le HSK\u00a0? Vous \u00eates au bon endroit pour en apprendre plus sur\u00a0les [&hellip;]\" \/>\n<meta property=\"og:url\" content=\"https:\/\/global-exam.com\/blog\/fr\/examens\/hsk\/categorie-centres-dexamens-hsk\/\" \/>\n<meta property=\"og:site_name\" content=\"GlobalExam Blog\" \/>\n<meta property=\"article:publisher\" content=\"https:\/\/www.facebook.com\/Global.Exam\" \/>\n<meta property=\"article:modified_time\" content=\"2022-09-08T14:07:47+00:00\" \/>\n<meta name=\"twitter:card\" content=\"summary_large_image\" \/>\n<meta name=\"twitter:site\" content=\"@Global_Exam\" \/>\n<meta name=\"twitter:label1\" content=\"Dur\u00e9e de lecture estim\u00e9e\" \/>\n\t<meta name=\"twitter:data1\" content=\"1 minute\" \/>\n<script type=\"application\/ld+json\" class=\"yoast-schema-graph\">{\"@context\":\"https:\/\/schema.org\",\"@graph\":[{\"@type\":\"WebSite\",\"@id\":\"https:\/\/global-exam.com\/blog\/#website\",\"url\":\"https:\/\/global-exam.com\/blog\/\",\"name\":\"GlobalExam Blog\",\"description\":\"Le blog du sp\\u00e9cialiste de la certification linguistique\",\"potentialAction\":[{\"@type\":\"SearchAction\",\"target\":{\"@type\":\"EntryPoint\",\"urlTemplate\":\"https:\/\/global-exam.com\/blog\/?s={search_term_string}\"},\"query-input\":\"required name=search_term_string\"}],\"inLanguage\":\"fr-FR\"},{\"@type\":\"WebPage\",\"@id\":\"https:\/\/global-exam.com\/blog\/fr\/examens\/hsk\/categorie-centres-dexamens-hsk\/#webpage\",\"url\":\"https:\/\/global-exam.com\/blog\/fr\/examens\/hsk\/categorie-centres-dexamens-hsk\/\",\"name\":\"Centres d'examens HSK\",\"isPartOf\":{\"@id\":\"https:\/\/global-exam.com\/blog\/#website\"},\"datePublished\":\"2021-08-17T10:00:50+00:00\",\"dateModified\":\"2022-09-08T14:07:47+00:00\",\"breadcrumb\":{\"@id\":\"https:\/\/global-exam.com\/blog\/fr\/examens\/hsk\/categorie-centres-dexamens-hsk\/#breadcrumb\"},\"inLanguage\":\"fr-FR\",\"potentialAction\":[{\"@type\":\"ReadAction\",\"target\":[\"https:\/\/global-exam.com\/blog\/fr\/examens\/hsk\/categorie-centres-dexamens-hsk\/\"]}]},{\"@type\":\"BreadcrumbList\",\"@id\":\"https:\/\/global-exam.com\/blog\/fr\/examens\/hsk\/categorie-centres-dexamens-hsk\/#breadcrumb\",\"itemListElement\":[{\"@type\":\"ListItem\",\"position\":1,\"name\":\"Les examens de langue\",\"item\":\"https:\/\/global-exam.com\/blog\/fr\/examens\/\"},{\"@type\":\"ListItem\",\"position\":2,\"name\":\"HSK : attestez votre niveau de chinois\",\"item\":\"https:\/\/global-exam.com\/blog\/fr\/examens\/hsk\/\"},{\"@type\":\"ListItem\",\"position\":3,\"name\":\"Centres d&rsquo;examens HSK\"}]}]}<\/script>\n<!-- \/ Yoast SEO plugin. -->","yoast_head_json":{"title":"Centres d'examens HSK","robots":{"index":"index","follow":"follow","max-snippet":"max-snippet:-1","max-image-preview":"max-image-preview:large","max-video-preview":"max-video-preview:-1"},"canonical":"https:\/\/global-exam.com\/blog\/fr\/examens\/hsk\/categorie-centres-dexamens-hsk\/","og_locale":"fr_FR","og_type":"article","og_title":"Centres d'examens HSK","og_description":"Trouver un centre d&rsquo;examen HSK Vous avez d\u00e9cid\u00e9 de passer le HSK\u00a0? Vous \u00eates au bon endroit pour en apprendre plus sur\u00a0les [&hellip;]","og_url":"https:\/\/global-exam.com\/blog\/fr\/examens\/hsk\/categorie-centres-dexamens-hsk\/","og_site_name":"GlobalExam Blog","article_publisher":"https:\/\/www.facebook.com\/Global.Exam","article_modified_time":"2022-09-08T14:07:47+00:00","twitter_card":"summary_large_image","twitter_site":"@Global_Exam","twitter_misc":{"Dur\u00e9e de lecture estim\u00e9e":"1 minute"},"schema":{"@context":"https:\/\/schema.org","@graph":[{"@type":"WebSite","@id":"https:\/\/global-exam.com\/blog\/#website","url":"https:\/\/global-exam.com\/blog\/","name":"GlobalExam Blog","description":"Le blog du sp\u00e9cialiste de la certification linguistique","potentialAction":[{"@type":"SearchAction","target":{"@type":"EntryPoint","urlTemplate":"https:\/\/global-exam.com\/blog\/?s={search_term_string}"},"query-input":"required name=search_term_string"}],"inLanguage":"fr-FR"},{"@type":"WebPage","@id":"https:\/\/global-exam.com\/blog\/fr\/examens\/hsk\/categorie-centres-dexamens-hsk\/#webpage","url":"https:\/\/global-exam.com\/blog\/fr\/examens\/hsk\/categorie-centres-dexamens-hsk\/","name":"Centres d'examens HSK","isPartOf":{"@id":"https:\/\/global-exam.com\/blog\/#website"},"datePublished":"2021-08-17T10:00:50+00:00","dateModified":"2022-09-08T14:07:47+00:00","breadcrumb":{"@id":"https:\/\/global-exam.com\/blog\/fr\/examens\/hsk\/categorie-centres-dexamens-hsk\/#breadcrumb"},"inLanguage":"fr-FR","potentialAction":[{"@type":"ReadAction","target":["https:\/\/global-exam.com\/blog\/fr\/examens\/hsk\/categorie-centres-dexamens-hsk\/"]}]},{"@type":"BreadcrumbList","@id":"https:\/\/global-exam.com\/blog\/fr\/examens\/hsk\/categorie-centres-dexamens-hsk\/#breadcrumb","itemListElement":[{"@type":"ListItem","position":1,"name":"Les examens de langue","item":"https:\/\/global-exam.com\/blog\/fr\/examens\/"},{"@type":"ListItem","position":2,"name":"HSK : attestez votre niveau de chinois","item":"https:\/\/global-exam.com\/blog\/fr\/examens\/hsk\/"},{"@type":"ListItem","position":3,"name":"Centres d&rsquo;examens HSK"}]}]}},"lang":"fr","translations":{"fr":60868},"pll_sync_post":[],"_links":{"self":[{"href":"https:\/\/global-exam.com\/blog\/wp-json\/wp\/v2\/pages\/60868"}],"collection":[{"href":"https:\/\/global-exam.com\/blog\/wp-json\/wp\/v2\/pages"}],"about":[{"href":"https:\/\/global-exam.com\/blog\/wp-json\/wp\/v2\/types\/page"}],"author":[{"embeddable":true,"href":"https:\/\/global-exam.com\/blog\/wp-json\/wp\/v2\/users\/24"}],"replies":[{"embeddable":true,"href":"https:\/\/global-exam.com\/blog\/wp-json\/wp\/v2\/comments?post=60868"}],"version-history":[{"count":7,"href":"https:\/\/global-exam.com\/blog\/wp-json\/wp\/v2\/pages\/60868\/revisions"}],"predecessor-version":[{"id":79326,"href":"https:\/\/global-exam.com\/blog\/wp-json\/wp\/v2\/pages\/60868\/revisions\/79326"}],"up":[{"embeddable":true,"href":"https:\/\/global-exam.com\/blog\/wp-json\/wp\/v2\/pages\/2855"}],"wp:attachment":[{"href":"https:\/\/global-exam.com\/blog\/wp-json\/wp\/v2\/media?parent=60868"}],"curies":[{"name":"wp","href":"https:\/\/api.w.org\/{rel}","templated":true}]}}