{"id":60872,"date":"2021-08-17T12:05:31","date_gmt":"2021-08-17T10:05:31","guid":{"rendered":"https:\/\/global-exam.com\/blog\/?page_id=60872"},"modified":"2022-08-31T14:39:09","modified_gmt":"2022-08-31T12:39:09","slug":"categorie-presentation-du-test-ket","status":"publish","type":"page","link":"https:\/\/global-exam.com\/blog\/fr\/examens\/cambridge-english-a2-key-ket\/categorie-presentation-du-test-ket\/","title":{"rendered":"Pr\u00e9sentation du test A2 Key (KET)"},"content":{"rendered":"<p>D\u00e9couvrir le A2 Key<\/p>\n<p style=\"text-align: left;\"><span style=\"font-weight: 400;\">Dans cette cat\u00e9gorie, vous trouverez <\/span><b>des informations au sujet du Test KET <\/b><span style=\"font-weight: 400;\">qui s\u2019intitule d\u00e9sormais<\/span><b> A2 KEY et les raisons pour lesquelles vous auriez \u00e0 le passer.<\/b><\/p>\n<p><span style=\"font-weight: 400;\"> Afin de passer une certification, nous avons souvent besoin d\u2019en conna\u00eetre<\/span><b> les modalit\u00e9s de passage, le contenu et le d\u00e9roulement concret des \u00e9preuves.<\/b><\/p>\n<p style=\"text-align: left;\"><span style=\"font-weight: 400;\">Si vous n\u2019avez aucune id\u00e9e de <\/span><b>ce qu\u2019est le A2\u00a0 KEY (ancien KET Cambridge),<\/b><span style=\"font-weight: 400;\"> vous trouverez sur notre blog <\/span><b>un article d\u00e9di\u00e9 \u00e0 l\u2019explication et \u00e0 la pr\u00e9sentation de ce test en d\u00e9tail.<\/b><\/p>\n<p style=\"text-align: left;\"><b>GlobalExam propose l\u2019essentiel pour pr\u00e9parer un test ou un examen. <\/b><span style=\"font-weight: 400;\">Ainsi, si vous souhaitez passer le A2 KEY, vous pourrez<\/span><b> vous entra\u00eener sur notre plateforme.<\/b><\/p>\n<p style=\"text-align: left;\"><span style=\"font-weight: 400;\">Vous y trouverez des exercices, des examens blancs reprenant la structure officielle du test, des fiches de vocabulaire et de grammaire pour r\u00e9viser, et si vous le souhaitez, vous pourrez avoir un suivi personnalis\u00e9.<\/span><\/p>\n","protected":false},"excerpt":{"rendered":"<p>D\u00e9couvrir le A2 Key Dans cette cat\u00e9gorie, vous trouverez des informations au sujet du Test KET qui s\u2019intitule d\u00e9sormais A2 KEY et [&hellip;]<\/p>\n","protected":false},"author":24,"featured_media":0,"parent":35442,"menu_order":0,"comment_status":"closed","ping_status":"closed","template":"","meta":[],"acf":[],"yoast_head":"<!-- This site is optimized with the Yoast SEO plugin v17.2.1 - https:\/\/yoast.com\/wordpress\/plugins\/seo\/ -->\n<title>Pr\u00e9sentation du test A2 Key (KET)<\/title>\n<meta name=\"robots\" content=\"index, follow, max-snippet:-1, max-image-preview:large, max-video-preview:-1\" \/>\n<link rel=\"canonical\" href=\"https:\/\/global-exam.com\/blog\/fr\/examens\/cambridge-english-a2-key-ket\/categorie-presentation-du-test-ket\/\" \/>\n<meta property=\"og:locale\" content=\"fr_FR\" \/>\n<meta property=\"og:type\" content=\"article\" \/>\n<meta property=\"og:title\" content=\"Pr\u00e9sentation du test A2 Key (KET)\" \/>\n<meta property=\"og:description\" content=\"D\u00e9couvrir le A2 Key Dans cette cat\u00e9gorie, vous trouverez des informations au sujet du Test KET qui s\u2019intitule d\u00e9sormais A2 KEY et [&hellip;]\" \/>\n<meta property=\"og:url\" content=\"https:\/\/global-exam.com\/blog\/fr\/examens\/cambridge-english-a2-key-ket\/categorie-presentation-du-test-ket\/\" \/>\n<meta property=\"og:site_name\" content=\"GlobalExam Blog\" \/>\n<meta property=\"article:publisher\" content=\"https:\/\/www.facebook.com\/Global.Exam\" \/>\n<meta property=\"article:modified_time\" content=\"2022-08-31T12:39:09+00:00\" \/>\n<meta name=\"twitter:card\" content=\"summary_large_image\" \/>\n<meta name=\"twitter:site\" content=\"@Global_Exam\" \/>\n<meta name=\"twitter:label1\" content=\"Dur\u00e9e de lecture estim\u00e9e\" \/>\n\t<meta name=\"twitter:data1\" content=\"3 minutes\" \/>\n<script type=\"application\/ld+json\" class=\"yoast-schema-graph\">{\"@context\":\"https:\/\/schema.org\",\"@graph\":[{\"@type\":\"WebSite\",\"@id\":\"https:\/\/global-exam.com\/blog\/#website\",\"url\":\"https:\/\/global-exam.com\/blog\/\",\"name\":\"GlobalExam Blog\",\"description\":\"Le blog du sp\\u00e9cialiste de la certification linguistique\",\"potentialAction\":[{\"@type\":\"SearchAction\",\"target\":{\"@type\":\"EntryPoint\",\"urlTemplate\":\"https:\/\/global-exam.com\/blog\/?s={search_term_string}\"},\"query-input\":\"required name=search_term_string\"}],\"inLanguage\":\"fr-FR\"},{\"@type\":\"WebPage\",\"@id\":\"https:\/\/global-exam.com\/blog\/fr\/examens\/cambridge-english-a2-key-ket\/categorie-presentation-du-test-ket\/#webpage\",\"url\":\"https:\/\/global-exam.com\/blog\/fr\/examens\/cambridge-english-a2-key-ket\/categorie-presentation-du-test-ket\/\",\"name\":\"Pr\\u00e9sentation du test A2 Key (KET)\",\"isPartOf\":{\"@id\":\"https:\/\/global-exam.com\/blog\/#website\"},\"datePublished\":\"2021-08-17T10:05:31+00:00\",\"dateModified\":\"2022-08-31T12:39:09+00:00\",\"breadcrumb\":{\"@id\":\"https:\/\/global-exam.com\/blog\/fr\/examens\/cambridge-english-a2-key-ket\/categorie-presentation-du-test-ket\/#breadcrumb\"},\"inLanguage\":\"fr-FR\",\"potentialAction\":[{\"@type\":\"ReadAction\",\"target\":[\"https:\/\/global-exam.com\/blog\/fr\/examens\/cambridge-english-a2-key-ket\/categorie-presentation-du-test-ket\/\"]}]},{\"@type\":\"BreadcrumbList\",\"@id\":\"https:\/\/global-exam.com\/blog\/fr\/examens\/cambridge-english-a2-key-ket\/categorie-presentation-du-test-ket\/#breadcrumb\",\"itemListElement\":[{\"@type\":\"ListItem\",\"position\":1,\"name\":\"Les examens de langue\",\"item\":\"https:\/\/global-exam.com\/blog\/fr\/examens\/\"},{\"@type\":\"ListItem\",\"position\":2,\"name\":\"A2 Key (KET)\",\"item\":\"https:\/\/global-exam.com\/blog\/fr\/examens\/cambridge-english-a2-key-ket\/\"},{\"@type\":\"ListItem\",\"position\":3,\"name\":\"Pr\\u00e9sentation du test A2 Key (KET)\"}]}]}<\/script>\n<!-- \/ Yoast SEO plugin. -->","yoast_head_json":{"title":"Pr\u00e9sentation du test A2 Key (KET)","robots":{"index":"index","follow":"follow","max-snippet":"max-snippet:-1","max-image-preview":"max-image-preview:large","max-video-preview":"max-video-preview:-1"},"canonical":"https:\/\/global-exam.com\/blog\/fr\/examens\/cambridge-english-a2-key-ket\/categorie-presentation-du-test-ket\/","og_locale":"fr_FR","og_type":"article","og_title":"Pr\u00e9sentation du test A2 Key (KET)","og_description":"D\u00e9couvrir le A2 Key Dans cette cat\u00e9gorie, vous trouverez des informations au sujet du Test KET qui s\u2019intitule d\u00e9sormais A2 KEY et [&hellip;]","og_url":"https:\/\/global-exam.com\/blog\/fr\/examens\/cambridge-english-a2-key-ket\/categorie-presentation-du-test-ket\/","og_site_name":"GlobalExam Blog","article_publisher":"https:\/\/www.facebook.com\/Global.Exam","article_modified_time":"2022-08-31T12:39:09+00:00","twitter_card":"summary_large_image","twitter_site":"@Global_Exam","twitter_misc":{"Dur\u00e9e de lecture estim\u00e9e":"3 minutes"},"schema":{"@context":"https:\/\/schema.org","@graph":[{"@type":"WebSite","@id":"https:\/\/global-exam.com\/blog\/#website","url":"https:\/\/global-exam.com\/blog\/","name":"GlobalExam Blog","description":"Le blog du sp\u00e9cialiste de la certification linguistique","potentialAction":[{"@type":"SearchAction","target":{"@type":"EntryPoint","urlTemplate":"https:\/\/global-exam.com\/blog\/?s={search_term_string}"},"query-input":"required name=search_term_string"}],"inLanguage":"fr-FR"},{"@type":"WebPage","@id":"https:\/\/global-exam.com\/blog\/fr\/examens\/cambridge-english-a2-key-ket\/categorie-presentation-du-test-ket\/#webpage","url":"https:\/\/global-exam.com\/blog\/fr\/examens\/cambridge-english-a2-key-ket\/categorie-presentation-du-test-ket\/","name":"Pr\u00e9sentation du test A2 Key (KET)","isPartOf":{"@id":"https:\/\/global-exam.com\/blog\/#website"},"datePublished":"2021-08-17T10:05:31+00:00","dateModified":"2022-08-31T12:39:09+00:00","breadcrumb":{"@id":"https:\/\/global-exam.com\/blog\/fr\/examens\/cambridge-english-a2-key-ket\/categorie-presentation-du-test-ket\/#breadcrumb"},"inLanguage":"fr-FR","potentialAction":[{"@type":"ReadAction","target":["https:\/\/global-exam.com\/blog\/fr\/examens\/cambridge-english-a2-key-ket\/categorie-presentation-du-test-ket\/"]}]},{"@type":"BreadcrumbList","@id":"https:\/\/global-exam.com\/blog\/fr\/examens\/cambridge-english-a2-key-ket\/categorie-presentation-du-test-ket\/#breadcrumb","itemListElement":[{"@type":"ListItem","position":1,"name":"Les examens de langue","item":"https:\/\/global-exam.com\/blog\/fr\/examens\/"},{"@type":"ListItem","position":2,"name":"A2 Key (KET)","item":"https:\/\/global-exam.com\/blog\/fr\/examens\/cambridge-english-a2-key-ket\/"},{"@type":"ListItem","position":3,"name":"Pr\u00e9sentation du test A2 Key (KET)"}]}]}},"lang":"fr","translations":{"fr":60872},"pll_sync_post":[],"_links":{"self":[{"href":"https:\/\/global-exam.com\/blog\/wp-json\/wp\/v2\/pages\/60872"}],"collection":[{"href":"https:\/\/global-exam.com\/blog\/wp-json\/wp\/v2\/pages"}],"about":[{"href":"https:\/\/global-exam.com\/blog\/wp-json\/wp\/v2\/types\/page"}],"author":[{"embeddable":true,"href":"https:\/\/global-exam.com\/blog\/wp-json\/wp\/v2\/users\/24"}],"replies":[{"embeddable":true,"href":"https:\/\/global-exam.com\/blog\/wp-json\/wp\/v2\/comments?post=60872"}],"version-history":[{"count":8,"href":"https:\/\/global-exam.com\/blog\/wp-json\/wp\/v2\/pages\/60872\/revisions"}],"predecessor-version":[{"id":79207,"href":"https:\/\/global-exam.com\/blog\/wp-json\/wp\/v2\/pages\/60872\/revisions\/79207"}],"up":[{"embeddable":true,"href":"https:\/\/global-exam.com\/blog\/wp-json\/wp\/v2\/pages\/35442"}],"wp:attachment":[{"href":"https:\/\/global-exam.com\/blog\/wp-json\/wp\/v2\/media?parent=60872"}],"curies":[{"name":"wp","href":"https:\/\/api.w.org\/{rel}","templated":true}]}}