{"id":60875,"date":"2021-08-17T12:07:58","date_gmt":"2021-08-17T10:07:58","guid":{"rendered":"https:\/\/global-exam.com\/blog\/?page_id=60875"},"modified":"2022-08-31T14:40:27","modified_gmt":"2022-08-31T12:40:27","slug":"categorie-presentation-du-pet","status":"publish","type":"page","link":"https:\/\/global-exam.com\/blog\/fr\/examens\/cambridge-english-b1-preliminary-pet\/categorie-presentation-du-pet\/","title":{"rendered":"Pr\u00e9sentation du B1 Preliminary (PET)"},"content":{"rendered":"<p>D\u00e9couvrir le B1 Preliminary<\/p>\n<p style=\"text-align: left;\"><span style=\"font-weight: 400;\">Dans cette cat\u00e9gorie, vous trouverez <\/span><b>des informations au sujet du PET B1 <\/b><span style=\"font-weight: 400;\">afin de savoir pr\u00e9cis\u00e9ment<\/span><b> comment se d\u00e9roulent les \u00e9preuves <\/b><span style=\"font-weight: 400;\">et de mieux conna\u00eetre cet examen.<\/span><\/p>\n<p style=\"text-align: left;\"><span style=\"font-weight: 400;\">Pour passer une certification, il est n\u00e9cessaire d\u2019en conna\u00eetre<\/span><b> les modalit\u00e9s de passage, le contenu et le d\u00e9roulement concret des \u00e9preuves. <\/b><span style=\"font-weight: 400;\">Pour bien se pr\u00e9parer et ne pas perdre de temps le jour de l\u2019examen en \u00e9tant pris au d\u00e9pourvu, il est important de bien savoir en quoi consiste chaque \u00e9preuve.<\/span><\/p>\n<p style=\"text-align: left;\"><span style=\"font-weight: 400;\">La lecture de ces pr\u00e9sentations vous permettra de<\/span><b> savoir si le PET Cambridge est l\u2019examen que vous avez besoin de passer<\/b><span style=\"font-weight: 400;\"> pour vos projets et obtenir la certification adapt\u00e9e \u00e0 votre situation.<\/span><\/p>\n<p style=\"text-align: left;\"><b>Afin de vous pr\u00e9parer \u00e0 un test ou \u00e0 un examen, <\/b><span style=\"font-weight: 400;\">GlobalExam est exactement ce qu\u2019il vous faut<\/span><b>. <\/b><span style=\"font-weight: 400;\">Si vous souhaitez passer le Pet Cambridge, vous pourrez<\/span><b> vous entra\u00eener sur notre plateforme.<\/b><\/p>\n","protected":false},"excerpt":{"rendered":"<p>D\u00e9couvrir le B1 Preliminary Dans cette cat\u00e9gorie, vous trouverez des informations au sujet du PET B1 afin de savoir pr\u00e9cis\u00e9ment comment se [&hellip;]<\/p>\n","protected":false},"author":24,"featured_media":0,"parent":35466,"menu_order":0,"comment_status":"closed","ping_status":"closed","template":"","meta":[],"acf":[],"yoast_head":"<!-- This site is optimized with the Yoast SEO plugin v17.2.1 - https:\/\/yoast.com\/wordpress\/plugins\/seo\/ -->\n<title>Pr\u00e9sentation du B1 Preliminary (PET)<\/title>\n<meta name=\"robots\" content=\"index, follow, max-snippet:-1, max-image-preview:large, max-video-preview:-1\" \/>\n<link rel=\"canonical\" href=\"https:\/\/global-exam.com\/blog\/fr\/examens\/cambridge-english-b1-preliminary-pet\/categorie-presentation-du-pet\/\" \/>\n<meta property=\"og:locale\" content=\"fr_FR\" \/>\n<meta property=\"og:type\" content=\"article\" \/>\n<meta property=\"og:title\" content=\"Pr\u00e9sentation du B1 Preliminary (PET)\" \/>\n<meta property=\"og:description\" content=\"D\u00e9couvrir le B1 Preliminary Dans cette cat\u00e9gorie, vous trouverez des informations au sujet du PET B1 afin de savoir pr\u00e9cis\u00e9ment comment se [&hellip;]\" \/>\n<meta property=\"og:url\" content=\"https:\/\/global-exam.com\/blog\/fr\/examens\/cambridge-english-b1-preliminary-pet\/categorie-presentation-du-pet\/\" \/>\n<meta property=\"og:site_name\" content=\"GlobalExam Blog\" \/>\n<meta property=\"article:publisher\" content=\"https:\/\/www.facebook.com\/Global.Exam\" \/>\n<meta property=\"article:modified_time\" content=\"2022-08-31T12:40:27+00:00\" \/>\n<meta name=\"twitter:card\" content=\"summary_large_image\" \/>\n<meta name=\"twitter:site\" content=\"@Global_Exam\" \/>\n<meta name=\"twitter:label1\" content=\"Dur\u00e9e de lecture estim\u00e9e\" \/>\n\t<meta name=\"twitter:data1\" content=\"3 minutes\" \/>\n<script type=\"application\/ld+json\" class=\"yoast-schema-graph\">{\"@context\":\"https:\/\/schema.org\",\"@graph\":[{\"@type\":\"WebSite\",\"@id\":\"https:\/\/global-exam.com\/blog\/#website\",\"url\":\"https:\/\/global-exam.com\/blog\/\",\"name\":\"GlobalExam Blog\",\"description\":\"Le blog du sp\\u00e9cialiste de la certification linguistique\",\"potentialAction\":[{\"@type\":\"SearchAction\",\"target\":{\"@type\":\"EntryPoint\",\"urlTemplate\":\"https:\/\/global-exam.com\/blog\/?s={search_term_string}\"},\"query-input\":\"required name=search_term_string\"}],\"inLanguage\":\"fr-FR\"},{\"@type\":\"WebPage\",\"@id\":\"https:\/\/global-exam.com\/blog\/fr\/examens\/cambridge-english-b1-preliminary-pet\/categorie-presentation-du-pet\/#webpage\",\"url\":\"https:\/\/global-exam.com\/blog\/fr\/examens\/cambridge-english-b1-preliminary-pet\/categorie-presentation-du-pet\/\",\"name\":\"Pr\\u00e9sentation du B1 Preliminary (PET)\",\"isPartOf\":{\"@id\":\"https:\/\/global-exam.com\/blog\/#website\"},\"datePublished\":\"2021-08-17T10:07:58+00:00\",\"dateModified\":\"2022-08-31T12:40:27+00:00\",\"breadcrumb\":{\"@id\":\"https:\/\/global-exam.com\/blog\/fr\/examens\/cambridge-english-b1-preliminary-pet\/categorie-presentation-du-pet\/#breadcrumb\"},\"inLanguage\":\"fr-FR\",\"potentialAction\":[{\"@type\":\"ReadAction\",\"target\":[\"https:\/\/global-exam.com\/blog\/fr\/examens\/cambridge-english-b1-preliminary-pet\/categorie-presentation-du-pet\/\"]}]},{\"@type\":\"BreadcrumbList\",\"@id\":\"https:\/\/global-exam.com\/blog\/fr\/examens\/cambridge-english-b1-preliminary-pet\/categorie-presentation-du-pet\/#breadcrumb\",\"itemListElement\":[{\"@type\":\"ListItem\",\"position\":1,\"name\":\"Les examens de langue\",\"item\":\"https:\/\/global-exam.com\/blog\/fr\/examens\/\"},{\"@type\":\"ListItem\",\"position\":2,\"name\":\"B1 Preliminary (PET)\",\"item\":\"https:\/\/global-exam.com\/blog\/fr\/examens\/cambridge-english-b1-preliminary-pet\/\"},{\"@type\":\"ListItem\",\"position\":3,\"name\":\"Pr\\u00e9sentation du B1 Preliminary (PET)\"}]}]}<\/script>\n<!-- \/ Yoast SEO plugin. -->","yoast_head_json":{"title":"Pr\u00e9sentation du B1 Preliminary (PET)","robots":{"index":"index","follow":"follow","max-snippet":"max-snippet:-1","max-image-preview":"max-image-preview:large","max-video-preview":"max-video-preview:-1"},"canonical":"https:\/\/global-exam.com\/blog\/fr\/examens\/cambridge-english-b1-preliminary-pet\/categorie-presentation-du-pet\/","og_locale":"fr_FR","og_type":"article","og_title":"Pr\u00e9sentation du B1 Preliminary (PET)","og_description":"D\u00e9couvrir le B1 Preliminary Dans cette cat\u00e9gorie, vous trouverez des informations au sujet du PET B1 afin de savoir pr\u00e9cis\u00e9ment comment se [&hellip;]","og_url":"https:\/\/global-exam.com\/blog\/fr\/examens\/cambridge-english-b1-preliminary-pet\/categorie-presentation-du-pet\/","og_site_name":"GlobalExam Blog","article_publisher":"https:\/\/www.facebook.com\/Global.Exam","article_modified_time":"2022-08-31T12:40:27+00:00","twitter_card":"summary_large_image","twitter_site":"@Global_Exam","twitter_misc":{"Dur\u00e9e de lecture estim\u00e9e":"3 minutes"},"schema":{"@context":"https:\/\/schema.org","@graph":[{"@type":"WebSite","@id":"https:\/\/global-exam.com\/blog\/#website","url":"https:\/\/global-exam.com\/blog\/","name":"GlobalExam Blog","description":"Le blog du sp\u00e9cialiste de la certification linguistique","potentialAction":[{"@type":"SearchAction","target":{"@type":"EntryPoint","urlTemplate":"https:\/\/global-exam.com\/blog\/?s={search_term_string}"},"query-input":"required name=search_term_string"}],"inLanguage":"fr-FR"},{"@type":"WebPage","@id":"https:\/\/global-exam.com\/blog\/fr\/examens\/cambridge-english-b1-preliminary-pet\/categorie-presentation-du-pet\/#webpage","url":"https:\/\/global-exam.com\/blog\/fr\/examens\/cambridge-english-b1-preliminary-pet\/categorie-presentation-du-pet\/","name":"Pr\u00e9sentation du B1 Preliminary (PET)","isPartOf":{"@id":"https:\/\/global-exam.com\/blog\/#website"},"datePublished":"2021-08-17T10:07:58+00:00","dateModified":"2022-08-31T12:40:27+00:00","breadcrumb":{"@id":"https:\/\/global-exam.com\/blog\/fr\/examens\/cambridge-english-b1-preliminary-pet\/categorie-presentation-du-pet\/#breadcrumb"},"inLanguage":"fr-FR","potentialAction":[{"@type":"ReadAction","target":["https:\/\/global-exam.com\/blog\/fr\/examens\/cambridge-english-b1-preliminary-pet\/categorie-presentation-du-pet\/"]}]},{"@type":"BreadcrumbList","@id":"https:\/\/global-exam.com\/blog\/fr\/examens\/cambridge-english-b1-preliminary-pet\/categorie-presentation-du-pet\/#breadcrumb","itemListElement":[{"@type":"ListItem","position":1,"name":"Les examens de langue","item":"https:\/\/global-exam.com\/blog\/fr\/examens\/"},{"@type":"ListItem","position":2,"name":"B1 Preliminary (PET)","item":"https:\/\/global-exam.com\/blog\/fr\/examens\/cambridge-english-b1-preliminary-pet\/"},{"@type":"ListItem","position":3,"name":"Pr\u00e9sentation du B1 Preliminary (PET)"}]}]}},"lang":"fr","translations":{"fr":60875},"pll_sync_post":[],"_links":{"self":[{"href":"https:\/\/global-exam.com\/blog\/wp-json\/wp\/v2\/pages\/60875"}],"collection":[{"href":"https:\/\/global-exam.com\/blog\/wp-json\/wp\/v2\/pages"}],"about":[{"href":"https:\/\/global-exam.com\/blog\/wp-json\/wp\/v2\/types\/page"}],"author":[{"embeddable":true,"href":"https:\/\/global-exam.com\/blog\/wp-json\/wp\/v2\/users\/24"}],"replies":[{"embeddable":true,"href":"https:\/\/global-exam.com\/blog\/wp-json\/wp\/v2\/comments?post=60875"}],"version-history":[{"count":8,"href":"https:\/\/global-exam.com\/blog\/wp-json\/wp\/v2\/pages\/60875\/revisions"}],"predecessor-version":[{"id":79209,"href":"https:\/\/global-exam.com\/blog\/wp-json\/wp\/v2\/pages\/60875\/revisions\/79209"}],"up":[{"embeddable":true,"href":"https:\/\/global-exam.com\/blog\/wp-json\/wp\/v2\/pages\/35466"}],"wp:attachment":[{"href":"https:\/\/global-exam.com\/blog\/wp-json\/wp\/v2\/media?parent=60875"}],"curies":[{"name":"wp","href":"https:\/\/api.w.org\/{rel}","templated":true}]}}