{"id":60924,"date":"2021-08-17T16:10:28","date_gmt":"2021-08-17T14:10:28","guid":{"rendered":"https:\/\/global-exam.com\/blog\/?page_id=60924"},"modified":"2022-08-18T16:39:45","modified_gmt":"2022-08-18T14:39:45","slug":"categorie-methodes-pour-apprendre-le-francais","status":"publish","type":"page","link":"https:\/\/global-exam.com\/blog\/fr\/apprentissage-des-langues\/general-french-apprenez-le-francais-en-ligne\/categorie-methodes-pour-apprendre-le-francais\/","title":{"rendered":"M\u00e9thodes pour apprendre le fran\u00e7ais"},"content":{"rendered":"<p>Les m\u00e9thodes d&rsquo;apprentissage du fran\u00e7ais<\/p>\n<p>Vous souhaitez <strong>apprendre \u00e0 parler fran\u00e7ais<\/strong> ? Il existe beaucoup de m\u00e9thodes pour progresser dans la langue de Moli\u00e8re.<\/p>\n<p>Vous pouvez opter pour une m\u00e9thode conventionnelle telle que <strong>prendre des cours avec un professeur<\/strong> ou bien l\u2019<strong>apprendre par vous-m\u00eame<\/strong>. En effet, de nombreuses ressources sont \u00e0 disposition : les livres, mais aussi internet, qui regorge de contenus d\u00e9di\u00e9s \u00e0 l\u2019apprentissage des langues.<\/p>\n<p>Dans cette cat\u00e9gorie, nous vous aidons \u00e0 trouver <strong>la m\u00e9thode la mieux adapt\u00e9e \u00e0 vos besoins et objectifs<\/strong> pour apprendre le fran\u00e7ais.<\/p>\n<p>Si chaque personne a ses pr\u00e9f\u00e9rences en termes d&rsquo;apprentissage, le meilleur moyen d&rsquo;apprendre le fran\u00e7ais en tant que nouvelle langue (FLE : Fran\u00e7ais en Langue \u00c9trang\u00e8re) est de concilier <strong>pr\u00e9paration active<\/strong> (livres d&rsquo;apprentissage, cours&#8230;) et <strong>pr\u00e9paration passive<\/strong> (films, livres&#8230;). Vous parviendrez ainsi \u00e0 concilier l&rsquo;utile \u00e0 l&rsquo;agr\u00e9able, ce qui vous aidera \u00e0 maintenir un bon niveau de motivation.<\/p>\n","protected":false},"excerpt":{"rendered":"<p>Les m\u00e9thodes d&rsquo;apprentissage du fran\u00e7ais Vous souhaitez apprendre \u00e0 parler fran\u00e7ais ? Il existe beaucoup de m\u00e9thodes pour progresser dans la langue [&hellip;]<\/p>\n","protected":false},"author":24,"featured_media":77093,"parent":53915,"menu_order":0,"comment_status":"closed","ping_status":"closed","template":"","meta":[],"acf":[],"yoast_head":"<!-- This site is optimized with the Yoast SEO plugin v17.2.1 - https:\/\/yoast.com\/wordpress\/plugins\/seo\/ -->\n<title>M\u00e9thodes pour apprendre le fran\u00e7ais<\/title>\n<meta name=\"description\" content=\"D\u00e9couvrez la m\u00e9thode qui vous convient pour apprendre le fran\u00e7ais. Progressez rapidement en fran\u00e7ais pour booster votre carri\u00e8re.\" \/>\n<meta name=\"robots\" content=\"index, follow, max-snippet:-1, max-image-preview:large, max-video-preview:-1\" \/>\n<link rel=\"canonical\" href=\"https:\/\/global-exam.com\/blog\/fr\/apprentissage-des-langues\/general-french-apprenez-le-francais-en-ligne\/categorie-methodes-pour-apprendre-le-francais\/\" \/>\n<meta property=\"og:locale\" content=\"fr_FR\" \/>\n<meta property=\"og:type\" content=\"article\" \/>\n<meta property=\"og:title\" content=\"M\u00e9thodes pour apprendre le fran\u00e7ais\" \/>\n<meta property=\"og:description\" content=\"D\u00e9couvrez la m\u00e9thode qui vous convient pour apprendre le fran\u00e7ais. Progressez rapidement en fran\u00e7ais pour booster votre carri\u00e8re.\" \/>\n<meta property=\"og:url\" content=\"https:\/\/global-exam.com\/blog\/fr\/apprentissage-des-langues\/general-french-apprenez-le-francais-en-ligne\/categorie-methodes-pour-apprendre-le-francais\/\" \/>\n<meta property=\"og:site_name\" content=\"GlobalExam Blog\" \/>\n<meta property=\"article:publisher\" content=\"https:\/\/www.facebook.com\/Global.Exam\" \/>\n<meta property=\"article:modified_time\" content=\"2022-08-18T14:39:45+00:00\" \/>\n<meta property=\"og:image\" content=\"https:\/\/global-exam.com\/blog\/wp-content\/uploads\/2022\/06\/apprendre-langues-e1656516516331.jpg\" \/>\n\t<meta property=\"og:image:width\" content=\"650\" \/>\n\t<meta property=\"og:image:height\" content=\"650\" \/>\n<meta name=\"twitter:card\" content=\"summary_large_image\" \/>\n<meta name=\"twitter:site\" content=\"@Global_Exam\" \/>\n<meta name=\"twitter:label1\" content=\"Dur\u00e9e de lecture estim\u00e9e\" \/>\n\t<meta name=\"twitter:data1\" content=\"1 minute\" \/>\n<script type=\"application\/ld+json\" class=\"yoast-schema-graph\">{\"@context\":\"https:\/\/schema.org\",\"@graph\":[{\"@type\":\"WebSite\",\"@id\":\"https:\/\/global-exam.com\/blog\/#website\",\"url\":\"https:\/\/global-exam.com\/blog\/\",\"name\":\"GlobalExam Blog\",\"description\":\"Le blog du sp\\u00e9cialiste de la certification linguistique\",\"potentialAction\":[{\"@type\":\"SearchAction\",\"target\":{\"@type\":\"EntryPoint\",\"urlTemplate\":\"https:\/\/global-exam.com\/blog\/?s={search_term_string}\"},\"query-input\":\"required name=search_term_string\"}],\"inLanguage\":\"fr-FR\"},{\"@type\":\"ImageObject\",\"@id\":\"https:\/\/global-exam.com\/blog\/fr\/apprentissage-des-langues\/general-french-apprenez-le-francais-en-ligne\/categorie-methodes-pour-apprendre-le-francais\/#primaryimage\",\"inLanguage\":\"fr-FR\",\"url\":\"https:\/\/global-exam.com\/blog\/wp-content\/uploads\/2022\/06\/apprendre-langues-e1656516516331.jpg\",\"contentUrl\":\"https:\/\/global-exam.com\/blog\/wp-content\/uploads\/2022\/06\/apprendre-langues-e1656516516331.jpg\",\"width\":650,\"height\":650,\"caption\":\"Apprendre les langues en ligne\"},{\"@type\":\"WebPage\",\"@id\":\"https:\/\/global-exam.com\/blog\/fr\/apprentissage-des-langues\/general-french-apprenez-le-francais-en-ligne\/categorie-methodes-pour-apprendre-le-francais\/#webpage\",\"url\":\"https:\/\/global-exam.com\/blog\/fr\/apprentissage-des-langues\/general-french-apprenez-le-francais-en-ligne\/categorie-methodes-pour-apprendre-le-francais\/\",\"name\":\"M\\u00e9thodes pour apprendre le fran\\u00e7ais\",\"isPartOf\":{\"@id\":\"https:\/\/global-exam.com\/blog\/#website\"},\"primaryImageOfPage\":{\"@id\":\"https:\/\/global-exam.com\/blog\/fr\/apprentissage-des-langues\/general-french-apprenez-le-francais-en-ligne\/categorie-methodes-pour-apprendre-le-francais\/#primaryimage\"},\"datePublished\":\"2021-08-17T14:10:28+00:00\",\"dateModified\":\"2022-08-18T14:39:45+00:00\",\"description\":\"D\\u00e9couvrez la m\\u00e9thode qui vous convient pour apprendre le fran\\u00e7ais. Progressez rapidement en fran\\u00e7ais pour booster votre carri\\u00e8re.\",\"breadcrumb\":{\"@id\":\"https:\/\/global-exam.com\/blog\/fr\/apprentissage-des-langues\/general-french-apprenez-le-francais-en-ligne\/categorie-methodes-pour-apprendre-le-francais\/#breadcrumb\"},\"inLanguage\":\"fr-FR\",\"potentialAction\":[{\"@type\":\"ReadAction\",\"target\":[\"https:\/\/global-exam.com\/blog\/fr\/apprentissage-des-langues\/general-french-apprenez-le-francais-en-ligne\/categorie-methodes-pour-apprendre-le-francais\/\"]}]},{\"@type\":\"BreadcrumbList\",\"@id\":\"https:\/\/global-exam.com\/blog\/fr\/apprentissage-des-langues\/general-french-apprenez-le-francais-en-ligne\/categorie-methodes-pour-apprendre-le-francais\/#breadcrumb\",\"itemListElement\":[{\"@type\":\"ListItem\",\"position\":1,\"name\":\"Apprentissage des langues\",\"item\":\"https:\/\/global-exam.com\/blog\/fr\/apprentissage-des-langues\/\"},{\"@type\":\"ListItem\",\"position\":2,\"name\":\"Apprenez le fran\\u00e7ais en ligne : General Fran\\u00e7ais\",\"item\":\"https:\/\/global-exam.com\/blog\/fr\/apprentissage-des-langues\/general-french-apprenez-le-francais-en-ligne\/\"},{\"@type\":\"ListItem\",\"position\":3,\"name\":\"M\\u00e9thodes pour apprendre le fran\\u00e7ais\"}]}]}<\/script>\n<!-- \/ Yoast SEO plugin. -->","yoast_head_json":{"title":"M\u00e9thodes pour apprendre le fran\u00e7ais","description":"D\u00e9couvrez la m\u00e9thode qui vous convient pour apprendre le fran\u00e7ais. Progressez rapidement en fran\u00e7ais pour booster votre carri\u00e8re.","robots":{"index":"index","follow":"follow","max-snippet":"max-snippet:-1","max-image-preview":"max-image-preview:large","max-video-preview":"max-video-preview:-1"},"canonical":"https:\/\/global-exam.com\/blog\/fr\/apprentissage-des-langues\/general-french-apprenez-le-francais-en-ligne\/categorie-methodes-pour-apprendre-le-francais\/","og_locale":"fr_FR","og_type":"article","og_title":"M\u00e9thodes pour apprendre le fran\u00e7ais","og_description":"D\u00e9couvrez la m\u00e9thode qui vous convient pour apprendre le fran\u00e7ais. Progressez rapidement en fran\u00e7ais pour booster votre carri\u00e8re.","og_url":"https:\/\/global-exam.com\/blog\/fr\/apprentissage-des-langues\/general-french-apprenez-le-francais-en-ligne\/categorie-methodes-pour-apprendre-le-francais\/","og_site_name":"GlobalExam Blog","article_publisher":"https:\/\/www.facebook.com\/Global.Exam","article_modified_time":"2022-08-18T14:39:45+00:00","og_image":[{"width":650,"height":650,"url":"https:\/\/global-exam.com\/blog\/wp-content\/uploads\/2022\/06\/apprendre-langues-e1656516516331.jpg","path":"\/home\/forge\/prod-20220704.global-exam.com\/wp-content\/uploads\/2022\/06\/apprendre-langues-e1656516516331.jpg","size":"full","id":77093,"alt":"Apprendre les langues en ligne","pixels":422500,"type":"image\/jpeg"}],"twitter_card":"summary_large_image","twitter_site":"@Global_Exam","twitter_misc":{"Dur\u00e9e de lecture estim\u00e9e":"1 minute"},"schema":{"@context":"https:\/\/schema.org","@graph":[{"@type":"WebSite","@id":"https:\/\/global-exam.com\/blog\/#website","url":"https:\/\/global-exam.com\/blog\/","name":"GlobalExam Blog","description":"Le blog du sp\u00e9cialiste de la certification linguistique","potentialAction":[{"@type":"SearchAction","target":{"@type":"EntryPoint","urlTemplate":"https:\/\/global-exam.com\/blog\/?s={search_term_string}"},"query-input":"required name=search_term_string"}],"inLanguage":"fr-FR"},{"@type":"ImageObject","@id":"https:\/\/global-exam.com\/blog\/fr\/apprentissage-des-langues\/general-french-apprenez-le-francais-en-ligne\/categorie-methodes-pour-apprendre-le-francais\/#primaryimage","inLanguage":"fr-FR","url":"https:\/\/global-exam.com\/blog\/wp-content\/uploads\/2022\/06\/apprendre-langues-e1656516516331.jpg","contentUrl":"https:\/\/global-exam.com\/blog\/wp-content\/uploads\/2022\/06\/apprendre-langues-e1656516516331.jpg","width":650,"height":650,"caption":"Apprendre les langues en ligne"},{"@type":"WebPage","@id":"https:\/\/global-exam.com\/blog\/fr\/apprentissage-des-langues\/general-french-apprenez-le-francais-en-ligne\/categorie-methodes-pour-apprendre-le-francais\/#webpage","url":"https:\/\/global-exam.com\/blog\/fr\/apprentissage-des-langues\/general-french-apprenez-le-francais-en-ligne\/categorie-methodes-pour-apprendre-le-francais\/","name":"M\u00e9thodes pour apprendre le fran\u00e7ais","isPartOf":{"@id":"https:\/\/global-exam.com\/blog\/#website"},"primaryImageOfPage":{"@id":"https:\/\/global-exam.com\/blog\/fr\/apprentissage-des-langues\/general-french-apprenez-le-francais-en-ligne\/categorie-methodes-pour-apprendre-le-francais\/#primaryimage"},"datePublished":"2021-08-17T14:10:28+00:00","dateModified":"2022-08-18T14:39:45+00:00","description":"D\u00e9couvrez la m\u00e9thode qui vous convient pour apprendre le fran\u00e7ais. Progressez rapidement en fran\u00e7ais pour booster votre carri\u00e8re.","breadcrumb":{"@id":"https:\/\/global-exam.com\/blog\/fr\/apprentissage-des-langues\/general-french-apprenez-le-francais-en-ligne\/categorie-methodes-pour-apprendre-le-francais\/#breadcrumb"},"inLanguage":"fr-FR","potentialAction":[{"@type":"ReadAction","target":["https:\/\/global-exam.com\/blog\/fr\/apprentissage-des-langues\/general-french-apprenez-le-francais-en-ligne\/categorie-methodes-pour-apprendre-le-francais\/"]}]},{"@type":"BreadcrumbList","@id":"https:\/\/global-exam.com\/blog\/fr\/apprentissage-des-langues\/general-french-apprenez-le-francais-en-ligne\/categorie-methodes-pour-apprendre-le-francais\/#breadcrumb","itemListElement":[{"@type":"ListItem","position":1,"name":"Apprentissage des langues","item":"https:\/\/global-exam.com\/blog\/fr\/apprentissage-des-langues\/"},{"@type":"ListItem","position":2,"name":"Apprenez le fran\u00e7ais en ligne : General Fran\u00e7ais","item":"https:\/\/global-exam.com\/blog\/fr\/apprentissage-des-langues\/general-french-apprenez-le-francais-en-ligne\/"},{"@type":"ListItem","position":3,"name":"M\u00e9thodes pour apprendre le fran\u00e7ais"}]}]}},"lang":"fr","translations":{"fr":60924},"pll_sync_post":[],"_links":{"self":[{"href":"https:\/\/global-exam.com\/blog\/wp-json\/wp\/v2\/pages\/60924"}],"collection":[{"href":"https:\/\/global-exam.com\/blog\/wp-json\/wp\/v2\/pages"}],"about":[{"href":"https:\/\/global-exam.com\/blog\/wp-json\/wp\/v2\/types\/page"}],"author":[{"embeddable":true,"href":"https:\/\/global-exam.com\/blog\/wp-json\/wp\/v2\/users\/24"}],"replies":[{"embeddable":true,"href":"https:\/\/global-exam.com\/blog\/wp-json\/wp\/v2\/comments?post=60924"}],"version-history":[{"count":10,"href":"https:\/\/global-exam.com\/blog\/wp-json\/wp\/v2\/pages\/60924\/revisions"}],"predecessor-version":[{"id":78256,"href":"https:\/\/global-exam.com\/blog\/wp-json\/wp\/v2\/pages\/60924\/revisions\/78256"}],"up":[{"embeddable":true,"href":"https:\/\/global-exam.com\/blog\/wp-json\/wp\/v2\/pages\/53915"}],"wp:featuredmedia":[{"embeddable":true,"href":"https:\/\/global-exam.com\/blog\/wp-json\/wp\/v2\/media\/77093"}],"wp:attachment":[{"href":"https:\/\/global-exam.com\/blog\/wp-json\/wp\/v2\/media?parent=60924"}],"curies":[{"name":"wp","href":"https:\/\/api.w.org\/{rel}","templated":true}]}}