{"id":61053,"date":"2021-08-18T16:23:28","date_gmt":"2021-08-18T14:23:28","guid":{"rendered":"https:\/\/global-exam.com\/blog\/?page_id=61053"},"modified":"2022-08-18T16:10:29","modified_gmt":"2022-08-18T14:10:29","slug":"categorie-pourquoi-apprendre-langlais","status":"publish","type":"page","link":"https:\/\/global-exam.com\/blog\/fr\/apprentissage-des-langues\/general-english-apprenez-langlais-en-ligne\/categorie-pourquoi-apprendre-langlais\/","title":{"rendered":"Pourquoi apprendre l&rsquo;anglais ?"},"content":{"rendered":"<p>Les avantages de parler anglais<\/p>\n<p style=\"text-align: left;\"><span style=\"font-weight: 400;\">Dans cette cat\u00e9gorie, GlobalExam vous explique <\/span><b>pourquoi apprendre \u00e0 parler anglais<\/b>. Langue la plus parl\u00e9e dans le monde, l&rsquo;anglais est utile pour voyager mais aussi pour booster sa carri\u00e8re. Vous souhaitez progresser dans cette langue ? Nos articles vous guident pour <strong>d\u00e9buter votre apprentissage de l&rsquo;anglais<\/strong>.<\/p>\n<p style=\"text-align: left;\"><span style=\"font-weight: 400;\">D\u00e9couvrez les r\u00e9ponses \u00e0 vos interrogations sur<\/span><b> le choix de cette langue <\/b>et <b>les avantages \u00e0 ma\u00eetriser l\u2019anglais<\/b> !<\/p>\n<p style=\"text-align: left;\"><span style=\"font-weight: 400;\">Selon vos projets, qu\u2019ils soient<\/span><b> professionnels, pour les \u00e9tudes, ou pour voyager, <\/b><span style=\"font-weight: 400;\">vous pourrez choisir d\u2019\u00e9tudier l\u2019anglais. Nous vous expliquons les raisons qui font de l\u2019anglais la langue qui vous sera utile tout au long de votre vie. Vous pourrez ainsi fixer vos objectifs en connaissance de cause et commencer votre apprentissage avec plaisir.<\/span><\/p>\n<p style=\"text-align: left;\"><span style=\"font-weight: 400;\">Sur notre blog, vous pourrez trouver de nombreuses<\/span><b> informations compl\u00e9mentaires afin de savoir comment d\u00e9buter en anglais, quelles sont les meilleures m\u00e9thodes et comment vous y prendre pour vous perfectionner.<\/b><\/p>\n","protected":false},"excerpt":{"rendered":"<p>Les avantages de parler anglais Dans cette cat\u00e9gorie, GlobalExam vous explique pourquoi apprendre \u00e0 parler anglais. Langue la plus parl\u00e9e dans le [&hellip;]<\/p>\n","protected":false},"author":24,"featured_media":77093,"parent":43264,"menu_order":0,"comment_status":"closed","ping_status":"closed","template":"","meta":[],"acf":[],"yoast_head":"<!-- This site is optimized with the Yoast SEO plugin v17.2.1 - https:\/\/yoast.com\/wordpress\/plugins\/seo\/ -->\n<title>Pourquoi apprendre l&#039;anglais ?<\/title>\n<meta name=\"description\" content=\"D\u00e9couvrez les avantages que pr\u00e9sente la ma\u00eetrise de l&#039;anglais pour votre quotidien, vos loisirs mais aussi votre vie professionnelle.\" \/>\n<meta name=\"robots\" content=\"index, follow, max-snippet:-1, max-image-preview:large, max-video-preview:-1\" \/>\n<link rel=\"canonical\" href=\"https:\/\/global-exam.com\/blog\/fr\/apprentissage-des-langues\/general-english-apprenez-langlais-en-ligne\/categorie-pourquoi-apprendre-langlais\/\" \/>\n<meta property=\"og:locale\" content=\"fr_FR\" \/>\n<meta property=\"og:type\" content=\"article\" \/>\n<meta property=\"og:title\" content=\"Pourquoi apprendre l&#039;anglais ?\" \/>\n<meta property=\"og:description\" content=\"D\u00e9couvrez les avantages que pr\u00e9sente la ma\u00eetrise de l&#039;anglais pour votre quotidien, vos loisirs mais aussi votre vie professionnelle.\" \/>\n<meta property=\"og:url\" content=\"https:\/\/global-exam.com\/blog\/fr\/apprentissage-des-langues\/general-english-apprenez-langlais-en-ligne\/categorie-pourquoi-apprendre-langlais\/\" \/>\n<meta property=\"og:site_name\" content=\"GlobalExam Blog\" \/>\n<meta property=\"article:publisher\" content=\"https:\/\/www.facebook.com\/Global.Exam\" \/>\n<meta property=\"article:modified_time\" content=\"2022-08-18T14:10:29+00:00\" \/>\n<meta property=\"og:image\" content=\"https:\/\/global-exam.com\/blog\/wp-content\/uploads\/2022\/06\/apprendre-langues-e1656516516331.jpg\" \/>\n\t<meta property=\"og:image:width\" content=\"650\" \/>\n\t<meta property=\"og:image:height\" content=\"650\" \/>\n<meta name=\"twitter:card\" content=\"summary_large_image\" \/>\n<meta name=\"twitter:site\" content=\"@Global_Exam\" \/>\n<meta name=\"twitter:label1\" content=\"Dur\u00e9e de lecture estim\u00e9e\" \/>\n\t<meta name=\"twitter:data1\" content=\"1 minute\" \/>\n<script type=\"application\/ld+json\" class=\"yoast-schema-graph\">{\"@context\":\"https:\/\/schema.org\",\"@graph\":[{\"@type\":\"WebSite\",\"@id\":\"https:\/\/global-exam.com\/blog\/#website\",\"url\":\"https:\/\/global-exam.com\/blog\/\",\"name\":\"GlobalExam Blog\",\"description\":\"Le blog du sp\\u00e9cialiste de la certification linguistique\",\"potentialAction\":[{\"@type\":\"SearchAction\",\"target\":{\"@type\":\"EntryPoint\",\"urlTemplate\":\"https:\/\/global-exam.com\/blog\/?s={search_term_string}\"},\"query-input\":\"required name=search_term_string\"}],\"inLanguage\":\"fr-FR\"},{\"@type\":\"ImageObject\",\"@id\":\"https:\/\/global-exam.com\/blog\/fr\/apprentissage-des-langues\/general-english-apprenez-langlais-en-ligne\/categorie-pourquoi-apprendre-langlais\/#primaryimage\",\"inLanguage\":\"fr-FR\",\"url\":\"https:\/\/global-exam.com\/blog\/wp-content\/uploads\/2022\/06\/apprendre-langues-e1656516516331.jpg\",\"contentUrl\":\"https:\/\/global-exam.com\/blog\/wp-content\/uploads\/2022\/06\/apprendre-langues-e1656516516331.jpg\",\"width\":650,\"height\":650,\"caption\":\"Apprendre les langues en ligne\"},{\"@type\":\"WebPage\",\"@id\":\"https:\/\/global-exam.com\/blog\/fr\/apprentissage-des-langues\/general-english-apprenez-langlais-en-ligne\/categorie-pourquoi-apprendre-langlais\/#webpage\",\"url\":\"https:\/\/global-exam.com\/blog\/fr\/apprentissage-des-langues\/general-english-apprenez-langlais-en-ligne\/categorie-pourquoi-apprendre-langlais\/\",\"name\":\"Pourquoi apprendre l'anglais ?\",\"isPartOf\":{\"@id\":\"https:\/\/global-exam.com\/blog\/#website\"},\"primaryImageOfPage\":{\"@id\":\"https:\/\/global-exam.com\/blog\/fr\/apprentissage-des-langues\/general-english-apprenez-langlais-en-ligne\/categorie-pourquoi-apprendre-langlais\/#primaryimage\"},\"datePublished\":\"2021-08-18T14:23:28+00:00\",\"dateModified\":\"2022-08-18T14:10:29+00:00\",\"description\":\"D\\u00e9couvrez les avantages que pr\\u00e9sente la ma\\u00eetrise de l'anglais pour votre quotidien, vos loisirs mais aussi votre vie professionnelle.\",\"breadcrumb\":{\"@id\":\"https:\/\/global-exam.com\/blog\/fr\/apprentissage-des-langues\/general-english-apprenez-langlais-en-ligne\/categorie-pourquoi-apprendre-langlais\/#breadcrumb\"},\"inLanguage\":\"fr-FR\",\"potentialAction\":[{\"@type\":\"ReadAction\",\"target\":[\"https:\/\/global-exam.com\/blog\/fr\/apprentissage-des-langues\/general-english-apprenez-langlais-en-ligne\/categorie-pourquoi-apprendre-langlais\/\"]}]},{\"@type\":\"BreadcrumbList\",\"@id\":\"https:\/\/global-exam.com\/blog\/fr\/apprentissage-des-langues\/general-english-apprenez-langlais-en-ligne\/categorie-pourquoi-apprendre-langlais\/#breadcrumb\",\"itemListElement\":[{\"@type\":\"ListItem\",\"position\":1,\"name\":\"Apprentissage des langues\",\"item\":\"https:\/\/global-exam.com\/blog\/fr\/apprentissage-des-langues\/\"},{\"@type\":\"ListItem\",\"position\":2,\"name\":\"Apprenez l&rsquo;anglais en ligne : General English\",\"item\":\"https:\/\/global-exam.com\/blog\/fr\/apprentissage-des-langues\/general-english-apprenez-langlais-en-ligne\/\"},{\"@type\":\"ListItem\",\"position\":3,\"name\":\"Pourquoi apprendre l&rsquo;anglais ?\"}]}]}<\/script>\n<!-- \/ Yoast SEO plugin. -->","yoast_head_json":{"title":"Pourquoi apprendre l'anglais ?","description":"D\u00e9couvrez les avantages que pr\u00e9sente la ma\u00eetrise de l'anglais pour votre quotidien, vos loisirs mais aussi votre vie professionnelle.","robots":{"index":"index","follow":"follow","max-snippet":"max-snippet:-1","max-image-preview":"max-image-preview:large","max-video-preview":"max-video-preview:-1"},"canonical":"https:\/\/global-exam.com\/blog\/fr\/apprentissage-des-langues\/general-english-apprenez-langlais-en-ligne\/categorie-pourquoi-apprendre-langlais\/","og_locale":"fr_FR","og_type":"article","og_title":"Pourquoi apprendre l'anglais ?","og_description":"D\u00e9couvrez les avantages que pr\u00e9sente la ma\u00eetrise de l'anglais pour votre quotidien, vos loisirs mais aussi votre vie professionnelle.","og_url":"https:\/\/global-exam.com\/blog\/fr\/apprentissage-des-langues\/general-english-apprenez-langlais-en-ligne\/categorie-pourquoi-apprendre-langlais\/","og_site_name":"GlobalExam Blog","article_publisher":"https:\/\/www.facebook.com\/Global.Exam","article_modified_time":"2022-08-18T14:10:29+00:00","og_image":[{"width":650,"height":650,"url":"https:\/\/global-exam.com\/blog\/wp-content\/uploads\/2022\/06\/apprendre-langues-e1656516516331.jpg","path":"\/home\/forge\/prod-20220704.global-exam.com\/wp-content\/uploads\/2022\/06\/apprendre-langues-e1656516516331.jpg","size":"full","id":77093,"alt":"Apprendre les langues en ligne","pixels":422500,"type":"image\/jpeg"}],"twitter_card":"summary_large_image","twitter_site":"@Global_Exam","twitter_misc":{"Dur\u00e9e de lecture estim\u00e9e":"1 minute"},"schema":{"@context":"https:\/\/schema.org","@graph":[{"@type":"WebSite","@id":"https:\/\/global-exam.com\/blog\/#website","url":"https:\/\/global-exam.com\/blog\/","name":"GlobalExam Blog","description":"Le blog du sp\u00e9cialiste de la certification linguistique","potentialAction":[{"@type":"SearchAction","target":{"@type":"EntryPoint","urlTemplate":"https:\/\/global-exam.com\/blog\/?s={search_term_string}"},"query-input":"required name=search_term_string"}],"inLanguage":"fr-FR"},{"@type":"ImageObject","@id":"https:\/\/global-exam.com\/blog\/fr\/apprentissage-des-langues\/general-english-apprenez-langlais-en-ligne\/categorie-pourquoi-apprendre-langlais\/#primaryimage","inLanguage":"fr-FR","url":"https:\/\/global-exam.com\/blog\/wp-content\/uploads\/2022\/06\/apprendre-langues-e1656516516331.jpg","contentUrl":"https:\/\/global-exam.com\/blog\/wp-content\/uploads\/2022\/06\/apprendre-langues-e1656516516331.jpg","width":650,"height":650,"caption":"Apprendre les langues en ligne"},{"@type":"WebPage","@id":"https:\/\/global-exam.com\/blog\/fr\/apprentissage-des-langues\/general-english-apprenez-langlais-en-ligne\/categorie-pourquoi-apprendre-langlais\/#webpage","url":"https:\/\/global-exam.com\/blog\/fr\/apprentissage-des-langues\/general-english-apprenez-langlais-en-ligne\/categorie-pourquoi-apprendre-langlais\/","name":"Pourquoi apprendre l'anglais ?","isPartOf":{"@id":"https:\/\/global-exam.com\/blog\/#website"},"primaryImageOfPage":{"@id":"https:\/\/global-exam.com\/blog\/fr\/apprentissage-des-langues\/general-english-apprenez-langlais-en-ligne\/categorie-pourquoi-apprendre-langlais\/#primaryimage"},"datePublished":"2021-08-18T14:23:28+00:00","dateModified":"2022-08-18T14:10:29+00:00","description":"D\u00e9couvrez les avantages que pr\u00e9sente la ma\u00eetrise de l'anglais pour votre quotidien, vos loisirs mais aussi votre vie professionnelle.","breadcrumb":{"@id":"https:\/\/global-exam.com\/blog\/fr\/apprentissage-des-langues\/general-english-apprenez-langlais-en-ligne\/categorie-pourquoi-apprendre-langlais\/#breadcrumb"},"inLanguage":"fr-FR","potentialAction":[{"@type":"ReadAction","target":["https:\/\/global-exam.com\/blog\/fr\/apprentissage-des-langues\/general-english-apprenez-langlais-en-ligne\/categorie-pourquoi-apprendre-langlais\/"]}]},{"@type":"BreadcrumbList","@id":"https:\/\/global-exam.com\/blog\/fr\/apprentissage-des-langues\/general-english-apprenez-langlais-en-ligne\/categorie-pourquoi-apprendre-langlais\/#breadcrumb","itemListElement":[{"@type":"ListItem","position":1,"name":"Apprentissage des langues","item":"https:\/\/global-exam.com\/blog\/fr\/apprentissage-des-langues\/"},{"@type":"ListItem","position":2,"name":"Apprenez l&rsquo;anglais en ligne : General English","item":"https:\/\/global-exam.com\/blog\/fr\/apprentissage-des-langues\/general-english-apprenez-langlais-en-ligne\/"},{"@type":"ListItem","position":3,"name":"Pourquoi apprendre l&rsquo;anglais ?"}]}]}},"lang":"fr","translations":{"fr":61053},"pll_sync_post":[],"_links":{"self":[{"href":"https:\/\/global-exam.com\/blog\/wp-json\/wp\/v2\/pages\/61053"}],"collection":[{"href":"https:\/\/global-exam.com\/blog\/wp-json\/wp\/v2\/pages"}],"about":[{"href":"https:\/\/global-exam.com\/blog\/wp-json\/wp\/v2\/types\/page"}],"author":[{"embeddable":true,"href":"https:\/\/global-exam.com\/blog\/wp-json\/wp\/v2\/users\/24"}],"replies":[{"embeddable":true,"href":"https:\/\/global-exam.com\/blog\/wp-json\/wp\/v2\/comments?post=61053"}],"version-history":[{"count":9,"href":"https:\/\/global-exam.com\/blog\/wp-json\/wp\/v2\/pages\/61053\/revisions"}],"predecessor-version":[{"id":78243,"href":"https:\/\/global-exam.com\/blog\/wp-json\/wp\/v2\/pages\/61053\/revisions\/78243"}],"up":[{"embeddable":true,"href":"https:\/\/global-exam.com\/blog\/wp-json\/wp\/v2\/pages\/43264"}],"wp:featuredmedia":[{"embeddable":true,"href":"https:\/\/global-exam.com\/blog\/wp-json\/wp\/v2\/media\/77093"}],"wp:attachment":[{"href":"https:\/\/global-exam.com\/blog\/wp-json\/wp\/v2\/media?parent=61053"}],"curies":[{"name":"wp","href":"https:\/\/api.w.org\/{rel}","templated":true}]}}