{"id":61062,"date":"2021-08-18T16:27:44","date_gmt":"2021-08-18T14:27:44","guid":{"rendered":"https:\/\/global-exam.com\/blog\/?page_id=61062"},"modified":"2022-08-18T16:40:33","modified_gmt":"2022-08-18T14:40:33","slug":"categorie-situations-de-communication-en-francais","status":"publish","type":"page","link":"https:\/\/global-exam.com\/blog\/fr\/apprentissage-des-langues\/general-french-apprenez-le-francais-en-ligne\/categorie-situations-de-communication-en-francais\/","title":{"rendered":"Situations de communication en fran\u00e7ais"},"content":{"rendered":"<p>Ma\u00eetriser le fran\u00e7ais dans les situations de la vie courante<\/p>\n<p>Il existe des situations que vous rencontrerez r\u00e9guli\u00e8rement lorsque <strong>vous m\u00e8nerez des conversations en fran\u00e7ais<\/strong> : comment saluer, comment pr\u00e9senter quelqu\u2019un, comment remercier, comment poser une question. Si ce n\u2019est pas votre langue natale, ces situations peuvent rapidement vous bloquer et vous emp\u00eacher de prendre des initiatives.<\/p>\n<p>Laissez-vous guider par nos articles pour \u00eatre \u00e0 l&rsquo;aise dans toutes les situations que vous rencontrerez.<\/p>\n<p>Il est ainsi important de connaitre le <strong>vocabulaire et les formules courantes<\/strong> pour \u00eatre aussi fluide qu\u2019un natif. Nous vous avons pr\u00e9par\u00e9 des articles qui vous donneront le vocabulaire et les formules \u00e0 utiliser dans ces situations. Ainsi, vous pourrez mener des conversations en toute s\u00e9r\u00e9nit\u00e9, que ce soit dans un contexte professionnel ou amical.<\/p>\n<p>En plus de nos diff\u00e9rents articles, vous pouvez \u00e9galement d\u00e9couvrir nos offres pour vous pr\u00e9parer \u00e0 passer les examens de fran\u00e7ais <strong>tels que le DELF ou le TCF<\/strong>.<\/p>\n","protected":false},"excerpt":{"rendered":"<p>Ma\u00eetriser le fran\u00e7ais dans les situations de la vie courante Il existe des situations que vous rencontrerez r\u00e9guli\u00e8rement lorsque vous m\u00e8nerez des [&hellip;]<\/p>\n","protected":false},"author":24,"featured_media":77093,"parent":53915,"menu_order":0,"comment_status":"closed","ping_status":"closed","template":"","meta":[],"acf":[],"yoast_head":"<!-- This site is optimized with the Yoast SEO plugin v17.2.1 - https:\/\/yoast.com\/wordpress\/plugins\/seo\/ -->\n<title>Situations de communication en fran\u00e7ais<\/title>\n<meta name=\"description\" content=\"Soyez \u00e0 l&#039;aise en fran\u00e7ais dans toutes les situations du quotidien en suivant nos conseils. D\u00e9couvrez nos articles.\" \/>\n<meta name=\"robots\" content=\"index, follow, max-snippet:-1, max-image-preview:large, max-video-preview:-1\" \/>\n<link rel=\"canonical\" href=\"https:\/\/global-exam.com\/blog\/fr\/apprentissage-des-langues\/general-french-apprenez-le-francais-en-ligne\/categorie-situations-de-communication-en-francais\/\" \/>\n<meta property=\"og:locale\" content=\"fr_FR\" \/>\n<meta property=\"og:type\" content=\"article\" \/>\n<meta property=\"og:title\" content=\"Situations de communication en fran\u00e7ais\" \/>\n<meta property=\"og:description\" content=\"Soyez \u00e0 l&#039;aise en fran\u00e7ais dans toutes les situations du quotidien en suivant nos conseils. D\u00e9couvrez nos articles.\" \/>\n<meta property=\"og:url\" content=\"https:\/\/global-exam.com\/blog\/fr\/apprentissage-des-langues\/general-french-apprenez-le-francais-en-ligne\/categorie-situations-de-communication-en-francais\/\" \/>\n<meta property=\"og:site_name\" content=\"GlobalExam Blog\" \/>\n<meta property=\"article:publisher\" content=\"https:\/\/www.facebook.com\/Global.Exam\" \/>\n<meta property=\"article:modified_time\" content=\"2022-08-18T14:40:33+00:00\" \/>\n<meta property=\"og:image\" content=\"https:\/\/global-exam.com\/blog\/wp-content\/uploads\/2022\/06\/apprendre-langues-e1656516516331.jpg\" \/>\n\t<meta property=\"og:image:width\" content=\"650\" \/>\n\t<meta property=\"og:image:height\" content=\"650\" \/>\n<meta name=\"twitter:card\" content=\"summary_large_image\" \/>\n<meta name=\"twitter:site\" content=\"@Global_Exam\" \/>\n<meta name=\"twitter:label1\" content=\"Dur\u00e9e de lecture estim\u00e9e\" \/>\n\t<meta name=\"twitter:data1\" content=\"1 minute\" \/>\n<script type=\"application\/ld+json\" class=\"yoast-schema-graph\">{\"@context\":\"https:\/\/schema.org\",\"@graph\":[{\"@type\":\"WebSite\",\"@id\":\"https:\/\/global-exam.com\/blog\/#website\",\"url\":\"https:\/\/global-exam.com\/blog\/\",\"name\":\"GlobalExam Blog\",\"description\":\"Le blog du sp\\u00e9cialiste de la certification linguistique\",\"potentialAction\":[{\"@type\":\"SearchAction\",\"target\":{\"@type\":\"EntryPoint\",\"urlTemplate\":\"https:\/\/global-exam.com\/blog\/?s={search_term_string}\"},\"query-input\":\"required name=search_term_string\"}],\"inLanguage\":\"fr-FR\"},{\"@type\":\"ImageObject\",\"@id\":\"https:\/\/global-exam.com\/blog\/fr\/apprentissage-des-langues\/general-french-apprenez-le-francais-en-ligne\/categorie-situations-de-communication-en-francais\/#primaryimage\",\"inLanguage\":\"fr-FR\",\"url\":\"https:\/\/global-exam.com\/blog\/wp-content\/uploads\/2022\/06\/apprendre-langues-e1656516516331.jpg\",\"contentUrl\":\"https:\/\/global-exam.com\/blog\/wp-content\/uploads\/2022\/06\/apprendre-langues-e1656516516331.jpg\",\"width\":650,\"height\":650,\"caption\":\"Apprendre les langues en ligne\"},{\"@type\":\"WebPage\",\"@id\":\"https:\/\/global-exam.com\/blog\/fr\/apprentissage-des-langues\/general-french-apprenez-le-francais-en-ligne\/categorie-situations-de-communication-en-francais\/#webpage\",\"url\":\"https:\/\/global-exam.com\/blog\/fr\/apprentissage-des-langues\/general-french-apprenez-le-francais-en-ligne\/categorie-situations-de-communication-en-francais\/\",\"name\":\"Situations de communication en fran\\u00e7ais\",\"isPartOf\":{\"@id\":\"https:\/\/global-exam.com\/blog\/#website\"},\"primaryImageOfPage\":{\"@id\":\"https:\/\/global-exam.com\/blog\/fr\/apprentissage-des-langues\/general-french-apprenez-le-francais-en-ligne\/categorie-situations-de-communication-en-francais\/#primaryimage\"},\"datePublished\":\"2021-08-18T14:27:44+00:00\",\"dateModified\":\"2022-08-18T14:40:33+00:00\",\"description\":\"Soyez \\u00e0 l'aise en fran\\u00e7ais dans toutes les situations du quotidien en suivant nos conseils. D\\u00e9couvrez nos articles.\",\"breadcrumb\":{\"@id\":\"https:\/\/global-exam.com\/blog\/fr\/apprentissage-des-langues\/general-french-apprenez-le-francais-en-ligne\/categorie-situations-de-communication-en-francais\/#breadcrumb\"},\"inLanguage\":\"fr-FR\",\"potentialAction\":[{\"@type\":\"ReadAction\",\"target\":[\"https:\/\/global-exam.com\/blog\/fr\/apprentissage-des-langues\/general-french-apprenez-le-francais-en-ligne\/categorie-situations-de-communication-en-francais\/\"]}]},{\"@type\":\"BreadcrumbList\",\"@id\":\"https:\/\/global-exam.com\/blog\/fr\/apprentissage-des-langues\/general-french-apprenez-le-francais-en-ligne\/categorie-situations-de-communication-en-francais\/#breadcrumb\",\"itemListElement\":[{\"@type\":\"ListItem\",\"position\":1,\"name\":\"Apprentissage des langues\",\"item\":\"https:\/\/global-exam.com\/blog\/fr\/apprentissage-des-langues\/\"},{\"@type\":\"ListItem\",\"position\":2,\"name\":\"Apprenez le fran\\u00e7ais en ligne : General Fran\\u00e7ais\",\"item\":\"https:\/\/global-exam.com\/blog\/fr\/apprentissage-des-langues\/general-french-apprenez-le-francais-en-ligne\/\"},{\"@type\":\"ListItem\",\"position\":3,\"name\":\"Situations de communication en fran\\u00e7ais\"}]}]}<\/script>\n<!-- \/ Yoast SEO plugin. -->","yoast_head_json":{"title":"Situations de communication en fran\u00e7ais","description":"Soyez \u00e0 l'aise en fran\u00e7ais dans toutes les situations du quotidien en suivant nos conseils. D\u00e9couvrez nos articles.","robots":{"index":"index","follow":"follow","max-snippet":"max-snippet:-1","max-image-preview":"max-image-preview:large","max-video-preview":"max-video-preview:-1"},"canonical":"https:\/\/global-exam.com\/blog\/fr\/apprentissage-des-langues\/general-french-apprenez-le-francais-en-ligne\/categorie-situations-de-communication-en-francais\/","og_locale":"fr_FR","og_type":"article","og_title":"Situations de communication en fran\u00e7ais","og_description":"Soyez \u00e0 l'aise en fran\u00e7ais dans toutes les situations du quotidien en suivant nos conseils. D\u00e9couvrez nos articles.","og_url":"https:\/\/global-exam.com\/blog\/fr\/apprentissage-des-langues\/general-french-apprenez-le-francais-en-ligne\/categorie-situations-de-communication-en-francais\/","og_site_name":"GlobalExam Blog","article_publisher":"https:\/\/www.facebook.com\/Global.Exam","article_modified_time":"2022-08-18T14:40:33+00:00","og_image":[{"width":650,"height":650,"url":"https:\/\/global-exam.com\/blog\/wp-content\/uploads\/2022\/06\/apprendre-langues-e1656516516331.jpg","path":"\/home\/forge\/prod-20220704.global-exam.com\/wp-content\/uploads\/2022\/06\/apprendre-langues-e1656516516331.jpg","size":"full","id":77093,"alt":"Apprendre les langues en ligne","pixels":422500,"type":"image\/jpeg"}],"twitter_card":"summary_large_image","twitter_site":"@Global_Exam","twitter_misc":{"Dur\u00e9e de lecture estim\u00e9e":"1 minute"},"schema":{"@context":"https:\/\/schema.org","@graph":[{"@type":"WebSite","@id":"https:\/\/global-exam.com\/blog\/#website","url":"https:\/\/global-exam.com\/blog\/","name":"GlobalExam Blog","description":"Le blog du sp\u00e9cialiste de la certification linguistique","potentialAction":[{"@type":"SearchAction","target":{"@type":"EntryPoint","urlTemplate":"https:\/\/global-exam.com\/blog\/?s={search_term_string}"},"query-input":"required name=search_term_string"}],"inLanguage":"fr-FR"},{"@type":"ImageObject","@id":"https:\/\/global-exam.com\/blog\/fr\/apprentissage-des-langues\/general-french-apprenez-le-francais-en-ligne\/categorie-situations-de-communication-en-francais\/#primaryimage","inLanguage":"fr-FR","url":"https:\/\/global-exam.com\/blog\/wp-content\/uploads\/2022\/06\/apprendre-langues-e1656516516331.jpg","contentUrl":"https:\/\/global-exam.com\/blog\/wp-content\/uploads\/2022\/06\/apprendre-langues-e1656516516331.jpg","width":650,"height":650,"caption":"Apprendre les langues en ligne"},{"@type":"WebPage","@id":"https:\/\/global-exam.com\/blog\/fr\/apprentissage-des-langues\/general-french-apprenez-le-francais-en-ligne\/categorie-situations-de-communication-en-francais\/#webpage","url":"https:\/\/global-exam.com\/blog\/fr\/apprentissage-des-langues\/general-french-apprenez-le-francais-en-ligne\/categorie-situations-de-communication-en-francais\/","name":"Situations de communication en fran\u00e7ais","isPartOf":{"@id":"https:\/\/global-exam.com\/blog\/#website"},"primaryImageOfPage":{"@id":"https:\/\/global-exam.com\/blog\/fr\/apprentissage-des-langues\/general-french-apprenez-le-francais-en-ligne\/categorie-situations-de-communication-en-francais\/#primaryimage"},"datePublished":"2021-08-18T14:27:44+00:00","dateModified":"2022-08-18T14:40:33+00:00","description":"Soyez \u00e0 l'aise en fran\u00e7ais dans toutes les situations du quotidien en suivant nos conseils. D\u00e9couvrez nos articles.","breadcrumb":{"@id":"https:\/\/global-exam.com\/blog\/fr\/apprentissage-des-langues\/general-french-apprenez-le-francais-en-ligne\/categorie-situations-de-communication-en-francais\/#breadcrumb"},"inLanguage":"fr-FR","potentialAction":[{"@type":"ReadAction","target":["https:\/\/global-exam.com\/blog\/fr\/apprentissage-des-langues\/general-french-apprenez-le-francais-en-ligne\/categorie-situations-de-communication-en-francais\/"]}]},{"@type":"BreadcrumbList","@id":"https:\/\/global-exam.com\/blog\/fr\/apprentissage-des-langues\/general-french-apprenez-le-francais-en-ligne\/categorie-situations-de-communication-en-francais\/#breadcrumb","itemListElement":[{"@type":"ListItem","position":1,"name":"Apprentissage des langues","item":"https:\/\/global-exam.com\/blog\/fr\/apprentissage-des-langues\/"},{"@type":"ListItem","position":2,"name":"Apprenez le fran\u00e7ais en ligne : General Fran\u00e7ais","item":"https:\/\/global-exam.com\/blog\/fr\/apprentissage-des-langues\/general-french-apprenez-le-francais-en-ligne\/"},{"@type":"ListItem","position":3,"name":"Situations de communication en fran\u00e7ais"}]}]}},"lang":"fr","translations":{"fr":61062},"pll_sync_post":[],"_links":{"self":[{"href":"https:\/\/global-exam.com\/blog\/wp-json\/wp\/v2\/pages\/61062"}],"collection":[{"href":"https:\/\/global-exam.com\/blog\/wp-json\/wp\/v2\/pages"}],"about":[{"href":"https:\/\/global-exam.com\/blog\/wp-json\/wp\/v2\/types\/page"}],"author":[{"embeddable":true,"href":"https:\/\/global-exam.com\/blog\/wp-json\/wp\/v2\/users\/24"}],"replies":[{"embeddable":true,"href":"https:\/\/global-exam.com\/blog\/wp-json\/wp\/v2\/comments?post=61062"}],"version-history":[{"count":8,"href":"https:\/\/global-exam.com\/blog\/wp-json\/wp\/v2\/pages\/61062\/revisions"}],"predecessor-version":[{"id":78257,"href":"https:\/\/global-exam.com\/blog\/wp-json\/wp\/v2\/pages\/61062\/revisions\/78257"}],"up":[{"embeddable":true,"href":"https:\/\/global-exam.com\/blog\/wp-json\/wp\/v2\/pages\/53915"}],"wp:featuredmedia":[{"embeddable":true,"href":"https:\/\/global-exam.com\/blog\/wp-json\/wp\/v2\/media\/77093"}],"wp:attachment":[{"href":"https:\/\/global-exam.com\/blog\/wp-json\/wp\/v2\/media?parent=61062"}],"curies":[{"name":"wp","href":"https:\/\/api.w.org\/{rel}","templated":true}]}}