{"id":61067,"date":"2021-08-18T16:33:44","date_gmt":"2021-08-18T14:33:44","guid":{"rendered":"https:\/\/global-exam.com\/blog\/?page_id=61067"},"modified":"2022-08-18T16:41:07","modified_gmt":"2022-08-18T14:41:07","slug":"categorie-tests-de-placement-en-francais","status":"publish","type":"page","link":"https:\/\/global-exam.com\/blog\/fr\/general-french-apprenez-le-francais-en-ligne\/categorie-tests-de-placement-en-francais\/","title":{"rendered":"Tests de placement en fran\u00e7ais"},"content":{"rendered":"<p>\u00c9valuer son niveau de fran\u00e7ais<\/p>\n<p>Connaissez-vous votre niveau de fran\u00e7ais ? Les niveaux de fran\u00e7ais peuvent varier en fonction des facilit\u00e9s de chacun. C\u2019est pour cela que <strong>les niveaux CECRL<\/strong> (Cadre Europ\u00e9en Commun de R\u00e9f\u00e9rence pour les Langues) ont \u00e9t\u00e9 cr\u00e9\u00e9s. Ce r\u00e9f\u00e9rentiel permet de d\u00e9terminer rapidement quel est le niveau de langue d&rsquo;un utilisateur gr\u00e2ce \u00e0 un test de niveau, ou de placement.<\/p>\n<p>Dans cette cat\u00e9gorie, d\u00e9couvrez nos articles consacr\u00e9s aux <strong>tests de niveau en fran\u00e7ais<\/strong>.<\/p>\n<p>Afin de connaitre votre niveau de langue, il existe plusieurs m\u00e9thodes : les certifications officielles, les tests sur internet. Mais il peut \u00eatre difficile de vous y retrouver. C\u2019est pour cela que nous vous avons pr\u00e9par\u00e9 des articles pour vous aider \u00e0 comprendre les niveaux CECRL et les <strong>m\u00e9thodes pour certifier votre niveau<\/strong>. Nos diff\u00e9rents articles pr\u00e9sentent des exemples de quiz qui pourraient vous \u00eatre soumis dans le cadre d&rsquo;un test de niveau en fran\u00e7ais (ou test de placement).<\/p>\n","protected":false},"excerpt":{"rendered":"<p>\u00c9valuer son niveau de fran\u00e7ais Connaissez-vous votre niveau de fran\u00e7ais ? Les niveaux de fran\u00e7ais peuvent varier en fonction des facilit\u00e9s de [&hellip;]<\/p>\n","protected":false},"author":24,"featured_media":77093,"parent":53915,"menu_order":0,"comment_status":"closed","ping_status":"closed","template":"","meta":[],"acf":[],"yoast_head":"<!-- This site is optimized with the Yoast SEO plugin v17.2.1 - https:\/\/yoast.com\/wordpress\/plugins\/seo\/ -->\n<title>Test de niveau \/ placement en fran\u00e7ais<\/title>\n<meta name=\"description\" content=\"D\u00e9couvrez les diff\u00e9rents niveaux de ma\u00eetrise du fran\u00e7ais d\u00e9finis par le CECRL. GlobalExam vous explique tout sur les tests de niveau.\" \/>\n<meta name=\"robots\" content=\"index, follow, max-snippet:-1, max-image-preview:large, max-video-preview:-1\" \/>\n<link rel=\"canonical\" href=\"https:\/\/global-exam.com\/blog\/fr\/general-french-apprenez-le-francais-en-ligne\/categorie-tests-de-placement-en-francais\/\" \/>\n<meta property=\"og:locale\" content=\"fr_FR\" \/>\n<meta property=\"og:type\" content=\"article\" \/>\n<meta property=\"og:title\" content=\"Test de niveau \/ placement en fran\u00e7ais\" \/>\n<meta property=\"og:description\" content=\"D\u00e9couvrez les diff\u00e9rents niveaux de ma\u00eetrise du fran\u00e7ais d\u00e9finis par le CECRL. GlobalExam vous explique tout sur les tests de niveau.\" \/>\n<meta property=\"og:url\" content=\"https:\/\/global-exam.com\/blog\/fr\/general-french-apprenez-le-francais-en-ligne\/categorie-tests-de-placement-en-francais\/\" \/>\n<meta property=\"og:site_name\" content=\"GlobalExam Blog\" \/>\n<meta property=\"article:publisher\" content=\"https:\/\/www.facebook.com\/Global.Exam\" \/>\n<meta property=\"article:modified_time\" content=\"2022-08-18T14:41:07+00:00\" \/>\n<meta property=\"og:image\" content=\"https:\/\/global-exam.com\/blog\/wp-content\/uploads\/2022\/06\/apprendre-langues-e1656516516331.jpg\" \/>\n\t<meta property=\"og:image:width\" content=\"650\" \/>\n\t<meta property=\"og:image:height\" content=\"650\" \/>\n<meta name=\"twitter:card\" content=\"summary_large_image\" \/>\n<meta name=\"twitter:site\" content=\"@Global_Exam\" \/>\n<meta name=\"twitter:label1\" content=\"Dur\u00e9e de lecture estim\u00e9e\" \/>\n\t<meta name=\"twitter:data1\" content=\"1 minute\" \/>\n<script type=\"application\/ld+json\" class=\"yoast-schema-graph\">{\"@context\":\"https:\/\/schema.org\",\"@graph\":[{\"@type\":\"WebSite\",\"@id\":\"https:\/\/global-exam.com\/blog\/#website\",\"url\":\"https:\/\/global-exam.com\/blog\/\",\"name\":\"GlobalExam Blog\",\"description\":\"Le blog du sp\\u00e9cialiste de la certification linguistique\",\"potentialAction\":[{\"@type\":\"SearchAction\",\"target\":{\"@type\":\"EntryPoint\",\"urlTemplate\":\"https:\/\/global-exam.com\/blog\/?s={search_term_string}\"},\"query-input\":\"required name=search_term_string\"}],\"inLanguage\":\"fr-FR\"},{\"@type\":\"ImageObject\",\"@id\":\"https:\/\/global-exam.com\/blog\/fr\/general-french-apprenez-le-francais-en-ligne\/categorie-tests-de-placement-en-francais\/#primaryimage\",\"inLanguage\":\"fr-FR\",\"url\":\"https:\/\/global-exam.com\/blog\/wp-content\/uploads\/2022\/06\/apprendre-langues-e1656516516331.jpg\",\"contentUrl\":\"https:\/\/global-exam.com\/blog\/wp-content\/uploads\/2022\/06\/apprendre-langues-e1656516516331.jpg\",\"width\":650,\"height\":650,\"caption\":\"Apprendre les langues en ligne\"},{\"@type\":\"WebPage\",\"@id\":\"https:\/\/global-exam.com\/blog\/fr\/general-french-apprenez-le-francais-en-ligne\/categorie-tests-de-placement-en-francais\/#webpage\",\"url\":\"https:\/\/global-exam.com\/blog\/fr\/general-french-apprenez-le-francais-en-ligne\/categorie-tests-de-placement-en-francais\/\",\"name\":\"Test de niveau \/ placement en fran\\u00e7ais\",\"isPartOf\":{\"@id\":\"https:\/\/global-exam.com\/blog\/#website\"},\"primaryImageOfPage\":{\"@id\":\"https:\/\/global-exam.com\/blog\/fr\/general-french-apprenez-le-francais-en-ligne\/categorie-tests-de-placement-en-francais\/#primaryimage\"},\"datePublished\":\"2021-08-18T14:33:44+00:00\",\"dateModified\":\"2022-08-18T14:41:07+00:00\",\"description\":\"D\\u00e9couvrez les diff\\u00e9rents niveaux de ma\\u00eetrise du fran\\u00e7ais d\\u00e9finis par le CECRL. GlobalExam vous explique tout sur les tests de niveau.\",\"breadcrumb\":{\"@id\":\"https:\/\/global-exam.com\/blog\/fr\/general-french-apprenez-le-francais-en-ligne\/categorie-tests-de-placement-en-francais\/#breadcrumb\"},\"inLanguage\":\"fr-FR\",\"potentialAction\":[{\"@type\":\"ReadAction\",\"target\":[\"https:\/\/global-exam.com\/blog\/fr\/general-french-apprenez-le-francais-en-ligne\/categorie-tests-de-placement-en-francais\/\"]}]},{\"@type\":\"BreadcrumbList\",\"@id\":\"https:\/\/global-exam.com\/blog\/fr\/general-french-apprenez-le-francais-en-ligne\/categorie-tests-de-placement-en-francais\/#breadcrumb\",\"itemListElement\":[{\"@type\":\"ListItem\",\"position\":1,\"name\":\"Apprentissage des langues\",\"item\":\"https:\/\/global-exam.com\/blog\/fr\/apprentissage-des-langues\/\"},{\"@type\":\"ListItem\",\"position\":2,\"name\":\"Apprenez le fran\\u00e7ais en ligne : General Fran\\u00e7ais\",\"item\":\"https:\/\/global-exam.com\/blog\/fr\/apprentissage-des-langues\/general-french-apprenez-le-francais-en-ligne\/\"},{\"@type\":\"ListItem\",\"position\":3,\"name\":\"Tests de placement en fran\\u00e7ais\"}]}]}<\/script>\n<!-- \/ Yoast SEO plugin. -->","yoast_head_json":{"title":"Test de niveau \/ placement en fran\u00e7ais","description":"D\u00e9couvrez les diff\u00e9rents niveaux de ma\u00eetrise du fran\u00e7ais d\u00e9finis par le CECRL. GlobalExam vous explique tout sur les tests de niveau.","robots":{"index":"index","follow":"follow","max-snippet":"max-snippet:-1","max-image-preview":"max-image-preview:large","max-video-preview":"max-video-preview:-1"},"canonical":"https:\/\/global-exam.com\/blog\/fr\/general-french-apprenez-le-francais-en-ligne\/categorie-tests-de-placement-en-francais\/","og_locale":"fr_FR","og_type":"article","og_title":"Test de niveau \/ placement en fran\u00e7ais","og_description":"D\u00e9couvrez les diff\u00e9rents niveaux de ma\u00eetrise du fran\u00e7ais d\u00e9finis par le CECRL. GlobalExam vous explique tout sur les tests de niveau.","og_url":"https:\/\/global-exam.com\/blog\/fr\/general-french-apprenez-le-francais-en-ligne\/categorie-tests-de-placement-en-francais\/","og_site_name":"GlobalExam Blog","article_publisher":"https:\/\/www.facebook.com\/Global.Exam","article_modified_time":"2022-08-18T14:41:07+00:00","og_image":[{"width":650,"height":650,"url":"https:\/\/global-exam.com\/blog\/wp-content\/uploads\/2022\/06\/apprendre-langues-e1656516516331.jpg","path":"\/home\/forge\/prod-20220704.global-exam.com\/wp-content\/uploads\/2022\/06\/apprendre-langues-e1656516516331.jpg","size":"full","id":77093,"alt":"Apprendre les langues en ligne","pixels":422500,"type":"image\/jpeg"}],"twitter_card":"summary_large_image","twitter_site":"@Global_Exam","twitter_misc":{"Dur\u00e9e de lecture estim\u00e9e":"1 minute"},"schema":{"@context":"https:\/\/schema.org","@graph":[{"@type":"WebSite","@id":"https:\/\/global-exam.com\/blog\/#website","url":"https:\/\/global-exam.com\/blog\/","name":"GlobalExam Blog","description":"Le blog du sp\u00e9cialiste de la certification linguistique","potentialAction":[{"@type":"SearchAction","target":{"@type":"EntryPoint","urlTemplate":"https:\/\/global-exam.com\/blog\/?s={search_term_string}"},"query-input":"required name=search_term_string"}],"inLanguage":"fr-FR"},{"@type":"ImageObject","@id":"https:\/\/global-exam.com\/blog\/fr\/general-french-apprenez-le-francais-en-ligne\/categorie-tests-de-placement-en-francais\/#primaryimage","inLanguage":"fr-FR","url":"https:\/\/global-exam.com\/blog\/wp-content\/uploads\/2022\/06\/apprendre-langues-e1656516516331.jpg","contentUrl":"https:\/\/global-exam.com\/blog\/wp-content\/uploads\/2022\/06\/apprendre-langues-e1656516516331.jpg","width":650,"height":650,"caption":"Apprendre les langues en ligne"},{"@type":"WebPage","@id":"https:\/\/global-exam.com\/blog\/fr\/general-french-apprenez-le-francais-en-ligne\/categorie-tests-de-placement-en-francais\/#webpage","url":"https:\/\/global-exam.com\/blog\/fr\/general-french-apprenez-le-francais-en-ligne\/categorie-tests-de-placement-en-francais\/","name":"Test de niveau \/ placement en fran\u00e7ais","isPartOf":{"@id":"https:\/\/global-exam.com\/blog\/#website"},"primaryImageOfPage":{"@id":"https:\/\/global-exam.com\/blog\/fr\/general-french-apprenez-le-francais-en-ligne\/categorie-tests-de-placement-en-francais\/#primaryimage"},"datePublished":"2021-08-18T14:33:44+00:00","dateModified":"2022-08-18T14:41:07+00:00","description":"D\u00e9couvrez les diff\u00e9rents niveaux de ma\u00eetrise du fran\u00e7ais d\u00e9finis par le CECRL. GlobalExam vous explique tout sur les tests de niveau.","breadcrumb":{"@id":"https:\/\/global-exam.com\/blog\/fr\/general-french-apprenez-le-francais-en-ligne\/categorie-tests-de-placement-en-francais\/#breadcrumb"},"inLanguage":"fr-FR","potentialAction":[{"@type":"ReadAction","target":["https:\/\/global-exam.com\/blog\/fr\/general-french-apprenez-le-francais-en-ligne\/categorie-tests-de-placement-en-francais\/"]}]},{"@type":"BreadcrumbList","@id":"https:\/\/global-exam.com\/blog\/fr\/general-french-apprenez-le-francais-en-ligne\/categorie-tests-de-placement-en-francais\/#breadcrumb","itemListElement":[{"@type":"ListItem","position":1,"name":"Apprentissage des langues","item":"https:\/\/global-exam.com\/blog\/fr\/apprentissage-des-langues\/"},{"@type":"ListItem","position":2,"name":"Apprenez le fran\u00e7ais en ligne : General Fran\u00e7ais","item":"https:\/\/global-exam.com\/blog\/fr\/apprentissage-des-langues\/general-french-apprenez-le-francais-en-ligne\/"},{"@type":"ListItem","position":3,"name":"Tests de placement en fran\u00e7ais"}]}]}},"lang":"fr","translations":{"fr":61067},"pll_sync_post":[],"_links":{"self":[{"href":"https:\/\/global-exam.com\/blog\/wp-json\/wp\/v2\/pages\/61067"}],"collection":[{"href":"https:\/\/global-exam.com\/blog\/wp-json\/wp\/v2\/pages"}],"about":[{"href":"https:\/\/global-exam.com\/blog\/wp-json\/wp\/v2\/types\/page"}],"author":[{"embeddable":true,"href":"https:\/\/global-exam.com\/blog\/wp-json\/wp\/v2\/users\/24"}],"replies":[{"embeddable":true,"href":"https:\/\/global-exam.com\/blog\/wp-json\/wp\/v2\/comments?post=61067"}],"version-history":[{"count":13,"href":"https:\/\/global-exam.com\/blog\/wp-json\/wp\/v2\/pages\/61067\/revisions"}],"predecessor-version":[{"id":78258,"href":"https:\/\/global-exam.com\/blog\/wp-json\/wp\/v2\/pages\/61067\/revisions\/78258"}],"up":[{"embeddable":true,"href":"https:\/\/global-exam.com\/blog\/wp-json\/wp\/v2\/pages\/53915"}],"wp:featuredmedia":[{"embeddable":true,"href":"https:\/\/global-exam.com\/blog\/wp-json\/wp\/v2\/media\/77093"}],"wp:attachment":[{"href":"https:\/\/global-exam.com\/blog\/wp-json\/wp\/v2\/media?parent=61067"}],"curies":[{"name":"wp","href":"https:\/\/api.w.org\/{rel}","templated":true}]}}