{"id":61075,"date":"2021-08-18T16:46:05","date_gmt":"2021-08-18T14:46:05","guid":{"rendered":"https:\/\/global-exam.com\/blog\/?page_id=61075"},"modified":"2022-08-18T16:11:04","modified_gmt":"2022-08-18T14:11:04","slug":"categorie-prononciation-de-langlais","status":"publish","type":"page","link":"https:\/\/global-exam.com\/blog\/fr\/apprentissage-des-langues\/general-english-apprenez-langlais-en-ligne\/categorie-prononciation-de-langlais\/","title":{"rendered":"Prononciation de l&rsquo;anglais"},"content":{"rendered":"<p>Prononcer l&rsquo;anglais<\/p>\n<p style=\"text-align: left;\"><span style=\"font-weight: 400;\">Dans cette cat\u00e9gorie, retrouvez tous nos conseils pour r\u00e9ussir \u00e0 <\/span><b>prononcer correctement l\u2019anglais<\/b>.<\/p>\n<p><span style=\"font-weight: 400;\">Comprendre l&rsquo;anglais et \u00eatre capable de bien se faire comprendre est <strong>utile pour son travail, ses \u00e9tudes mais aussi pour sa vie personnelle<\/strong>. <\/span><span style=\"font-weight: 400;\">Vous \u00eates \u00e9tudiant ? <strong>Bien prononcer l&rsquo;anglais<\/strong> sera un avantage pour vous si <\/span>vous \u00eates amen\u00e9 \u00e0 vous exprimer \u00e0 l&rsquo;oral en cours<span style=\"font-weight: 400;\">.<\/span><\/p>\n<p style=\"text-align: left;\"><b>L\u2019oral est l\u2019\u00e9l\u00e9ment essentiel pour progresser dans une langue<\/b><span style=\"font-weight: 400;\"> et souvent la prononciation n\u2019est pas facile car vous n\u2019\u00eates pas habitu\u00e9 \u00e0 vous exprimer dans une autre langue. Il faut donc apprendre des mots et <\/span><b>vous entra\u00eener \u00e0 les prononcer.<\/b><\/p>\n<p style=\"text-align: left;\"><span style=\"font-weight: 400;\">Lorsque vous parlerez avec des anglais, il sera important de<\/span><b> pouvoir prononcer correctement les mots afin de vous faire comprendre<\/b><span style=\"font-weight: 400;\">. Cependant, sachez qu\u2019un l\u00e9ger accent \u00e9tranger vous donne aussi du charme et les anglais seront certainement indulgents avec vous.<\/span><\/p>\n","protected":false},"excerpt":{"rendered":"<p>Prononcer l&rsquo;anglais Dans cette cat\u00e9gorie, retrouvez tous nos conseils pour r\u00e9ussir \u00e0 prononcer correctement l\u2019anglais. Comprendre l&rsquo;anglais et \u00eatre capable de bien [&hellip;]<\/p>\n","protected":false},"author":24,"featured_media":77093,"parent":43264,"menu_order":0,"comment_status":"closed","ping_status":"closed","template":"","meta":[],"acf":[],"yoast_head":"<!-- This site is optimized with the Yoast SEO plugin v17.2.1 - https:\/\/yoast.com\/wordpress\/plugins\/seo\/ -->\n<title>Prononciation de l&#039;anglais<\/title>\n<meta name=\"description\" content=\"\u00catre \u00e0 l&#039;aise \u00e0 l&#039;oral et bien prononcer l&#039;anglais est un atout pour son travail, ses \u00e9tudes mais aussi pour voyager \u00e0 l&#039;\u00e9tranger.\" \/>\n<meta name=\"robots\" content=\"index, follow, max-snippet:-1, max-image-preview:large, max-video-preview:-1\" \/>\n<link rel=\"canonical\" href=\"https:\/\/global-exam.com\/blog\/fr\/apprentissage-des-langues\/general-english-apprenez-langlais-en-ligne\/categorie-prononciation-de-langlais\/\" \/>\n<meta property=\"og:locale\" content=\"fr_FR\" \/>\n<meta property=\"og:type\" content=\"article\" \/>\n<meta property=\"og:title\" content=\"Prononciation de l&#039;anglais\" \/>\n<meta property=\"og:description\" content=\"\u00catre \u00e0 l&#039;aise \u00e0 l&#039;oral et bien prononcer l&#039;anglais est un atout pour son travail, ses \u00e9tudes mais aussi pour voyager \u00e0 l&#039;\u00e9tranger.\" \/>\n<meta property=\"og:url\" content=\"https:\/\/global-exam.com\/blog\/fr\/apprentissage-des-langues\/general-english-apprenez-langlais-en-ligne\/categorie-prononciation-de-langlais\/\" \/>\n<meta property=\"og:site_name\" content=\"GlobalExam Blog\" \/>\n<meta property=\"article:publisher\" content=\"https:\/\/www.facebook.com\/Global.Exam\" \/>\n<meta property=\"article:modified_time\" content=\"2022-08-18T14:11:04+00:00\" \/>\n<meta property=\"og:image\" content=\"https:\/\/global-exam.com\/blog\/wp-content\/uploads\/2022\/06\/apprendre-langues-e1656516516331.jpg\" \/>\n\t<meta property=\"og:image:width\" content=\"650\" \/>\n\t<meta property=\"og:image:height\" content=\"650\" \/>\n<meta name=\"twitter:card\" content=\"summary_large_image\" \/>\n<meta name=\"twitter:site\" content=\"@Global_Exam\" \/>\n<meta name=\"twitter:label1\" content=\"Dur\u00e9e de lecture estim\u00e9e\" \/>\n\t<meta name=\"twitter:data1\" content=\"3 minutes\" \/>\n<script type=\"application\/ld+json\" class=\"yoast-schema-graph\">{\"@context\":\"https:\/\/schema.org\",\"@graph\":[{\"@type\":\"WebSite\",\"@id\":\"https:\/\/global-exam.com\/blog\/#website\",\"url\":\"https:\/\/global-exam.com\/blog\/\",\"name\":\"GlobalExam Blog\",\"description\":\"Le blog du sp\\u00e9cialiste de la certification linguistique\",\"potentialAction\":[{\"@type\":\"SearchAction\",\"target\":{\"@type\":\"EntryPoint\",\"urlTemplate\":\"https:\/\/global-exam.com\/blog\/?s={search_term_string}\"},\"query-input\":\"required name=search_term_string\"}],\"inLanguage\":\"fr-FR\"},{\"@type\":\"ImageObject\",\"@id\":\"https:\/\/global-exam.com\/blog\/fr\/apprentissage-des-langues\/general-english-apprenez-langlais-en-ligne\/categorie-prononciation-de-langlais\/#primaryimage\",\"inLanguage\":\"fr-FR\",\"url\":\"https:\/\/global-exam.com\/blog\/wp-content\/uploads\/2022\/06\/apprendre-langues-e1656516516331.jpg\",\"contentUrl\":\"https:\/\/global-exam.com\/blog\/wp-content\/uploads\/2022\/06\/apprendre-langues-e1656516516331.jpg\",\"width\":650,\"height\":650,\"caption\":\"Apprendre les langues en ligne\"},{\"@type\":\"WebPage\",\"@id\":\"https:\/\/global-exam.com\/blog\/fr\/apprentissage-des-langues\/general-english-apprenez-langlais-en-ligne\/categorie-prononciation-de-langlais\/#webpage\",\"url\":\"https:\/\/global-exam.com\/blog\/fr\/apprentissage-des-langues\/general-english-apprenez-langlais-en-ligne\/categorie-prononciation-de-langlais\/\",\"name\":\"Prononciation de l'anglais\",\"isPartOf\":{\"@id\":\"https:\/\/global-exam.com\/blog\/#website\"},\"primaryImageOfPage\":{\"@id\":\"https:\/\/global-exam.com\/blog\/fr\/apprentissage-des-langues\/general-english-apprenez-langlais-en-ligne\/categorie-prononciation-de-langlais\/#primaryimage\"},\"datePublished\":\"2021-08-18T14:46:05+00:00\",\"dateModified\":\"2022-08-18T14:11:04+00:00\",\"description\":\"\\u00catre \\u00e0 l'aise \\u00e0 l'oral et bien prononcer l'anglais est un atout pour son travail, ses \\u00e9tudes mais aussi pour voyager \\u00e0 l'\\u00e9tranger.\",\"breadcrumb\":{\"@id\":\"https:\/\/global-exam.com\/blog\/fr\/apprentissage-des-langues\/general-english-apprenez-langlais-en-ligne\/categorie-prononciation-de-langlais\/#breadcrumb\"},\"inLanguage\":\"fr-FR\",\"potentialAction\":[{\"@type\":\"ReadAction\",\"target\":[\"https:\/\/global-exam.com\/blog\/fr\/apprentissage-des-langues\/general-english-apprenez-langlais-en-ligne\/categorie-prononciation-de-langlais\/\"]}]},{\"@type\":\"BreadcrumbList\",\"@id\":\"https:\/\/global-exam.com\/blog\/fr\/apprentissage-des-langues\/general-english-apprenez-langlais-en-ligne\/categorie-prononciation-de-langlais\/#breadcrumb\",\"itemListElement\":[{\"@type\":\"ListItem\",\"position\":1,\"name\":\"Apprentissage des langues\",\"item\":\"https:\/\/global-exam.com\/blog\/fr\/apprentissage-des-langues\/\"},{\"@type\":\"ListItem\",\"position\":2,\"name\":\"Apprenez l&rsquo;anglais en ligne : General English\",\"item\":\"https:\/\/global-exam.com\/blog\/fr\/apprentissage-des-langues\/general-english-apprenez-langlais-en-ligne\/\"},{\"@type\":\"ListItem\",\"position\":3,\"name\":\"Prononciation de l&rsquo;anglais\"}]}]}<\/script>\n<!-- \/ Yoast SEO plugin. -->","yoast_head_json":{"title":"Prononciation de l'anglais","description":"\u00catre \u00e0 l'aise \u00e0 l'oral et bien prononcer l'anglais est un atout pour son travail, ses \u00e9tudes mais aussi pour voyager \u00e0 l'\u00e9tranger.","robots":{"index":"index","follow":"follow","max-snippet":"max-snippet:-1","max-image-preview":"max-image-preview:large","max-video-preview":"max-video-preview:-1"},"canonical":"https:\/\/global-exam.com\/blog\/fr\/apprentissage-des-langues\/general-english-apprenez-langlais-en-ligne\/categorie-prononciation-de-langlais\/","og_locale":"fr_FR","og_type":"article","og_title":"Prononciation de l'anglais","og_description":"\u00catre \u00e0 l'aise \u00e0 l'oral et bien prononcer l'anglais est un atout pour son travail, ses \u00e9tudes mais aussi pour voyager \u00e0 l'\u00e9tranger.","og_url":"https:\/\/global-exam.com\/blog\/fr\/apprentissage-des-langues\/general-english-apprenez-langlais-en-ligne\/categorie-prononciation-de-langlais\/","og_site_name":"GlobalExam Blog","article_publisher":"https:\/\/www.facebook.com\/Global.Exam","article_modified_time":"2022-08-18T14:11:04+00:00","og_image":[{"width":650,"height":650,"url":"https:\/\/global-exam.com\/blog\/wp-content\/uploads\/2022\/06\/apprendre-langues-e1656516516331.jpg","path":"\/home\/forge\/prod-20220704.global-exam.com\/wp-content\/uploads\/2022\/06\/apprendre-langues-e1656516516331.jpg","size":"full","id":77093,"alt":"Apprendre les langues en ligne","pixels":422500,"type":"image\/jpeg"}],"twitter_card":"summary_large_image","twitter_site":"@Global_Exam","twitter_misc":{"Dur\u00e9e de lecture estim\u00e9e":"3 minutes"},"schema":{"@context":"https:\/\/schema.org","@graph":[{"@type":"WebSite","@id":"https:\/\/global-exam.com\/blog\/#website","url":"https:\/\/global-exam.com\/blog\/","name":"GlobalExam Blog","description":"Le blog du sp\u00e9cialiste de la certification linguistique","potentialAction":[{"@type":"SearchAction","target":{"@type":"EntryPoint","urlTemplate":"https:\/\/global-exam.com\/blog\/?s={search_term_string}"},"query-input":"required name=search_term_string"}],"inLanguage":"fr-FR"},{"@type":"ImageObject","@id":"https:\/\/global-exam.com\/blog\/fr\/apprentissage-des-langues\/general-english-apprenez-langlais-en-ligne\/categorie-prononciation-de-langlais\/#primaryimage","inLanguage":"fr-FR","url":"https:\/\/global-exam.com\/blog\/wp-content\/uploads\/2022\/06\/apprendre-langues-e1656516516331.jpg","contentUrl":"https:\/\/global-exam.com\/blog\/wp-content\/uploads\/2022\/06\/apprendre-langues-e1656516516331.jpg","width":650,"height":650,"caption":"Apprendre les langues en ligne"},{"@type":"WebPage","@id":"https:\/\/global-exam.com\/blog\/fr\/apprentissage-des-langues\/general-english-apprenez-langlais-en-ligne\/categorie-prononciation-de-langlais\/#webpage","url":"https:\/\/global-exam.com\/blog\/fr\/apprentissage-des-langues\/general-english-apprenez-langlais-en-ligne\/categorie-prononciation-de-langlais\/","name":"Prononciation de l'anglais","isPartOf":{"@id":"https:\/\/global-exam.com\/blog\/#website"},"primaryImageOfPage":{"@id":"https:\/\/global-exam.com\/blog\/fr\/apprentissage-des-langues\/general-english-apprenez-langlais-en-ligne\/categorie-prononciation-de-langlais\/#primaryimage"},"datePublished":"2021-08-18T14:46:05+00:00","dateModified":"2022-08-18T14:11:04+00:00","description":"\u00catre \u00e0 l'aise \u00e0 l'oral et bien prononcer l'anglais est un atout pour son travail, ses \u00e9tudes mais aussi pour voyager \u00e0 l'\u00e9tranger.","breadcrumb":{"@id":"https:\/\/global-exam.com\/blog\/fr\/apprentissage-des-langues\/general-english-apprenez-langlais-en-ligne\/categorie-prononciation-de-langlais\/#breadcrumb"},"inLanguage":"fr-FR","potentialAction":[{"@type":"ReadAction","target":["https:\/\/global-exam.com\/blog\/fr\/apprentissage-des-langues\/general-english-apprenez-langlais-en-ligne\/categorie-prononciation-de-langlais\/"]}]},{"@type":"BreadcrumbList","@id":"https:\/\/global-exam.com\/blog\/fr\/apprentissage-des-langues\/general-english-apprenez-langlais-en-ligne\/categorie-prononciation-de-langlais\/#breadcrumb","itemListElement":[{"@type":"ListItem","position":1,"name":"Apprentissage des langues","item":"https:\/\/global-exam.com\/blog\/fr\/apprentissage-des-langues\/"},{"@type":"ListItem","position":2,"name":"Apprenez l&rsquo;anglais en ligne : General English","item":"https:\/\/global-exam.com\/blog\/fr\/apprentissage-des-langues\/general-english-apprenez-langlais-en-ligne\/"},{"@type":"ListItem","position":3,"name":"Prononciation de l&rsquo;anglais"}]}]}},"lang":"fr","translations":{"fr":61075},"pll_sync_post":[],"_links":{"self":[{"href":"https:\/\/global-exam.com\/blog\/wp-json\/wp\/v2\/pages\/61075"}],"collection":[{"href":"https:\/\/global-exam.com\/blog\/wp-json\/wp\/v2\/pages"}],"about":[{"href":"https:\/\/global-exam.com\/blog\/wp-json\/wp\/v2\/types\/page"}],"author":[{"embeddable":true,"href":"https:\/\/global-exam.com\/blog\/wp-json\/wp\/v2\/users\/24"}],"replies":[{"embeddable":true,"href":"https:\/\/global-exam.com\/blog\/wp-json\/wp\/v2\/comments?post=61075"}],"version-history":[{"count":8,"href":"https:\/\/global-exam.com\/blog\/wp-json\/wp\/v2\/pages\/61075\/revisions"}],"predecessor-version":[{"id":78244,"href":"https:\/\/global-exam.com\/blog\/wp-json\/wp\/v2\/pages\/61075\/revisions\/78244"}],"up":[{"embeddable":true,"href":"https:\/\/global-exam.com\/blog\/wp-json\/wp\/v2\/pages\/43264"}],"wp:featuredmedia":[{"embeddable":true,"href":"https:\/\/global-exam.com\/blog\/wp-json\/wp\/v2\/media\/77093"}],"wp:attachment":[{"href":"https:\/\/global-exam.com\/blog\/wp-json\/wp\/v2\/media?parent=61075"}],"curies":[{"name":"wp","href":"https:\/\/api.w.org\/{rel}","templated":true}]}}