{"id":61098,"date":"2021-08-18T17:42:37","date_gmt":"2021-08-18T15:42:37","guid":{"rendered":"https:\/\/global-exam.com\/blog\/?page_id=61098"},"modified":"2022-08-18T16:16:17","modified_gmt":"2022-08-18T14:16:17","slug":"categorie-methodes-pour-apprendre-lespagnol","status":"publish","type":"page","link":"https:\/\/global-exam.com\/blog\/fr\/general-spanish-apprenez-lespagnol-en-ligne\/categorie-methodes-pour-apprendre-lespagnol\/","title":{"rendered":"M\u00e9thodes pour apprendre l&rsquo;espagnol"},"content":{"rendered":"<p>Les m\u00e9thodes pour l&rsquo;apprentissage de l&rsquo;espagnol<\/p>\n<p><span style=\"font-weight: 400;\">Dans cette cat\u00e9gorie, vous pourrez retrouver <\/span><b>toutes nos fiches m\u00e9thodes pour apprendre l\u2019espagnol.<\/b><\/p>\n<p><span style=\"font-weight: 400;\">Acc\u00e9dez gratuitement \u00e0 diff\u00e9rentes fiches qui vous offrent des conseils pour apprendre l\u2019espagnol. En effet, il n\u2019y a pas qu\u2019une seule fa\u00e7on d\u2019apprendre une langue, les options sont multiples et c\u2019est pourquoi vous aurez besoin d\u2019\u00eatre guid\u00e9.\u00a0<\/span><\/p>\n<p><span style=\"font-weight: 400;\">Si vous \u00eates d\u00e9butant, vous ne savez pas forc\u00e9ment comment vous y prendre. Nous avons d\u00e9di\u00e9 une fiche pour vous expliquer<\/span><b> par quoi commencer pour apprendre l\u2019espagnol<\/b><span style=\"font-weight: 400;\">. Une autre fiche vous renseignera sur<\/span><b> la m\u00e9thode \u00e0 suivre pour apprendre l\u2019espagnol<\/b><span style=\"font-weight: 400;\"> quel que soit votre niveau.<\/span><\/p>\n<p>D\u00e9couvrez \u00e9galement nos listes de supports qui pourront vous aider \u00e0 progresser dans votre apprentissage de la langue espagnol. Gr\u00e2ces \u00e0 ces articles, vous pourrez trouver la m\u00e9thode qui vous correspond le mieux.<\/p>\n","protected":false},"excerpt":{"rendered":"<p>Les m\u00e9thodes pour l&rsquo;apprentissage de l&rsquo;espagnol Dans cette cat\u00e9gorie, vous pourrez retrouver toutes nos fiches m\u00e9thodes pour apprendre l\u2019espagnol. Acc\u00e9dez gratuitement \u00e0 [&hellip;]<\/p>\n","protected":false},"author":24,"featured_media":77093,"parent":54179,"menu_order":0,"comment_status":"closed","ping_status":"closed","template":"","meta":[],"acf":[],"yoast_head":"<!-- This site is optimized with the Yoast SEO plugin v17.2.1 - https:\/\/yoast.com\/wordpress\/plugins\/seo\/ -->\n<title>M\u00e9thodes pour apprendre l&#039;espagnol<\/title>\n<meta name=\"description\" content=\"Vous d\u00e9butez en espagnol ou souhaitez progresser dans cette langue ? D\u00e9couvrez nos fiches m\u00e9thodes pour am\u00e9liorer votre niveau d&#039;espagnol.\" \/>\n<meta name=\"robots\" content=\"index, follow, max-snippet:-1, max-image-preview:large, max-video-preview:-1\" \/>\n<link rel=\"canonical\" href=\"https:\/\/global-exam.com\/blog\/fr\/general-spanish-apprenez-lespagnol-en-ligne\/categorie-methodes-pour-apprendre-lespagnol\/\" \/>\n<meta property=\"og:locale\" content=\"fr_FR\" \/>\n<meta property=\"og:type\" content=\"article\" \/>\n<meta property=\"og:title\" content=\"M\u00e9thodes pour apprendre l&#039;espagnol\" \/>\n<meta property=\"og:description\" content=\"Vous d\u00e9butez en espagnol ou souhaitez progresser dans cette langue ? D\u00e9couvrez nos fiches m\u00e9thodes pour am\u00e9liorer votre niveau d&#039;espagnol.\" \/>\n<meta property=\"og:url\" content=\"https:\/\/global-exam.com\/blog\/fr\/general-spanish-apprenez-lespagnol-en-ligne\/categorie-methodes-pour-apprendre-lespagnol\/\" \/>\n<meta property=\"og:site_name\" content=\"GlobalExam Blog\" \/>\n<meta property=\"article:publisher\" content=\"https:\/\/www.facebook.com\/Global.Exam\" \/>\n<meta property=\"article:modified_time\" content=\"2022-08-18T14:16:17+00:00\" \/>\n<meta property=\"og:image\" content=\"https:\/\/global-exam.com\/blog\/wp-content\/uploads\/2022\/06\/apprendre-langues-e1656516516331.jpg\" \/>\n\t<meta property=\"og:image:width\" content=\"650\" \/>\n\t<meta property=\"og:image:height\" content=\"650\" \/>\n<meta name=\"twitter:card\" content=\"summary_large_image\" \/>\n<meta name=\"twitter:site\" content=\"@Global_Exam\" \/>\n<meta name=\"twitter:label1\" content=\"Dur\u00e9e de lecture estim\u00e9e\" \/>\n\t<meta name=\"twitter:data1\" content=\"3 minutes\" \/>\n<script type=\"application\/ld+json\" class=\"yoast-schema-graph\">{\"@context\":\"https:\/\/schema.org\",\"@graph\":[{\"@type\":\"WebSite\",\"@id\":\"https:\/\/global-exam.com\/blog\/#website\",\"url\":\"https:\/\/global-exam.com\/blog\/\",\"name\":\"GlobalExam Blog\",\"description\":\"Le blog du sp\\u00e9cialiste de la certification linguistique\",\"potentialAction\":[{\"@type\":\"SearchAction\",\"target\":{\"@type\":\"EntryPoint\",\"urlTemplate\":\"https:\/\/global-exam.com\/blog\/?s={search_term_string}\"},\"query-input\":\"required name=search_term_string\"}],\"inLanguage\":\"fr-FR\"},{\"@type\":\"ImageObject\",\"@id\":\"https:\/\/global-exam.com\/blog\/fr\/general-spanish-apprenez-lespagnol-en-ligne\/categorie-methodes-pour-apprendre-lespagnol\/#primaryimage\",\"inLanguage\":\"fr-FR\",\"url\":\"https:\/\/global-exam.com\/blog\/wp-content\/uploads\/2022\/06\/apprendre-langues-e1656516516331.jpg\",\"contentUrl\":\"https:\/\/global-exam.com\/blog\/wp-content\/uploads\/2022\/06\/apprendre-langues-e1656516516331.jpg\",\"width\":650,\"height\":650,\"caption\":\"Apprendre les langues en ligne\"},{\"@type\":\"WebPage\",\"@id\":\"https:\/\/global-exam.com\/blog\/fr\/general-spanish-apprenez-lespagnol-en-ligne\/categorie-methodes-pour-apprendre-lespagnol\/#webpage\",\"url\":\"https:\/\/global-exam.com\/blog\/fr\/general-spanish-apprenez-lespagnol-en-ligne\/categorie-methodes-pour-apprendre-lespagnol\/\",\"name\":\"M\\u00e9thodes pour apprendre l'espagnol\",\"isPartOf\":{\"@id\":\"https:\/\/global-exam.com\/blog\/#website\"},\"primaryImageOfPage\":{\"@id\":\"https:\/\/global-exam.com\/blog\/fr\/general-spanish-apprenez-lespagnol-en-ligne\/categorie-methodes-pour-apprendre-lespagnol\/#primaryimage\"},\"datePublished\":\"2021-08-18T15:42:37+00:00\",\"dateModified\":\"2022-08-18T14:16:17+00:00\",\"description\":\"Vous d\\u00e9butez en espagnol ou souhaitez progresser dans cette langue ? D\\u00e9couvrez nos fiches m\\u00e9thodes pour am\\u00e9liorer votre niveau d'espagnol.\",\"breadcrumb\":{\"@id\":\"https:\/\/global-exam.com\/blog\/fr\/general-spanish-apprenez-lespagnol-en-ligne\/categorie-methodes-pour-apprendre-lespagnol\/#breadcrumb\"},\"inLanguage\":\"fr-FR\",\"potentialAction\":[{\"@type\":\"ReadAction\",\"target\":[\"https:\/\/global-exam.com\/blog\/fr\/general-spanish-apprenez-lespagnol-en-ligne\/categorie-methodes-pour-apprendre-lespagnol\/\"]}]},{\"@type\":\"BreadcrumbList\",\"@id\":\"https:\/\/global-exam.com\/blog\/fr\/general-spanish-apprenez-lespagnol-en-ligne\/categorie-methodes-pour-apprendre-lespagnol\/#breadcrumb\",\"itemListElement\":[{\"@type\":\"ListItem\",\"position\":1,\"name\":\"Apprentissage des langues\",\"item\":\"https:\/\/global-exam.com\/blog\/fr\/apprentissage-des-langues\/\"},{\"@type\":\"ListItem\",\"position\":2,\"name\":\"Apprenez l&rsquo;espagnol en ligne : General Espa\\u00f1ol\",\"item\":\"https:\/\/global-exam.com\/blog\/fr\/apprentissage-des-langues\/general-spanish-apprenez-lespagnol-en-ligne\/\"},{\"@type\":\"ListItem\",\"position\":3,\"name\":\"M\\u00e9thodes pour apprendre l&rsquo;espagnol\"}]}]}<\/script>\n<!-- \/ Yoast SEO plugin. -->","yoast_head_json":{"title":"M\u00e9thodes pour apprendre l'espagnol","description":"Vous d\u00e9butez en espagnol ou souhaitez progresser dans cette langue ? D\u00e9couvrez nos fiches m\u00e9thodes pour am\u00e9liorer votre niveau d'espagnol.","robots":{"index":"index","follow":"follow","max-snippet":"max-snippet:-1","max-image-preview":"max-image-preview:large","max-video-preview":"max-video-preview:-1"},"canonical":"https:\/\/global-exam.com\/blog\/fr\/general-spanish-apprenez-lespagnol-en-ligne\/categorie-methodes-pour-apprendre-lespagnol\/","og_locale":"fr_FR","og_type":"article","og_title":"M\u00e9thodes pour apprendre l'espagnol","og_description":"Vous d\u00e9butez en espagnol ou souhaitez progresser dans cette langue ? D\u00e9couvrez nos fiches m\u00e9thodes pour am\u00e9liorer votre niveau d'espagnol.","og_url":"https:\/\/global-exam.com\/blog\/fr\/general-spanish-apprenez-lespagnol-en-ligne\/categorie-methodes-pour-apprendre-lespagnol\/","og_site_name":"GlobalExam Blog","article_publisher":"https:\/\/www.facebook.com\/Global.Exam","article_modified_time":"2022-08-18T14:16:17+00:00","og_image":[{"width":650,"height":650,"url":"https:\/\/global-exam.com\/blog\/wp-content\/uploads\/2022\/06\/apprendre-langues-e1656516516331.jpg","path":"\/home\/forge\/prod-20220704.global-exam.com\/wp-content\/uploads\/2022\/06\/apprendre-langues-e1656516516331.jpg","size":"full","id":77093,"alt":"Apprendre les langues en ligne","pixels":422500,"type":"image\/jpeg"}],"twitter_card":"summary_large_image","twitter_site":"@Global_Exam","twitter_misc":{"Dur\u00e9e de lecture estim\u00e9e":"3 minutes"},"schema":{"@context":"https:\/\/schema.org","@graph":[{"@type":"WebSite","@id":"https:\/\/global-exam.com\/blog\/#website","url":"https:\/\/global-exam.com\/blog\/","name":"GlobalExam Blog","description":"Le blog du sp\u00e9cialiste de la certification linguistique","potentialAction":[{"@type":"SearchAction","target":{"@type":"EntryPoint","urlTemplate":"https:\/\/global-exam.com\/blog\/?s={search_term_string}"},"query-input":"required name=search_term_string"}],"inLanguage":"fr-FR"},{"@type":"ImageObject","@id":"https:\/\/global-exam.com\/blog\/fr\/general-spanish-apprenez-lespagnol-en-ligne\/categorie-methodes-pour-apprendre-lespagnol\/#primaryimage","inLanguage":"fr-FR","url":"https:\/\/global-exam.com\/blog\/wp-content\/uploads\/2022\/06\/apprendre-langues-e1656516516331.jpg","contentUrl":"https:\/\/global-exam.com\/blog\/wp-content\/uploads\/2022\/06\/apprendre-langues-e1656516516331.jpg","width":650,"height":650,"caption":"Apprendre les langues en ligne"},{"@type":"WebPage","@id":"https:\/\/global-exam.com\/blog\/fr\/general-spanish-apprenez-lespagnol-en-ligne\/categorie-methodes-pour-apprendre-lespagnol\/#webpage","url":"https:\/\/global-exam.com\/blog\/fr\/general-spanish-apprenez-lespagnol-en-ligne\/categorie-methodes-pour-apprendre-lespagnol\/","name":"M\u00e9thodes pour apprendre l'espagnol","isPartOf":{"@id":"https:\/\/global-exam.com\/blog\/#website"},"primaryImageOfPage":{"@id":"https:\/\/global-exam.com\/blog\/fr\/general-spanish-apprenez-lespagnol-en-ligne\/categorie-methodes-pour-apprendre-lespagnol\/#primaryimage"},"datePublished":"2021-08-18T15:42:37+00:00","dateModified":"2022-08-18T14:16:17+00:00","description":"Vous d\u00e9butez en espagnol ou souhaitez progresser dans cette langue ? D\u00e9couvrez nos fiches m\u00e9thodes pour am\u00e9liorer votre niveau d'espagnol.","breadcrumb":{"@id":"https:\/\/global-exam.com\/blog\/fr\/general-spanish-apprenez-lespagnol-en-ligne\/categorie-methodes-pour-apprendre-lespagnol\/#breadcrumb"},"inLanguage":"fr-FR","potentialAction":[{"@type":"ReadAction","target":["https:\/\/global-exam.com\/blog\/fr\/general-spanish-apprenez-lespagnol-en-ligne\/categorie-methodes-pour-apprendre-lespagnol\/"]}]},{"@type":"BreadcrumbList","@id":"https:\/\/global-exam.com\/blog\/fr\/general-spanish-apprenez-lespagnol-en-ligne\/categorie-methodes-pour-apprendre-lespagnol\/#breadcrumb","itemListElement":[{"@type":"ListItem","position":1,"name":"Apprentissage des langues","item":"https:\/\/global-exam.com\/blog\/fr\/apprentissage-des-langues\/"},{"@type":"ListItem","position":2,"name":"Apprenez l&rsquo;espagnol en ligne : General Espa\u00f1ol","item":"https:\/\/global-exam.com\/blog\/fr\/apprentissage-des-langues\/general-spanish-apprenez-lespagnol-en-ligne\/"},{"@type":"ListItem","position":3,"name":"M\u00e9thodes pour apprendre l&rsquo;espagnol"}]}]}},"lang":"fr","translations":{"fr":61098},"pll_sync_post":[],"_links":{"self":[{"href":"https:\/\/global-exam.com\/blog\/wp-json\/wp\/v2\/pages\/61098"}],"collection":[{"href":"https:\/\/global-exam.com\/blog\/wp-json\/wp\/v2\/pages"}],"about":[{"href":"https:\/\/global-exam.com\/blog\/wp-json\/wp\/v2\/types\/page"}],"author":[{"embeddable":true,"href":"https:\/\/global-exam.com\/blog\/wp-json\/wp\/v2\/users\/24"}],"replies":[{"embeddable":true,"href":"https:\/\/global-exam.com\/blog\/wp-json\/wp\/v2\/comments?post=61098"}],"version-history":[{"count":9,"href":"https:\/\/global-exam.com\/blog\/wp-json\/wp\/v2\/pages\/61098\/revisions"}],"predecessor-version":[{"id":78247,"href":"https:\/\/global-exam.com\/blog\/wp-json\/wp\/v2\/pages\/61098\/revisions\/78247"}],"up":[{"embeddable":true,"href":"https:\/\/global-exam.com\/blog\/wp-json\/wp\/v2\/pages\/54179"}],"wp:featuredmedia":[{"embeddable":true,"href":"https:\/\/global-exam.com\/blog\/wp-json\/wp\/v2\/media\/77093"}],"wp:attachment":[{"href":"https:\/\/global-exam.com\/blog\/wp-json\/wp\/v2\/media?parent=61098"}],"curies":[{"name":"wp","href":"https:\/\/api.w.org\/{rel}","templated":true}]}}